{"id":12332,"date":"2019-04-24T07:57:35","date_gmt":"2019-04-24T07:57:35","guid":{"rendered":"https:\/\/www.uecornella.cat\/?page_id=12332"},"modified":"2020-03-03T18:45:59","modified_gmt":"2020-03-03T18:45:59","slug":"avis-legal","status":"publish","type":"page","link":"https:\/\/uecornella.cat\/ca\/avis-legal\/","title":{"rendered":"Aviso legal"},"content":{"rendered":"<h2 style=\"text-align: center;\">AVISO LEGAL<\/h2>\n<ol>\n<li><strong><u>INFORMACI\u00d3N CORPORATIVA<\/u><\/strong><\/li>\n<\/ol>\n<p>En cumplimiento de la Ley 34\/2002, de 11 de julio, de servicios de la sociedad de la informaci\u00f3n y de comercio electr\u00f3nico, <strong>FUNDACIO PRIVADA UE CORNELLA <\/strong>en adelante<strong>, UE CORNELLA,<\/strong> le informa que es titular de los sitios web: <a href=\"https:\/\/www.uecornella.cat\"><strong>https:\/\/www.uecornella.cat<\/strong><\/a><strong>, <\/strong>de acuerdo con la exigencia del art\u00edculo 10 de la mencionada Ley, <strong>UE CORNELLA<\/strong><strong>, <\/strong>notifica los siguientes datos: el titular de esta p\u00e1gina web es <strong>UE CORNELLA,<\/strong> con NIF\/CIF: <strong>G-66096926, <\/strong>y domicilio social: <strong>CAMI DEL SORRAL DEL RIU, S\/N,<\/strong> C\u00f3digo Postal: <strong>08940<\/strong>, Localidad: <strong>CORNELLA DE LLOBREGAT,<\/strong> Provincia: <strong>BARCELONA<\/strong>. La direcci\u00f3n de correo electr\u00f3nico de contacto es: <a href=\"mailto:info@uecornella.cat\"><strong>info@uecornella.cat<\/strong><\/a><\/p>\n<ol start=\"2\">\n<li><strong><u>USUARIO Y R\u00c9GIMEN DE RESPONSABILIDADES<\/u><\/strong><\/li>\n<\/ol>\n<p>La navegaci\u00f3n por acceso o uso de la p\u00e1gina web <strong><u>https:\/\/www.uecornella.cat<\/u><\/strong> y todos los subdominios y directorios incluidos bajo la misma, as\u00ed como los servicios o contenidos que a trav\u00e9s de \u00e9l se puedan obtener y todos los portales de dominio propio bajo titularidad de <strong>UE CORNELLA<\/strong>, otorga la Condici\u00f3n de <strong>Usuario<\/strong>, por la que se aceptan, al navegar por la p\u00e1gina <strong>UE CORNELLA<\/strong>, todas las condiciones de uso que se establecen aqu\u00ed sin perjudicar la aplicaci\u00f3n de la correspondiente normativa de obligado cumplimiento legal seg\u00fan el caso.<\/p>\n<p>Por eso, si las consideraciones detalladas en este aviso legal no son de su conformidad, rogamos no haga uso del portal, ya que cualquier uso que haga del mismo o los servicios y contenidos en \u00e9l incluidos implicar\u00e1 la aceptaci\u00f3n de los t\u00e9rminos legales recogidos en este texto.<\/p>\n<p>La p\u00e1gina web de <strong>UE CORNELLA<\/strong> proporciona gran diversidad de informaci\u00f3n, servicios y datos. El usuario asume su responsabilidad en el uso correcto de los sitios web. Esta responsabilidad se extender\u00e1 a: La veracidad y licitud de las informaciones aportadas por el usuario en los formularios emitidos por <strong>UE CORNELLA<\/strong> para acceder a determinados contenidos o servicios ofrecidos por la web.<\/p>\n<p>El uso de la informaci\u00f3n, servicios y datos ofrecidos por <strong>UE CORNELLA <\/strong>no ir\u00e1n contra las disposiciones de estas condiciones, la Ley, la moral, las buenas costumbres o el orden p\u00fablico o que, en otro caso, puedan suponer lesi\u00f3n de los derechos de terceros o del funcionamiento de los sitios web. A tal efecto, el Usuario se abstendr\u00e1 de utilizar cualquiera de los contenidos con fines o efectos il\u00edcitos, prohibidos en este texto, lesivos de los derechos e intereses de terceros, o que de cualquier forma puedan da\u00f1ar, inutilizar, sobrecargar, deteriorar o impedir la normal utilizaci\u00f3n de los contenidos, otros Usuarios o de cualquier usuario de Internet (hardware y software).<\/p>\n<p>Los usuarios responder\u00e1n de los da\u00f1os y perjuicios de toda naturaleza que la empresa propietaria de la web pueda sufrir, directa o indirectamente, como consecuencia de incumplimiento de cualquiera de las obligaciones derivadas del uso de la Web y de esta pol\u00edtica de privacidad.<\/p>\n<p>En particular, ya t\u00edtulo meramente indicativo y no exhaustivo, el Usuario se compromete a no transmitir, difundir o poner a disposici\u00f3n de terceros informaciones, datos, contenidos, mensajes, gr\u00e1ficos, dibujos, archivos de sonido y\/o imagen, fotograf\u00edas de la web.<\/p>\n<p>&nbsp;<\/p>\n<h2 style=\"text-align: center;\">POL\u00cdTICA DE PRIVACIDAD<\/h2>\n<ol>\n<li><strong><u>POL\u00cdTICA DE ENLACES Y EXENCIONES DE RESPONSABILIDAD<\/u><\/strong><\/li>\n<\/ol>\n<p><strong>UE CORNELLA<\/strong> no se hace responsable del contenido de las p\u00e1ginas web a las que pueda acceder el usuario a trav\u00e9s de los enlaces establecidos en sus sitios web y declara que en ning\u00fan caso examinar\u00e1 ni ejercitar\u00e1 ning\u00fan tipo de control sobre el contenido de otras p\u00e1ginas de la red.<\/p>\n<p>Asimismo, tampoco garantiza la disponibilidad t\u00e9cnica, exactitud, veracidad, validez o legalidad de p\u00e1ginas ajenas a su propiedad a las que se pueda acceder a trav\u00e9s de los enlaces.<\/p>\n<p><strong>UE CORNELLA<\/strong> declara que ha adoptado todas las medidas necesarias para evitar cualquier da\u00f1o que pueda derivarse de la navegaci\u00f3n por sus p\u00e1ginas web. En consecuencia, <strong>UE CORNELLA<\/strong> no se hace responsable, en ning\u00fan caso, de los eventuales da\u00f1os que pueda sufrir el usuario a causa de la navegaci\u00f3n por Internet.<\/p>\n<p><strong>UE CORNELLA<\/strong> no se responsabiliza de los da\u00f1os o perjuicios de cualquier tipo producidos en el Usuario que traigan causa de fallos o desconexiones en las redes de telecomunicaciones que produzcan la suspensi\u00f3n, cancelaci\u00f3n, instalaci\u00f3n o interrupci\u00f3n del servicio de la web durante la prestaci\u00f3n del mismo o con car\u00e1cter previo.<\/p>\n<p>El acceso a la web: <strong><u>https:\/\/www.uecornella.cat<\/u><\/strong> no implica la obligaci\u00f3n por parte de la empresa de controlar la ausencia de virus o cualquier otro elemento inform\u00e1tico da\u00f1ino. Corresponde al Usuario, en todo caso, la disponibilidad de herramientas adecuadas para la detecci\u00f3n y desinfecci\u00f3n de programas inform\u00e1ticos da\u00f1inos.<\/p>\n<p><strong>UE CORNELLA<\/strong> no se responsabiliza de los da\u00f1os producidos en los equipos inform\u00e1ticos, documentos y\/o ficheros de los Usuarios o de terceros durante la prestaci\u00f3n del servicio en el Portal.<\/p>\n<ol start=\"2\">\n<li><strong><u>PUBLICIDAD<\/u><\/strong><\/li>\n<\/ol>\n<p>La web: <strong>https:\/\/www.uecornella.cat<\/strong> podr\u00e1 alojar contenidos publicitarios o patrocinados. Los anunciantes o patrocinadores son los \u00fanicos responsables de asegurarse que el material remitido para su inclusi\u00f3n en la web cumple con las leyes que en cada caso puedan ser de aplicaci\u00f3n.<\/p>\n<p><strong>UE CORNELLA<\/strong> no ser\u00e1 responsable de cualquier error, inexactitud o irregularidad que puedan contener los contenidos publicitarios o de los patrocinadores.<\/p>\n<ol start=\"3\">\n<li><strong><u>MODIFICACIONES<\/u><\/strong><\/li>\n<\/ol>\n<p><strong>UE CORNELLA<\/strong> se reserva el derecho a realizar las modificaciones que considere oportunas, sin aviso previo, en el contenido de sus sitios web, tanto en cuanto a los contenidos de los sitios web como por sus condiciones de uso o por las condiciones generales de contrataci\u00f3n. Dichas modificaciones podr\u00e1n realizarse, a trav\u00e9s de sus sitios web, de cualquier forma admisible en derecho y ser\u00e1n de obligado cumplimiento durante el tiempo que est\u00e9n publicadas en la web y hasta que no sean modificadas por otras posteriores.<strong>\u00a0<\/strong><\/p>\n<ol start=\"4\">\n<li><strong><u>RESERVA DE COOKIES<\/u><\/strong><\/li>\n<\/ol>\n<p><strong>UE CORNELLA <\/strong>se reserva el derecho de utilizar cookies en la navegaci\u00f3n del usuario por sus sitios web para facilitar la personalizaci\u00f3n y comodidad de la navegaci\u00f3n. Siguiendo la pol\u00edtica de protecci\u00f3n de datos de la empresa, <strong>UE CORNELLA<\/strong> informa que las cookies se asocian al usuario an\u00f3nimo ya su ordenador y no proporcionan por s\u00ed mismas ni el nombre ni los apellidos del usuario.<\/p>\n<p>En este sentido, de acuerdo con la sentencia de la Gran Sala de Justicia de la Uni\u00f3n Europea, de 1 de octubre de 2019, nuestra \u2018pol\u00edtica de cookies\u2019 informa al usuario del tiempo que estas\u00a0 cookies permanecer\u00e1n activas en el terminal del usuario y de la posibilidad de que terceros tengan acceso a la informaci\u00f3n que \u00e9stas almacenan. Esta sentencia modifica el art\u00edculo 5, apartado 3, de la Directiva 2002\/58 por la Directiva 2009\/136.<\/p>\n<p>A ra\u00edz de esta sentencia el usuario tiene la posibilidad de aceptar o rechazar expl\u00edcitamente el uso de las cookies. Adicionalmente, el Usuario tiene la posibilidad de configurar su navegador de manera que sea informado de la recepci\u00f3n de cookies, con la posibilidad, si as\u00ed lo desea, de impedir que se instalen en su disco duro. En este sentido, para acceder a los sitios web de <strong>UE CORNELLA<\/strong>, no es preceptiva la instalaci\u00f3n de cookies.<\/p>\n<p>El usuario se compromete a abstenerse de reproducir, copiar, distribuir, poner a disposici\u00f3n o de cualquier otra forma comunicar p\u00fablicamente, transformar o modificar los Contenidos, a menos que se cuente con la autorizaci\u00f3n del titular de los correspondientes derechos o ello resulte legalmente permitido.<\/p>\n<ol start=\"5\">\n<li><strong><u>PROPIEDAD INTELECTUAL<\/u><\/strong><\/li>\n<\/ol>\n<p>Los derechos de propiedad intelectual e industrial derivados de todos los textos, im\u00e1genes, as\u00ed como de los medios y formas de presentaci\u00f3n y montaje de sus p\u00e1ginas pertenecen, por s\u00ed mismos o como cesionaria, a <strong>UE CORNELLA. <\/strong>Ser\u00e1n, por tanto, obras protegidas con propiedad intelectual por el ordenamiento jur\u00eddico espa\u00f1ol y se les podr\u00e1 aplicar tanto la normativa espa\u00f1ola y comunitaria en este campo, como los tratados internacionales relativos a la materia y suscritos por Espa\u00f1a.<\/p>\n<p>Todos los derechos reservados. En cumplimiento de la Ley de la Propiedad Intelectual se proh\u00edbe expresamente la reproducci\u00f3n, distribuci\u00f3n, comunicaci\u00f3n p\u00fablica y utilizaci\u00f3n de la totalidad o parte de los contenidos de sus p\u00e1ginas web sin el consentimiento expl\u00edcito de <strong>UE CORNELLA.<\/strong><\/p>\n<p>As\u00ed mismo, <strong>UE CORNELLA<\/strong> se reserva la facultad de presentar las acciones civiles o penales que considere oportunas por la utilizaci\u00f3n indebida de sus p\u00e1ginas web y contenidos o por el incumplimiento de estas condiciones.<\/p>\n<ol start=\"6\">\n<li><strong><u>SELLOS DE CONFIANZA<\/u><\/strong><\/li>\n<\/ol>\n<p>Los sellos de confianza son distintivos que se proporcionan a las tiendas online para demostrar su calidad y seguridad en la venta online.<\/p>\n<p>Para conseguir el sello, \u00e9stas son auditadas o evaluadas para comprobar que cumplen los criterios de seguridad en la compra y cumplimiento legal en materia de privacidad y protecci\u00f3n de datos de los consumidores.<\/p>\n<p>Las tiendas que disponen de un sello de confianza est\u00e1n adheridas a un c\u00f3digo de conducta y suelen ofrecer a los consumidores procedimientos alternativos de resoluci\u00f3n de conflictos sencillos, r\u00e1pidos y c\u00f3modos.<\/p>\n<ol start=\"7\">\n<li><strong><u>CERTIFICADOS DE CUMPLIMIENTO LSSI-CE Y PROTECCI\u00d3N DE DATOS<\/u><\/strong><\/li>\n<\/ol>\n<p><strong>https:\/\/www.uecornella.cat<\/strong> cumple con la normativa de Protecci\u00f3n de Datos vigente y con la <strong>LSSI-CE<\/strong>, y ha sido asesorada en estas normativas por <a href=\"http:\/\/www.grupoqualia.net\/es\/inicio\"><strong>GRUPO QUALIA<\/strong><\/a><strong>,<\/strong> por lo que se le otorgan sendos certificados en formato de imagen digital para que pueda exponerlos en su sitio web.<\/p>\n<ol start=\"8\">\n<li><strong><u>ACCIONES LEGAL, LEGISLACI\u00d3N APLICABLE Y JURISDICCI\u00d3N<\/u><\/strong><\/li>\n<\/ol>\n<p>La relaci\u00f3n entre el usuario y <strong>UE CORNELLA<\/strong> se regir\u00e1 por la normativa espa\u00f1ola vigente y ser\u00e1n competentes para decidir sobre cualquier controversia que pueda surgir entre el usuario y <strong>FUNDACIO PRIVADA UE CORNELLA<\/strong>, los juzgados o tribunales de la localidad de <strong>CORNELLA DE LLOBREGAT<\/strong>.<\/p>\n<ol start=\"9\">\n<li><strong><u>PROTECCI\u00d3N DE DATOS PERSONAL<\/u><\/strong><\/li>\n<\/ol>\n<p>De conformidad con lo establecido por Reglamento General-UE-2016\/679 del Parlamento y Consejo de Europa de Protecci\u00f3n de Datos de Car\u00e1cter Personal, aprobado el 27 de abril de 2016, y la LOPD 3\/2018, de garant\u00eda de los derechos digitales, UE CORNELLA informa a los usuarios de sus websites de que estamos obligados a guardar secreto profesional sobre los datos personales recabados por la empresa mediante los formularios sitos en sus p\u00e1ginas, esta obligaci\u00f3n continuara incluso despu\u00e9s de haber finalizado nuestra relaci\u00f3n comercial o contractual, y en ning\u00fan caso podremos hacer p\u00fablicos los datos personales de los visitantes y clientes a la web sin su consentimiento. Los menores de 14 a\u00f1os no pueden prestar su consentimiento para que un comercio recoja y trate sus datos personales; solo sus representantes legales (padres o tutores) son quienes pueden hacerlo en su nombre. Aquellos comercios que necesiten tratar datos de menores de 14 a\u00f1os, deben disponer de los medios para obtener el consentimiento de sus padres o tutores, por ejemplo, mediante un mensaje de correo electr\u00f3nico dirigido a alguno de ellos que contenga un enlace a un formulario electr\u00f3nico. No se puede pedir a los menores de 14 a\u00f1os datos sobre el \u00e1mbito familiar, siendo la \u00fanica excepci\u00f3n los datos de identificaci\u00f3n y contacto de los padres o tutores.<\/p>\n<p>Estos datos, ser\u00e1n introducidos en un fichero automatizado bajo la responsabilidad del administrador de la web de, <strong>UE CORNELLA<\/strong> con la finalidad de poder facilitar, agilizar y cumplir los compromisos establecidos entre ambas partes. Asimismo, <strong>UE CORNELLA<\/strong> informa de la posibilidad de ejercer los derechos de acceso, que permite al usuario web, conocer que datos personales tiene el administrador de esta p\u00e1gina y en tal caso contestara en un plazo de 30 d\u00edas, siempre que conserve los datos, rectificaci\u00f3n, que permite corregir errores, modificar los datos que sean inexactos o incompletos y garantizar la certeza de la informaci\u00f3n, oposici\u00f3n que podr\u00e1 solicitar y conseguir que no lleve a cabo el tratamiento de datos, supresi\u00f3n que permite que se supriman los datos inadecuados o excesivos, limitaci\u00f3n, por el que puede solicitar que se limite el tratamiento de sus datos cuando haya ejercido su derecho a la rectificaci\u00f3n de sus datos personales,\u00a0 y portabilidad, para que el usuario pueda obtener una copia de los datos personales que haya facilitado en la web a fin de poder transmitirlos a otros servicios, estos derechos se podr\u00e1n ejercer por cualquier medio que deje constancia de su env\u00edo y de su recepci\u00f3n a la direcci\u00f3n: <strong>CAMI DEL SORRAL DEL RIU, S\/N<\/strong>. C\u00f3digo Postal: <strong>08940<\/strong>. Localidad: <strong>CORNELLA DE LLOBREGAT<\/strong>. Provincia: <strong>BARCELONA<\/strong>. Correo electr\u00f3nico: <strong>info@uecornella.cat<\/strong>, aportando fotocopia del DNI o documentaci\u00f3n alternativa que acredite su identidad.<\/p>\n<p>Mientras no nos comunique lo contrario, entenderemos que sus datos no han sido modificados, que usted se compromete a notificarnos cualquier variaci\u00f3n y que tenemos el consentimiento para utilizarlos a fin de poder fidelizar la relaci\u00f3n entre las partes.<\/p>\n<p>El env\u00edo de sus datos mediante el\/los formularios de nuestra web estar\u00e1 supeditado obligatoriamente a que haya le\u00eddo\/aceptado la Pol\u00edtica de Privacidad, mediante un check box obligatorio al pie del formulario.<\/p>\n<p>De acuerdo con lo establecido en la Ley 34\/2002, de Servicios de la Sociedad de la Informaci\u00f3n y el Comercio Electr\u00f3nico en su art\u00edculo 21, pedimos su consentimiento para poder realizar comunicaciones publicitarias que consideremos puedan ser de su inter\u00e9s, por correo electr\u00f3nico o por cualquier otro medio de comunicaci\u00f3n electr\u00f3nica equivalente, este consentimiento lo aceptar\u00e1 o negar\u00e1 con un check box obligatorio al pie del formulario.<\/p>\n","protected":false},"excerpt":{"rendered":"<p>AVISO LEGAL INFORMACI\u00d3N CORPORATIVA En cumplimiento de la Ley 34\/2002, de 11 de julio, de servicios de la sociedad de la informaci\u00f3n y de comercio electr\u00f3nico, FUNDACIO PRIVADA UE CORNELLA en adelante, UE CORNELLA, le informa que es titular de los sitios web: https:\/\/www.uecornella.cat, de acuerdo con la exigencia del art\u00edculo 10 de la mencionada [&hellip;]<\/p>\n","protected":false},"author":1,"featured_media":0,"parent":0,"menu_order":0,"comment_status":"closed","ping_status":"closed","template":"","meta":{"_acf_changed":false,"footnotes":""},"class_list":["post-12332","page","type-page","status-publish","hentry"],"acf":[],"yoast_head":"<!-- This site is optimized with the Yoast SEO plugin v25.8 - https:\/\/yoast.com\/wordpress\/plugins\/seo\/ -->\n<title>Aviso legal - Uni\u00f3 Esportiva Cornell\u00e0<\/title>\n<meta name=\"robots\" content=\"index, follow, max-snippet:-1, max-image-preview:large, max-video-preview:-1\" \/>\n<link rel=\"canonical\" href=\"https:\/\/uecornella.cat\/ca\/avis-legal\/\" \/>\n<meta property=\"og:locale\" content=\"ca_ES\" \/>\n<meta property=\"og:type\" content=\"article\" \/>\n<meta property=\"og:title\" content=\"Aviso legal - Uni\u00f3 Esportiva Cornell\u00e0\" \/>\n<meta property=\"og:description\" content=\"AVISO LEGAL INFORMACI\u00d3N CORPORATIVA En cumplimiento de la Ley 34\/2002, de 11 de julio, de servicios de la sociedad de la informaci\u00f3n y de comercio electr\u00f3nico, FUNDACIO PRIVADA UE CORNELLA en adelante, UE CORNELLA, le informa que es titular de los sitios web: https:\/\/www.uecornella.cat, de acuerdo con la exigencia del art\u00edculo 10 de la mencionada [&hellip;]\" \/>\n<meta property=\"og:url\" content=\"https:\/\/uecornella.cat\/ca\/avis-legal\/\" \/>\n<meta property=\"og:site_name\" content=\"Uni\u00f3 Esportiva Cornell\u00e0\" \/>\n<meta property=\"article:publisher\" content=\"https:\/\/www.facebook.com\/UECornella?fref=ts\" \/>\n<meta property=\"article:modified_time\" content=\"2020-03-03T18:45:59+00:00\" \/>\n<meta name=\"twitter:card\" content=\"summary_large_image\" \/>\n<meta name=\"twitter:site\" content=\"@ue_cornella\" \/>\n<meta name=\"twitter:label1\" content=\"Temps estimat de lectura\" \/>\n\t<meta name=\"twitter:data1\" content=\"11 minuts\" \/>\n<script type=\"application\/ld+json\" class=\"yoast-schema-graph\">{\"@context\":\"https:\/\/schema.org\",\"@graph\":[{\"@type\":\"WebPage\",\"@id\":\"https:\/\/uecornella.cat\/ca\/avis-legal\/\",\"url\":\"https:\/\/uecornella.cat\/ca\/avis-legal\/\",\"name\":\"Aviso legal - Uni\u00f3 Esportiva Cornell\u00e0\",\"isPartOf\":{\"@id\":\"https:\/\/uecornella.cat\/ca\/#website\"},\"datePublished\":\"2019-04-24T07:57:35+00:00\",\"dateModified\":\"2020-03-03T18:45:59+00:00\",\"breadcrumb\":{\"@id\":\"https:\/\/uecornella.cat\/ca\/avis-legal\/#breadcrumb\"},\"inLanguage\":\"ca\",\"potentialAction\":[{\"@type\":\"ReadAction\",\"target\":[\"https:\/\/uecornella.cat\/ca\/avis-legal\/\"]}]},{\"@type\":\"BreadcrumbList\",\"@id\":\"https:\/\/uecornella.cat\/ca\/avis-legal\/#breadcrumb\",\"itemListElement\":[{\"@type\":\"ListItem\",\"position\":1,\"name\":\"Portada\",\"item\":\"https:\/\/uecornella.cat\/ca\/\"},{\"@type\":\"ListItem\",\"position\":2,\"name\":\"Aviso legal\"}]},{\"@type\":\"WebSite\",\"@id\":\"https:\/\/uecornella.cat\/ca\/#website\",\"url\":\"https:\/\/uecornella.cat\/ca\/\",\"name\":\"Uni\u00f3 Esportiva Cornell\u00e0\",\"description\":\"Escuela de f\u00fatbol y club de f\u00fatbol de Cornell\u00e0\",\"publisher\":{\"@id\":\"https:\/\/uecornella.cat\/ca\/#organization\"},\"potentialAction\":[{\"@type\":\"SearchAction\",\"target\":{\"@type\":\"EntryPoint\",\"urlTemplate\":\"https:\/\/uecornella.cat\/ca\/?s={search_term_string}\"},\"query-input\":{\"@type\":\"PropertyValueSpecification\",\"valueRequired\":true,\"valueName\":\"search_term_string\"}}],\"inLanguage\":\"ca\"},{\"@type\":\"Organization\",\"@id\":\"https:\/\/uecornella.cat\/ca\/#organization\",\"name\":\"Uni\u00f3 Esportiva Cornell\u00e0\",\"url\":\"https:\/\/uecornella.cat\/ca\/\",\"logo\":{\"@type\":\"ImageObject\",\"inLanguage\":\"ca\",\"@id\":\"https:\/\/uecornella.cat\/ca\/#\/schema\/logo\/image\/\",\"url\":\"https:\/\/www.uecornella.cat\/wp-content\/uploads\/2022\/01\/apple-icon-144x144-1.png\",\"contentUrl\":\"https:\/\/www.uecornella.cat\/wp-content\/uploads\/2022\/01\/apple-icon-144x144-1.png\",\"width\":144,\"height\":144,\"caption\":\"Uni\u00f3 Esportiva Cornell\u00e0\"},\"image\":{\"@id\":\"https:\/\/uecornella.cat\/ca\/#\/schema\/logo\/image\/\"},\"sameAs\":[\"https:\/\/www.facebook.com\/UECornella?fref=ts\",\"https:\/\/x.com\/ue_cornella\",\"http:\/\/instagram.com\/uecornella\",\"https:\/\/www.youtube.com\/channel\/UCcwgya5MdVvxRn_MeD6A0vg\"]}]}<\/script>\n<!-- \/ Yoast SEO plugin. -->","yoast_head_json":{"title":"Aviso legal - Uni\u00f3 Esportiva Cornell\u00e0","robots":{"index":"index","follow":"follow","max-snippet":"max-snippet:-1","max-image-preview":"max-image-preview:large","max-video-preview":"max-video-preview:-1"},"canonical":"https:\/\/uecornella.cat\/ca\/avis-legal\/","og_locale":"ca_ES","og_type":"article","og_title":"Aviso legal - Uni\u00f3 Esportiva Cornell\u00e0","og_description":"AVISO LEGAL INFORMACI\u00d3N CORPORATIVA En cumplimiento de la Ley 34\/2002, de 11 de julio, de servicios de la sociedad de la informaci\u00f3n y de comercio electr\u00f3nico, FUNDACIO PRIVADA UE CORNELLA en adelante, UE CORNELLA, le informa que es titular de los sitios web: https:\/\/www.uecornella.cat, de acuerdo con la exigencia del art\u00edculo 10 de la mencionada [&hellip;]","og_url":"https:\/\/uecornella.cat\/ca\/avis-legal\/","og_site_name":"Uni\u00f3 Esportiva Cornell\u00e0","article_publisher":"https:\/\/www.facebook.com\/UECornella?fref=ts","article_modified_time":"2020-03-03T18:45:59+00:00","twitter_card":"summary_large_image","twitter_site":"@ue_cornella","twitter_misc":{"Temps estimat de lectura":"11 minuts"},"schema":{"@context":"https:\/\/schema.org","@graph":[{"@type":"WebPage","@id":"https:\/\/uecornella.cat\/ca\/avis-legal\/","url":"https:\/\/uecornella.cat\/ca\/avis-legal\/","name":"Aviso legal - Uni\u00f3 Esportiva Cornell\u00e0","isPartOf":{"@id":"https:\/\/uecornella.cat\/ca\/#website"},"datePublished":"2019-04-24T07:57:35+00:00","dateModified":"2020-03-03T18:45:59+00:00","breadcrumb":{"@id":"https:\/\/uecornella.cat\/ca\/avis-legal\/#breadcrumb"},"inLanguage":"ca","potentialAction":[{"@type":"ReadAction","target":["https:\/\/uecornella.cat\/ca\/avis-legal\/"]}]},{"@type":"BreadcrumbList","@id":"https:\/\/uecornella.cat\/ca\/avis-legal\/#breadcrumb","itemListElement":[{"@type":"ListItem","position":1,"name":"Portada","item":"https:\/\/uecornella.cat\/ca\/"},{"@type":"ListItem","position":2,"name":"Aviso legal"}]},{"@type":"WebSite","@id":"https:\/\/uecornella.cat\/ca\/#website","url":"https:\/\/uecornella.cat\/ca\/","name":"Uni\u00f3 Esportiva Cornell\u00e0","description":"Escuela de f\u00fatbol y club de f\u00fatbol de Cornell\u00e0","publisher":{"@id":"https:\/\/uecornella.cat\/ca\/#organization"},"potentialAction":[{"@type":"SearchAction","target":{"@type":"EntryPoint","urlTemplate":"https:\/\/uecornella.cat\/ca\/?s={search_term_string}"},"query-input":{"@type":"PropertyValueSpecification","valueRequired":true,"valueName":"search_term_string"}}],"inLanguage":"ca"},{"@type":"Organization","@id":"https:\/\/uecornella.cat\/ca\/#organization","name":"Uni\u00f3 Esportiva Cornell\u00e0","url":"https:\/\/uecornella.cat\/ca\/","logo":{"@type":"ImageObject","inLanguage":"ca","@id":"https:\/\/uecornella.cat\/ca\/#\/schema\/logo\/image\/","url":"https:\/\/www.uecornella.cat\/wp-content\/uploads\/2022\/01\/apple-icon-144x144-1.png","contentUrl":"https:\/\/www.uecornella.cat\/wp-content\/uploads\/2022\/01\/apple-icon-144x144-1.png","width":144,"height":144,"caption":"Uni\u00f3 Esportiva Cornell\u00e0"},"image":{"@id":"https:\/\/uecornella.cat\/ca\/#\/schema\/logo\/image\/"},"sameAs":["https:\/\/www.facebook.com\/UECornella?fref=ts","https:\/\/x.com\/ue_cornella","http:\/\/instagram.com\/uecornella","https:\/\/www.youtube.com\/channel\/UCcwgya5MdVvxRn_MeD6A0vg"]}]}},"_links":{"self":[{"href":"https:\/\/uecornella.cat\/ca\/wp-json\/wp\/v2\/pages\/12332","targetHints":{"allow":["GET"]}}],"collection":[{"href":"https:\/\/uecornella.cat\/ca\/wp-json\/wp\/v2\/pages"}],"about":[{"href":"https:\/\/uecornella.cat\/ca\/wp-json\/wp\/v2\/types\/page"}],"author":[{"embeddable":true,"href":"https:\/\/uecornella.cat\/ca\/wp-json\/wp\/v2\/users\/1"}],"replies":[{"embeddable":true,"href":"https:\/\/uecornella.cat\/ca\/wp-json\/wp\/v2\/comments?post=12332"}],"version-history":[{"count":2,"href":"https:\/\/uecornella.cat\/ca\/wp-json\/wp\/v2\/pages\/12332\/revisions"}],"predecessor-version":[{"id":15554,"href":"https:\/\/uecornella.cat\/ca\/wp-json\/wp\/v2\/pages\/12332\/revisions\/15554"}],"wp:attachment":[{"href":"https:\/\/uecornella.cat\/ca\/wp-json\/wp\/v2\/media?parent=12332"}],"curies":[{"name":"wp","href":"https:\/\/api.w.org\/{rel}","templated":true}]}}