{"id":25529,"date":"2021-09-17T09:22:31","date_gmt":"2021-09-17T09:22:31","guid":{"rendered":"https:\/\/www.uecornella.cat\/boarding-academy\/"},"modified":"2023-01-30T19:56:23","modified_gmt":"2023-01-30T19:56:23","slug":"boarding-academy","status":"publish","type":"page","link":"https:\/\/uecornella.cat\/ca\/boarding-academy\/","title":{"rendered":"Boarding academy"},"content":{"rendered":"<div class=\"wpb-content-wrapper\"><p>[vc_row][vc_column width=&#8221;1\/2&#8243;][vc_column_text]<\/p>\n<p style=\"text-align: justify;\">El <strong>Boarding Soccer Academy<\/strong> de refer\u00e8ncia a Barcelona de la Uni\u00f3 Esportiva Cornell\u00e0, \u00e9s una oportunitat \u00fanica per a joves entre 10 i 23 anys de cr\u00e9ixer i formar-se com a jugador de futbol professional. <strong>L&#8217;Acad\u00e8mia<\/strong> disposa de formacions des d&#8217;1 setmana a 10 mesos, i reconeguts jugadors professionals de futbol de talla mundial com ho s\u00f3n Jordi Alba, Keita Balde, Ilie S\u00e1nchez o Ignasi Miquel saben el que \u00e9s formar-se a la UE Cornell\u00e0 i triomfar a nivell internacional.<\/p>\n<p>[\/vc_column_text][\/vc_column][vc_column width=&#8221;1\/2&#8243;][vc_single_image image=&#8221;25778&#8243; img_size=&#8221;full&#8221; alignment=&#8221;center&#8221; css_animation=&#8221;bounceInRight&#8221;][\/vc_column][\/vc_row][vc_row][vc_column width=&#8221;1\/2&#8243;][vc_single_image image=&#8221;25780&#8243; img_size=&#8221;full&#8221; alignment=&#8221;center&#8221; css_animation=&#8221;bounceInLeft&#8221;][\/vc_column][vc_column width=&#8221;1\/2&#8243;][vc_column_text]<br \/>\nEl club de la UE Cornell\u00e0 compta amb m\u00e9s de 60 equips per a totes les edats. Els equips juguen en diferents categories o nivells. Aix\u00f2 ajuda els futbolistes internacionals a adaptar-se pas a pas per jugar a futbol a Espanya. Amb l&#8217;esfor\u00e7 i la paci\u00e8ncia, tens a la UE Cornell\u00e0 de Barcelona una autopista per convertir-te en futbolista professional.<\/p>\n<p>La UE Cornell\u00e0 compta des de fa m\u00e9s de 12 anys amb un referent en la formaci\u00f3 d\u201fesportistes internacionals i proporciona a tots els jugadors internacionals que es volen formar a Barcelona una entitat d\u201felit com \u00e9s WOSPAC. Una de les pedreres TOP d&#8217;Espanya no podria formar jugadors internacionals sense l&#8217;ajuda de professionals que tenen cura al m\u00e0xim dels seus esportistes internacionals, i els proporcionen totes les cures i els serveis necessaris per viure, estudiar i practicar el seu esport preferit a Barcelona.<br \/>\n[\/vc_column_text][\/vc_column][\/vc_row][vc_row][vc_column width=&#8221;1\/2&#8243;][vc_column_text]<\/p>\n<p style=\"text-align: justify;\">La <strong>Soccer Academy<\/strong> de la UE Cornell\u00e0 compta amb una resid\u00e8ncia exclusiva per a esportistes. Amb abast <strong>internacional<\/strong>, complets serveis i professionals totalment qualificats, <a href=\"http:\/\/www.wospacstages.com\">WOSPAC<\/a> \u00e9s l\u00edder en el seu sector per garantir els pilars fonamentals de els que un jove ha de disposar: formaci\u00f3 esportiva, educaci\u00f3 i salut. WOSPAC proporciona al <strong>Boarding Football Academy<\/strong> Barcelona 24 hores de supervisi\u00f3 i cures. Ja s\u00f3n m\u00e9s de 12 anys formant joves jugadors de futbol de tot el m\u00f3n a Barcelona, i encara que no \u00e9s f\u00e0cil per a una fam\u00edlia enviar el seu fill tan lluny de casa, ja s\u00f3n m\u00e9s de 500 fam\u00edlies que han dipositat a <a href= \"http:\/\/www.wospacstages.com\">WOSPAC<\/a> la formaci\u00f3 i cura dels seus fills. Al <strong>Residence Soccer Academy<\/strong> de la UE Cornell\u00e0 s&#8217;ajuda a cr\u00e9ixer els esportistes com a persona, i se&#8217;ls guia perqu\u00e8 tinguin una bona integraci\u00f3 en un altre pa\u00eds, cultura i idioma.<\/p>\n<p>[\/vc_column_text][\/vc_column][vc_column width=&#8221;1\/2&#8243;][vc_single_image image=&#8221;26463&#8243; img_size=&#8221;full&#8221; alignment=&#8221;center&#8221; css_animation=&#8221;bounceInRight&#8221;][\/vc_column][\/vc_row][vc_row][vc_column width=&#8221;1\/2&#8243;][vc_single_image image=&#8221;26468&#8243; img_size=&#8221;full&#8221; alignment=&#8221;center&#8221; css_animation=&#8221;bounceInLeft&#8221;][\/vc_column][vc_column width=&#8221;1\/2&#8243;][vc_column_text]<\/p>\n<p style=\"text-align: justify;\">El <strong>Boarding Soccer School<\/strong> de <a href=\"http:\/\/www.wospacstages.com\">WOSPAC<\/a> pot proporcionar allotjament, educaci\u00f3 internacional, educaci\u00f3 en idiomes, entrenaments en grup o personals de perfeccionament, entrenaments al Club de la UE Cornell\u00e0, transports, assegurances, tutor legal, gesti\u00f3 de VISAT i NIE, v\u00eddeo an\u00e0lisi, psic\u00f2leg esportiu, nutrici\u00f3 esportiva, rutines esportives, i tot el necessari per fer una formaci\u00f3 integral a Barcelona.<\/p>\n<p style=\"text-align: justify;\">Els <strong>programes<\/strong> oferts per <a href=\"http:\/\/www.wospacstages.com\">WOSPAC<\/a> consten d&#8217;entrenament de < strong>tecnificaci\u00f3<\/strong> i gimn\u00e0s als matins, formaci\u00f3 educativa durant el dia, i entrenaments a les tardes amb els equips de la UE Cornell\u00e0 o de perfeccionament f\u00edsic, t\u00e8cnic i t\u00e0ctic amb <a href=\"http:\/\/www .wospacstages.com\">WOSPAC<\/a>. El Club de la UE Cornell\u00e0 juntament amb l&#8217;Acad\u00e8mia de futbol de <a href=\"http:\/\/www.wospacstages.com\">WOSPAC<\/a> ofereixen a jugadors de tot el m\u00f3n l&#8217;oportunitat de viure i formar-se a Barcelona, en un entorn sa, esportiu i amb les eines necess\u00e0ries per convertir-te en jugador professional de futbol.<\/p>\n<p style=\"text-align: justify;\"><a href=\"http:\/\/www.wospacstages.com\">WOSPAC<\/a> \u00e9s el teu Soccer Academy de refer\u00e8ncia a Espanya. Contacta amb nosaltres i aconsegueix una de les 20 places disponibles. Contacta amb nosaltres per saber quan s\u00f3n les proves per poder entrar al nostre programa. Les places s\u00f3n limitades.<\/p>\n<p>[\/vc_column_text][\/vc_column][\/vc_row][vc_row equal_height=&#8221;yes&#8221; content_placement=&#8221;middle&#8221;][vc_column width=&#8221;2\/3&#8243;][vc_single_image image=&#8221;25776&#8243; img_size=&#8221;full&#8221; alignment=&#8221;center&#8221; onclick=&#8221;link_image&#8221; css_animation=&#8221;bounceInUp&#8221;][\/vc_column][vc_column css_animation=&#8221;lightSpeedIn&#8221; width=&#8221;1\/3&#8243;][vc_btn title=&#8221;Contacta amb nosaltres al email: uecacademy@uecornella.cat&#8221; style=&#8221;3d&#8221; color=&#8221;success&#8221; size=&#8221;lg&#8221; align=&#8221;center&#8221; css_animation=&#8221;lightSpeedIn&#8221; button_block=&#8221;true&#8221; link=&#8221;url:mailto%3Auecacademy%40uecornella.cat|&#8221; el_class=&#8221;botocontacte&#8221;][vc_btn title=&#8221;WhatsApp (+34) 639 521 335&#8243; style=&#8221;3d&#8221; color=&#8221;success&#8221; size=&#8221;lg&#8221; align=&#8221;center&#8221; i_icon_fontawesome=&#8221;fab fa-whatsapp&#8221; css_animation=&#8221;lightSpeedIn&#8221; button_block=&#8221;true&#8221; add_icon=&#8221;true&#8221; link=&#8221;url:https%3A%2F%2Fweb.whatsapp.com%2Fsend%3Fphone%3D34639521335|target:_blank|&#8221; el_class=&#8221;botocontacte&#8221;][\/vc_column][\/vc_row][vc_row equal_height=&#8221;yes&#8221; content_placement=&#8221;middle&#8221;][vc_column][vc_single_image image=&#8221;25782&#8243; img_size=&#8221;full&#8221; alignment=&#8221;center&#8221; css_animation=&#8221;lightSpeedIn&#8221;][\/vc_column][\/vc_row][vc_row][vc_column][vc_images_carousel images=&#8221;26465,26461,26459,26457,26453,26451,26596,26594,26592,26590,26588&#8243; img_size=&#8221;full&#8221; slides_per_view=&#8221;4&#8243; autoplay=&#8221;yes&#8221; hide_pagination_control=&#8221;yes&#8221; partial_view=&#8221;yes&#8221; wrap=&#8221;yes&#8221;][vc_separator border_width=&#8221;2&#8243; css=&#8221;.vc_custom_1632817193148{margin-top: 32px !important;margin-bottom: 32px !important;}&#8221;][\/vc_column][\/vc_row]<\/p>\n<\/div>","protected":false},"excerpt":{"rendered":"<p>[vc_row][vc_column width=&#8221;1\/2&#8243;][vc_column_text] El Boarding Soccer Academy de refer\u00e8ncia a Barcelona de la Uni\u00f3 Esportiva Cornell\u00e0, \u00e9s una oportunitat \u00fanica per a joves entre 10 i 23 anys de cr\u00e9ixer i formar-se com a jugador de futbol professional. L&#8217;Acad\u00e8mia disposa de formacions des d&#8217;1 setmana a 10 mesos, i reconeguts jugadors professionals de futbol de talla [&hellip;]<\/p>\n","protected":false},"author":1,"featured_media":0,"parent":0,"menu_order":0,"comment_status":"closed","ping_status":"closed","template":"","meta":{"_acf_changed":false,"footnotes":""},"class_list":["post-25529","page","type-page","status-publish","hentry"],"acf":[],"yoast_head":"<!-- This site is optimized with the Yoast SEO plugin v25.8 - https:\/\/yoast.com\/wordpress\/plugins\/seo\/ -->\n<title>Boarding academy - Uni\u00f3 Esportiva Cornell\u00e0<\/title>\n<meta name=\"robots\" content=\"index, follow, max-snippet:-1, max-image-preview:large, max-video-preview:-1\" \/>\n<link rel=\"canonical\" href=\"https:\/\/uecornella.cat\/ca\/boarding-academy\/\" \/>\n<meta property=\"og:locale\" content=\"ca_ES\" \/>\n<meta property=\"og:type\" content=\"article\" \/>\n<meta property=\"og:title\" content=\"Boarding academy - Uni\u00f3 Esportiva Cornell\u00e0\" \/>\n<meta property=\"og:description\" content=\"[vc_row][vc_column width=&#8221;1\/2&#8243;][vc_column_text] El Boarding Soccer Academy de refer\u00e8ncia a Barcelona de la Uni\u00f3 Esportiva Cornell\u00e0, \u00e9s una oportunitat \u00fanica per a joves entre 10 i 23 anys de cr\u00e9ixer i formar-se com a jugador de futbol professional. L&#8217;Acad\u00e8mia disposa de formacions des d&#8217;1 setmana a 10 mesos, i reconeguts jugadors professionals de futbol de talla [&hellip;]\" \/>\n<meta property=\"og:url\" content=\"https:\/\/uecornella.cat\/ca\/boarding-academy\/\" \/>\n<meta property=\"og:site_name\" content=\"Uni\u00f3 Esportiva Cornell\u00e0\" \/>\n<meta property=\"article:publisher\" content=\"https:\/\/www.facebook.com\/UECornella?fref=ts\" \/>\n<meta property=\"article:modified_time\" content=\"2023-01-30T19:56:23+00:00\" \/>\n<meta name=\"twitter:card\" content=\"summary_large_image\" \/>\n<meta name=\"twitter:site\" content=\"@ue_cornella\" \/>\n<meta name=\"twitter:label1\" content=\"Temps estimat de lectura\" \/>\n\t<meta name=\"twitter:data1\" content=\"4 minuts\" \/>\n<script type=\"application\/ld+json\" class=\"yoast-schema-graph\">{\"@context\":\"https:\/\/schema.org\",\"@graph\":[{\"@type\":\"WebPage\",\"@id\":\"https:\/\/uecornella.cat\/ca\/boarding-academy\/\",\"url\":\"https:\/\/uecornella.cat\/ca\/boarding-academy\/\",\"name\":\"Boarding academy - Uni\u00f3 Esportiva Cornell\u00e0\",\"isPartOf\":{\"@id\":\"https:\/\/uecornella.cat\/ca\/#website\"},\"datePublished\":\"2021-09-17T09:22:31+00:00\",\"dateModified\":\"2023-01-30T19:56:23+00:00\",\"breadcrumb\":{\"@id\":\"https:\/\/uecornella.cat\/ca\/boarding-academy\/#breadcrumb\"},\"inLanguage\":\"ca\",\"potentialAction\":[{\"@type\":\"ReadAction\",\"target\":[\"https:\/\/uecornella.cat\/ca\/boarding-academy\/\"]}]},{\"@type\":\"BreadcrumbList\",\"@id\":\"https:\/\/uecornella.cat\/ca\/boarding-academy\/#breadcrumb\",\"itemListElement\":[{\"@type\":\"ListItem\",\"position\":1,\"name\":\"Portada\",\"item\":\"https:\/\/uecornella.cat\/ca\/\"},{\"@type\":\"ListItem\",\"position\":2,\"name\":\"Boarding academy\"}]},{\"@type\":\"WebSite\",\"@id\":\"https:\/\/uecornella.cat\/ca\/#website\",\"url\":\"https:\/\/uecornella.cat\/ca\/\",\"name\":\"Uni\u00f3 Esportiva Cornell\u00e0\",\"description\":\"Escuela de f\u00fatbol y club de f\u00fatbol de Cornell\u00e0\",\"publisher\":{\"@id\":\"https:\/\/uecornella.cat\/ca\/#organization\"},\"potentialAction\":[{\"@type\":\"SearchAction\",\"target\":{\"@type\":\"EntryPoint\",\"urlTemplate\":\"https:\/\/uecornella.cat\/ca\/?s={search_term_string}\"},\"query-input\":{\"@type\":\"PropertyValueSpecification\",\"valueRequired\":true,\"valueName\":\"search_term_string\"}}],\"inLanguage\":\"ca\"},{\"@type\":\"Organization\",\"@id\":\"https:\/\/uecornella.cat\/ca\/#organization\",\"name\":\"Uni\u00f3 Esportiva Cornell\u00e0\",\"url\":\"https:\/\/uecornella.cat\/ca\/\",\"logo\":{\"@type\":\"ImageObject\",\"inLanguage\":\"ca\",\"@id\":\"https:\/\/uecornella.cat\/ca\/#\/schema\/logo\/image\/\",\"url\":\"https:\/\/www.uecornella.cat\/wp-content\/uploads\/2022\/01\/apple-icon-144x144-1.png\",\"contentUrl\":\"https:\/\/www.uecornella.cat\/wp-content\/uploads\/2022\/01\/apple-icon-144x144-1.png\",\"width\":144,\"height\":144,\"caption\":\"Uni\u00f3 Esportiva Cornell\u00e0\"},\"image\":{\"@id\":\"https:\/\/uecornella.cat\/ca\/#\/schema\/logo\/image\/\"},\"sameAs\":[\"https:\/\/www.facebook.com\/UECornella?fref=ts\",\"https:\/\/x.com\/ue_cornella\",\"http:\/\/instagram.com\/uecornella\",\"https:\/\/www.youtube.com\/channel\/UCcwgya5MdVvxRn_MeD6A0vg\"]}]}<\/script>\n<!-- \/ Yoast SEO plugin. -->","yoast_head_json":{"title":"Boarding academy - Uni\u00f3 Esportiva Cornell\u00e0","robots":{"index":"index","follow":"follow","max-snippet":"max-snippet:-1","max-image-preview":"max-image-preview:large","max-video-preview":"max-video-preview:-1"},"canonical":"https:\/\/uecornella.cat\/ca\/boarding-academy\/","og_locale":"ca_ES","og_type":"article","og_title":"Boarding academy - Uni\u00f3 Esportiva Cornell\u00e0","og_description":"[vc_row][vc_column width=&#8221;1\/2&#8243;][vc_column_text] El Boarding Soccer Academy de refer\u00e8ncia a Barcelona de la Uni\u00f3 Esportiva Cornell\u00e0, \u00e9s una oportunitat \u00fanica per a joves entre 10 i 23 anys de cr\u00e9ixer i formar-se com a jugador de futbol professional. L&#8217;Acad\u00e8mia disposa de formacions des d&#8217;1 setmana a 10 mesos, i reconeguts jugadors professionals de futbol de talla [&hellip;]","og_url":"https:\/\/uecornella.cat\/ca\/boarding-academy\/","og_site_name":"Uni\u00f3 Esportiva Cornell\u00e0","article_publisher":"https:\/\/www.facebook.com\/UECornella?fref=ts","article_modified_time":"2023-01-30T19:56:23+00:00","twitter_card":"summary_large_image","twitter_site":"@ue_cornella","twitter_misc":{"Temps estimat de lectura":"4 minuts"},"schema":{"@context":"https:\/\/schema.org","@graph":[{"@type":"WebPage","@id":"https:\/\/uecornella.cat\/ca\/boarding-academy\/","url":"https:\/\/uecornella.cat\/ca\/boarding-academy\/","name":"Boarding academy - Uni\u00f3 Esportiva Cornell\u00e0","isPartOf":{"@id":"https:\/\/uecornella.cat\/ca\/#website"},"datePublished":"2021-09-17T09:22:31+00:00","dateModified":"2023-01-30T19:56:23+00:00","breadcrumb":{"@id":"https:\/\/uecornella.cat\/ca\/boarding-academy\/#breadcrumb"},"inLanguage":"ca","potentialAction":[{"@type":"ReadAction","target":["https:\/\/uecornella.cat\/ca\/boarding-academy\/"]}]},{"@type":"BreadcrumbList","@id":"https:\/\/uecornella.cat\/ca\/boarding-academy\/#breadcrumb","itemListElement":[{"@type":"ListItem","position":1,"name":"Portada","item":"https:\/\/uecornella.cat\/ca\/"},{"@type":"ListItem","position":2,"name":"Boarding academy"}]},{"@type":"WebSite","@id":"https:\/\/uecornella.cat\/ca\/#website","url":"https:\/\/uecornella.cat\/ca\/","name":"Uni\u00f3 Esportiva Cornell\u00e0","description":"Escuela de f\u00fatbol y club de f\u00fatbol de Cornell\u00e0","publisher":{"@id":"https:\/\/uecornella.cat\/ca\/#organization"},"potentialAction":[{"@type":"SearchAction","target":{"@type":"EntryPoint","urlTemplate":"https:\/\/uecornella.cat\/ca\/?s={search_term_string}"},"query-input":{"@type":"PropertyValueSpecification","valueRequired":true,"valueName":"search_term_string"}}],"inLanguage":"ca"},{"@type":"Organization","@id":"https:\/\/uecornella.cat\/ca\/#organization","name":"Uni\u00f3 Esportiva Cornell\u00e0","url":"https:\/\/uecornella.cat\/ca\/","logo":{"@type":"ImageObject","inLanguage":"ca","@id":"https:\/\/uecornella.cat\/ca\/#\/schema\/logo\/image\/","url":"https:\/\/www.uecornella.cat\/wp-content\/uploads\/2022\/01\/apple-icon-144x144-1.png","contentUrl":"https:\/\/www.uecornella.cat\/wp-content\/uploads\/2022\/01\/apple-icon-144x144-1.png","width":144,"height":144,"caption":"Uni\u00f3 Esportiva Cornell\u00e0"},"image":{"@id":"https:\/\/uecornella.cat\/ca\/#\/schema\/logo\/image\/"},"sameAs":["https:\/\/www.facebook.com\/UECornella?fref=ts","https:\/\/x.com\/ue_cornella","http:\/\/instagram.com\/uecornella","https:\/\/www.youtube.com\/channel\/UCcwgya5MdVvxRn_MeD6A0vg"]}]}},"_links":{"self":[{"href":"https:\/\/uecornella.cat\/ca\/wp-json\/wp\/v2\/pages\/25529","targetHints":{"allow":["GET"]}}],"collection":[{"href":"https:\/\/uecornella.cat\/ca\/wp-json\/wp\/v2\/pages"}],"about":[{"href":"https:\/\/uecornella.cat\/ca\/wp-json\/wp\/v2\/types\/page"}],"author":[{"embeddable":true,"href":"https:\/\/uecornella.cat\/ca\/wp-json\/wp\/v2\/users\/1"}],"replies":[{"embeddable":true,"href":"https:\/\/uecornella.cat\/ca\/wp-json\/wp\/v2\/comments?post=25529"}],"version-history":[{"count":17,"href":"https:\/\/uecornella.cat\/ca\/wp-json\/wp\/v2\/pages\/25529\/revisions"}],"predecessor-version":[{"id":34972,"href":"https:\/\/uecornella.cat\/ca\/wp-json\/wp\/v2\/pages\/25529\/revisions\/34972"}],"wp:attachment":[{"href":"https:\/\/uecornella.cat\/ca\/wp-json\/wp\/v2\/media?parent=25529"}],"curies":[{"name":"wp","href":"https:\/\/api.w.org\/{rel}","templated":true}]}}