{"id":37399,"date":"2023-05-20T10:14:23","date_gmt":"2023-05-20T10:14:23","guid":{"rendered":"https:\/\/www.uecornella.cat\/?page_id=37399"},"modified":"2023-05-20T10:14:23","modified_gmt":"2023-05-20T10:14:23","slug":"politica-de-privacidad-de-la-aplicacion-movil","status":"publish","type":"page","link":"https:\/\/uecornella.cat\/ca\/politica-de-privacidad-de-la-aplicacion-movil\/","title":{"rendered":"Pol\u00edtica de privacidad de la aplicaci\u00f3n m\u00f3vil"},"content":{"rendered":"<h3 class=\"title\">Pr\u00f3logo<\/h3>\n<p>La UNI\u00d3 ESPORTIVA CORNELL\u00c0 SAD se preocupa mucho por la privacidad de los usuarios y la informaci\u00f3n personal de los usuarios. Esperamos presentarle acerca de c\u00f3mo recopilamos, utilizamos, almacenamos y compartimos esta informaci\u00f3n cuando utiliza nuestro servicio a trav\u00e9s de esta &#8220;Pol\u00edtica de privacidad&#8221;, y la forma en que le presentamos acerca de visitar, actualizar, controlar y proteger esta informaci\u00f3n.<\/p>\n<p>Si tiene alguna pregunta relevante para esta Pol\u00edtica de privacidad, p\u00f3ngase en contacto con nosotros por correo electr\u00f3nico: info@uecornella.cat.<\/p>\n<section>\n<h3 class=\"title\">La informaci\u00f3n que podemos recopilar<\/h3>\n<p>No recopilamos informaci\u00f3n sobre usted.<\/p>\n<\/section>\n<section>\n<h3 class=\"title\">C\u00f3mo usamos su informaci\u00f3n personal<\/h3>\n<p>No la usamos.<\/p>\n<\/section>\n<section>\n<h3 class=\"title\">Uso de informaci\u00f3n no personal<\/h3>\n<p>Para la informaci\u00f3n que recopilamos y no se puede conectar directamente con ning\u00fan personal especial, como la preferencia de uso, no accedemos a ella.<\/p>\n<\/section>\n<section>\n<h3 class=\"title\">La informaci\u00f3n que podemos compartir<\/h3>\n<p>No hay informaci\u00f3n que podamos compartir, ya que la \u00fanica informaci\u00f3n (el idioma seleccionado) se guarda localmente en el dispositivo.<\/p>\n<\/section>\n<section>\n<h3 class=\"title\">Proteger la informaci\u00f3n de los menores<\/h3>\n<p>Animamos a los padres o a los tutores de los menores a guiar a los menores de 18 a\u00f1os a utilizar nuestro servicio. Sugerimos a los menores que animen a sus padres o tutores a leer esta Pol\u00edtica de Privacidad y recordamos que no alamacenamos datos personales.<\/p>\n<\/section>\n<section>\n<h3 class=\"title\">Seguridad de la informaci\u00f3n<\/h3>\n<p>Actualmente se almacena solo el idioma que ha seleccionado para ver los contenidos, y se almacena localmente en el dispositivo.<\/p>\n<\/section>\n<section>\n<h3 class=\"title\">Alcance de la aplicaci\u00f3n de la pol\u00edtica de privacidad<\/h3>\n<p>Esta Pol\u00edtica de Privacidad se aplica a la aplicaci\u00f3n &#8220;UE C.ornell\u00e0. #ambelverdalcor&#8221;<\/p>\n<\/section>\n<section>\n<h3 class=\"title\">Cambios<\/h3>\n<p>Podemos modificar adecuadamente las cl\u00e1usulas de esta Pol\u00edtica de privacidad. Mostraremos siempre en esta p\u00e1gina la fecha de la \u00faltima modificaci\u00f3n.<\/p>\n<p>\u00daltima modificaci\u00f3n: 20 de mayo de 2023.<\/p>\n<\/section>\n","protected":false},"excerpt":{"rendered":"<p>Pr\u00f3logo La UNI\u00d3 ESPORTIVA CORNELL\u00c0 SAD se preocupa mucho por la privacidad de los usuarios y la informaci\u00f3n personal de los usuarios. Esperamos presentarle acerca de c\u00f3mo recopilamos, utilizamos, almacenamos y compartimos esta informaci\u00f3n cuando utiliza nuestro servicio a trav\u00e9s de esta &#8220;Pol\u00edtica de privacidad&#8221;, y la forma en que le presentamos acerca de visitar, [&hellip;]<\/p>\n","protected":false},"author":1,"featured_media":0,"parent":0,"menu_order":0,"comment_status":"closed","ping_status":"closed","template":"","meta":{"_acf_changed":false,"footnotes":""},"class_list":["post-37399","page","type-page","status-publish","hentry"],"acf":[],"yoast_head":"<!-- This site is optimized with the Yoast SEO plugin v25.8 - https:\/\/yoast.com\/wordpress\/plugins\/seo\/ -->\n<title>Pol\u00edtica de privacidad de la aplicaci\u00f3n m\u00f3vil - Uni\u00f3 Esportiva Cornell\u00e0<\/title>\n<meta name=\"robots\" content=\"index, follow, max-snippet:-1, max-image-preview:large, max-video-preview:-1\" \/>\n<link rel=\"canonical\" href=\"https:\/\/uecornella.cat\/ca\/politica-de-privacidad-de-la-aplicacion-movil\/\" \/>\n<meta property=\"og:locale\" content=\"ca_ES\" \/>\n<meta property=\"og:type\" content=\"article\" \/>\n<meta property=\"og:title\" content=\"Pol\u00edtica de privacidad de la aplicaci\u00f3n m\u00f3vil - Uni\u00f3 Esportiva Cornell\u00e0\" \/>\n<meta property=\"og:description\" content=\"Pr\u00f3logo La UNI\u00d3 ESPORTIVA CORNELL\u00c0 SAD se preocupa mucho por la privacidad de los usuarios y la informaci\u00f3n personal de los usuarios. Esperamos presentarle acerca de c\u00f3mo recopilamos, utilizamos, almacenamos y compartimos esta informaci\u00f3n cuando utiliza nuestro servicio a trav\u00e9s de esta &#8220;Pol\u00edtica de privacidad&#8221;, y la forma en que le presentamos acerca de visitar, [&hellip;]\" \/>\n<meta property=\"og:url\" content=\"https:\/\/uecornella.cat\/ca\/politica-de-privacidad-de-la-aplicacion-movil\/\" \/>\n<meta property=\"og:site_name\" content=\"Uni\u00f3 Esportiva Cornell\u00e0\" \/>\n<meta property=\"article:publisher\" content=\"https:\/\/www.facebook.com\/UECornella?fref=ts\" \/>\n<meta name=\"twitter:card\" content=\"summary_large_image\" \/>\n<meta name=\"twitter:site\" content=\"@ue_cornella\" \/>\n<script type=\"application\/ld+json\" class=\"yoast-schema-graph\">{\"@context\":\"https:\/\/schema.org\",\"@graph\":[{\"@type\":\"WebPage\",\"@id\":\"https:\/\/uecornella.cat\/ca\/politica-de-privacidad-de-la-aplicacion-movil\/\",\"url\":\"https:\/\/uecornella.cat\/ca\/politica-de-privacidad-de-la-aplicacion-movil\/\",\"name\":\"Pol\u00edtica de privacidad de la aplicaci\u00f3n m\u00f3vil - Uni\u00f3 Esportiva Cornell\u00e0\",\"isPartOf\":{\"@id\":\"https:\/\/uecornella.cat\/ca\/#website\"},\"datePublished\":\"2023-05-20T10:14:23+00:00\",\"breadcrumb\":{\"@id\":\"https:\/\/uecornella.cat\/ca\/politica-de-privacidad-de-la-aplicacion-movil\/#breadcrumb\"},\"inLanguage\":\"ca\",\"potentialAction\":[{\"@type\":\"ReadAction\",\"target\":[\"https:\/\/uecornella.cat\/ca\/politica-de-privacidad-de-la-aplicacion-movil\/\"]}]},{\"@type\":\"BreadcrumbList\",\"@id\":\"https:\/\/uecornella.cat\/ca\/politica-de-privacidad-de-la-aplicacion-movil\/#breadcrumb\",\"itemListElement\":[{\"@type\":\"ListItem\",\"position\":1,\"name\":\"Portada\",\"item\":\"https:\/\/uecornella.cat\/ca\/\"},{\"@type\":\"ListItem\",\"position\":2,\"name\":\"Pol\u00edtica de privacidad de la aplicaci\u00f3n m\u00f3vil\"}]},{\"@type\":\"WebSite\",\"@id\":\"https:\/\/uecornella.cat\/ca\/#website\",\"url\":\"https:\/\/uecornella.cat\/ca\/\",\"name\":\"Uni\u00f3 Esportiva Cornell\u00e0\",\"description\":\"Escuela de f\u00fatbol y club de f\u00fatbol de Cornell\u00e0\",\"publisher\":{\"@id\":\"https:\/\/uecornella.cat\/ca\/#organization\"},\"potentialAction\":[{\"@type\":\"SearchAction\",\"target\":{\"@type\":\"EntryPoint\",\"urlTemplate\":\"https:\/\/uecornella.cat\/ca\/?s={search_term_string}\"},\"query-input\":{\"@type\":\"PropertyValueSpecification\",\"valueRequired\":true,\"valueName\":\"search_term_string\"}}],\"inLanguage\":\"ca\"},{\"@type\":\"Organization\",\"@id\":\"https:\/\/uecornella.cat\/ca\/#organization\",\"name\":\"Uni\u00f3 Esportiva Cornell\u00e0\",\"url\":\"https:\/\/uecornella.cat\/ca\/\",\"logo\":{\"@type\":\"ImageObject\",\"inLanguage\":\"ca\",\"@id\":\"https:\/\/uecornella.cat\/ca\/#\/schema\/logo\/image\/\",\"url\":\"https:\/\/www.uecornella.cat\/wp-content\/uploads\/2022\/01\/apple-icon-144x144-1.png\",\"contentUrl\":\"https:\/\/www.uecornella.cat\/wp-content\/uploads\/2022\/01\/apple-icon-144x144-1.png\",\"width\":144,\"height\":144,\"caption\":\"Uni\u00f3 Esportiva Cornell\u00e0\"},\"image\":{\"@id\":\"https:\/\/uecornella.cat\/ca\/#\/schema\/logo\/image\/\"},\"sameAs\":[\"https:\/\/www.facebook.com\/UECornella?fref=ts\",\"https:\/\/x.com\/ue_cornella\",\"http:\/\/instagram.com\/uecornella\",\"https:\/\/www.youtube.com\/channel\/UCcwgya5MdVvxRn_MeD6A0vg\"]}]}<\/script>\n<!-- \/ Yoast SEO plugin. -->","yoast_head_json":{"title":"Pol\u00edtica de privacidad de la aplicaci\u00f3n m\u00f3vil - Uni\u00f3 Esportiva Cornell\u00e0","robots":{"index":"index","follow":"follow","max-snippet":"max-snippet:-1","max-image-preview":"max-image-preview:large","max-video-preview":"max-video-preview:-1"},"canonical":"https:\/\/uecornella.cat\/ca\/politica-de-privacidad-de-la-aplicacion-movil\/","og_locale":"ca_ES","og_type":"article","og_title":"Pol\u00edtica de privacidad de la aplicaci\u00f3n m\u00f3vil - Uni\u00f3 Esportiva Cornell\u00e0","og_description":"Pr\u00f3logo La UNI\u00d3 ESPORTIVA CORNELL\u00c0 SAD se preocupa mucho por la privacidad de los usuarios y la informaci\u00f3n personal de los usuarios. Esperamos presentarle acerca de c\u00f3mo recopilamos, utilizamos, almacenamos y compartimos esta informaci\u00f3n cuando utiliza nuestro servicio a trav\u00e9s de esta &#8220;Pol\u00edtica de privacidad&#8221;, y la forma en que le presentamos acerca de visitar, [&hellip;]","og_url":"https:\/\/uecornella.cat\/ca\/politica-de-privacidad-de-la-aplicacion-movil\/","og_site_name":"Uni\u00f3 Esportiva Cornell\u00e0","article_publisher":"https:\/\/www.facebook.com\/UECornella?fref=ts","twitter_card":"summary_large_image","twitter_site":"@ue_cornella","schema":{"@context":"https:\/\/schema.org","@graph":[{"@type":"WebPage","@id":"https:\/\/uecornella.cat\/ca\/politica-de-privacidad-de-la-aplicacion-movil\/","url":"https:\/\/uecornella.cat\/ca\/politica-de-privacidad-de-la-aplicacion-movil\/","name":"Pol\u00edtica de privacidad de la aplicaci\u00f3n m\u00f3vil - Uni\u00f3 Esportiva Cornell\u00e0","isPartOf":{"@id":"https:\/\/uecornella.cat\/ca\/#website"},"datePublished":"2023-05-20T10:14:23+00:00","breadcrumb":{"@id":"https:\/\/uecornella.cat\/ca\/politica-de-privacidad-de-la-aplicacion-movil\/#breadcrumb"},"inLanguage":"ca","potentialAction":[{"@type":"ReadAction","target":["https:\/\/uecornella.cat\/ca\/politica-de-privacidad-de-la-aplicacion-movil\/"]}]},{"@type":"BreadcrumbList","@id":"https:\/\/uecornella.cat\/ca\/politica-de-privacidad-de-la-aplicacion-movil\/#breadcrumb","itemListElement":[{"@type":"ListItem","position":1,"name":"Portada","item":"https:\/\/uecornella.cat\/ca\/"},{"@type":"ListItem","position":2,"name":"Pol\u00edtica de privacidad de la aplicaci\u00f3n m\u00f3vil"}]},{"@type":"WebSite","@id":"https:\/\/uecornella.cat\/ca\/#website","url":"https:\/\/uecornella.cat\/ca\/","name":"Uni\u00f3 Esportiva Cornell\u00e0","description":"Escuela de f\u00fatbol y club de f\u00fatbol de Cornell\u00e0","publisher":{"@id":"https:\/\/uecornella.cat\/ca\/#organization"},"potentialAction":[{"@type":"SearchAction","target":{"@type":"EntryPoint","urlTemplate":"https:\/\/uecornella.cat\/ca\/?s={search_term_string}"},"query-input":{"@type":"PropertyValueSpecification","valueRequired":true,"valueName":"search_term_string"}}],"inLanguage":"ca"},{"@type":"Organization","@id":"https:\/\/uecornella.cat\/ca\/#organization","name":"Uni\u00f3 Esportiva Cornell\u00e0","url":"https:\/\/uecornella.cat\/ca\/","logo":{"@type":"ImageObject","inLanguage":"ca","@id":"https:\/\/uecornella.cat\/ca\/#\/schema\/logo\/image\/","url":"https:\/\/www.uecornella.cat\/wp-content\/uploads\/2022\/01\/apple-icon-144x144-1.png","contentUrl":"https:\/\/www.uecornella.cat\/wp-content\/uploads\/2022\/01\/apple-icon-144x144-1.png","width":144,"height":144,"caption":"Uni\u00f3 Esportiva Cornell\u00e0"},"image":{"@id":"https:\/\/uecornella.cat\/ca\/#\/schema\/logo\/image\/"},"sameAs":["https:\/\/www.facebook.com\/UECornella?fref=ts","https:\/\/x.com\/ue_cornella","http:\/\/instagram.com\/uecornella","https:\/\/www.youtube.com\/channel\/UCcwgya5MdVvxRn_MeD6A0vg"]}]}},"_links":{"self":[{"href":"https:\/\/uecornella.cat\/ca\/wp-json\/wp\/v2\/pages\/37399","targetHints":{"allow":["GET"]}}],"collection":[{"href":"https:\/\/uecornella.cat\/ca\/wp-json\/wp\/v2\/pages"}],"about":[{"href":"https:\/\/uecornella.cat\/ca\/wp-json\/wp\/v2\/types\/page"}],"author":[{"embeddable":true,"href":"https:\/\/uecornella.cat\/ca\/wp-json\/wp\/v2\/users\/1"}],"replies":[{"embeddable":true,"href":"https:\/\/uecornella.cat\/ca\/wp-json\/wp\/v2\/comments?post=37399"}],"version-history":[{"count":1,"href":"https:\/\/uecornella.cat\/ca\/wp-json\/wp\/v2\/pages\/37399\/revisions"}],"predecessor-version":[{"id":37400,"href":"https:\/\/uecornella.cat\/ca\/wp-json\/wp\/v2\/pages\/37399\/revisions\/37400"}],"wp:attachment":[{"href":"https:\/\/uecornella.cat\/ca\/wp-json\/wp\/v2\/media?parent=37399"}],"curies":[{"name":"wp","href":"https:\/\/api.w.org\/{rel}","templated":true}]}}