{"id":7832,"date":"2018-02-16T12:06:15","date_gmt":"2018-02-16T12:06:15","guid":{"rendered":"http:\/\/www.uecornella.cat\/politica-de-proteccio-de-dades\/"},"modified":"2018-02-16T12:06:24","modified_gmt":"2018-02-16T12:06:24","slug":"politica-de-proteccio-de-dades","status":"publish","type":"page","link":"https:\/\/uecornella.cat\/ca\/politica-de-proteccio-de-dades\/","title":{"rendered":"Pol\u00edtica de protecci\u00f3 de dades"},"content":{"rendered":"<p>En la meva condici\u00f3 d&#8217;interessat, autoritzo a la UE Cornell\u00e0 a que inclogui en qualsevol suport audiovisual, per a efectes de reproducci\u00f3 i comunicaci\u00f3 p\u00fablica, sobretot esdeveniment a nivell estrictament institucional i esportiu.<\/p>\n<p>Aquesta autoritzaci\u00f3 d&#8217;utilitzaci\u00f3 del contingut gravat i de la meva imatge, es fa a l&#8217;empara del que disposa la Llei Org\u00e0nica 1\/1982, de 5 de maig, de protecci\u00f3 civil del dret a l&#8217;honor, a la intimitat personal i familiar i a la pr\u00f2pia imatge .<\/p>\n<p>L&#8217;autoritzaci\u00f3 que aqu\u00ed es concedeix sobre aquest material tindr\u00e0 \u00fas de car\u00e0cter estrictament institucional i esportiu, i no est\u00e0 sotmesa a cap termini temporal ni est\u00e0 restringida a l&#8217;\u00e0mbit nacional de cap pa\u00eds.<\/p>\n<p>De conformitat amb la Llei Org\u00e0nica 15\/1999, de 13 de desembre, sobre Protecci\u00f3 de Dades de Car\u00e0cter Personal, l&#8217;informem que les dades de car\u00e0cter personal demanades, per als casos en qu\u00e8 aquest sigui una persona f\u00edsica, o en el cas de representants d&#8217;una persona jur\u00eddica, ja sigui p\u00fablica o privada, seran incorporades a un fitxer titularitat de la UE Cornell\u00e0.<\/p>\n<p>La finalitat de la recollida i tractament de la informaci\u00f3 \u00e9s la gesti\u00f3 de l&#8217;acord subscrit en el cos del present escrit, aix\u00ed com el manteniment del contacte de les dues parts.<\/p>\n<p>En compliment de la normativa vigent, la UE CORNELL\u00c0 garanteix que ha adoptat les mesures t\u00e8cniques i organitzatives necess\u00e0ries per mantenir el nivell de seguretat requerit, en atenci\u00f3 a la naturalesa de les dades personals tractades.<\/p>\n<p>Aix\u00ed mateix, la UE CORNELL\u00c0 informa que no cedir\u00e0 o comunicar\u00e0 les dades personals emmagatzemades en els seus fitxers a tercers, excepte en els sup\u00f2sits legalment previstos o quan sigui necessari per a la prestaci\u00f3 del servei.<\/p>\n<p>En qualsevol moment pot exercir els drets d&#8217;acc\u00e9s, rectificaci\u00f3, cancel\u00b7laci\u00f3 o oposici\u00f3 respecte de les seves dades personals, enviant un escrit, acompanyat d&#8217;una fotoc\u00f2pia del seu DNI, o document acreditatiu equivalent a: UE CORNELL\u00c0 Secretaria General de UE CORNELL\u00c0.<\/p>\n","protected":false},"excerpt":{"rendered":"<p>En la meva condici\u00f3 d&#8217;interessat, autoritzo a la UE Cornell\u00e0 a que inclogui en qualsevol suport audiovisual, per a efectes de reproducci\u00f3 i comunicaci\u00f3 p\u00fablica, sobretot esdeveniment a nivell estrictament institucional i esportiu. Aquesta autoritzaci\u00f3 d&#8217;utilitzaci\u00f3 del contingut gravat i de la meva imatge, es fa a l&#8217;empara del que disposa la Llei Org\u00e0nica 1\/1982, [&hellip;]<\/p>\n","protected":false},"author":1,"featured_media":0,"parent":0,"menu_order":0,"comment_status":"closed","ping_status":"closed","template":"","meta":{"_acf_changed":false,"footnotes":""},"class_list":["post-7832","page","type-page","status-publish","hentry"],"acf":[],"yoast_head":"<!-- This site is optimized with the Yoast SEO plugin v25.8 - https:\/\/yoast.com\/wordpress\/plugins\/seo\/ -->\n<title>Pol\u00edtica de protecci\u00f3 de dades - Uni\u00f3 Esportiva Cornell\u00e0<\/title>\n<meta name=\"robots\" content=\"index, follow, max-snippet:-1, max-image-preview:large, max-video-preview:-1\" \/>\n<link rel=\"canonical\" href=\"https:\/\/uecornella.cat\/ca\/politica-de-proteccio-de-dades\/\" \/>\n<meta property=\"og:locale\" content=\"ca_ES\" \/>\n<meta property=\"og:type\" content=\"article\" \/>\n<meta property=\"og:title\" content=\"Pol\u00edtica de protecci\u00f3 de dades - Uni\u00f3 Esportiva Cornell\u00e0\" \/>\n<meta property=\"og:description\" content=\"En la meva condici\u00f3 d&#8217;interessat, autoritzo a la UE Cornell\u00e0 a que inclogui en qualsevol suport audiovisual, per a efectes de reproducci\u00f3 i comunicaci\u00f3 p\u00fablica, sobretot esdeveniment a nivell estrictament institucional i esportiu. Aquesta autoritzaci\u00f3 d&#8217;utilitzaci\u00f3 del contingut gravat i de la meva imatge, es fa a l&#8217;empara del que disposa la Llei Org\u00e0nica 1\/1982, [&hellip;]\" \/>\n<meta property=\"og:url\" content=\"https:\/\/uecornella.cat\/ca\/politica-de-proteccio-de-dades\/\" \/>\n<meta property=\"og:site_name\" content=\"Uni\u00f3 Esportiva Cornell\u00e0\" \/>\n<meta property=\"article:publisher\" content=\"https:\/\/www.facebook.com\/UECornella?fref=ts\" \/>\n<meta property=\"article:modified_time\" content=\"2018-02-16T12:06:24+00:00\" \/>\n<meta name=\"twitter:card\" content=\"summary_large_image\" \/>\n<meta name=\"twitter:site\" content=\"@ue_cornella\" \/>\n<meta name=\"twitter:label1\" content=\"Temps estimat de lectura\" \/>\n\t<meta name=\"twitter:data1\" content=\"2 minuts\" \/>\n<script type=\"application\/ld+json\" class=\"yoast-schema-graph\">{\"@context\":\"https:\/\/schema.org\",\"@graph\":[{\"@type\":\"WebPage\",\"@id\":\"https:\/\/uecornella.cat\/ca\/politica-de-proteccio-de-dades\/\",\"url\":\"https:\/\/uecornella.cat\/ca\/politica-de-proteccio-de-dades\/\",\"name\":\"Pol\u00edtica de protecci\u00f3 de dades - Uni\u00f3 Esportiva Cornell\u00e0\",\"isPartOf\":{\"@id\":\"https:\/\/uecornella.cat\/ca\/#website\"},\"datePublished\":\"2018-02-16T12:06:15+00:00\",\"dateModified\":\"2018-02-16T12:06:24+00:00\",\"breadcrumb\":{\"@id\":\"https:\/\/uecornella.cat\/ca\/politica-de-proteccio-de-dades\/#breadcrumb\"},\"inLanguage\":\"ca\",\"potentialAction\":[{\"@type\":\"ReadAction\",\"target\":[\"https:\/\/uecornella.cat\/ca\/politica-de-proteccio-de-dades\/\"]}]},{\"@type\":\"BreadcrumbList\",\"@id\":\"https:\/\/uecornella.cat\/ca\/politica-de-proteccio-de-dades\/#breadcrumb\",\"itemListElement\":[{\"@type\":\"ListItem\",\"position\":1,\"name\":\"Portada\",\"item\":\"https:\/\/uecornella.cat\/ca\/\"},{\"@type\":\"ListItem\",\"position\":2,\"name\":\"Pol\u00edtica de protecci\u00f3 de dades\"}]},{\"@type\":\"WebSite\",\"@id\":\"https:\/\/uecornella.cat\/ca\/#website\",\"url\":\"https:\/\/uecornella.cat\/ca\/\",\"name\":\"Uni\u00f3 Esportiva Cornell\u00e0\",\"description\":\"Escuela de f\u00fatbol y club de f\u00fatbol de Cornell\u00e0\",\"publisher\":{\"@id\":\"https:\/\/uecornella.cat\/ca\/#organization\"},\"potentialAction\":[{\"@type\":\"SearchAction\",\"target\":{\"@type\":\"EntryPoint\",\"urlTemplate\":\"https:\/\/uecornella.cat\/ca\/?s={search_term_string}\"},\"query-input\":{\"@type\":\"PropertyValueSpecification\",\"valueRequired\":true,\"valueName\":\"search_term_string\"}}],\"inLanguage\":\"ca\"},{\"@type\":\"Organization\",\"@id\":\"https:\/\/uecornella.cat\/ca\/#organization\",\"name\":\"Uni\u00f3 Esportiva Cornell\u00e0\",\"url\":\"https:\/\/uecornella.cat\/ca\/\",\"logo\":{\"@type\":\"ImageObject\",\"inLanguage\":\"ca\",\"@id\":\"https:\/\/uecornella.cat\/ca\/#\/schema\/logo\/image\/\",\"url\":\"https:\/\/www.uecornella.cat\/wp-content\/uploads\/2022\/01\/apple-icon-144x144-1.png\",\"contentUrl\":\"https:\/\/www.uecornella.cat\/wp-content\/uploads\/2022\/01\/apple-icon-144x144-1.png\",\"width\":144,\"height\":144,\"caption\":\"Uni\u00f3 Esportiva Cornell\u00e0\"},\"image\":{\"@id\":\"https:\/\/uecornella.cat\/ca\/#\/schema\/logo\/image\/\"},\"sameAs\":[\"https:\/\/www.facebook.com\/UECornella?fref=ts\",\"https:\/\/x.com\/ue_cornella\",\"http:\/\/instagram.com\/uecornella\",\"https:\/\/www.youtube.com\/channel\/UCcwgya5MdVvxRn_MeD6A0vg\"]}]}<\/script>\n<!-- \/ Yoast SEO plugin. -->","yoast_head_json":{"title":"Pol\u00edtica de protecci\u00f3 de dades - Uni\u00f3 Esportiva Cornell\u00e0","robots":{"index":"index","follow":"follow","max-snippet":"max-snippet:-1","max-image-preview":"max-image-preview:large","max-video-preview":"max-video-preview:-1"},"canonical":"https:\/\/uecornella.cat\/ca\/politica-de-proteccio-de-dades\/","og_locale":"ca_ES","og_type":"article","og_title":"Pol\u00edtica de protecci\u00f3 de dades - Uni\u00f3 Esportiva Cornell\u00e0","og_description":"En la meva condici\u00f3 d&#8217;interessat, autoritzo a la UE Cornell\u00e0 a que inclogui en qualsevol suport audiovisual, per a efectes de reproducci\u00f3 i comunicaci\u00f3 p\u00fablica, sobretot esdeveniment a nivell estrictament institucional i esportiu. Aquesta autoritzaci\u00f3 d&#8217;utilitzaci\u00f3 del contingut gravat i de la meva imatge, es fa a l&#8217;empara del que disposa la Llei Org\u00e0nica 1\/1982, [&hellip;]","og_url":"https:\/\/uecornella.cat\/ca\/politica-de-proteccio-de-dades\/","og_site_name":"Uni\u00f3 Esportiva Cornell\u00e0","article_publisher":"https:\/\/www.facebook.com\/UECornella?fref=ts","article_modified_time":"2018-02-16T12:06:24+00:00","twitter_card":"summary_large_image","twitter_site":"@ue_cornella","twitter_misc":{"Temps estimat de lectura":"2 minuts"},"schema":{"@context":"https:\/\/schema.org","@graph":[{"@type":"WebPage","@id":"https:\/\/uecornella.cat\/ca\/politica-de-proteccio-de-dades\/","url":"https:\/\/uecornella.cat\/ca\/politica-de-proteccio-de-dades\/","name":"Pol\u00edtica de protecci\u00f3 de dades - Uni\u00f3 Esportiva Cornell\u00e0","isPartOf":{"@id":"https:\/\/uecornella.cat\/ca\/#website"},"datePublished":"2018-02-16T12:06:15+00:00","dateModified":"2018-02-16T12:06:24+00:00","breadcrumb":{"@id":"https:\/\/uecornella.cat\/ca\/politica-de-proteccio-de-dades\/#breadcrumb"},"inLanguage":"ca","potentialAction":[{"@type":"ReadAction","target":["https:\/\/uecornella.cat\/ca\/politica-de-proteccio-de-dades\/"]}]},{"@type":"BreadcrumbList","@id":"https:\/\/uecornella.cat\/ca\/politica-de-proteccio-de-dades\/#breadcrumb","itemListElement":[{"@type":"ListItem","position":1,"name":"Portada","item":"https:\/\/uecornella.cat\/ca\/"},{"@type":"ListItem","position":2,"name":"Pol\u00edtica de protecci\u00f3 de dades"}]},{"@type":"WebSite","@id":"https:\/\/uecornella.cat\/ca\/#website","url":"https:\/\/uecornella.cat\/ca\/","name":"Uni\u00f3 Esportiva Cornell\u00e0","description":"Escuela de f\u00fatbol y club de f\u00fatbol de Cornell\u00e0","publisher":{"@id":"https:\/\/uecornella.cat\/ca\/#organization"},"potentialAction":[{"@type":"SearchAction","target":{"@type":"EntryPoint","urlTemplate":"https:\/\/uecornella.cat\/ca\/?s={search_term_string}"},"query-input":{"@type":"PropertyValueSpecification","valueRequired":true,"valueName":"search_term_string"}}],"inLanguage":"ca"},{"@type":"Organization","@id":"https:\/\/uecornella.cat\/ca\/#organization","name":"Uni\u00f3 Esportiva Cornell\u00e0","url":"https:\/\/uecornella.cat\/ca\/","logo":{"@type":"ImageObject","inLanguage":"ca","@id":"https:\/\/uecornella.cat\/ca\/#\/schema\/logo\/image\/","url":"https:\/\/www.uecornella.cat\/wp-content\/uploads\/2022\/01\/apple-icon-144x144-1.png","contentUrl":"https:\/\/www.uecornella.cat\/wp-content\/uploads\/2022\/01\/apple-icon-144x144-1.png","width":144,"height":144,"caption":"Uni\u00f3 Esportiva Cornell\u00e0"},"image":{"@id":"https:\/\/uecornella.cat\/ca\/#\/schema\/logo\/image\/"},"sameAs":["https:\/\/www.facebook.com\/UECornella?fref=ts","https:\/\/x.com\/ue_cornella","http:\/\/instagram.com\/uecornella","https:\/\/www.youtube.com\/channel\/UCcwgya5MdVvxRn_MeD6A0vg"]}]}},"_links":{"self":[{"href":"https:\/\/uecornella.cat\/ca\/wp-json\/wp\/v2\/pages\/7832","targetHints":{"allow":["GET"]}}],"collection":[{"href":"https:\/\/uecornella.cat\/ca\/wp-json\/wp\/v2\/pages"}],"about":[{"href":"https:\/\/uecornella.cat\/ca\/wp-json\/wp\/v2\/types\/page"}],"author":[{"embeddable":true,"href":"https:\/\/uecornella.cat\/ca\/wp-json\/wp\/v2\/users\/1"}],"replies":[{"embeddable":true,"href":"https:\/\/uecornella.cat\/ca\/wp-json\/wp\/v2\/comments?post=7832"}],"version-history":[{"count":1,"href":"https:\/\/uecornella.cat\/ca\/wp-json\/wp\/v2\/pages\/7832\/revisions"}],"predecessor-version":[{"id":7833,"href":"https:\/\/uecornella.cat\/ca\/wp-json\/wp\/v2\/pages\/7832\/revisions\/7833"}],"wp:attachment":[{"href":"https:\/\/uecornella.cat\/ca\/wp-json\/wp\/v2\/media?parent=7832"}],"curies":[{"name":"wp","href":"https:\/\/api.w.org\/{rel}","templated":true}]}}