{"id":7839,"date":"2017-11-14T20:30:44","date_gmt":"2017-11-14T20:30:44","guid":{"rendered":"http:\/\/www.uecornella.cat\/abonat\/"},"modified":"2025-07-22T16:56:02","modified_gmt":"2025-07-22T16:56:02","slug":"abonats","status":"publish","type":"page","link":"https:\/\/uecornella.cat\/ca\/abonats\/","title":{"rendered":"Abona&#8217;t!"},"content":{"rendered":"<h2>CORNELL\u00c0 SOM TOTS<\/h2>\n<p>La Uni\u00f3 Esportiva Cornell\u00e0 fa oficial la campanya d&#8217;abonats <strong>CORNELL\u00c0 SOM TOTS<\/strong> per a la temporada 2025\/2026 a Tercera Federaci\u00f3.<\/p>\n<p>Una temporada m\u00e9s, a casa, amb els de sempre: joves, grans, els que segueixen i els que vindran, amb TOTS. La nostra ess\u00e8ncia no canvia, per\u00f2 s\u00ed que ho fa la nostra il\u00b7lusi\u00f3. Arrenca un cam\u00ed llarg, il\u00b7lusionant i ple d&#8217;ambici\u00f3. Aix\u00f2 \u00e9s com sempre, per\u00f2, al mateix temps, com mai abans s&#8217;ha viscut.<\/p>\n<p>L&#8217;abonament inclou els partits de lliga regular a Tercera Federaci\u00f3 i Copa Federaci\u00f3 disputats al Nou Municipal de Cornell\u00e0 durant la temporada 2025\/2026.<\/p>\n<p><em>A la imatge<\/em> apareixen reflectides les diferents categories amb el preu sense seient assignat. Per 10\u20ac m\u00e9s, l&#8217;abonat podr\u00e0 triar localitat (sector, fila i seient), que ser\u00e0 d&#8217;\u00fas exclusiu durant tota la temporada 2025-2026*<\/p>\n<p>*Aplicable a les categories GENERAL I MENORS DE 16 ANYS.<\/p>\n<ul>\n<li>Abonat PROTECTOR: inclou seient VIP, pla\u00e7a d&#8217;aparcament els dies de partit i nova samarreta\u00a0UEC.<\/li>\n<li>Categoria FAMILIAR: tota la gesti\u00f3 haur\u00e0 de realitzar-se, de manera presencial, a les oficines del Nou Municipal de Cornell\u00e0. El preu inclou quatre abonaments (dos adults + dos menors).<\/li>\n<li>De 0 a 5 anys: ACC\u00c9S GRATU\u00cfT<\/li>\n<\/ul>\n<p><em>*El preu del carnet f\u00edsic tindr\u00e0 un cost addicional de 10\u20ac i haur\u00e0 de sol\u00b7licitar-se a les oficines del Nou Municipal.<\/em><\/p>\n<p><em>*Per a m\u00e9s informaci\u00f3: info@uecornella.cat o 93 474 10 63.<\/em><\/p>\n<p><em>*Horari d&#8217;atenci\u00f3 al p\u00fablic a oficines: de dilluns a divendres, de 17 a 19:45h.<\/em><\/p>\n<p><a href=\"https:\/\/uecornella.compralaentrada.com\/\"><img loading=\"lazy\" decoding=\"async\" class=\"alignnone wp-image-47039 size-full\" src=\"https:\/\/www.uecornella.cat\/wp-content\/uploads\/2025\/07\/WEB1.jpg\" alt=\"\" width=\"2560\" height=\"342\" srcset=\"https:\/\/uecornella.cat\/wp-content\/uploads\/2025\/07\/WEB1.jpg 2560w, https:\/\/uecornella.cat\/wp-content\/uploads\/2025\/07\/WEB1-290x39.jpg 290w, https:\/\/uecornella.cat\/wp-content\/uploads\/2025\/07\/WEB1-1024x137.jpg 1024w, https:\/\/uecornella.cat\/wp-content\/uploads\/2025\/07\/WEB1-768x103.jpg 768w, https:\/\/uecornella.cat\/wp-content\/uploads\/2025\/07\/WEB1-1536x205.jpg 1536w, https:\/\/uecornella.cat\/wp-content\/uploads\/2025\/07\/WEB1-2048x274.jpg 2048w, https:\/\/uecornella.cat\/wp-content\/uploads\/2025\/07\/WEB1-300x40.jpg 300w\" sizes=\"auto, (max-width: 2560px) 100vw, 2560px\" \/><\/a><\/p>\n","protected":false},"excerpt":{"rendered":"<p>CORNELL\u00c0 SOM TOTS La Uni\u00f3 Esportiva Cornell\u00e0 fa oficial la campanya d&#8217;abonats CORNELL\u00c0 SOM TOTS per a la temporada 2025\/2026 a Tercera Federaci\u00f3. Una temporada m\u00e9s, a casa, amb els de sempre: joves, grans, els que segueixen i els que vindran, amb TOTS. La nostra ess\u00e8ncia no canvia, per\u00f2 s\u00ed que ho fa la nostra [&hellip;]<\/p>\n","protected":false},"author":1,"featured_media":47043,"parent":0,"menu_order":0,"comment_status":"closed","ping_status":"closed","template":"","meta":{"_acf_changed":false,"footnotes":""},"class_list":["post-7839","page","type-page","status-publish","has-post-thumbnail","hentry"],"acf":[],"yoast_head":"<!-- This site is optimized with the Yoast SEO plugin v25.8 - https:\/\/yoast.com\/wordpress\/plugins\/seo\/ -->\n<title>Abona&#039;t! - Uni\u00f3 Esportiva Cornell\u00e0<\/title>\n<meta name=\"robots\" content=\"index, follow, max-snippet:-1, max-image-preview:large, max-video-preview:-1\" \/>\n<link rel=\"canonical\" href=\"https:\/\/uecornella.cat\/ca\/abonats\/\" \/>\n<meta property=\"og:locale\" content=\"ca_ES\" \/>\n<meta property=\"og:type\" content=\"article\" \/>\n<meta property=\"og:title\" content=\"Abona&#039;t! - Uni\u00f3 Esportiva Cornell\u00e0\" \/>\n<meta property=\"og:description\" content=\"CORNELL\u00c0 SOM TOTS La Uni\u00f3 Esportiva Cornell\u00e0 fa oficial la campanya d&#8217;abonats CORNELL\u00c0 SOM TOTS per a la temporada 2025\/2026 a Tercera Federaci\u00f3. Una temporada m\u00e9s, a casa, amb els de sempre: joves, grans, els que segueixen i els que vindran, amb TOTS. La nostra ess\u00e8ncia no canvia, per\u00f2 s\u00ed que ho fa la nostra [&hellip;]\" \/>\n<meta property=\"og:url\" content=\"https:\/\/uecornella.cat\/ca\/abonats\/\" \/>\n<meta property=\"og:site_name\" content=\"Uni\u00f3 Esportiva Cornell\u00e0\" \/>\n<meta property=\"article:publisher\" content=\"https:\/\/www.facebook.com\/UECornella?fref=ts\" \/>\n<meta property=\"article:modified_time\" content=\"2025-07-22T16:56:02+00:00\" \/>\n<meta property=\"og:image\" content=\"https:\/\/uecornella.cat\/wp-content\/uploads\/2025\/07\/PORTADA-CAMPANA-ABONADOS.jpg\" \/>\n\t<meta property=\"og:image:width\" content=\"1080\" \/>\n\t<meta property=\"og:image:height\" content=\"1350\" \/>\n\t<meta property=\"og:image:type\" content=\"image\/jpeg\" \/>\n<meta name=\"twitter:card\" content=\"summary_large_image\" \/>\n<meta name=\"twitter:site\" content=\"@ue_cornella\" \/>\n<meta name=\"twitter:label1\" content=\"Temps estimat de lectura\" \/>\n\t<meta name=\"twitter:data1\" content=\"2 minuts\" \/>\n<script type=\"application\/ld+json\" class=\"yoast-schema-graph\">{\"@context\":\"https:\/\/schema.org\",\"@graph\":[{\"@type\":\"WebPage\",\"@id\":\"https:\/\/uecornella.cat\/ca\/abonats\/\",\"url\":\"https:\/\/uecornella.cat\/ca\/abonats\/\",\"name\":\"Abona't! - Uni\u00f3 Esportiva Cornell\u00e0\",\"isPartOf\":{\"@id\":\"https:\/\/uecornella.cat\/ca\/#website\"},\"primaryImageOfPage\":{\"@id\":\"https:\/\/uecornella.cat\/ca\/abonats\/#primaryimage\"},\"image\":{\"@id\":\"https:\/\/uecornella.cat\/ca\/abonats\/#primaryimage\"},\"thumbnailUrl\":\"https:\/\/uecornella.cat\/wp-content\/uploads\/2025\/07\/PORTADA-CAMPANA-ABONADOS.jpg\",\"datePublished\":\"2017-11-14T20:30:44+00:00\",\"dateModified\":\"2025-07-22T16:56:02+00:00\",\"breadcrumb\":{\"@id\":\"https:\/\/uecornella.cat\/ca\/abonats\/#breadcrumb\"},\"inLanguage\":\"ca\",\"potentialAction\":[{\"@type\":\"ReadAction\",\"target\":[\"https:\/\/uecornella.cat\/ca\/abonats\/\"]}]},{\"@type\":\"ImageObject\",\"inLanguage\":\"ca\",\"@id\":\"https:\/\/uecornella.cat\/ca\/abonats\/#primaryimage\",\"url\":\"https:\/\/uecornella.cat\/wp-content\/uploads\/2025\/07\/PORTADA-CAMPANA-ABONADOS.jpg\",\"contentUrl\":\"https:\/\/uecornella.cat\/wp-content\/uploads\/2025\/07\/PORTADA-CAMPANA-ABONADOS.jpg\",\"width\":1080,\"height\":1350},{\"@type\":\"BreadcrumbList\",\"@id\":\"https:\/\/uecornella.cat\/ca\/abonats\/#breadcrumb\",\"itemListElement\":[{\"@type\":\"ListItem\",\"position\":1,\"name\":\"Portada\",\"item\":\"https:\/\/uecornella.cat\/ca\/\"},{\"@type\":\"ListItem\",\"position\":2,\"name\":\"Abona&#8217;t!\"}]},{\"@type\":\"WebSite\",\"@id\":\"https:\/\/uecornella.cat\/ca\/#website\",\"url\":\"https:\/\/uecornella.cat\/ca\/\",\"name\":\"Uni\u00f3 Esportiva Cornell\u00e0\",\"description\":\"Escuela de f\u00fatbol y club de f\u00fatbol de Cornell\u00e0\",\"publisher\":{\"@id\":\"https:\/\/uecornella.cat\/ca\/#organization\"},\"potentialAction\":[{\"@type\":\"SearchAction\",\"target\":{\"@type\":\"EntryPoint\",\"urlTemplate\":\"https:\/\/uecornella.cat\/ca\/?s={search_term_string}\"},\"query-input\":{\"@type\":\"PropertyValueSpecification\",\"valueRequired\":true,\"valueName\":\"search_term_string\"}}],\"inLanguage\":\"ca\"},{\"@type\":\"Organization\",\"@id\":\"https:\/\/uecornella.cat\/ca\/#organization\",\"name\":\"Uni\u00f3 Esportiva Cornell\u00e0\",\"url\":\"https:\/\/uecornella.cat\/ca\/\",\"logo\":{\"@type\":\"ImageObject\",\"inLanguage\":\"ca\",\"@id\":\"https:\/\/uecornella.cat\/ca\/#\/schema\/logo\/image\/\",\"url\":\"https:\/\/www.uecornella.cat\/wp-content\/uploads\/2022\/01\/apple-icon-144x144-1.png\",\"contentUrl\":\"https:\/\/www.uecornella.cat\/wp-content\/uploads\/2022\/01\/apple-icon-144x144-1.png\",\"width\":144,\"height\":144,\"caption\":\"Uni\u00f3 Esportiva Cornell\u00e0\"},\"image\":{\"@id\":\"https:\/\/uecornella.cat\/ca\/#\/schema\/logo\/image\/\"},\"sameAs\":[\"https:\/\/www.facebook.com\/UECornella?fref=ts\",\"https:\/\/x.com\/ue_cornella\",\"http:\/\/instagram.com\/uecornella\",\"https:\/\/www.youtube.com\/channel\/UCcwgya5MdVvxRn_MeD6A0vg\"]}]}<\/script>\n<!-- \/ Yoast SEO plugin. -->","yoast_head_json":{"title":"Abona't! - Uni\u00f3 Esportiva Cornell\u00e0","robots":{"index":"index","follow":"follow","max-snippet":"max-snippet:-1","max-image-preview":"max-image-preview:large","max-video-preview":"max-video-preview:-1"},"canonical":"https:\/\/uecornella.cat\/ca\/abonats\/","og_locale":"ca_ES","og_type":"article","og_title":"Abona't! - Uni\u00f3 Esportiva Cornell\u00e0","og_description":"CORNELL\u00c0 SOM TOTS La Uni\u00f3 Esportiva Cornell\u00e0 fa oficial la campanya d&#8217;abonats CORNELL\u00c0 SOM TOTS per a la temporada 2025\/2026 a Tercera Federaci\u00f3. Una temporada m\u00e9s, a casa, amb els de sempre: joves, grans, els que segueixen i els que vindran, amb TOTS. La nostra ess\u00e8ncia no canvia, per\u00f2 s\u00ed que ho fa la nostra [&hellip;]","og_url":"https:\/\/uecornella.cat\/ca\/abonats\/","og_site_name":"Uni\u00f3 Esportiva Cornell\u00e0","article_publisher":"https:\/\/www.facebook.com\/UECornella?fref=ts","article_modified_time":"2025-07-22T16:56:02+00:00","og_image":[{"width":1080,"height":1350,"url":"https:\/\/uecornella.cat\/wp-content\/uploads\/2025\/07\/PORTADA-CAMPANA-ABONADOS.jpg","type":"image\/jpeg"}],"twitter_card":"summary_large_image","twitter_site":"@ue_cornella","twitter_misc":{"Temps estimat de lectura":"2 minuts"},"schema":{"@context":"https:\/\/schema.org","@graph":[{"@type":"WebPage","@id":"https:\/\/uecornella.cat\/ca\/abonats\/","url":"https:\/\/uecornella.cat\/ca\/abonats\/","name":"Abona't! - Uni\u00f3 Esportiva Cornell\u00e0","isPartOf":{"@id":"https:\/\/uecornella.cat\/ca\/#website"},"primaryImageOfPage":{"@id":"https:\/\/uecornella.cat\/ca\/abonats\/#primaryimage"},"image":{"@id":"https:\/\/uecornella.cat\/ca\/abonats\/#primaryimage"},"thumbnailUrl":"https:\/\/uecornella.cat\/wp-content\/uploads\/2025\/07\/PORTADA-CAMPANA-ABONADOS.jpg","datePublished":"2017-11-14T20:30:44+00:00","dateModified":"2025-07-22T16:56:02+00:00","breadcrumb":{"@id":"https:\/\/uecornella.cat\/ca\/abonats\/#breadcrumb"},"inLanguage":"ca","potentialAction":[{"@type":"ReadAction","target":["https:\/\/uecornella.cat\/ca\/abonats\/"]}]},{"@type":"ImageObject","inLanguage":"ca","@id":"https:\/\/uecornella.cat\/ca\/abonats\/#primaryimage","url":"https:\/\/uecornella.cat\/wp-content\/uploads\/2025\/07\/PORTADA-CAMPANA-ABONADOS.jpg","contentUrl":"https:\/\/uecornella.cat\/wp-content\/uploads\/2025\/07\/PORTADA-CAMPANA-ABONADOS.jpg","width":1080,"height":1350},{"@type":"BreadcrumbList","@id":"https:\/\/uecornella.cat\/ca\/abonats\/#breadcrumb","itemListElement":[{"@type":"ListItem","position":1,"name":"Portada","item":"https:\/\/uecornella.cat\/ca\/"},{"@type":"ListItem","position":2,"name":"Abona&#8217;t!"}]},{"@type":"WebSite","@id":"https:\/\/uecornella.cat\/ca\/#website","url":"https:\/\/uecornella.cat\/ca\/","name":"Uni\u00f3 Esportiva Cornell\u00e0","description":"Escuela de f\u00fatbol y club de f\u00fatbol de Cornell\u00e0","publisher":{"@id":"https:\/\/uecornella.cat\/ca\/#organization"},"potentialAction":[{"@type":"SearchAction","target":{"@type":"EntryPoint","urlTemplate":"https:\/\/uecornella.cat\/ca\/?s={search_term_string}"},"query-input":{"@type":"PropertyValueSpecification","valueRequired":true,"valueName":"search_term_string"}}],"inLanguage":"ca"},{"@type":"Organization","@id":"https:\/\/uecornella.cat\/ca\/#organization","name":"Uni\u00f3 Esportiva Cornell\u00e0","url":"https:\/\/uecornella.cat\/ca\/","logo":{"@type":"ImageObject","inLanguage":"ca","@id":"https:\/\/uecornella.cat\/ca\/#\/schema\/logo\/image\/","url":"https:\/\/www.uecornella.cat\/wp-content\/uploads\/2022\/01\/apple-icon-144x144-1.png","contentUrl":"https:\/\/www.uecornella.cat\/wp-content\/uploads\/2022\/01\/apple-icon-144x144-1.png","width":144,"height":144,"caption":"Uni\u00f3 Esportiva Cornell\u00e0"},"image":{"@id":"https:\/\/uecornella.cat\/ca\/#\/schema\/logo\/image\/"},"sameAs":["https:\/\/www.facebook.com\/UECornella?fref=ts","https:\/\/x.com\/ue_cornella","http:\/\/instagram.com\/uecornella","https:\/\/www.youtube.com\/channel\/UCcwgya5MdVvxRn_MeD6A0vg"]}]}},"_links":{"self":[{"href":"https:\/\/uecornella.cat\/ca\/wp-json\/wp\/v2\/pages\/7839","targetHints":{"allow":["GET"]}}],"collection":[{"href":"https:\/\/uecornella.cat\/ca\/wp-json\/wp\/v2\/pages"}],"about":[{"href":"https:\/\/uecornella.cat\/ca\/wp-json\/wp\/v2\/types\/page"}],"author":[{"embeddable":true,"href":"https:\/\/uecornella.cat\/ca\/wp-json\/wp\/v2\/users\/1"}],"replies":[{"embeddable":true,"href":"https:\/\/uecornella.cat\/ca\/wp-json\/wp\/v2\/comments?post=7839"}],"version-history":[{"count":77,"href":"https:\/\/uecornella.cat\/ca\/wp-json\/wp\/v2\/pages\/7839\/revisions"}],"predecessor-version":[{"id":47072,"href":"https:\/\/uecornella.cat\/ca\/wp-json\/wp\/v2\/pages\/7839\/revisions\/47072"}],"wp:featuredmedia":[{"embeddable":true,"href":"https:\/\/uecornella.cat\/ca\/wp-json\/wp\/v2\/media\/47043"}],"wp:attachment":[{"href":"https:\/\/uecornella.cat\/ca\/wp-json\/wp\/v2\/media?parent=7839"}],"curies":[{"name":"wp","href":"https:\/\/api.w.org\/{rel}","templated":true}]}}