{"id":7887,"date":"2017-11-20T00:07:12","date_gmt":"2017-11-20T00:07:12","guid":{"rendered":"http:\/\/www.uecornella.cat\/futbol-base\/juvenil\/juvenil-a-plantilla\/"},"modified":"2022-04-25T17:58:57","modified_gmt":"2022-04-25T17:58:57","slug":"juvenil-a-plantilla","status":"publish","type":"page","link":"https:\/\/uecornella.cat\/ca\/futbol-base\/juvenil\/juvenil-a-plantilla\/","title":{"rendered":"Juvenil A"},"content":{"rendered":"<div class=\"wpb-content-wrapper\"><p>[vc_row full_width=&#8221;stretch_row_content&#8221;][vc_column][vc_single_image image=&#8221;28540&#8243; img_size=&#8221;full&#8221; alignment=&#8221;center&#8221;][\/vc_column][\/vc_row][vc_section full_width=&#8221;stretch_row&#8221;][\/vc_section]<\/p>\n<\/div>","protected":false},"excerpt":{"rendered":"<p>[vc_row full_width=&#8221;stretch_row_content&#8221;][vc_column][vc_single_image image=&#8221;28540&#8243; img_size=&#8221;full&#8221; alignment=&#8221;center&#8221;][\/vc_column][\/vc_row][vc_section full_width=&#8221;stretch_row&#8221;][\/vc_section]<\/p>\n","protected":false},"author":1,"featured_media":10557,"parent":11584,"menu_order":0,"comment_status":"closed","ping_status":"closed","template":"","meta":{"_acf_changed":false,"footnotes":""},"class_list":["post-7887","page","type-page","status-publish","has-post-thumbnail","hentry"],"acf":[],"yoast_head":"<!-- This site is optimized with the Yoast SEO plugin v25.8 - https:\/\/yoast.com\/wordpress\/plugins\/seo\/ -->\n<title>Juvenil A - Uni\u00f3 Esportiva Cornell\u00e0<\/title>\n<meta name=\"robots\" content=\"index, follow, max-snippet:-1, max-image-preview:large, max-video-preview:-1\" \/>\n<link rel=\"canonical\" href=\"https:\/\/uecornella.cat\/ca\/futbol-base\/juvenil\/juvenil-a-plantilla\/\" \/>\n<meta property=\"og:locale\" content=\"ca_ES\" \/>\n<meta property=\"og:type\" content=\"article\" \/>\n<meta property=\"og:title\" content=\"Juvenil A - Uni\u00f3 Esportiva Cornell\u00e0\" \/>\n<meta property=\"og:description\" content=\"[vc_row full_width=&#8221;stretch_row_content&#8221;][vc_column][vc_single_image image=&#8221;28540&#8243; img_size=&#8221;full&#8221; alignment=&#8221;center&#8221;][\/vc_column][\/vc_row][vc_section full_width=&#8221;stretch_row&#8221;][\/vc_section]\" \/>\n<meta property=\"og:url\" content=\"https:\/\/uecornella.cat\/ca\/futbol-base\/juvenil\/juvenil-a-plantilla\/\" \/>\n<meta property=\"og:site_name\" content=\"Uni\u00f3 Esportiva Cornell\u00e0\" \/>\n<meta property=\"article:publisher\" content=\"https:\/\/www.facebook.com\/UECornella?fref=ts\" \/>\n<meta property=\"article:modified_time\" content=\"2022-04-25T17:58:57+00:00\" \/>\n<meta property=\"og:image\" content=\"https:\/\/uecornella.cat\/wp-content\/uploads\/2018\/12\/JUVENIL-A-UEC.jpg\" \/>\n\t<meta property=\"og:image:width\" content=\"1200\" \/>\n\t<meta property=\"og:image:height\" content=\"900\" \/>\n\t<meta property=\"og:image:type\" content=\"image\/jpeg\" \/>\n<meta name=\"twitter:card\" content=\"summary_large_image\" \/>\n<meta name=\"twitter:site\" content=\"@ue_cornella\" \/>\n<script type=\"application\/ld+json\" class=\"yoast-schema-graph\">{\"@context\":\"https:\/\/schema.org\",\"@graph\":[{\"@type\":\"WebPage\",\"@id\":\"https:\/\/uecornella.cat\/ca\/futbol-base\/juvenil\/juvenil-a-plantilla\/\",\"url\":\"https:\/\/uecornella.cat\/ca\/futbol-base\/juvenil\/juvenil-a-plantilla\/\",\"name\":\"Juvenil A - Uni\u00f3 Esportiva Cornell\u00e0\",\"isPartOf\":{\"@id\":\"https:\/\/uecornella.cat\/ca\/#website\"},\"primaryImageOfPage\":{\"@id\":\"https:\/\/uecornella.cat\/ca\/futbol-base\/juvenil\/juvenil-a-plantilla\/#primaryimage\"},\"image\":{\"@id\":\"https:\/\/uecornella.cat\/ca\/futbol-base\/juvenil\/juvenil-a-plantilla\/#primaryimage\"},\"thumbnailUrl\":\"https:\/\/uecornella.cat\/wp-content\/uploads\/2018\/12\/JUVENIL-A-UEC.jpg\",\"datePublished\":\"2017-11-20T00:07:12+00:00\",\"dateModified\":\"2022-04-25T17:58:57+00:00\",\"breadcrumb\":{\"@id\":\"https:\/\/uecornella.cat\/ca\/futbol-base\/juvenil\/juvenil-a-plantilla\/#breadcrumb\"},\"inLanguage\":\"ca\",\"potentialAction\":[{\"@type\":\"ReadAction\",\"target\":[\"https:\/\/uecornella.cat\/ca\/futbol-base\/juvenil\/juvenil-a-plantilla\/\"]}]},{\"@type\":\"ImageObject\",\"inLanguage\":\"ca\",\"@id\":\"https:\/\/uecornella.cat\/ca\/futbol-base\/juvenil\/juvenil-a-plantilla\/#primaryimage\",\"url\":\"https:\/\/uecornella.cat\/wp-content\/uploads\/2018\/12\/JUVENIL-A-UEC.jpg\",\"contentUrl\":\"https:\/\/uecornella.cat\/wp-content\/uploads\/2018\/12\/JUVENIL-A-UEC.jpg\",\"width\":1200,\"height\":900},{\"@type\":\"BreadcrumbList\",\"@id\":\"https:\/\/uecornella.cat\/ca\/futbol-base\/juvenil\/juvenil-a-plantilla\/#breadcrumb\",\"itemListElement\":[{\"@type\":\"ListItem\",\"position\":1,\"name\":\"Portada\",\"item\":\"https:\/\/uecornella.cat\/ca\/\"},{\"@type\":\"ListItem\",\"position\":2,\"name\":\"UE Cornell\u00e0\",\"item\":\"https:\/\/uecornella.cat\/ca\/futbol-base\/\"},{\"@type\":\"ListItem\",\"position\":3,\"name\":\"Juvenil\",\"item\":\"https:\/\/uecornella.cat\/ca\/futbol-base\/juvenil\/\"},{\"@type\":\"ListItem\",\"position\":4,\"name\":\"Juvenil A\"}]},{\"@type\":\"WebSite\",\"@id\":\"https:\/\/uecornella.cat\/ca\/#website\",\"url\":\"https:\/\/uecornella.cat\/ca\/\",\"name\":\"Uni\u00f3 Esportiva Cornell\u00e0\",\"description\":\"Escuela de f\u00fatbol y club de f\u00fatbol de Cornell\u00e0\",\"publisher\":{\"@id\":\"https:\/\/uecornella.cat\/ca\/#organization\"},\"potentialAction\":[{\"@type\":\"SearchAction\",\"target\":{\"@type\":\"EntryPoint\",\"urlTemplate\":\"https:\/\/uecornella.cat\/ca\/?s={search_term_string}\"},\"query-input\":{\"@type\":\"PropertyValueSpecification\",\"valueRequired\":true,\"valueName\":\"search_term_string\"}}],\"inLanguage\":\"ca\"},{\"@type\":\"Organization\",\"@id\":\"https:\/\/uecornella.cat\/ca\/#organization\",\"name\":\"Uni\u00f3 Esportiva Cornell\u00e0\",\"url\":\"https:\/\/uecornella.cat\/ca\/\",\"logo\":{\"@type\":\"ImageObject\",\"inLanguage\":\"ca\",\"@id\":\"https:\/\/uecornella.cat\/ca\/#\/schema\/logo\/image\/\",\"url\":\"https:\/\/www.uecornella.cat\/wp-content\/uploads\/2022\/01\/apple-icon-144x144-1.png\",\"contentUrl\":\"https:\/\/www.uecornella.cat\/wp-content\/uploads\/2022\/01\/apple-icon-144x144-1.png\",\"width\":144,\"height\":144,\"caption\":\"Uni\u00f3 Esportiva Cornell\u00e0\"},\"image\":{\"@id\":\"https:\/\/uecornella.cat\/ca\/#\/schema\/logo\/image\/\"},\"sameAs\":[\"https:\/\/www.facebook.com\/UECornella?fref=ts\",\"https:\/\/x.com\/ue_cornella\",\"http:\/\/instagram.com\/uecornella\",\"https:\/\/www.youtube.com\/channel\/UCcwgya5MdVvxRn_MeD6A0vg\"]}]}<\/script>\n<!-- \/ Yoast SEO plugin. -->","yoast_head_json":{"title":"Juvenil A - Uni\u00f3 Esportiva Cornell\u00e0","robots":{"index":"index","follow":"follow","max-snippet":"max-snippet:-1","max-image-preview":"max-image-preview:large","max-video-preview":"max-video-preview:-1"},"canonical":"https:\/\/uecornella.cat\/ca\/futbol-base\/juvenil\/juvenil-a-plantilla\/","og_locale":"ca_ES","og_type":"article","og_title":"Juvenil A - Uni\u00f3 Esportiva Cornell\u00e0","og_description":"[vc_row full_width=&#8221;stretch_row_content&#8221;][vc_column][vc_single_image image=&#8221;28540&#8243; img_size=&#8221;full&#8221; alignment=&#8221;center&#8221;][\/vc_column][\/vc_row][vc_section full_width=&#8221;stretch_row&#8221;][\/vc_section]","og_url":"https:\/\/uecornella.cat\/ca\/futbol-base\/juvenil\/juvenil-a-plantilla\/","og_site_name":"Uni\u00f3 Esportiva Cornell\u00e0","article_publisher":"https:\/\/www.facebook.com\/UECornella?fref=ts","article_modified_time":"2022-04-25T17:58:57+00:00","og_image":[{"width":1200,"height":900,"url":"https:\/\/uecornella.cat\/wp-content\/uploads\/2018\/12\/JUVENIL-A-UEC.jpg","type":"image\/jpeg"}],"twitter_card":"summary_large_image","twitter_site":"@ue_cornella","schema":{"@context":"https:\/\/schema.org","@graph":[{"@type":"WebPage","@id":"https:\/\/uecornella.cat\/ca\/futbol-base\/juvenil\/juvenil-a-plantilla\/","url":"https:\/\/uecornella.cat\/ca\/futbol-base\/juvenil\/juvenil-a-plantilla\/","name":"Juvenil A - Uni\u00f3 Esportiva Cornell\u00e0","isPartOf":{"@id":"https:\/\/uecornella.cat\/ca\/#website"},"primaryImageOfPage":{"@id":"https:\/\/uecornella.cat\/ca\/futbol-base\/juvenil\/juvenil-a-plantilla\/#primaryimage"},"image":{"@id":"https:\/\/uecornella.cat\/ca\/futbol-base\/juvenil\/juvenil-a-plantilla\/#primaryimage"},"thumbnailUrl":"https:\/\/uecornella.cat\/wp-content\/uploads\/2018\/12\/JUVENIL-A-UEC.jpg","datePublished":"2017-11-20T00:07:12+00:00","dateModified":"2022-04-25T17:58:57+00:00","breadcrumb":{"@id":"https:\/\/uecornella.cat\/ca\/futbol-base\/juvenil\/juvenil-a-plantilla\/#breadcrumb"},"inLanguage":"ca","potentialAction":[{"@type":"ReadAction","target":["https:\/\/uecornella.cat\/ca\/futbol-base\/juvenil\/juvenil-a-plantilla\/"]}]},{"@type":"ImageObject","inLanguage":"ca","@id":"https:\/\/uecornella.cat\/ca\/futbol-base\/juvenil\/juvenil-a-plantilla\/#primaryimage","url":"https:\/\/uecornella.cat\/wp-content\/uploads\/2018\/12\/JUVENIL-A-UEC.jpg","contentUrl":"https:\/\/uecornella.cat\/wp-content\/uploads\/2018\/12\/JUVENIL-A-UEC.jpg","width":1200,"height":900},{"@type":"BreadcrumbList","@id":"https:\/\/uecornella.cat\/ca\/futbol-base\/juvenil\/juvenil-a-plantilla\/#breadcrumb","itemListElement":[{"@type":"ListItem","position":1,"name":"Portada","item":"https:\/\/uecornella.cat\/ca\/"},{"@type":"ListItem","position":2,"name":"UE Cornell\u00e0","item":"https:\/\/uecornella.cat\/ca\/futbol-base\/"},{"@type":"ListItem","position":3,"name":"Juvenil","item":"https:\/\/uecornella.cat\/ca\/futbol-base\/juvenil\/"},{"@type":"ListItem","position":4,"name":"Juvenil A"}]},{"@type":"WebSite","@id":"https:\/\/uecornella.cat\/ca\/#website","url":"https:\/\/uecornella.cat\/ca\/","name":"Uni\u00f3 Esportiva Cornell\u00e0","description":"Escuela de f\u00fatbol y club de f\u00fatbol de Cornell\u00e0","publisher":{"@id":"https:\/\/uecornella.cat\/ca\/#organization"},"potentialAction":[{"@type":"SearchAction","target":{"@type":"EntryPoint","urlTemplate":"https:\/\/uecornella.cat\/ca\/?s={search_term_string}"},"query-input":{"@type":"PropertyValueSpecification","valueRequired":true,"valueName":"search_term_string"}}],"inLanguage":"ca"},{"@type":"Organization","@id":"https:\/\/uecornella.cat\/ca\/#organization","name":"Uni\u00f3 Esportiva Cornell\u00e0","url":"https:\/\/uecornella.cat\/ca\/","logo":{"@type":"ImageObject","inLanguage":"ca","@id":"https:\/\/uecornella.cat\/ca\/#\/schema\/logo\/image\/","url":"https:\/\/www.uecornella.cat\/wp-content\/uploads\/2022\/01\/apple-icon-144x144-1.png","contentUrl":"https:\/\/www.uecornella.cat\/wp-content\/uploads\/2022\/01\/apple-icon-144x144-1.png","width":144,"height":144,"caption":"Uni\u00f3 Esportiva Cornell\u00e0"},"image":{"@id":"https:\/\/uecornella.cat\/ca\/#\/schema\/logo\/image\/"},"sameAs":["https:\/\/www.facebook.com\/UECornella?fref=ts","https:\/\/x.com\/ue_cornella","http:\/\/instagram.com\/uecornella","https:\/\/www.youtube.com\/channel\/UCcwgya5MdVvxRn_MeD6A0vg"]}]}},"_links":{"self":[{"href":"https:\/\/uecornella.cat\/ca\/wp-json\/wp\/v2\/pages\/7887","targetHints":{"allow":["GET"]}}],"collection":[{"href":"https:\/\/uecornella.cat\/ca\/wp-json\/wp\/v2\/pages"}],"about":[{"href":"https:\/\/uecornella.cat\/ca\/wp-json\/wp\/v2\/types\/page"}],"author":[{"embeddable":true,"href":"https:\/\/uecornella.cat\/ca\/wp-json\/wp\/v2\/users\/1"}],"replies":[{"embeddable":true,"href":"https:\/\/uecornella.cat\/ca\/wp-json\/wp\/v2\/comments?post=7887"}],"version-history":[{"count":16,"href":"https:\/\/uecornella.cat\/ca\/wp-json\/wp\/v2\/pages\/7887\/revisions"}],"predecessor-version":[{"id":29448,"href":"https:\/\/uecornella.cat\/ca\/wp-json\/wp\/v2\/pages\/7887\/revisions\/29448"}],"up":[{"embeddable":true,"href":"https:\/\/uecornella.cat\/ca\/wp-json\/wp\/v2\/pages\/11584"}],"wp:featuredmedia":[{"embeddable":true,"href":"https:\/\/uecornella.cat\/ca\/wp-json\/wp\/v2\/media\/10557"}],"wp:attachment":[{"href":"https:\/\/uecornella.cat\/ca\/wp-json\/wp\/v2\/media?parent=7887"}],"curies":[{"name":"wp","href":"https:\/\/api.w.org\/{rel}","templated":true}]}}