{"id":7920,"date":"2018-02-16T17:44:20","date_gmt":"2018-02-16T17:44:20","guid":{"rendered":"http:\/\/www.uecornella.cat\/salut-i-futbol\/enquesta-medica\/"},"modified":"2018-02-16T17:44:25","modified_gmt":"2018-02-16T17:44:25","slug":"enquesta-medica","status":"publish","type":"page","link":"https:\/\/uecornella.cat\/ca\/salut-i-futbol\/enquesta-medica\/","title":{"rendered":"Enquesta M\u00e8dica"},"content":{"rendered":"<div class=\"wpb-content-wrapper\"><p>[vc_row][vc_column width=&#8221;1\/3&#8243;][vc_single_image image=&#8221;6851&#8243; img_size=&#8221;full&#8221;][\/vc_column][vc_column width=&#8221;2\/3&#8243;][vc_column_text]El Departament Salut de la U.E. Cornell\u00e0 posa en marxa una enquesta m\u00e8dica per con\u00e8ixer, prevenir i, en definitiva, respondre millor davant les necessitats dels nostres futbolistes.<\/p>\n<p>Per a aix\u00f2, heu de descarregar-vos els dos documents que trobareu m\u00e9s avall, emplenar-los i lliurar-los al fisioterapeuta del teu equip. El primer document \u00e9s una enquesta m\u00e8dica, amb dades personals i d&#8217;\u00e0mbit m\u00e8dic. I el segon \u00e9s l&#8217;acceptaci\u00f3 que aquesta informaci\u00f3 quedar\u00e0 protegida a la nostra base de dades segons especifica la Llei Org\u00e0nica de Protecci\u00f3 de Dades.<\/p>\n<p>Gran iniciativa la del cos m\u00e8dic del nostre club, als que hem de donar-los les gr\u00e0cies pel gran treball que realitzen pel que fa a la preparaci\u00f3 di\u00e0ria dels nostres jugadors.[\/vc_column_text][vc_btn title=&#8221;Enquesta M\u00e8dica&#8221; align=&#8221;right&#8221; i_icon_fontawesome=&#8221;fa fa-file-pdf-o&#8221; add_icon=&#8221;true&#8221; link=&#8221;url:http%3A%2F%2Fwww.uecornella.cat%2Fwp-content%2Fuploads%2F2017%2F11%2FENQUESTA-MEDICA.pdf|&#8221;][vc_btn title=&#8221;Protecci\u00f3 de Dades&#8221; align=&#8221;right&#8221; i_icon_fontawesome=&#8221;fa fa-file-pdf-o&#8221; add_icon=&#8221;true&#8221; link=&#8221;url:http%3A%2F%2Fwww.uecornella.cat%2Fwp-content%2Fuploads%2F2017%2F11%2FLLEI-ORGANICA-DE-PROTECCIO-DE-DADES-DE-CAR%C3%80CTER-PERSONAL.pdf|&#8221;][\/vc_column][\/vc_row]<\/p>\n<\/div>","protected":false},"excerpt":{"rendered":"<p>[vc_row][vc_column width=&#8221;1\/3&#8243;][vc_single_image image=&#8221;6851&#8243; img_size=&#8221;full&#8221;][\/vc_column][vc_column width=&#8221;2\/3&#8243;][vc_column_text]El Departament Salut de la U.E. Cornell\u00e0 posa en marxa una enquesta m\u00e8dica per con\u00e8ixer, prevenir i, en definitiva, respondre millor davant les necessitats dels nostres futbolistes. Per a aix\u00f2, heu de descarregar-vos els dos documents que trobareu m\u00e9s avall, emplenar-los i lliurar-los al fisioterapeuta del teu equip. El primer document [&hellip;]<\/p>\n","protected":false},"author":1,"featured_media":0,"parent":7902,"menu_order":5,"comment_status":"closed","ping_status":"closed","template":"","meta":{"_acf_changed":false,"footnotes":""},"class_list":["post-7920","page","type-page","status-publish","hentry"],"acf":[],"yoast_head":"<!-- This site is optimized with the Yoast SEO plugin v25.8 - https:\/\/yoast.com\/wordpress\/plugins\/seo\/ -->\n<title>Enquesta M\u00e8dica - Uni\u00f3 Esportiva Cornell\u00e0<\/title>\n<meta name=\"robots\" content=\"index, follow, max-snippet:-1, max-image-preview:large, max-video-preview:-1\" \/>\n<link rel=\"canonical\" href=\"https:\/\/uecornella.cat\/ca\/salut-i-futbol\/enquesta-medica\/\" \/>\n<meta property=\"og:locale\" content=\"ca_ES\" \/>\n<meta property=\"og:type\" content=\"article\" \/>\n<meta property=\"og:title\" content=\"Enquesta M\u00e8dica - Uni\u00f3 Esportiva Cornell\u00e0\" \/>\n<meta property=\"og:description\" content=\"[vc_row][vc_column width=&#8221;1\/3&#8243;][vc_single_image image=&#8221;6851&#8243; img_size=&#8221;full&#8221;][\/vc_column][vc_column width=&#8221;2\/3&#8243;][vc_column_text]El Departament Salut de la U.E. Cornell\u00e0 posa en marxa una enquesta m\u00e8dica per con\u00e8ixer, prevenir i, en definitiva, respondre millor davant les necessitats dels nostres futbolistes. Per a aix\u00f2, heu de descarregar-vos els dos documents que trobareu m\u00e9s avall, emplenar-los i lliurar-los al fisioterapeuta del teu equip. El primer document [&hellip;]\" \/>\n<meta property=\"og:url\" content=\"https:\/\/uecornella.cat\/ca\/salut-i-futbol\/enquesta-medica\/\" \/>\n<meta property=\"og:site_name\" content=\"Uni\u00f3 Esportiva Cornell\u00e0\" \/>\n<meta property=\"article:publisher\" content=\"https:\/\/www.facebook.com\/UECornella?fref=ts\" \/>\n<meta property=\"article:modified_time\" content=\"2018-02-16T17:44:25+00:00\" \/>\n<meta name=\"twitter:card\" content=\"summary_large_image\" \/>\n<meta name=\"twitter:site\" content=\"@ue_cornella\" \/>\n<meta name=\"twitter:label1\" content=\"Temps estimat de lectura\" \/>\n\t<meta name=\"twitter:data1\" content=\"1 minut\" \/>\n<script type=\"application\/ld+json\" class=\"yoast-schema-graph\">{\"@context\":\"https:\/\/schema.org\",\"@graph\":[{\"@type\":\"WebPage\",\"@id\":\"https:\/\/uecornella.cat\/ca\/salut-i-futbol\/enquesta-medica\/\",\"url\":\"https:\/\/uecornella.cat\/ca\/salut-i-futbol\/enquesta-medica\/\",\"name\":\"Enquesta M\u00e8dica - Uni\u00f3 Esportiva Cornell\u00e0\",\"isPartOf\":{\"@id\":\"https:\/\/uecornella.cat\/ca\/#website\"},\"datePublished\":\"2018-02-16T17:44:20+00:00\",\"dateModified\":\"2018-02-16T17:44:25+00:00\",\"breadcrumb\":{\"@id\":\"https:\/\/uecornella.cat\/ca\/salut-i-futbol\/enquesta-medica\/#breadcrumb\"},\"inLanguage\":\"ca\",\"potentialAction\":[{\"@type\":\"ReadAction\",\"target\":[\"https:\/\/uecornella.cat\/ca\/salut-i-futbol\/enquesta-medica\/\"]}]},{\"@type\":\"BreadcrumbList\",\"@id\":\"https:\/\/uecornella.cat\/ca\/salut-i-futbol\/enquesta-medica\/#breadcrumb\",\"itemListElement\":[{\"@type\":\"ListItem\",\"position\":1,\"name\":\"Portada\",\"item\":\"https:\/\/uecornella.cat\/ca\/\"},{\"@type\":\"ListItem\",\"position\":2,\"name\":\"Salut i Futbol\",\"item\":\"https:\/\/uecornella.cat\/ca\/salut-i-futbol\/\"},{\"@type\":\"ListItem\",\"position\":3,\"name\":\"Enquesta M\u00e8dica\"}]},{\"@type\":\"WebSite\",\"@id\":\"https:\/\/uecornella.cat\/ca\/#website\",\"url\":\"https:\/\/uecornella.cat\/ca\/\",\"name\":\"Uni\u00f3 Esportiva Cornell\u00e0\",\"description\":\"Escuela de f\u00fatbol y club de f\u00fatbol de Cornell\u00e0\",\"publisher\":{\"@id\":\"https:\/\/uecornella.cat\/ca\/#organization\"},\"potentialAction\":[{\"@type\":\"SearchAction\",\"target\":{\"@type\":\"EntryPoint\",\"urlTemplate\":\"https:\/\/uecornella.cat\/ca\/?s={search_term_string}\"},\"query-input\":{\"@type\":\"PropertyValueSpecification\",\"valueRequired\":true,\"valueName\":\"search_term_string\"}}],\"inLanguage\":\"ca\"},{\"@type\":\"Organization\",\"@id\":\"https:\/\/uecornella.cat\/ca\/#organization\",\"name\":\"Uni\u00f3 Esportiva Cornell\u00e0\",\"url\":\"https:\/\/uecornella.cat\/ca\/\",\"logo\":{\"@type\":\"ImageObject\",\"inLanguage\":\"ca\",\"@id\":\"https:\/\/uecornella.cat\/ca\/#\/schema\/logo\/image\/\",\"url\":\"https:\/\/www.uecornella.cat\/wp-content\/uploads\/2022\/01\/apple-icon-144x144-1.png\",\"contentUrl\":\"https:\/\/www.uecornella.cat\/wp-content\/uploads\/2022\/01\/apple-icon-144x144-1.png\",\"width\":144,\"height\":144,\"caption\":\"Uni\u00f3 Esportiva Cornell\u00e0\"},\"image\":{\"@id\":\"https:\/\/uecornella.cat\/ca\/#\/schema\/logo\/image\/\"},\"sameAs\":[\"https:\/\/www.facebook.com\/UECornella?fref=ts\",\"https:\/\/x.com\/ue_cornella\",\"http:\/\/instagram.com\/uecornella\",\"https:\/\/www.youtube.com\/channel\/UCcwgya5MdVvxRn_MeD6A0vg\"]}]}<\/script>\n<!-- \/ Yoast SEO plugin. -->","yoast_head_json":{"title":"Enquesta M\u00e8dica - Uni\u00f3 Esportiva Cornell\u00e0","robots":{"index":"index","follow":"follow","max-snippet":"max-snippet:-1","max-image-preview":"max-image-preview:large","max-video-preview":"max-video-preview:-1"},"canonical":"https:\/\/uecornella.cat\/ca\/salut-i-futbol\/enquesta-medica\/","og_locale":"ca_ES","og_type":"article","og_title":"Enquesta M\u00e8dica - Uni\u00f3 Esportiva Cornell\u00e0","og_description":"[vc_row][vc_column width=&#8221;1\/3&#8243;][vc_single_image image=&#8221;6851&#8243; img_size=&#8221;full&#8221;][\/vc_column][vc_column width=&#8221;2\/3&#8243;][vc_column_text]El Departament Salut de la U.E. Cornell\u00e0 posa en marxa una enquesta m\u00e8dica per con\u00e8ixer, prevenir i, en definitiva, respondre millor davant les necessitats dels nostres futbolistes. Per a aix\u00f2, heu de descarregar-vos els dos documents que trobareu m\u00e9s avall, emplenar-los i lliurar-los al fisioterapeuta del teu equip. El primer document [&hellip;]","og_url":"https:\/\/uecornella.cat\/ca\/salut-i-futbol\/enquesta-medica\/","og_site_name":"Uni\u00f3 Esportiva Cornell\u00e0","article_publisher":"https:\/\/www.facebook.com\/UECornella?fref=ts","article_modified_time":"2018-02-16T17:44:25+00:00","twitter_card":"summary_large_image","twitter_site":"@ue_cornella","twitter_misc":{"Temps estimat de lectura":"1 minut"},"schema":{"@context":"https:\/\/schema.org","@graph":[{"@type":"WebPage","@id":"https:\/\/uecornella.cat\/ca\/salut-i-futbol\/enquesta-medica\/","url":"https:\/\/uecornella.cat\/ca\/salut-i-futbol\/enquesta-medica\/","name":"Enquesta M\u00e8dica - Uni\u00f3 Esportiva Cornell\u00e0","isPartOf":{"@id":"https:\/\/uecornella.cat\/ca\/#website"},"datePublished":"2018-02-16T17:44:20+00:00","dateModified":"2018-02-16T17:44:25+00:00","breadcrumb":{"@id":"https:\/\/uecornella.cat\/ca\/salut-i-futbol\/enquesta-medica\/#breadcrumb"},"inLanguage":"ca","potentialAction":[{"@type":"ReadAction","target":["https:\/\/uecornella.cat\/ca\/salut-i-futbol\/enquesta-medica\/"]}]},{"@type":"BreadcrumbList","@id":"https:\/\/uecornella.cat\/ca\/salut-i-futbol\/enquesta-medica\/#breadcrumb","itemListElement":[{"@type":"ListItem","position":1,"name":"Portada","item":"https:\/\/uecornella.cat\/ca\/"},{"@type":"ListItem","position":2,"name":"Salut i Futbol","item":"https:\/\/uecornella.cat\/ca\/salut-i-futbol\/"},{"@type":"ListItem","position":3,"name":"Enquesta M\u00e8dica"}]},{"@type":"WebSite","@id":"https:\/\/uecornella.cat\/ca\/#website","url":"https:\/\/uecornella.cat\/ca\/","name":"Uni\u00f3 Esportiva Cornell\u00e0","description":"Escuela de f\u00fatbol y club de f\u00fatbol de Cornell\u00e0","publisher":{"@id":"https:\/\/uecornella.cat\/ca\/#organization"},"potentialAction":[{"@type":"SearchAction","target":{"@type":"EntryPoint","urlTemplate":"https:\/\/uecornella.cat\/ca\/?s={search_term_string}"},"query-input":{"@type":"PropertyValueSpecification","valueRequired":true,"valueName":"search_term_string"}}],"inLanguage":"ca"},{"@type":"Organization","@id":"https:\/\/uecornella.cat\/ca\/#organization","name":"Uni\u00f3 Esportiva Cornell\u00e0","url":"https:\/\/uecornella.cat\/ca\/","logo":{"@type":"ImageObject","inLanguage":"ca","@id":"https:\/\/uecornella.cat\/ca\/#\/schema\/logo\/image\/","url":"https:\/\/www.uecornella.cat\/wp-content\/uploads\/2022\/01\/apple-icon-144x144-1.png","contentUrl":"https:\/\/www.uecornella.cat\/wp-content\/uploads\/2022\/01\/apple-icon-144x144-1.png","width":144,"height":144,"caption":"Uni\u00f3 Esportiva Cornell\u00e0"},"image":{"@id":"https:\/\/uecornella.cat\/ca\/#\/schema\/logo\/image\/"},"sameAs":["https:\/\/www.facebook.com\/UECornella?fref=ts","https:\/\/x.com\/ue_cornella","http:\/\/instagram.com\/uecornella","https:\/\/www.youtube.com\/channel\/UCcwgya5MdVvxRn_MeD6A0vg"]}]}},"_links":{"self":[{"href":"https:\/\/uecornella.cat\/ca\/wp-json\/wp\/v2\/pages\/7920","targetHints":{"allow":["GET"]}}],"collection":[{"href":"https:\/\/uecornella.cat\/ca\/wp-json\/wp\/v2\/pages"}],"about":[{"href":"https:\/\/uecornella.cat\/ca\/wp-json\/wp\/v2\/types\/page"}],"author":[{"embeddable":true,"href":"https:\/\/uecornella.cat\/ca\/wp-json\/wp\/v2\/users\/1"}],"replies":[{"embeddable":true,"href":"https:\/\/uecornella.cat\/ca\/wp-json\/wp\/v2\/comments?post=7920"}],"version-history":[{"count":3,"href":"https:\/\/uecornella.cat\/ca\/wp-json\/wp\/v2\/pages\/7920\/revisions"}],"predecessor-version":[{"id":7923,"href":"https:\/\/uecornella.cat\/ca\/wp-json\/wp\/v2\/pages\/7920\/revisions\/7923"}],"up":[{"embeddable":true,"href":"https:\/\/uecornella.cat\/ca\/wp-json\/wp\/v2\/pages\/7902"}],"wp:attachment":[{"href":"https:\/\/uecornella.cat\/ca\/wp-json\/wp\/v2\/media?parent=7920"}],"curies":[{"name":"wp","href":"https:\/\/api.w.org\/{rel}","templated":true}]}}