{"id":19671,"date":"2020-12-02T11:13:31","date_gmt":"2020-12-02T11:13:31","guid":{"rendered":"https:\/\/www.uecornella.cat\/?page_id=19671"},"modified":"2024-02-07T15:59:07","modified_gmt":"2024-02-07T15:59:07","slug":"condiciones-para-el-tratamiento-de-datos-imagen-y-salud-del-menor","status":"publish","type":"page","link":"https:\/\/uecornella.cat\/en\/condiciones-para-el-tratamiento-de-datos-imagen-y-salud-del-menor\/","title":{"rendered":"Condiciones para el tratamiento de datos, imagen y salud del menor"},"content":{"rendered":"<p>En cumplimiento del Reglamento General de Protecci\u00f3n de Datos UE-2016\/679, y seg\u00fan los art\u00edculos, 5, 6, 7 y 8, se le informa que el Responsable del Tratamiento de sus datos es UE CORNELL\u00c0 SAD, CIF\/NIF: G-66096926, Direcci\u00f3n: CAMI DEL SORRAL DEL RIU, S\/N, CP: 08940, Localidad: CORNELLA DE LLOBREGAT, Provincia: BARCELONA<\/p>\n<p>UE CORNELL\u00c0 SAD, trata la informaci\u00f3n de la salud, la imagen y los datos personales que nos facilitan las personas, de manera licita, leal y transparente en relaci\u00f3n con el interesado, con fines\u00a0 determinados, expl\u00edcitos\u00a0 y leg\u00edtimos y no ser\u00e1n tratados ulteriormente de manera\u00a0 incompatible con dichos fines, los datos ser\u00e1n adecuados, pertinentes y limitados a lo necesario en relaci\u00f3n con los fines para los que son tratados y si fuera necesario, actualizados. Se adoptar\u00e1n todas las medidas razonables para que se supriman o rectifiquen sin dilaci\u00f3n. Ser\u00e1n mantenidos de forma que se permita la identificaci\u00f3n de los interesados durante no m\u00e1s tiempo del necesario para los fines del tratamiento de los datos personales, sin perjuicio de la aplicaci\u00f3n de las medidas t\u00e9cnicas y organizativas apropiadas que impone el presente Reglamento, a fin de proteger los derechos y libertades del interesado (limitaci\u00f3n del plazo de conservaci\u00f3n). En el caso de que el Responsable del Tratamiento realice decisiones informatizadas o elabore perfiles con los datos personales, deber\u00e1 informar al interesado con anterioridad. El interesado tiene derecho a presentar reclamaciones a la Autoridad de Control. Solo se ceder\u00e1n los datos del interesado por obligaci\u00f3n legal, para el tratamiento contable y fiscal, o por motivos relacionados con el servicio ofrecido por la empresa. El tratamiento de los datos personales, salud e imagen propia de un menor de edad \u00fanicamente podr\u00e1 fundarse en su consentimiento cuando sea mayor de catorce a\u00f1os (excepto los de salud) y si consta el consentimiento del titular de la patria potestad o tutela, con el alcance que determinen los titulares de la patria potestad o tutela.<\/p>\n<p>Datos a tratar:\u00a0Personales, imagen\u00a0 y la informaci\u00f3n de salud.<\/p>\n<p>Finalidad:\u00a0Para la gesti\u00f3n y pr\u00e1ctica del futbol.<\/p>\n<p>El interesado podr\u00e1 ejercer los derechos de:\u00a0acceso, oposici\u00f3n, rectificaci\u00f3n, supresi\u00f3n, limitaci\u00f3n y portabilidad, dirigi\u00e9ndose a la direcci\u00f3n del responsable del tratamiento.<\/p>\n<p>El\/los abajo firmante\/s, como titular\/es de la patria potestad\/tutor legal, da\/n el consentimiento para el tratamiento de datos personales, imagen propia y la informaci\u00f3n a la Salud fisica, o mental del menor, incluida la prestaci\u00f3n de servicios de atenci\u00f3n sanitaria que revelen informaci\u00f3n sobre mi estado de salud.<\/p>\n<p><strong>Normativa de la UEC PRO:<\/strong><br \/>\n1-Solo se puede hacer un salto entre domingos en los packs<br \/>\n2-Si no se va a asistir se debe avisar con 48h de antelaci\u00f3n.<br \/>\n3-Se debe llegar a la tecnificaci\u00f3n 20 minutos antes de que comience la sesi\u00f3n.<br \/>\n4-Respetar a los entrenadores, jugadores y personas que est\u00e9n trabajando tanto para la UEC PRO como para el Colegio Xaloc<br \/>\n5-Respetar las instalaciones.<\/p>\n","protected":false},"excerpt":{"rendered":"<p>En cumplimiento del Reglamento General de Protecci\u00f3n de Datos UE-2016\/679, y seg\u00fan los art\u00edculos, 5, 6, 7 y 8, se le informa que el Responsable del Tratamiento de sus datos es UE CORNELL\u00c0 SAD, CIF\/NIF: G-66096926, Direcci\u00f3n: CAMI DEL SORRAL DEL RIU, S\/N, CP: 08940, Localidad: CORNELLA DE LLOBREGAT, Provincia: BARCELONA UE CORNELL\u00c0 SAD, trata [&hellip;]<\/p>\n","protected":false},"author":1,"featured_media":0,"parent":0,"menu_order":0,"comment_status":"closed","ping_status":"closed","template":"","meta":{"_acf_changed":false,"footnotes":""},"class_list":["post-19671","page","type-page","status-publish","hentry"],"acf":[],"yoast_head":"<!-- This site is optimized with the Yoast SEO plugin v25.8 - https:\/\/yoast.com\/wordpress\/plugins\/seo\/ -->\n<title>Condiciones para el tratamiento de datos, imagen y salud del menor - Uni\u00f3 Esportiva Cornell\u00e0<\/title>\n<meta name=\"robots\" content=\"index, follow, max-snippet:-1, max-image-preview:large, max-video-preview:-1\" \/>\n<link rel=\"canonical\" href=\"https:\/\/uecornella.cat\/en\/condiciones-para-el-tratamiento-de-datos-imagen-y-salud-del-menor\/\" \/>\n<meta property=\"og:locale\" content=\"en_US\" \/>\n<meta property=\"og:type\" content=\"article\" \/>\n<meta property=\"og:title\" content=\"Condiciones para el tratamiento de datos, imagen y salud del menor - Uni\u00f3 Esportiva Cornell\u00e0\" \/>\n<meta property=\"og:description\" content=\"En cumplimiento del Reglamento General de Protecci\u00f3n de Datos UE-2016\/679, y seg\u00fan los art\u00edculos, 5, 6, 7 y 8, se le informa que el Responsable del Tratamiento de sus datos es UE CORNELL\u00c0 SAD, CIF\/NIF: G-66096926, Direcci\u00f3n: CAMI DEL SORRAL DEL RIU, S\/N, CP: 08940, Localidad: CORNELLA DE LLOBREGAT, Provincia: BARCELONA UE CORNELL\u00c0 SAD, trata [&hellip;]\" \/>\n<meta property=\"og:url\" content=\"https:\/\/uecornella.cat\/en\/condiciones-para-el-tratamiento-de-datos-imagen-y-salud-del-menor\/\" \/>\n<meta property=\"og:site_name\" content=\"Uni\u00f3 Esportiva Cornell\u00e0\" \/>\n<meta property=\"article:publisher\" content=\"https:\/\/www.facebook.com\/UECornella?fref=ts\" \/>\n<meta property=\"article:modified_time\" content=\"2024-02-07T15:59:07+00:00\" \/>\n<meta name=\"twitter:card\" content=\"summary_large_image\" \/>\n<meta name=\"twitter:site\" content=\"@ue_cornella\" \/>\n<meta name=\"twitter:label1\" content=\"Est. reading time\" \/>\n\t<meta name=\"twitter:data1\" content=\"3 minutes\" \/>\n<script type=\"application\/ld+json\" class=\"yoast-schema-graph\">{\"@context\":\"https:\/\/schema.org\",\"@graph\":[{\"@type\":\"WebPage\",\"@id\":\"https:\/\/uecornella.cat\/en\/condiciones-para-el-tratamiento-de-datos-imagen-y-salud-del-menor\/\",\"url\":\"https:\/\/uecornella.cat\/en\/condiciones-para-el-tratamiento-de-datos-imagen-y-salud-del-menor\/\",\"name\":\"Condiciones para el tratamiento de datos, imagen y salud del menor - Uni\u00f3 Esportiva Cornell\u00e0\",\"isPartOf\":{\"@id\":\"https:\/\/uecornella.cat\/en\/#website\"},\"datePublished\":\"2020-12-02T11:13:31+00:00\",\"dateModified\":\"2024-02-07T15:59:07+00:00\",\"breadcrumb\":{\"@id\":\"https:\/\/uecornella.cat\/en\/condiciones-para-el-tratamiento-de-datos-imagen-y-salud-del-menor\/#breadcrumb\"},\"inLanguage\":\"en-US\",\"potentialAction\":[{\"@type\":\"ReadAction\",\"target\":[\"https:\/\/uecornella.cat\/en\/condiciones-para-el-tratamiento-de-datos-imagen-y-salud-del-menor\/\"]}]},{\"@type\":\"BreadcrumbList\",\"@id\":\"https:\/\/uecornella.cat\/en\/condiciones-para-el-tratamiento-de-datos-imagen-y-salud-del-menor\/#breadcrumb\",\"itemListElement\":[{\"@type\":\"ListItem\",\"position\":1,\"name\":\"Portada\",\"item\":\"https:\/\/uecornella.cat\/en\/\"},{\"@type\":\"ListItem\",\"position\":2,\"name\":\"Condiciones para el tratamiento de datos, imagen y salud del menor\"}]},{\"@type\":\"WebSite\",\"@id\":\"https:\/\/uecornella.cat\/en\/#website\",\"url\":\"https:\/\/uecornella.cat\/en\/\",\"name\":\"Uni\u00f3 Esportiva Cornell\u00e0\",\"description\":\"Escuela de f\u00fatbol y club de f\u00fatbol de Cornell\u00e0\",\"publisher\":{\"@id\":\"https:\/\/uecornella.cat\/en\/#organization\"},\"potentialAction\":[{\"@type\":\"SearchAction\",\"target\":{\"@type\":\"EntryPoint\",\"urlTemplate\":\"https:\/\/uecornella.cat\/en\/?s={search_term_string}\"},\"query-input\":{\"@type\":\"PropertyValueSpecification\",\"valueRequired\":true,\"valueName\":\"search_term_string\"}}],\"inLanguage\":\"en-US\"},{\"@type\":\"Organization\",\"@id\":\"https:\/\/uecornella.cat\/en\/#organization\",\"name\":\"Uni\u00f3 Esportiva Cornell\u00e0\",\"url\":\"https:\/\/uecornella.cat\/en\/\",\"logo\":{\"@type\":\"ImageObject\",\"inLanguage\":\"en-US\",\"@id\":\"https:\/\/uecornella.cat\/en\/#\/schema\/logo\/image\/\",\"url\":\"https:\/\/www.uecornella.cat\/wp-content\/uploads\/2022\/01\/apple-icon-144x144-1.png\",\"contentUrl\":\"https:\/\/www.uecornella.cat\/wp-content\/uploads\/2022\/01\/apple-icon-144x144-1.png\",\"width\":144,\"height\":144,\"caption\":\"Uni\u00f3 Esportiva Cornell\u00e0\"},\"image\":{\"@id\":\"https:\/\/uecornella.cat\/en\/#\/schema\/logo\/image\/\"},\"sameAs\":[\"https:\/\/www.facebook.com\/UECornella?fref=ts\",\"https:\/\/x.com\/ue_cornella\",\"http:\/\/instagram.com\/uecornella\",\"https:\/\/www.youtube.com\/channel\/UCcwgya5MdVvxRn_MeD6A0vg\"]}]}<\/script>\n<!-- \/ Yoast SEO plugin. -->","yoast_head_json":{"title":"Condiciones para el tratamiento de datos, imagen y salud del menor - Uni\u00f3 Esportiva Cornell\u00e0","robots":{"index":"index","follow":"follow","max-snippet":"max-snippet:-1","max-image-preview":"max-image-preview:large","max-video-preview":"max-video-preview:-1"},"canonical":"https:\/\/uecornella.cat\/en\/condiciones-para-el-tratamiento-de-datos-imagen-y-salud-del-menor\/","og_locale":"en_US","og_type":"article","og_title":"Condiciones para el tratamiento de datos, imagen y salud del menor - Uni\u00f3 Esportiva Cornell\u00e0","og_description":"En cumplimiento del Reglamento General de Protecci\u00f3n de Datos UE-2016\/679, y seg\u00fan los art\u00edculos, 5, 6, 7 y 8, se le informa que el Responsable del Tratamiento de sus datos es UE CORNELL\u00c0 SAD, CIF\/NIF: G-66096926, Direcci\u00f3n: CAMI DEL SORRAL DEL RIU, S\/N, CP: 08940, Localidad: CORNELLA DE LLOBREGAT, Provincia: BARCELONA UE CORNELL\u00c0 SAD, trata [&hellip;]","og_url":"https:\/\/uecornella.cat\/en\/condiciones-para-el-tratamiento-de-datos-imagen-y-salud-del-menor\/","og_site_name":"Uni\u00f3 Esportiva Cornell\u00e0","article_publisher":"https:\/\/www.facebook.com\/UECornella?fref=ts","article_modified_time":"2024-02-07T15:59:07+00:00","twitter_card":"summary_large_image","twitter_site":"@ue_cornella","twitter_misc":{"Est. reading time":"3 minutes"},"schema":{"@context":"https:\/\/schema.org","@graph":[{"@type":"WebPage","@id":"https:\/\/uecornella.cat\/en\/condiciones-para-el-tratamiento-de-datos-imagen-y-salud-del-menor\/","url":"https:\/\/uecornella.cat\/en\/condiciones-para-el-tratamiento-de-datos-imagen-y-salud-del-menor\/","name":"Condiciones para el tratamiento de datos, imagen y salud del menor - Uni\u00f3 Esportiva Cornell\u00e0","isPartOf":{"@id":"https:\/\/uecornella.cat\/en\/#website"},"datePublished":"2020-12-02T11:13:31+00:00","dateModified":"2024-02-07T15:59:07+00:00","breadcrumb":{"@id":"https:\/\/uecornella.cat\/en\/condiciones-para-el-tratamiento-de-datos-imagen-y-salud-del-menor\/#breadcrumb"},"inLanguage":"en-US","potentialAction":[{"@type":"ReadAction","target":["https:\/\/uecornella.cat\/en\/condiciones-para-el-tratamiento-de-datos-imagen-y-salud-del-menor\/"]}]},{"@type":"BreadcrumbList","@id":"https:\/\/uecornella.cat\/en\/condiciones-para-el-tratamiento-de-datos-imagen-y-salud-del-menor\/#breadcrumb","itemListElement":[{"@type":"ListItem","position":1,"name":"Portada","item":"https:\/\/uecornella.cat\/en\/"},{"@type":"ListItem","position":2,"name":"Condiciones para el tratamiento de datos, imagen y salud del menor"}]},{"@type":"WebSite","@id":"https:\/\/uecornella.cat\/en\/#website","url":"https:\/\/uecornella.cat\/en\/","name":"Uni\u00f3 Esportiva Cornell\u00e0","description":"Escuela de f\u00fatbol y club de f\u00fatbol de Cornell\u00e0","publisher":{"@id":"https:\/\/uecornella.cat\/en\/#organization"},"potentialAction":[{"@type":"SearchAction","target":{"@type":"EntryPoint","urlTemplate":"https:\/\/uecornella.cat\/en\/?s={search_term_string}"},"query-input":{"@type":"PropertyValueSpecification","valueRequired":true,"valueName":"search_term_string"}}],"inLanguage":"en-US"},{"@type":"Organization","@id":"https:\/\/uecornella.cat\/en\/#organization","name":"Uni\u00f3 Esportiva Cornell\u00e0","url":"https:\/\/uecornella.cat\/en\/","logo":{"@type":"ImageObject","inLanguage":"en-US","@id":"https:\/\/uecornella.cat\/en\/#\/schema\/logo\/image\/","url":"https:\/\/www.uecornella.cat\/wp-content\/uploads\/2022\/01\/apple-icon-144x144-1.png","contentUrl":"https:\/\/www.uecornella.cat\/wp-content\/uploads\/2022\/01\/apple-icon-144x144-1.png","width":144,"height":144,"caption":"Uni\u00f3 Esportiva Cornell\u00e0"},"image":{"@id":"https:\/\/uecornella.cat\/en\/#\/schema\/logo\/image\/"},"sameAs":["https:\/\/www.facebook.com\/UECornella?fref=ts","https:\/\/x.com\/ue_cornella","http:\/\/instagram.com\/uecornella","https:\/\/www.youtube.com\/channel\/UCcwgya5MdVvxRn_MeD6A0vg"]}]}},"_links":{"self":[{"href":"https:\/\/uecornella.cat\/en\/wp-json\/wp\/v2\/pages\/19671","targetHints":{"allow":["GET"]}}],"collection":[{"href":"https:\/\/uecornella.cat\/en\/wp-json\/wp\/v2\/pages"}],"about":[{"href":"https:\/\/uecornella.cat\/en\/wp-json\/wp\/v2\/types\/page"}],"author":[{"embeddable":true,"href":"https:\/\/uecornella.cat\/en\/wp-json\/wp\/v2\/users\/1"}],"replies":[{"embeddable":true,"href":"https:\/\/uecornella.cat\/en\/wp-json\/wp\/v2\/comments?post=19671"}],"version-history":[{"count":6,"href":"https:\/\/uecornella.cat\/en\/wp-json\/wp\/v2\/pages\/19671\/revisions"}],"predecessor-version":[{"id":40125,"href":"https:\/\/uecornella.cat\/en\/wp-json\/wp\/v2\/pages\/19671\/revisions\/40125"}],"wp:attachment":[{"href":"https:\/\/uecornella.cat\/en\/wp-json\/wp\/v2\/media?parent=19671"}],"curies":[{"name":"wp","href":"https:\/\/api.w.org\/{rel}","templated":true}]}}