{"id":19822,"date":"2020-12-12T11:10:23","date_gmt":"2020-12-12T11:10:23","guid":{"rendered":"https:\/\/www.uecornella.cat\/?page_id=19822"},"modified":"2025-05-03T18:58:39","modified_gmt":"2025-05-03T18:58:39","slug":"club","status":"publish","type":"page","link":"https:\/\/uecornella.cat\/en\/club\/","title":{"rendered":"El Club"},"content":{"rendered":"<div class=\"wpb-content-wrapper\"><p>[vc_row el_class=&#8221;capada&#8221;][vc_column][vc_custom_heading text=&#8221;Historia&#8221; font_container=&#8221;tag:h2|font_size:50px|text_align:left|line_height:50px&#8221; use_theme_fonts=&#8221;yes&#8221; css=&#8221;.vc_custom_1607773499888{margin-bottom: 0px !important;}&#8221; el_class=&#8221;border-title&#8221;][vc_column_text]DE DONDE VENIMOS[\/vc_column_text][\/vc_column][\/vc_row][vc_row el_class=&#8221;capada&#8221;][vc_column][vc_tta_tabs style=&#8221;flat&#8221; shape=&#8221;square&#8221; spacing=&#8221;10&#8243; gap=&#8221;10&#8243; active_section=&#8221;1&#8243; el_class=&#8221;tabsclub&#8221;][vc_tta_section title=&#8221;Historia institucional&#8221; tab_id=&#8221;1607771264238-77499024-b602&#8243;][vc_row_inner][vc_column_inner width=&#8221;1\/2&#8243;][vc_column_text]La UE Cornell\u00e0, tal y como hoy es conocida, se fund\u00f3 en el a\u00f1o 1951 tras la uni\u00f3n de los equipos CF Cornell\u00e0, la Acad\u00e8mia Junyent, el Atl\u00e9tico Padr\u00f3 y, posteriormente, la Escuela Sant Miquel. Sin embargo, los or\u00edgenes del club son a\u00fan m\u00e1s antiguos, ya que se sabe que su fundaci\u00f3n es anterior a abril de 1923. Durante sus primeros a\u00f1os, el club fue llamado FC Cables El\u00e9ctricos y pertenec\u00eda a la empresa que hoy es Pirelli y General Cable.<\/p>\n<p>El 15 de abril de 1923 el club cambia su nombre por el de Atl\u00e9tico Cornell\u00e0 FC. En esta etapa, no s\u00f3lo ten\u00eda equipo de f\u00fatbol, sino que tambi\u00e9n inclu\u00eda secciones de ciclismo, atletismo y otros deportes. Futbol\u00edsticamente, en este periodo, la entidad cont\u00f3 con jugadores de renombre en la ciudad como Gilabert, Nicol\u00e1s Mora, Balget, Sanmart\u00edn, Navales, Ferret, Ros, Pla A. o Batlle y con la presidencia honor\u00edfica de Just Oliveras.<\/p>\n<p>Con el advenimiento de la Segunda Rep\u00fablica Espa\u00f1ola en 1931, se implant\u00f3 un nuevo ajuste del organigrama competitivo en Catalunya que llev\u00f3 al Atl\u00e9tico Cornell\u00e0 FC a cambiar su nombre oficial a CF Cornell\u00e0. Las instalaciones en las que la entidad practicaba sus actividades eran unos precarios terrenos situados junto al r\u00edo Llobregat, en la zona donde hoy se encuentra precisamente el Nou Municipal.[\/vc_column_text][\/vc_column_inner][vc_column_inner width=&#8221;1\/2&#8243;][vc_column_text]Tras la Guerra Civil Espa\u00f1ola, se reanudan las actividades deportivas y se produce la refundaci\u00f3n, fruto de la fusi\u00f3n anteriormente citada entre el CF Cornell\u00e0, la Academia Junyent, el Atl\u00e9tico Padr\u00f3 y la Escuela Sant Miquel, que incorpor\u00f3 en 1968 sus equipos de f\u00fatbol base. La uni\u00f3n fue promovida por Constanci P\u00e9rez (coordinador ejecutivo), Pere Junyent (presidente), Tom\u00e1s Anguera (vicepresidente) y Jaume Puig (tesorero).<\/p>\n<p>A finales de la d\u00e9cada de los 80, se incorporaron a la entidad la Gavarra y la Pe\u00f1a Espa\u00f1olista Onubense, y en 1985 los equipos formativos de la Escuela Sant Miquel, incorporados a la entidad desde 1968, todos ellos se refundaron en la Escola de Futbol.<\/p>\n<p>Desde la temporada 1988\/1989 y hasta Diciembre de 2012 el Club fue presidido por Don Jos\u00e9 G\u00e1lvez Alcaide. En ese periodo el Primer Equipo pas\u00f3 de militar en 1\u00aa Regional hasta 3\u00aa Divisi\u00f3n Nacional. Tras el proceso electoral acaecido durante diciembre de 2012, cogi\u00f3 el carg\u00f3 de presidente de la UE Cornell\u00e0 Don Alejandro Talavera Nos, desde el 12 de diciembre de 2012 hasta marzo de 2022. En la actualidad, la presidenta es Maribel L\u00f3pez, que fue miembro de la Junta Directiva de A. Talavera en el \u00e1rea social. En las \u00faltimas temporadas el club ha conseguido grandes hitos y \u00e9xitos deportivos a todos los niveles, entre los que destacan el Campeonato de 3a Divisi\u00f3n grupo V, el ascenso a 2\u00aa Divisi\u00f3n B en la temporada 2013\/14, la disputa de una eliminatoria de Copa del Rey contra el Real Madrid CF, el t\u00edtulo de campe\u00f3n de Copa Catalunya, eliminatorias de Copa contra Atl\u00e9tico de Madrid y FC Barcelona, ascenso a Primera RFEF&#8230;[\/vc_column_text][\/vc_column_inner][\/vc_row_inner][\/vc_tta_section][vc_tta_section title=&#8221;Historia deportiva&#8221; tab_id=&#8221;1607771350323-70195a42-142b&#8221;][vc_row_inner][vc_column_inner width=&#8221;1\/2&#8243;][vc_column_text]La UE Cornell\u00e0 es una de las entidades con m\u00e1s proyecci\u00f3n de Europa. Desde su fundaci\u00f3n, en 1951, el primer equipo del club ha seguido una trayectoria ascendente hasta conseguir en la temporada 2013\/2014 el hist\u00f3rico ascenso a la 2\u00aa Divisi\u00f3n B tr\u00e1s haber militado 11 temporadas en 3a Divisi\u00f3n.El primer equipo de la entidad debut\u00f3 en Tercera la temporada 1999-2000 con Ramon Maria Calder\u00e9 en el banquillo. En esa temporada, el equipo logr\u00f3 su primer r\u00e9cord de puntuaci\u00f3n -68 puntos- y cuaj\u00f3 un brillante debut. Un r\u00e9cord de puntuaci\u00f3n que se ha visto superado en su \u00faltima y mejor temporada hasta los 79 puntos, los mismos que el campe\u00f3n de liga.<\/p>\n<p>Tras ese primer curso, el equipo se mantuvo tres temporadas en Tercera -hasta el a\u00f1o 2002- y regres\u00f3 a Primera Catalana. Sin embargo, la capacidad de reacci\u00f3n fue muy positiva y al a\u00f1o siguiente, el equipo consigui\u00f3 su segundo ascenso a Tercera. Desde entonces, el equipo se ha consolidado en la cuarta divisi\u00f3n del f\u00fatbol espa\u00f1ol, con un \u00fanico par\u00e9ntesis en la 2006-2007.<\/p>\n<p>A partir de la 2008-2009, sin embargo, la entidad dio un paso al frente y empez\u00f3 a coquetear con las plazas de promoci\u00f3n de ascenso, quedando atr\u00e1s las decimoquintas o decimosextas posiciones, y empezaron a alcanzarse puntuaciones que bordearon los 60 puntos y que permitieron competir para alcanzar el playoff de ascenso a Segunda B. Tras un playoff sin \u00e9xito, el que se disput\u00f3 contra el filial del RC Deportivo de la Coru\u00f1a, el equipo qued\u00f3 campe\u00f3n de Tercera Divisi\u00f3n la temporada 2013-2014 y disput\u00f3 una \u00fanica eliminatoria de ascenso.[\/vc_column_text][\/vc_column_inner][vc_column_inner width=&#8221;1\/2&#8243;][vc_column_text css=&#8221;&#8221;]El rival a batir en la ronda de campeones fue el CD Izarra, conjunto navarro tambi\u00e9n campe\u00f3n de su grupo. Empate a 1 en la ida y contundente 3 a 1 en la vuelta en un Nou Municipal de Cornell\u00e0 lleno hasta la bandera con cerca de 3.000 aficionados.<\/p>\n<p>La primera temporada en la historia del club en la 2a B ser\u00e1 recordada por 2 motivos especialmente relevantes: en primer lugar, por lograr la permanencia firmando una segunda vuelta casi impecable, con la r\u00fabrica final de \u00d3scar Mu\u00f1oz en el \u00faltimo partido de Liga ante el Lleida Esportiu. El club lograba as\u00ed afianzarse en la categor\u00eda de bronce.<\/p>\n<p>Adem\u00e1s, durante la temporada 2014\/15, el club vivi\u00f3 las semanas m\u00e1s especiales de su dilatada historia: tras superar 3 eliminatorias, el primer equipo quedaba emparejado con el Real Madrid en los dieciseisavos de final de la Copa del Rey. El enfrentamiento ante el 10 veces campe\u00f3n de Europa elev\u00f3 a la UE Cornell\u00e0 a la primera fila del escaparate internacional. Para la historia quedar\u00e1 el ambiente vivido en el partido de ida -disputado en el RCDE Stadium por cuestiones de aforo- y la noche en la que el Cornell\u00e0 disput\u00f3 un partido de competici\u00f3n oficial en el Santiago Bernab\u00e9u, uno de los estadios con m\u00e1s historia de todo el mundo. Si la evoluci\u00f3n del primer equipo es ascendente, la de su f\u00fatbol de formaci\u00f3n es mete\u00f3rica.<\/p>\n<p>Y en lo que al primer equipo se refiere, la campa\u00f1a 2020\/21 la UE Cornell\u00e0 cumpli\u00f3 su s\u00e9ptima participaci\u00f3n consecutiva en Segunda Divisi\u00f3n B, habi\u00e9ndose clasificado 3 a\u00f1os consecutivos para disputar el play-off de ascenso a Segunda Divisi\u00f3n. Actualmente, juega en la Segunda Federaci\u00f3n.[\/vc_column_text][\/vc_column_inner][\/vc_row_inner][\/vc_tta_section][vc_tta_section title=&#8221;Trayectoria&#8221; tab_id=&#8221;1607771264223-1abb5e1d-d553&#8243;][vc_row_inner][vc_column_inner width=&#8221;1\/2&#8243;][vc_column_text css=&#8221;&#8221;]<\/p>\n<ul>\n<li>2024-25: Segunda RFEF. Entrenador: Gen\u00eds Sampietro\/Albert Garc\u00eda\/Gonzalo Riutort\/Alberto Lopo<\/li>\n<li>2023-24: Primera RFEF 18\u00ba. Entrenador: Gonzalo Riutort<\/li>\n<li>2022-23: Primera RFEF 11\u00ba. Entrenador: Gonzalo Riutort<\/li>\n<li>2021-22: Primera RFEF 14\u00ba. Entrenador: Ra\u00fal Casa\u00f1\/Gonzalo Riutort<\/li>\n<li>2020-21: 2\u00aa Divisi\u00f3n B Entrenador: Guillermo Fern\u00e1ndez Romo. (ascenso a Primera RFEF)<\/li>\n<li>2019-20: 2\u00aa Divisi\u00f3n B 4\u00ba. Entrenador: Guillermo Fern\u00e1ndez Romo. (playoff)<\/li>\n<li>2018-19: 2\u00aa Divisi\u00f3n B 4\u00ba. Entrenador: Xavi Calm. (playoff)<\/li>\n<li>2017-18: 2\u00aa Divisi\u00f3n B 4\u00ba. Entrenador: Jordi Roger. (playoff)<\/li>\n<li>2016-17: 2\u00aa Divisi\u00f3n B 9\u00ba. Entrenador: Jordi Roger.<\/li>\n<li>2015-16: 2\u00aa Divisi\u00f3n B 5\u00ba. Entrenador: Jordi Roger.<\/li>\n<li>2014-15: 2\u00aa Divisi\u00f3n B 15\u00ba. Entrenador: Jordi Roger.<\/li>\n<li>2014-15: 1\/16 de final de la Copa de S.M. El Rey contra el Real Madrid C.F.<\/li>\n<li>2013-14: 3\u00aa Divisi\u00f3n 1\u00ba. &#8211; Ascenso a 2\u00aa B. Entrenador: Jordi Roger.<\/li>\n<li>2012-13: 3\u00aa Divisi\u00f3n 2\u00ba. Entrenador: Jordi Roger. (playoff)<\/li>\n<li>2011-12: 3\u00aa Divisi\u00f3n 5\u00ba. Entrenador: Jordi Roger.<\/li>\n<li>2010-11: 3\u00aa Divisi\u00f3n 8\u00ba. Entrenador: Enrique P\u00e9rez Cabedo.<\/li>\n<li>2009-10: 3\u00aa Divisi\u00f3n 5\u00ba. Entrenador: Enrique P\u00e9rez Cabedo.<\/li>\n<li>2008-09: 3\u00aa Divisi\u00f3n 12\u00ba. Jaume Torras \/ Enrique P\u00e9rez Cabedo.<\/li>\n<li>2007-08: 1\u00aa Catalana 1\u00ba. Diego Morata.<\/li>\n<li>2006-07: 1\u00aa Catalana 6\u00ba. Jordi Canals \/ Diego Morata.<\/li>\n<li>2005-06: 3\u00aa Divisi\u00f3n 17\u00ba. Ram\u00f3n Mayo \/ J. Antonio Garc\u00eda Escribano.<\/li>\n<li>2004-05: 3\u00aa Divisi\u00f3n 16\u00ba. Nacho Segura.<\/li>\n<li>2003-04: 3\u00aa Divisi\u00f3n 10\u00ba. Juan Toribio \/ Nacho Segura.<\/li>\n<li>2002-03: 1\u00aa Catalana 1\u00ba. Juan Toribio.<\/li>\n<\/ul>\n<p>[\/vc_column_text][\/vc_column_inner][vc_column_inner width=&#8221;1\/2&#8243;][vc_column_text]<\/p>\n<ul>\n<li>2001-02: 3\u00aa Divisi\u00f3n 18\u00ba. Juan Moscoso \/ Antonio Almendros.<\/li>\n<li>2000-01: 3\u00aa Divisi\u00f3n 15\u00ba. Juanjo D\u00edaz \/ Toni Cort\u00e9s.<\/li>\n<li>1999-00: 3\u00aa Divisi\u00f3n 4\u00ba. Entrenador: Ram\u00f3n Mar\u00eda Calder\u00e9. (playoff)<\/li>\n<li>1998-99: 1\u00aa Catalana 2\u00ba. Entrenador: Ram\u00f3n Mar\u00eda Calder\u00e9.<\/li>\n<li>1997-89: 1\u00aa Catalana 6\u00ba. Entrenador: Enrique P\u00e9rez Cabedo.<\/li>\n<li>1996-97: 1\u00aa Catalana 4\u00ba. Entrenador: Enrique P\u00e9rez Cabedo.<\/li>\n<li>1995-96: Preferente 1\u00ba. Entrenador: Enrique P\u00e9rez Cabedo.<\/li>\n<li>1994-95: Preferente 3\u00ba. Entrenador: Blas Ortega Ferreira.<\/li>\n<li>1993-94: Preferente 3\u00ba. Entrenador: Antonio Mu\u00f1oz.<\/li>\n<li>1992-93: Preferente 4\u00ba. Entrenador: Paco P\u00e9rez.<\/li>\n<li>1991-92: Primera Regional 1\u00ba. Entrenador: Paco P\u00e9rez.<\/li>\n<li>1990-91: Primera Regional 2\u00ba. Entrenador: Paco P\u00e9rez.<\/li>\n<\/ul>\n<p>[\/vc_column_text][\/vc_column_inner][\/vc_row_inner][\/vc_tta_section][vc_tta_section title=&#8221;Himno&#8221; tab_id=&#8221;1607771413732-27712749-8674&#8243;][vc_row_inner][vc_column_inner width=&#8221;1\/2&#8243;][vc_column_text]A orillas del r\u00edo que apellida mi ciudad\/<br \/>\nNace un club humilde y fraternal\/<br \/>\nAntes en la Via F\u00e9rrea, ahora en el Municipal\/<br \/>\nLa Uni\u00f3 Esportiva brilla igual\/<br \/>\nVictoria o derrota, con lluvia o bajo el sol\/<br \/>\nSiempre anima una grada de Primera Divisi\u00f3n!\/<br \/>\nCornell\u00e0, un club obert al m\u00f3n\/<br \/>\nTrenant generacions\/<br \/>\nCornell\u00e0, juguem al l\u00edmit de l&#8217;ESFOR\u00c7\/<br \/>\nLluitem sempre amb honor\/<br \/>\nSentim el verd al cor\/<br \/>\nCornell\u00e0, sentim el verd al cor\/<br \/>\nNuestro club acoge gente de cualquier lugar\/<br \/>\nSiempre que respeten al rival\/<br \/>\nNi el m\u00e1s tierno benjam\u00edn, ni el m\u00e1s curtido central\/<br \/>\nCeder\u00e1n el cuero sin pelear\/<br \/>\nY ruge la grada, en pie toda la afici\u00f3n\/<br \/>\nCon un mismo canto aclamamos al camp\u00e9on!<\/p>\n<p>Cornell\u00e0, un club obert al m\u00f3n\/<br \/>\nTrenant generacions\/<br \/>\nCornell\u00e0, juguem al l\u00edmit de l&#8217;ESFOR\u00c7\/<br \/>\nLluitem sempre amb honor\/<br \/>\nSentim el verd al cor\/<br \/>\nCornell\u00e0, sentim el verd al cor\/[\/vc_column_text][\/vc_column_inner][vc_column_inner width=&#8221;1\/2&#8243;][vc_column_text]<!--[if lt IE 9]><script>document.createElement('audio');<\/script><![endif]-->\n<audio class=\"wp-audio-shortcode\" id=\"audio-19822-1\" preload=\"none\" style=\"width: 100%;\" controls=\"controls\"><source type=\"audio\/mpeg\" src=\"http:\/\/www.uecornella.cat\/wp-content\/uploads\/2016\/09\/Himno.mp3?_=1\" \/><a href=\"http:\/\/www.uecornella.cat\/wp-content\/uploads\/2016\/09\/Himno.mp3\">http:\/\/www.uecornella.cat\/wp-content\/uploads\/2016\/09\/Himno.mp3<\/a><\/audio><\/p>\n<p><em>Compositor lletra i m\u00fasica: Marc Bosch<\/em><br \/>\n<em>Banda Simf\u00f2nica de Badalona<\/em><br \/>\n<em>Veus: Cor de Manresa<\/em>[\/vc_column_text][\/vc_column_inner][\/vc_row_inner][\/vc_tta_section][\/vc_tta_tabs][\/vc_column][\/vc_row]<\/p>\n<\/div>","protected":false},"excerpt":{"rendered":"<p>[vc_row el_class=&#8221;capada&#8221;][vc_column][vc_custom_heading text=&#8221;Historia&#8221; font_container=&#8221;tag:h2|font_size:50px|text_align:left|line_height:50px&#8221; use_theme_fonts=&#8221;yes&#8221; css=&#8221;.vc_custom_1607773499888{margin-bottom: 0px !important;}&#8221; el_class=&#8221;border-title&#8221;][vc_column_text]DE DONDE VENIMOS[\/vc_column_text][\/vc_column][\/vc_row][vc_row el_class=&#8221;capada&#8221;][vc_column][vc_tta_tabs style=&#8221;flat&#8221; shape=&#8221;square&#8221; spacing=&#8221;10&#8243; gap=&#8221;10&#8243; active_section=&#8221;1&#8243; el_class=&#8221;tabsclub&#8221;][vc_tta_section title=&#8221;Historia institucional&#8221; tab_id=&#8221;1607771264238-77499024-b602&#8243;][vc_row_inner][vc_column_inner width=&#8221;1\/2&#8243;][vc_column_text]La UE Cornell\u00e0, tal y como hoy es conocida, se fund\u00f3 en el a\u00f1o 1951 tras la uni\u00f3n de los equipos CF Cornell\u00e0, la Acad\u00e8mia Junyent, el Atl\u00e9tico Padr\u00f3 y, posteriormente, la Escuela Sant [&hellip;]<\/p>\n","protected":false},"author":1,"featured_media":0,"parent":0,"menu_order":0,"comment_status":"closed","ping_status":"closed","template":"","meta":{"_acf_changed":false,"footnotes":""},"class_list":["post-19822","page","type-page","status-publish","hentry"],"acf":[],"yoast_head":"<!-- This site is optimized with the Yoast SEO plugin v25.8 - https:\/\/yoast.com\/wordpress\/plugins\/seo\/ -->\n<title>El Club - Uni\u00f3 Esportiva Cornell\u00e0<\/title>\n<meta name=\"robots\" content=\"index, follow, max-snippet:-1, max-image-preview:large, max-video-preview:-1\" \/>\n<link rel=\"canonical\" href=\"https:\/\/uecornella.cat\/en\/club\/\" \/>\n<meta property=\"og:locale\" content=\"en_US\" \/>\n<meta property=\"og:type\" content=\"article\" \/>\n<meta property=\"og:title\" content=\"El Club - Uni\u00f3 Esportiva Cornell\u00e0\" \/>\n<meta property=\"og:description\" content=\"[vc_row el_class=&#8221;capada&#8221;][vc_column][vc_custom_heading text=&#8221;Historia&#8221; font_container=&#8221;tag:h2|font_size:50px|text_align:left|line_height:50px&#8221; use_theme_fonts=&#8221;yes&#8221; css=&#8221;.vc_custom_1607773499888{margin-bottom: 0px !important;}&#8221; el_class=&#8221;border-title&#8221;][vc_column_text]DE DONDE VENIMOS[\/vc_column_text][\/vc_column][\/vc_row][vc_row el_class=&#8221;capada&#8221;][vc_column][vc_tta_tabs style=&#8221;flat&#8221; shape=&#8221;square&#8221; spacing=&#8221;10&#8243; gap=&#8221;10&#8243; active_section=&#8221;1&#8243; el_class=&#8221;tabsclub&#8221;][vc_tta_section title=&#8221;Historia institucional&#8221; tab_id=&#8221;1607771264238-77499024-b602&#8243;][vc_row_inner][vc_column_inner width=&#8221;1\/2&#8243;][vc_column_text]La UE Cornell\u00e0, tal y como hoy es conocida, se fund\u00f3 en el a\u00f1o 1951 tras la uni\u00f3n de los equipos CF Cornell\u00e0, la Acad\u00e8mia Junyent, el Atl\u00e9tico Padr\u00f3 y, posteriormente, la Escuela Sant [&hellip;]\" \/>\n<meta property=\"og:url\" content=\"https:\/\/uecornella.cat\/en\/club\/\" \/>\n<meta property=\"og:site_name\" content=\"Uni\u00f3 Esportiva Cornell\u00e0\" \/>\n<meta property=\"article:publisher\" content=\"https:\/\/www.facebook.com\/UECornella?fref=ts\" \/>\n<meta property=\"article:modified_time\" content=\"2025-05-03T18:58:39+00:00\" \/>\n<meta name=\"twitter:card\" content=\"summary_large_image\" \/>\n<meta name=\"twitter:site\" content=\"@ue_cornella\" \/>\n<meta name=\"twitter:label1\" content=\"Est. reading time\" \/>\n\t<meta name=\"twitter:data1\" content=\"9 minutes\" \/>\n<script type=\"application\/ld+json\" class=\"yoast-schema-graph\">{\"@context\":\"https:\/\/schema.org\",\"@graph\":[{\"@type\":\"WebPage\",\"@id\":\"https:\/\/uecornella.cat\/en\/club\/\",\"url\":\"https:\/\/uecornella.cat\/en\/club\/\",\"name\":\"El Club - Uni\u00f3 Esportiva Cornell\u00e0\",\"isPartOf\":{\"@id\":\"https:\/\/uecornella.cat\/en\/#website\"},\"datePublished\":\"2020-12-12T11:10:23+00:00\",\"dateModified\":\"2025-05-03T18:58:39+00:00\",\"breadcrumb\":{\"@id\":\"https:\/\/uecornella.cat\/en\/club\/#breadcrumb\"},\"inLanguage\":\"en-US\",\"potentialAction\":[{\"@type\":\"ReadAction\",\"target\":[\"https:\/\/uecornella.cat\/en\/club\/\"]}]},{\"@type\":\"BreadcrumbList\",\"@id\":\"https:\/\/uecornella.cat\/en\/club\/#breadcrumb\",\"itemListElement\":[{\"@type\":\"ListItem\",\"position\":1,\"name\":\"Portada\",\"item\":\"https:\/\/uecornella.cat\/en\/\"},{\"@type\":\"ListItem\",\"position\":2,\"name\":\"El Club\"}]},{\"@type\":\"WebSite\",\"@id\":\"https:\/\/uecornella.cat\/en\/#website\",\"url\":\"https:\/\/uecornella.cat\/en\/\",\"name\":\"Uni\u00f3 Esportiva Cornell\u00e0\",\"description\":\"Escuela de f\u00fatbol y club de f\u00fatbol de Cornell\u00e0\",\"publisher\":{\"@id\":\"https:\/\/uecornella.cat\/en\/#organization\"},\"potentialAction\":[{\"@type\":\"SearchAction\",\"target\":{\"@type\":\"EntryPoint\",\"urlTemplate\":\"https:\/\/uecornella.cat\/en\/?s={search_term_string}\"},\"query-input\":{\"@type\":\"PropertyValueSpecification\",\"valueRequired\":true,\"valueName\":\"search_term_string\"}}],\"inLanguage\":\"en-US\"},{\"@type\":\"Organization\",\"@id\":\"https:\/\/uecornella.cat\/en\/#organization\",\"name\":\"Uni\u00f3 Esportiva Cornell\u00e0\",\"url\":\"https:\/\/uecornella.cat\/en\/\",\"logo\":{\"@type\":\"ImageObject\",\"inLanguage\":\"en-US\",\"@id\":\"https:\/\/uecornella.cat\/en\/#\/schema\/logo\/image\/\",\"url\":\"https:\/\/www.uecornella.cat\/wp-content\/uploads\/2022\/01\/apple-icon-144x144-1.png\",\"contentUrl\":\"https:\/\/www.uecornella.cat\/wp-content\/uploads\/2022\/01\/apple-icon-144x144-1.png\",\"width\":144,\"height\":144,\"caption\":\"Uni\u00f3 Esportiva Cornell\u00e0\"},\"image\":{\"@id\":\"https:\/\/uecornella.cat\/en\/#\/schema\/logo\/image\/\"},\"sameAs\":[\"https:\/\/www.facebook.com\/UECornella?fref=ts\",\"https:\/\/x.com\/ue_cornella\",\"http:\/\/instagram.com\/uecornella\",\"https:\/\/www.youtube.com\/channel\/UCcwgya5MdVvxRn_MeD6A0vg\"]}]}<\/script>\n<!-- \/ Yoast SEO plugin. -->","yoast_head_json":{"title":"El Club - Uni\u00f3 Esportiva Cornell\u00e0","robots":{"index":"index","follow":"follow","max-snippet":"max-snippet:-1","max-image-preview":"max-image-preview:large","max-video-preview":"max-video-preview:-1"},"canonical":"https:\/\/uecornella.cat\/en\/club\/","og_locale":"en_US","og_type":"article","og_title":"El Club - Uni\u00f3 Esportiva Cornell\u00e0","og_description":"[vc_row el_class=&#8221;capada&#8221;][vc_column][vc_custom_heading text=&#8221;Historia&#8221; font_container=&#8221;tag:h2|font_size:50px|text_align:left|line_height:50px&#8221; use_theme_fonts=&#8221;yes&#8221; css=&#8221;.vc_custom_1607773499888{margin-bottom: 0px !important;}&#8221; el_class=&#8221;border-title&#8221;][vc_column_text]DE DONDE VENIMOS[\/vc_column_text][\/vc_column][\/vc_row][vc_row el_class=&#8221;capada&#8221;][vc_column][vc_tta_tabs style=&#8221;flat&#8221; shape=&#8221;square&#8221; spacing=&#8221;10&#8243; gap=&#8221;10&#8243; active_section=&#8221;1&#8243; el_class=&#8221;tabsclub&#8221;][vc_tta_section title=&#8221;Historia institucional&#8221; tab_id=&#8221;1607771264238-77499024-b602&#8243;][vc_row_inner][vc_column_inner width=&#8221;1\/2&#8243;][vc_column_text]La UE Cornell\u00e0, tal y como hoy es conocida, se fund\u00f3 en el a\u00f1o 1951 tras la uni\u00f3n de los equipos CF Cornell\u00e0, la Acad\u00e8mia Junyent, el Atl\u00e9tico Padr\u00f3 y, posteriormente, la Escuela Sant [&hellip;]","og_url":"https:\/\/uecornella.cat\/en\/club\/","og_site_name":"Uni\u00f3 Esportiva Cornell\u00e0","article_publisher":"https:\/\/www.facebook.com\/UECornella?fref=ts","article_modified_time":"2025-05-03T18:58:39+00:00","twitter_card":"summary_large_image","twitter_site":"@ue_cornella","twitter_misc":{"Est. reading time":"9 minutes"},"schema":{"@context":"https:\/\/schema.org","@graph":[{"@type":"WebPage","@id":"https:\/\/uecornella.cat\/en\/club\/","url":"https:\/\/uecornella.cat\/en\/club\/","name":"El Club - Uni\u00f3 Esportiva Cornell\u00e0","isPartOf":{"@id":"https:\/\/uecornella.cat\/en\/#website"},"datePublished":"2020-12-12T11:10:23+00:00","dateModified":"2025-05-03T18:58:39+00:00","breadcrumb":{"@id":"https:\/\/uecornella.cat\/en\/club\/#breadcrumb"},"inLanguage":"en-US","potentialAction":[{"@type":"ReadAction","target":["https:\/\/uecornella.cat\/en\/club\/"]}]},{"@type":"BreadcrumbList","@id":"https:\/\/uecornella.cat\/en\/club\/#breadcrumb","itemListElement":[{"@type":"ListItem","position":1,"name":"Portada","item":"https:\/\/uecornella.cat\/en\/"},{"@type":"ListItem","position":2,"name":"El Club"}]},{"@type":"WebSite","@id":"https:\/\/uecornella.cat\/en\/#website","url":"https:\/\/uecornella.cat\/en\/","name":"Uni\u00f3 Esportiva Cornell\u00e0","description":"Escuela de f\u00fatbol y club de f\u00fatbol de Cornell\u00e0","publisher":{"@id":"https:\/\/uecornella.cat\/en\/#organization"},"potentialAction":[{"@type":"SearchAction","target":{"@type":"EntryPoint","urlTemplate":"https:\/\/uecornella.cat\/en\/?s={search_term_string}"},"query-input":{"@type":"PropertyValueSpecification","valueRequired":true,"valueName":"search_term_string"}}],"inLanguage":"en-US"},{"@type":"Organization","@id":"https:\/\/uecornella.cat\/en\/#organization","name":"Uni\u00f3 Esportiva Cornell\u00e0","url":"https:\/\/uecornella.cat\/en\/","logo":{"@type":"ImageObject","inLanguage":"en-US","@id":"https:\/\/uecornella.cat\/en\/#\/schema\/logo\/image\/","url":"https:\/\/www.uecornella.cat\/wp-content\/uploads\/2022\/01\/apple-icon-144x144-1.png","contentUrl":"https:\/\/www.uecornella.cat\/wp-content\/uploads\/2022\/01\/apple-icon-144x144-1.png","width":144,"height":144,"caption":"Uni\u00f3 Esportiva Cornell\u00e0"},"image":{"@id":"https:\/\/uecornella.cat\/en\/#\/schema\/logo\/image\/"},"sameAs":["https:\/\/www.facebook.com\/UECornella?fref=ts","https:\/\/x.com\/ue_cornella","http:\/\/instagram.com\/uecornella","https:\/\/www.youtube.com\/channel\/UCcwgya5MdVvxRn_MeD6A0vg"]}]}},"_links":{"self":[{"href":"https:\/\/uecornella.cat\/en\/wp-json\/wp\/v2\/pages\/19822","targetHints":{"allow":["GET"]}}],"collection":[{"href":"https:\/\/uecornella.cat\/en\/wp-json\/wp\/v2\/pages"}],"about":[{"href":"https:\/\/uecornella.cat\/en\/wp-json\/wp\/v2\/types\/page"}],"author":[{"embeddable":true,"href":"https:\/\/uecornella.cat\/en\/wp-json\/wp\/v2\/users\/1"}],"replies":[{"embeddable":true,"href":"https:\/\/uecornella.cat\/en\/wp-json\/wp\/v2\/comments?post=19822"}],"version-history":[{"count":32,"href":"https:\/\/uecornella.cat\/en\/wp-json\/wp\/v2\/pages\/19822\/revisions"}],"predecessor-version":[{"id":46050,"href":"https:\/\/uecornella.cat\/en\/wp-json\/wp\/v2\/pages\/19822\/revisions\/46050"}],"wp:attachment":[{"href":"https:\/\/uecornella.cat\/en\/wp-json\/wp\/v2\/media?parent=19822"}],"curies":[{"name":"wp","href":"https:\/\/api.w.org\/{rel}","templated":true}]}}