{"id":25524,"date":"2021-09-17T09:22:31","date_gmt":"2021-09-17T09:22:31","guid":{"rendered":"https:\/\/www.uecornella.cat\/?page_id=25524"},"modified":"2023-01-30T19:54:40","modified_gmt":"2023-01-30T19:54:40","slug":"boarding-academy","status":"publish","type":"page","link":"https:\/\/uecornella.cat\/en\/boarding-academy\/","title":{"rendered":"Boarding academy"},"content":{"rendered":"<div class=\"wpb-content-wrapper\"><p>[vc_row][vc_column width=&#8221;1\/2&#8243;][vc_column_text]<\/p>\n<p style=\"text-align: justify;\">El <strong>Boarding Soccer Academy<\/strong> de referencia en Barcelona de la Uni\u00f3 Esportiva Cornell\u00e0, es una oportunidad \u00fanica para j\u00f3venes entre 10 y 23 a\u00f1os de crecer y formarse como jugador de f\u00fatbol profesional. La <strong>Academia<\/strong> dispone de formaciones desde 1 semana a 10 meses, y reconocidos jugadores profesionales de f\u00fatbol \u00a0de talla mundial como lo son Jordi Alba, Keita Balde, Ilie S\u00e1nchez o Ignasi Miquel saben lo que es formarse en la <strong>UE Cornell\u00e0<\/strong> y triunfar a nivel <strong>internacional<\/strong>.<\/p>\n<p style=\"text-align: justify;\">Los equipos de f\u00fatbol base de la Academia de la UE Cornell\u00e0 juegan en los niveles m\u00e1s altos del f\u00fatbol formativo en Espa\u00f1a, enfrent\u00e1ndose a equipos de f\u00fatbol base profesionales como el FC Barcelona y el RCD Espanyol de Barcelona y de donde, cada a\u00f1o, alrededor de 20 jugadores son fichados por equipos de f\u00fatbol base de clubes profesionales de toda Espa\u00f1a y Europa.<\/p>\n<p>[\/vc_column_text][\/vc_column][vc_column width=&#8221;1\/2&#8243;][vc_single_image image=&#8221;25777&#8243; img_size=&#8221;full&#8221; alignment=&#8221;center&#8221; css_animation=&#8221;bounceInRight&#8221;][\/vc_column][\/vc_row][vc_row][vc_column width=&#8221;1\/2&#8243;][vc_single_image image=&#8221;25779&#8243; img_size=&#8221;full&#8221; alignment=&#8221;center&#8221; css_animation=&#8221;bounceInLeft&#8221;][\/vc_column][vc_column width=&#8221;1\/2&#8243;][vc_column_text]<\/p>\n<p style=\"text-align: justify;\">El club de la UE Cornell\u00e0 cuenta con m\u00e1s de 60 equipos para todas las edades. Los equipos juegan en diferentes categor\u00edas o niveles. Esto ayuda a los <strong>futbolistas internacionales<\/strong> a adaptarse paso a paso para jugar al f\u00fatbol en Espa\u00f1a. Con el esfuerzo y paciencia, tienes en la UE Cornell\u00e0 de Barcelona una autopista para convertirte en futbolista profesional.<\/p>\n<p style=\"text-align: justify;\">La UE Cornell\u00e0 cuenta desde hace m\u00e1s de 12 a\u00f1os con un referente en la formaci\u00f3n de deportistas internacionales y proporciona a todos los jugadores internacionales que se quieren formar en <strong>Barcelona<\/strong> una entidad de elite como es <a href=\"http:\/\/www.wospacstages.com\"><strong>WOSPAC<\/strong><\/a>. Una de las <strong>canteras<\/strong> TOP de <strong>Espa\u00f1a<\/strong> no podr\u00eda formar a jugadores internacionales sin la ayuda de profesionales que cuidan al m\u00e1ximo de sus deportistas internacionales, y les proporcionan todos los cuidados y servicios necesarios para vivir, estudiar, y practicar su deporte favorito en Barcelona.<\/p>\n<p>[\/vc_column_text][\/vc_column][\/vc_row][vc_row][vc_column width=&#8221;1\/2&#8243;][vc_column_text]<\/p>\n<p style=\"text-align: justify;\">La <strong>Soccer Academy<\/strong> de la UE Cornell\u00e0 cuenta con una residencia exclusiva para deportistas. Con alcance <strong>internacional<\/strong>, completos servicios y profesionales totalmente cualificados, <a href=\"http:\/\/www.wospacstages.com\">WOSPAC<\/a> es l\u00edder en su sector por garantizar los pilares fundamentales de los que un joven debe disponer: formaci\u00f3n deportiva, educaci\u00f3n y salud. WOSPAC proporciona en el <strong>Boarding Football Academy<\/strong> Barcelona 24 horas de supervisi\u00f3n y cuidados. Ya son m\u00e1s de 12 a\u00f1os formando a j\u00f3venes jugadores de f\u00fatbol de todo el mundo en Barcelona, y aunque no es f\u00e1cil para una familia mandar a su hijo tan lejos de casa, ya son m\u00e1s de 500 familias que han depositado en <a href=\"http:\/\/www.wospacstages.com\">WOSPAC<\/a> la formaci\u00f3n y el cuidado de sus hijos. En el <strong>Residence Soccer Academy<\/strong> de la UE Cornell\u00e0 se ayuda a crecer a los deportistas como persona, y se les gu\u00eda para que tengan una buena integraci\u00f3n en otro pa\u00eds, cultura e idioma.<\/p>\n<p>[\/vc_column_text][\/vc_column][vc_column width=&#8221;1\/2&#8243;][vc_single_image image=&#8221;26462&#8243; img_size=&#8221;full&#8221; alignment=&#8221;center&#8221; css_animation=&#8221;bounceInRight&#8221;][\/vc_column][\/vc_row][vc_row][vc_column width=&#8221;1\/2&#8243;][vc_single_image image=&#8221;26467&#8243; img_size=&#8221;full&#8221; alignment=&#8221;center&#8221; css_animation=&#8221;bounceInLeft&#8221;][\/vc_column][vc_column width=&#8221;1\/2&#8243;][vc_column_text]<\/p>\n<p style=\"text-align: justify;\">El <strong>Boarding Soccer School<\/strong> de <a href=\"http:\/\/www.wospacstages.com\">WOSPAC<\/a> puede proporcionar alojamiento, educaci\u00f3n internacional, educaci\u00f3n en idiomas, entrenamientos en grupo o personales de perfeccionamiento, entrenamientos en el Club de la UE Cornell\u00e0, transportes, seguros, tutor legal, gesti\u00f3n de VISADO y NIE, video an\u00e1lisis, psic\u00f3logo deportivo, nutrici\u00f3n deportiva, rutinas deportivas, y todo lo necesario para realizar una formaci\u00f3n integral en Barcelona.<\/p>\n<p style=\"text-align: justify;\">Los <strong>programas<\/strong> ofrecidos por <a href=\"http:\/\/www.wospacstages.com\">WOSPAC<\/a> constan de entrenamiento de <strong>tecnificaci\u00f3n<\/strong> y gimnasio por las ma\u00f1anas, formaci\u00f3n educativa durante el d\u00eda, y entrenamientos por las tardes con los equipos de la UE Cornell\u00e0 o de perfeccionamiento f\u00edsico, t\u00e9cnico y t\u00e1ctico con <a href=\"http:\/\/www.wospacstages.com\">WOSPAC<\/a>. El Club de la UE Cornell\u00e0 junto con la Academia de f\u00fatbol de <a href=\"http:\/\/www.wospacstages.com\">WOSPAC<\/a> ofrecen a jugadores de todo el mundo la oportunidad de vivir y formarse en Barcelona, en un entorno sano, deportivo y con las herramientas necesarias para convertirte en jugador profesional de f\u00fatbol.<\/p>\n<p style=\"text-align: justify;\"><a href=\"http:\/\/www.wospacstages.com\">WOSPAC<\/a> es tu Soccer Academy de referencia en Espa\u00f1a. Contacta con nosotros y consigue una de las 20 plazas disponibles. Contacta con nosotros para saber cu\u00e1ndo son las pruebas para poder entrar en nuestro programa. Las plazas son limitadas.<\/p>\n<p>[\/vc_column_text][\/vc_column][\/vc_row][vc_row equal_height=&#8221;yes&#8221; content_placement=&#8221;middle&#8221;][vc_column width=&#8221;2\/3&#8243;][vc_single_image image=&#8221;25775&#8243; img_size=&#8221;full&#8221; alignment=&#8221;center&#8221; onclick=&#8221;link_image&#8221; css_animation=&#8221;bounceInUp&#8221;][\/vc_column][vc_column css_animation=&#8221;lightSpeedIn&#8221; width=&#8221;1\/3&#8243;][vc_btn title=&#8221;Contacta con nosotros en el email: uecacademy@uecornella.cat&#8221; style=&#8221;3d&#8221; color=&#8221;success&#8221; size=&#8221;lg&#8221; align=&#8221;center&#8221; css_animation=&#8221;lightSpeedIn&#8221; button_block=&#8221;true&#8221; link=&#8221;url:mailto%3Auecacademy%40uecornella.cat&#8221; el_class=&#8221;botocontacte&#8221;][vc_btn title=&#8221;WhatsApp (+34) 639 521 335&#8243; style=&#8221;3d&#8221; color=&#8221;success&#8221; size=&#8221;lg&#8221; align=&#8221;center&#8221; i_icon_fontawesome=&#8221;fab fa-whatsapp&#8221; css_animation=&#8221;lightSpeedIn&#8221; button_block=&#8221;true&#8221; add_icon=&#8221;true&#8221; link=&#8221;url:https%3A%2F%2Fweb.whatsapp.com%2Fsend%3Fphone%3D34639521335|target:_blank&#8221; el_class=&#8221;botocontacte&#8221;][\/vc_column][\/vc_row][vc_row equal_height=&#8221;yes&#8221; content_placement=&#8221;middle&#8221;][vc_column][vc_single_image image=&#8221;25781&#8243; img_size=&#8221;full&#8221; alignment=&#8221;center&#8221; css_animation=&#8221;lightSpeedIn&#8221;][\/vc_column][\/vc_row][vc_row][vc_column][vc_images_carousel images=&#8221;26464,26460,26458,26456,26452,26450,26597,26595,26593,26591,26589&#8243; img_size=&#8221;full&#8221; slides_per_view=&#8221;4&#8243; autoplay=&#8221;yes&#8221; hide_pagination_control=&#8221;yes&#8221; partial_view=&#8221;yes&#8221; wrap=&#8221;yes&#8221;][vc_separator border_width=&#8221;2&#8243; css=&#8221;.vc_custom_1632817193148{margin-top: 32px !important;margin-bottom: 32px !important;}&#8221;][\/vc_column][\/vc_row]<\/p>\n<\/div>","protected":false},"excerpt":{"rendered":"<p>[vc_row][vc_column width=&#8221;1\/2&#8243;][vc_column_text] El Boarding Soccer Academy de referencia en Barcelona de la Uni\u00f3 Esportiva Cornell\u00e0, es una oportunidad \u00fanica para j\u00f3venes entre 10 y 23 a\u00f1os de crecer y formarse como jugador de f\u00fatbol profesional. La Academia dispone de formaciones desde 1 semana a 10 meses, y reconocidos jugadores profesionales de f\u00fatbol \u00a0de talla mundial [&hellip;]<\/p>\n","protected":false},"author":1,"featured_media":0,"parent":0,"menu_order":0,"comment_status":"closed","ping_status":"closed","template":"","meta":{"_acf_changed":false,"footnotes":""},"class_list":["post-25524","page","type-page","status-publish","hentry"],"acf":[],"yoast_head":"<!-- This site is optimized with the Yoast SEO plugin v25.8 - https:\/\/yoast.com\/wordpress\/plugins\/seo\/ -->\n<title>Boarding academy - Uni\u00f3 Esportiva Cornell\u00e0<\/title>\n<meta name=\"robots\" content=\"index, follow, max-snippet:-1, max-image-preview:large, max-video-preview:-1\" \/>\n<link rel=\"canonical\" href=\"https:\/\/uecornella.cat\/en\/boarding-academy\/\" \/>\n<meta property=\"og:locale\" content=\"en_US\" \/>\n<meta property=\"og:type\" content=\"article\" \/>\n<meta property=\"og:title\" content=\"Boarding academy - Uni\u00f3 Esportiva Cornell\u00e0\" \/>\n<meta property=\"og:description\" content=\"[vc_row][vc_column width=&#8221;1\/2&#8243;][vc_column_text] El Boarding Soccer Academy de referencia en Barcelona de la Uni\u00f3 Esportiva Cornell\u00e0, es una oportunidad \u00fanica para j\u00f3venes entre 10 y 23 a\u00f1os de crecer y formarse como jugador de f\u00fatbol profesional. La Academia dispone de formaciones desde 1 semana a 10 meses, y reconocidos jugadores profesionales de f\u00fatbol \u00a0de talla mundial [&hellip;]\" \/>\n<meta property=\"og:url\" content=\"https:\/\/uecornella.cat\/en\/boarding-academy\/\" \/>\n<meta property=\"og:site_name\" content=\"Uni\u00f3 Esportiva Cornell\u00e0\" \/>\n<meta property=\"article:publisher\" content=\"https:\/\/www.facebook.com\/UECornella?fref=ts\" \/>\n<meta property=\"article:modified_time\" content=\"2023-01-30T19:54:40+00:00\" \/>\n<meta name=\"twitter:card\" content=\"summary_large_image\" \/>\n<meta name=\"twitter:site\" content=\"@ue_cornella\" \/>\n<meta name=\"twitter:label1\" content=\"Est. reading time\" \/>\n\t<meta name=\"twitter:data1\" content=\"5 minutes\" \/>\n<script type=\"application\/ld+json\" class=\"yoast-schema-graph\">{\"@context\":\"https:\/\/schema.org\",\"@graph\":[{\"@type\":\"WebPage\",\"@id\":\"https:\/\/uecornella.cat\/en\/boarding-academy\/\",\"url\":\"https:\/\/uecornella.cat\/en\/boarding-academy\/\",\"name\":\"Boarding academy - Uni\u00f3 Esportiva Cornell\u00e0\",\"isPartOf\":{\"@id\":\"https:\/\/uecornella.cat\/en\/#website\"},\"datePublished\":\"2021-09-17T09:22:31+00:00\",\"dateModified\":\"2023-01-30T19:54:40+00:00\",\"breadcrumb\":{\"@id\":\"https:\/\/uecornella.cat\/en\/boarding-academy\/#breadcrumb\"},\"inLanguage\":\"en-US\",\"potentialAction\":[{\"@type\":\"ReadAction\",\"target\":[\"https:\/\/uecornella.cat\/en\/boarding-academy\/\"]}]},{\"@type\":\"BreadcrumbList\",\"@id\":\"https:\/\/uecornella.cat\/en\/boarding-academy\/#breadcrumb\",\"itemListElement\":[{\"@type\":\"ListItem\",\"position\":1,\"name\":\"Portada\",\"item\":\"https:\/\/uecornella.cat\/en\/\"},{\"@type\":\"ListItem\",\"position\":2,\"name\":\"Boarding academy\"}]},{\"@type\":\"WebSite\",\"@id\":\"https:\/\/uecornella.cat\/en\/#website\",\"url\":\"https:\/\/uecornella.cat\/en\/\",\"name\":\"Uni\u00f3 Esportiva Cornell\u00e0\",\"description\":\"Escuela de f\u00fatbol y club de f\u00fatbol de Cornell\u00e0\",\"publisher\":{\"@id\":\"https:\/\/uecornella.cat\/en\/#organization\"},\"potentialAction\":[{\"@type\":\"SearchAction\",\"target\":{\"@type\":\"EntryPoint\",\"urlTemplate\":\"https:\/\/uecornella.cat\/en\/?s={search_term_string}\"},\"query-input\":{\"@type\":\"PropertyValueSpecification\",\"valueRequired\":true,\"valueName\":\"search_term_string\"}}],\"inLanguage\":\"en-US\"},{\"@type\":\"Organization\",\"@id\":\"https:\/\/uecornella.cat\/en\/#organization\",\"name\":\"Uni\u00f3 Esportiva Cornell\u00e0\",\"url\":\"https:\/\/uecornella.cat\/en\/\",\"logo\":{\"@type\":\"ImageObject\",\"inLanguage\":\"en-US\",\"@id\":\"https:\/\/uecornella.cat\/en\/#\/schema\/logo\/image\/\",\"url\":\"https:\/\/www.uecornella.cat\/wp-content\/uploads\/2022\/01\/apple-icon-144x144-1.png\",\"contentUrl\":\"https:\/\/www.uecornella.cat\/wp-content\/uploads\/2022\/01\/apple-icon-144x144-1.png\",\"width\":144,\"height\":144,\"caption\":\"Uni\u00f3 Esportiva Cornell\u00e0\"},\"image\":{\"@id\":\"https:\/\/uecornella.cat\/en\/#\/schema\/logo\/image\/\"},\"sameAs\":[\"https:\/\/www.facebook.com\/UECornella?fref=ts\",\"https:\/\/x.com\/ue_cornella\",\"http:\/\/instagram.com\/uecornella\",\"https:\/\/www.youtube.com\/channel\/UCcwgya5MdVvxRn_MeD6A0vg\"]}]}<\/script>\n<!-- \/ Yoast SEO plugin. -->","yoast_head_json":{"title":"Boarding academy - Uni\u00f3 Esportiva Cornell\u00e0","robots":{"index":"index","follow":"follow","max-snippet":"max-snippet:-1","max-image-preview":"max-image-preview:large","max-video-preview":"max-video-preview:-1"},"canonical":"https:\/\/uecornella.cat\/en\/boarding-academy\/","og_locale":"en_US","og_type":"article","og_title":"Boarding academy - Uni\u00f3 Esportiva Cornell\u00e0","og_description":"[vc_row][vc_column width=&#8221;1\/2&#8243;][vc_column_text] El Boarding Soccer Academy de referencia en Barcelona de la Uni\u00f3 Esportiva Cornell\u00e0, es una oportunidad \u00fanica para j\u00f3venes entre 10 y 23 a\u00f1os de crecer y formarse como jugador de f\u00fatbol profesional. La Academia dispone de formaciones desde 1 semana a 10 meses, y reconocidos jugadores profesionales de f\u00fatbol \u00a0de talla mundial [&hellip;]","og_url":"https:\/\/uecornella.cat\/en\/boarding-academy\/","og_site_name":"Uni\u00f3 Esportiva Cornell\u00e0","article_publisher":"https:\/\/www.facebook.com\/UECornella?fref=ts","article_modified_time":"2023-01-30T19:54:40+00:00","twitter_card":"summary_large_image","twitter_site":"@ue_cornella","twitter_misc":{"Est. reading time":"5 minutes"},"schema":{"@context":"https:\/\/schema.org","@graph":[{"@type":"WebPage","@id":"https:\/\/uecornella.cat\/en\/boarding-academy\/","url":"https:\/\/uecornella.cat\/en\/boarding-academy\/","name":"Boarding academy - Uni\u00f3 Esportiva Cornell\u00e0","isPartOf":{"@id":"https:\/\/uecornella.cat\/en\/#website"},"datePublished":"2021-09-17T09:22:31+00:00","dateModified":"2023-01-30T19:54:40+00:00","breadcrumb":{"@id":"https:\/\/uecornella.cat\/en\/boarding-academy\/#breadcrumb"},"inLanguage":"en-US","potentialAction":[{"@type":"ReadAction","target":["https:\/\/uecornella.cat\/en\/boarding-academy\/"]}]},{"@type":"BreadcrumbList","@id":"https:\/\/uecornella.cat\/en\/boarding-academy\/#breadcrumb","itemListElement":[{"@type":"ListItem","position":1,"name":"Portada","item":"https:\/\/uecornella.cat\/en\/"},{"@type":"ListItem","position":2,"name":"Boarding academy"}]},{"@type":"WebSite","@id":"https:\/\/uecornella.cat\/en\/#website","url":"https:\/\/uecornella.cat\/en\/","name":"Uni\u00f3 Esportiva Cornell\u00e0","description":"Escuela de f\u00fatbol y club de f\u00fatbol de Cornell\u00e0","publisher":{"@id":"https:\/\/uecornella.cat\/en\/#organization"},"potentialAction":[{"@type":"SearchAction","target":{"@type":"EntryPoint","urlTemplate":"https:\/\/uecornella.cat\/en\/?s={search_term_string}"},"query-input":{"@type":"PropertyValueSpecification","valueRequired":true,"valueName":"search_term_string"}}],"inLanguage":"en-US"},{"@type":"Organization","@id":"https:\/\/uecornella.cat\/en\/#organization","name":"Uni\u00f3 Esportiva Cornell\u00e0","url":"https:\/\/uecornella.cat\/en\/","logo":{"@type":"ImageObject","inLanguage":"en-US","@id":"https:\/\/uecornella.cat\/en\/#\/schema\/logo\/image\/","url":"https:\/\/www.uecornella.cat\/wp-content\/uploads\/2022\/01\/apple-icon-144x144-1.png","contentUrl":"https:\/\/www.uecornella.cat\/wp-content\/uploads\/2022\/01\/apple-icon-144x144-1.png","width":144,"height":144,"caption":"Uni\u00f3 Esportiva Cornell\u00e0"},"image":{"@id":"https:\/\/uecornella.cat\/en\/#\/schema\/logo\/image\/"},"sameAs":["https:\/\/www.facebook.com\/UECornella?fref=ts","https:\/\/x.com\/ue_cornella","http:\/\/instagram.com\/uecornella","https:\/\/www.youtube.com\/channel\/UCcwgya5MdVvxRn_MeD6A0vg"]}]}},"_links":{"self":[{"href":"https:\/\/uecornella.cat\/en\/wp-json\/wp\/v2\/pages\/25524","targetHints":{"allow":["GET"]}}],"collection":[{"href":"https:\/\/uecornella.cat\/en\/wp-json\/wp\/v2\/pages"}],"about":[{"href":"https:\/\/uecornella.cat\/en\/wp-json\/wp\/v2\/types\/page"}],"author":[{"embeddable":true,"href":"https:\/\/uecornella.cat\/en\/wp-json\/wp\/v2\/users\/1"}],"replies":[{"embeddable":true,"href":"https:\/\/uecornella.cat\/en\/wp-json\/wp\/v2\/comments?post=25524"}],"version-history":[{"count":29,"href":"https:\/\/uecornella.cat\/en\/wp-json\/wp\/v2\/pages\/25524\/revisions"}],"predecessor-version":[{"id":34965,"href":"https:\/\/uecornella.cat\/en\/wp-json\/wp\/v2\/pages\/25524\/revisions\/34965"}],"wp:attachment":[{"href":"https:\/\/uecornella.cat\/en\/wp-json\/wp\/v2\/media?parent=25524"}],"curies":[{"name":"wp","href":"https:\/\/api.w.org\/{rel}","templated":true}]}}