{"id":26568,"date":"2021-10-11T11:15:54","date_gmt":"2021-10-11T11:15:54","guid":{"rendered":"https:\/\/www.uecornella.cat\/?page_id=26568"},"modified":"2023-01-30T19:53:25","modified_gmt":"2023-01-30T19:53:25","slug":"english","status":"publish","type":"page","link":"https:\/\/uecornella.cat\/en\/boarding-academy\/english\/","title":{"rendered":"Boarding Academy (English)"},"content":{"rendered":"<div class=\"wpb-content-wrapper\"><p>[vc_row][vc_column width=&#8221;1\/2&#8243;][vc_column_text]<\/p>\n<p style=\"text-align: justify;\">The <strong>Boarding Soccer Academy<\/strong> of reference in Barcelona of the Uni\u00f3 Esportiva Cornell\u00e0, is a unique opportunity for young people between 10 and 23 years of age to grow and train as a professional soccer player. The Academy has programs from 1 week to 10 months, and TOP PRO &#8211; ELITE professional soccer players such as Jordi Alba, Keita Balde, Ilie S\u00e1nchez or Ignasi Miquel know what it is to train in the <strong>UE Cornell\u00e0<\/strong> of Barcelona and succeed <strong>internationally<\/strong>.<\/p>\n<p style=\"text-align: justify;\">The youth football teams of the UE Cornell\u00e0 Academy play at the highest levels of football in Spain, facing professional youth soccer teams such as FC Barcelona and RCD Espanyol de Barcelona and from where, every year, around 20 players are signed by professional club youth soccer teams from all over Spain and Europe.<\/p>\n<p>[\/vc_column_text][\/vc_column][vc_column width=&#8221;1\/2&#8243;][vc_single_image image=&#8221;25778&#8243; img_size=&#8221;full&#8221; alignment=&#8221;center&#8221; css_animation=&#8221;bounceInRight&#8221;][\/vc_column][\/vc_row][vc_row][vc_column width=&#8221;1\/2&#8243;][vc_single_image image=&#8221;25780&#8243; img_size=&#8221;full&#8221; alignment=&#8221;center&#8221; css_animation=&#8221;bounceInLeft&#8221;][\/vc_column][vc_column width=&#8221;1\/2&#8243;][vc_column_text]<\/p>\n<p style=\"text-align: justify;\">The UE Cornell\u00e0 club has more than 60 teams for all ages. Teams play in different categories or levels. This helps <strong>international football players<\/strong> to adapt step by step to play soccer in Spain. With effort and patience, you have in the UE Cornell\u00e0 de Barcelona a highway to become a professional soccer player. For more than 12 years, the UE Cornell\u00e0 has been a benchmark in the training of international football players and provides all international players who want to train in Barcelona with an ELITE entity such as <a href=\"http:\/\/www.wospacstages.com\">WOSPAC<\/a>. One of the <strong>TOP youth Clubs in Spain <\/strong>could not train <strong>international players<\/strong> without the help of professionals who take maximum care of their international football players, and provide them with all the care and services necessary to live, study, and practice their favorite sport in Barcelona.<\/p>\n<p>[\/vc_column_text][\/vc_column][\/vc_row][vc_row][vc_column width=&#8221;1\/2&#8243;][vc_column_text]<\/p>\n<p style=\"text-align: justify;\">The <strong>Soccer Academy<\/strong> of the UE Cornell\u00e0 has an exclusive residence for soccer players. With international scope, complete services and <strong>fully qualified professionals<\/strong>, <a href=\"http:\/\/www.wospacstages.com\"><strong>WOSPAC<\/strong> <\/a>is a leader in its sector for guaranteeing the fundamental pillars that a young person must have: sports training, education and health. <a href=\"http:\/\/www.wospacstages.com\">WOSPAC<\/a> provides 24-hour supervision and care at the <strong>Boarding Football Academy Barcelona<\/strong>. For more than 12 years training young soccer players from all over the world in Barcelona, and although it is not easy for a family to send their son so far from home, there are already more than 500 families who have deposited in <a href=\"http:\/\/www.wospacstages.com\">WOSPAC<\/a> the training and the taking care of their children. At the Residence Soccer Academy of the UE Cornell\u00e0, football players are helped to grow as a person, and they are guided so that they have a good integration in another country, culture and language.<\/p>\n<p>[\/vc_column_text][\/vc_column][vc_column width=&#8221;1\/2&#8243;][vc_single_image image=&#8221;26463&#8243; img_size=&#8221;full&#8221; alignment=&#8221;center&#8221; css_animation=&#8221;bounceInRight&#8221;][\/vc_column][\/vc_row][vc_row][vc_column width=&#8221;1\/2&#8243;][vc_single_image image=&#8221;26468&#8243; img_size=&#8221;full&#8221; alignment=&#8221;center&#8221; css_animation=&#8221;bounceInLeft&#8221;][\/vc_column][vc_column width=&#8221;1\/2&#8243;][vc_column_text]<\/p>\n<p style=\"text-align: justify;\">The <strong>WOSPAC Boarding Soccer School<\/strong> can provide accommodation, international education, language education, personal and group training, training in the EU Cornell\u00e0 Club youth teams, transportation, insurance, legal guardian, VISA and NIE management, video analysis, sports psychologist, sports nutrition, sport routines, and everything you need to carry out a comprehensive training in Barcelona.<\/p>\n<p style=\"text-align: justify;\">The <strong>programs<\/strong> offered by <a href=\"http:\/\/www.wospacstages.com\">WOSPAC<\/a> consist of personal or group training sessions and gym training in the mornings, school education during the day, and training in the afternoon with the UE Cornell\u00e0 teams or physical, technical and tactical improvement with <a href=\"http:\/\/www.wospacstages.com\">WOSPAC<\/a>. The UE Cornell\u00e0 Club together with <strong><a href=\"http:\/\/www.wospacstages.com\">WOSPAC<\/a> Soccer Academy <\/strong>offers players from all over the world the opportunity to live and train in Barcelona, \u200b\u200bin a healthy, sporty environment and with the necessary tools to become a professional soccer player.<\/p>\n<p style=\"text-align: justify;\"><a href=\"http:\/\/www.wospacstages.com\">WOSPAC<\/a> is your Soccer Academy of reference in Spain. Contact us and get one of the 20 available places. Contact us to find out when the tests are to be able to enter our program. Places are limited.<\/p>\n<p>[\/vc_column_text][\/vc_column][\/vc_row][vc_row equal_height=&#8221;yes&#8221; content_placement=&#8221;middle&#8221;][vc_column width=&#8221;2\/3&#8243;][vc_single_image image=&#8221;25776&#8243; img_size=&#8221;full&#8221; alignment=&#8221;center&#8221; onclick=&#8221;link_image&#8221; css_animation=&#8221;bounceInUp&#8221;][\/vc_column][vc_column css_animation=&#8221;lightSpeedIn&#8221; width=&#8221;1\/3&#8243;][vc_btn title=&#8221;Contact us by email: uecacademy@uecornella.cat&#8221; style=&#8221;3d&#8221; color=&#8221;success&#8221; size=&#8221;lg&#8221; align=&#8221;center&#8221; css_animation=&#8221;lightSpeedIn&#8221; button_block=&#8221;true&#8221; link=&#8221;url:mailto%3Auecacademy%40uecornella.cat&#8221; el_class=&#8221;botocontacte&#8221;][vc_btn title=&#8221;WHATSAPP (+34) 639 521 335&#8243; style=&#8221;3d&#8221; color=&#8221;success&#8221; size=&#8221;lg&#8221; align=&#8221;center&#8221; i_icon_fontawesome=&#8221;fab fa-whatsapp&#8221; css_animation=&#8221;lightSpeedIn&#8221; button_block=&#8221;true&#8221; add_icon=&#8221;true&#8221; link=&#8221;url:https%3A%2F%2Fweb.whatsapp.com%2Fsend%3Fphone%3D34639521335|target:_blank&#8221; el_class=&#8221;botocontacte&#8221;][\/vc_column][\/vc_row][vc_row equal_height=&#8221;yes&#8221; content_placement=&#8221;middle&#8221;][vc_column][vc_single_image image=&#8221;25782&#8243; img_size=&#8221;full&#8221; alignment=&#8221;center&#8221; css_animation=&#8221;lightSpeedIn&#8221;][\/vc_column][\/vc_row][vc_row][vc_column][vc_images_carousel images=&#8221;26465,26461,26459,26457,26453,26451,26596,26594,26592,26590,26588&#8243; img_size=&#8221;full&#8221; slides_per_view=&#8221;4&#8243; autoplay=&#8221;yes&#8221; hide_pagination_control=&#8221;yes&#8221; partial_view=&#8221;yes&#8221; wrap=&#8221;yes&#8221;][vc_separator border_width=&#8221;2&#8243; css=&#8221;.vc_custom_1632817193148{margin-top: 32px !important;margin-bottom: 32px !important;}&#8221;][\/vc_column][\/vc_row]<\/p>\n<\/div>","protected":false},"excerpt":{"rendered":"<p>[vc_row][vc_column width=&#8221;1\/2&#8243;][vc_column_text] The Boarding Soccer Academy of reference in Barcelona of the Uni\u00f3 Esportiva Cornell\u00e0, is a unique opportunity for young people between 10 and 23 years of age to grow and train as a professional soccer player. The Academy has programs from 1 week to 10 months, and TOP PRO &#8211; ELITE professional soccer [&hellip;]<\/p>\n","protected":false},"author":1,"featured_media":0,"parent":25524,"menu_order":0,"comment_status":"closed","ping_status":"closed","template":"","meta":{"_acf_changed":false,"footnotes":""},"class_list":["post-26568","page","type-page","status-publish","hentry"],"acf":[],"yoast_head":"<!-- This site is optimized with the Yoast SEO plugin v25.8 - https:\/\/yoast.com\/wordpress\/plugins\/seo\/ -->\n<title>Boarding Academy (English) - Uni\u00f3 Esportiva Cornell\u00e0<\/title>\n<meta name=\"robots\" content=\"index, follow, max-snippet:-1, max-image-preview:large, max-video-preview:-1\" \/>\n<link rel=\"canonical\" href=\"https:\/\/uecornella.cat\/en\/boarding-academy\/english\/\" \/>\n<meta property=\"og:locale\" content=\"en_US\" \/>\n<meta property=\"og:type\" content=\"article\" \/>\n<meta property=\"og:title\" content=\"Boarding Academy (English) - Uni\u00f3 Esportiva Cornell\u00e0\" \/>\n<meta property=\"og:description\" content=\"[vc_row][vc_column width=&#8221;1\/2&#8243;][vc_column_text] The Boarding Soccer Academy of reference in Barcelona of the Uni\u00f3 Esportiva Cornell\u00e0, is a unique opportunity for young people between 10 and 23 years of age to grow and train as a professional soccer player. The Academy has programs from 1 week to 10 months, and TOP PRO &#8211; ELITE professional soccer [&hellip;]\" \/>\n<meta property=\"og:url\" content=\"https:\/\/uecornella.cat\/en\/boarding-academy\/english\/\" \/>\n<meta property=\"og:site_name\" content=\"Uni\u00f3 Esportiva Cornell\u00e0\" \/>\n<meta property=\"article:publisher\" content=\"https:\/\/www.facebook.com\/UECornella?fref=ts\" \/>\n<meta property=\"article:modified_time\" content=\"2023-01-30T19:53:25+00:00\" \/>\n<meta name=\"twitter:card\" content=\"summary_large_image\" \/>\n<meta name=\"twitter:site\" content=\"@ue_cornella\" \/>\n<meta name=\"twitter:label1\" content=\"Est. reading time\" \/>\n\t<meta name=\"twitter:data1\" content=\"4 minutes\" \/>\n<script type=\"application\/ld+json\" class=\"yoast-schema-graph\">{\"@context\":\"https:\/\/schema.org\",\"@graph\":[{\"@type\":\"WebPage\",\"@id\":\"https:\/\/uecornella.cat\/en\/boarding-academy\/english\/\",\"url\":\"https:\/\/uecornella.cat\/en\/boarding-academy\/english\/\",\"name\":\"Boarding Academy (English) - Uni\u00f3 Esportiva Cornell\u00e0\",\"isPartOf\":{\"@id\":\"https:\/\/uecornella.cat\/en\/#website\"},\"datePublished\":\"2021-10-11T11:15:54+00:00\",\"dateModified\":\"2023-01-30T19:53:25+00:00\",\"breadcrumb\":{\"@id\":\"https:\/\/uecornella.cat\/en\/boarding-academy\/english\/#breadcrumb\"},\"inLanguage\":\"en-US\",\"potentialAction\":[{\"@type\":\"ReadAction\",\"target\":[\"https:\/\/uecornella.cat\/en\/boarding-academy\/english\/\"]}]},{\"@type\":\"BreadcrumbList\",\"@id\":\"https:\/\/uecornella.cat\/en\/boarding-academy\/english\/#breadcrumb\",\"itemListElement\":[{\"@type\":\"ListItem\",\"position\":1,\"name\":\"Portada\",\"item\":\"https:\/\/uecornella.cat\/en\/\"},{\"@type\":\"ListItem\",\"position\":2,\"name\":\"Boarding academy\",\"item\":\"https:\/\/uecornella.cat\/en\/boarding-academy\/\"},{\"@type\":\"ListItem\",\"position\":3,\"name\":\"Boarding Academy (English)\"}]},{\"@type\":\"WebSite\",\"@id\":\"https:\/\/uecornella.cat\/en\/#website\",\"url\":\"https:\/\/uecornella.cat\/en\/\",\"name\":\"Uni\u00f3 Esportiva Cornell\u00e0\",\"description\":\"Escuela de f\u00fatbol y club de f\u00fatbol de Cornell\u00e0\",\"publisher\":{\"@id\":\"https:\/\/uecornella.cat\/en\/#organization\"},\"potentialAction\":[{\"@type\":\"SearchAction\",\"target\":{\"@type\":\"EntryPoint\",\"urlTemplate\":\"https:\/\/uecornella.cat\/en\/?s={search_term_string}\"},\"query-input\":{\"@type\":\"PropertyValueSpecification\",\"valueRequired\":true,\"valueName\":\"search_term_string\"}}],\"inLanguage\":\"en-US\"},{\"@type\":\"Organization\",\"@id\":\"https:\/\/uecornella.cat\/en\/#organization\",\"name\":\"Uni\u00f3 Esportiva Cornell\u00e0\",\"url\":\"https:\/\/uecornella.cat\/en\/\",\"logo\":{\"@type\":\"ImageObject\",\"inLanguage\":\"en-US\",\"@id\":\"https:\/\/uecornella.cat\/en\/#\/schema\/logo\/image\/\",\"url\":\"https:\/\/www.uecornella.cat\/wp-content\/uploads\/2022\/01\/apple-icon-144x144-1.png\",\"contentUrl\":\"https:\/\/www.uecornella.cat\/wp-content\/uploads\/2022\/01\/apple-icon-144x144-1.png\",\"width\":144,\"height\":144,\"caption\":\"Uni\u00f3 Esportiva Cornell\u00e0\"},\"image\":{\"@id\":\"https:\/\/uecornella.cat\/en\/#\/schema\/logo\/image\/\"},\"sameAs\":[\"https:\/\/www.facebook.com\/UECornella?fref=ts\",\"https:\/\/x.com\/ue_cornella\",\"http:\/\/instagram.com\/uecornella\",\"https:\/\/www.youtube.com\/channel\/UCcwgya5MdVvxRn_MeD6A0vg\"]}]}<\/script>\n<!-- \/ Yoast SEO plugin. -->","yoast_head_json":{"title":"Boarding Academy (English) - Uni\u00f3 Esportiva Cornell\u00e0","robots":{"index":"index","follow":"follow","max-snippet":"max-snippet:-1","max-image-preview":"max-image-preview:large","max-video-preview":"max-video-preview:-1"},"canonical":"https:\/\/uecornella.cat\/en\/boarding-academy\/english\/","og_locale":"en_US","og_type":"article","og_title":"Boarding Academy (English) - Uni\u00f3 Esportiva Cornell\u00e0","og_description":"[vc_row][vc_column width=&#8221;1\/2&#8243;][vc_column_text] The Boarding Soccer Academy of reference in Barcelona of the Uni\u00f3 Esportiva Cornell\u00e0, is a unique opportunity for young people between 10 and 23 years of age to grow and train as a professional soccer player. The Academy has programs from 1 week to 10 months, and TOP PRO &#8211; ELITE professional soccer [&hellip;]","og_url":"https:\/\/uecornella.cat\/en\/boarding-academy\/english\/","og_site_name":"Uni\u00f3 Esportiva Cornell\u00e0","article_publisher":"https:\/\/www.facebook.com\/UECornella?fref=ts","article_modified_time":"2023-01-30T19:53:25+00:00","twitter_card":"summary_large_image","twitter_site":"@ue_cornella","twitter_misc":{"Est. reading time":"4 minutes"},"schema":{"@context":"https:\/\/schema.org","@graph":[{"@type":"WebPage","@id":"https:\/\/uecornella.cat\/en\/boarding-academy\/english\/","url":"https:\/\/uecornella.cat\/en\/boarding-academy\/english\/","name":"Boarding Academy (English) - Uni\u00f3 Esportiva Cornell\u00e0","isPartOf":{"@id":"https:\/\/uecornella.cat\/en\/#website"},"datePublished":"2021-10-11T11:15:54+00:00","dateModified":"2023-01-30T19:53:25+00:00","breadcrumb":{"@id":"https:\/\/uecornella.cat\/en\/boarding-academy\/english\/#breadcrumb"},"inLanguage":"en-US","potentialAction":[{"@type":"ReadAction","target":["https:\/\/uecornella.cat\/en\/boarding-academy\/english\/"]}]},{"@type":"BreadcrumbList","@id":"https:\/\/uecornella.cat\/en\/boarding-academy\/english\/#breadcrumb","itemListElement":[{"@type":"ListItem","position":1,"name":"Portada","item":"https:\/\/uecornella.cat\/en\/"},{"@type":"ListItem","position":2,"name":"Boarding academy","item":"https:\/\/uecornella.cat\/en\/boarding-academy\/"},{"@type":"ListItem","position":3,"name":"Boarding Academy (English)"}]},{"@type":"WebSite","@id":"https:\/\/uecornella.cat\/en\/#website","url":"https:\/\/uecornella.cat\/en\/","name":"Uni\u00f3 Esportiva Cornell\u00e0","description":"Escuela de f\u00fatbol y club de f\u00fatbol de Cornell\u00e0","publisher":{"@id":"https:\/\/uecornella.cat\/en\/#organization"},"potentialAction":[{"@type":"SearchAction","target":{"@type":"EntryPoint","urlTemplate":"https:\/\/uecornella.cat\/en\/?s={search_term_string}"},"query-input":{"@type":"PropertyValueSpecification","valueRequired":true,"valueName":"search_term_string"}}],"inLanguage":"en-US"},{"@type":"Organization","@id":"https:\/\/uecornella.cat\/en\/#organization","name":"Uni\u00f3 Esportiva Cornell\u00e0","url":"https:\/\/uecornella.cat\/en\/","logo":{"@type":"ImageObject","inLanguage":"en-US","@id":"https:\/\/uecornella.cat\/en\/#\/schema\/logo\/image\/","url":"https:\/\/www.uecornella.cat\/wp-content\/uploads\/2022\/01\/apple-icon-144x144-1.png","contentUrl":"https:\/\/www.uecornella.cat\/wp-content\/uploads\/2022\/01\/apple-icon-144x144-1.png","width":144,"height":144,"caption":"Uni\u00f3 Esportiva Cornell\u00e0"},"image":{"@id":"https:\/\/uecornella.cat\/en\/#\/schema\/logo\/image\/"},"sameAs":["https:\/\/www.facebook.com\/UECornella?fref=ts","https:\/\/x.com\/ue_cornella","http:\/\/instagram.com\/uecornella","https:\/\/www.youtube.com\/channel\/UCcwgya5MdVvxRn_MeD6A0vg"]}]}},"_links":{"self":[{"href":"https:\/\/uecornella.cat\/en\/wp-json\/wp\/v2\/pages\/26568","targetHints":{"allow":["GET"]}}],"collection":[{"href":"https:\/\/uecornella.cat\/en\/wp-json\/wp\/v2\/pages"}],"about":[{"href":"https:\/\/uecornella.cat\/en\/wp-json\/wp\/v2\/types\/page"}],"author":[{"embeddable":true,"href":"https:\/\/uecornella.cat\/en\/wp-json\/wp\/v2\/users\/1"}],"replies":[{"embeddable":true,"href":"https:\/\/uecornella.cat\/en\/wp-json\/wp\/v2\/comments?post=26568"}],"version-history":[{"count":9,"href":"https:\/\/uecornella.cat\/en\/wp-json\/wp\/v2\/pages\/26568\/revisions"}],"predecessor-version":[{"id":34966,"href":"https:\/\/uecornella.cat\/en\/wp-json\/wp\/v2\/pages\/26568\/revisions\/34966"}],"up":[{"embeddable":true,"href":"https:\/\/uecornella.cat\/en\/wp-json\/wp\/v2\/pages\/25524"}],"wp:attachment":[{"href":"https:\/\/uecornella.cat\/en\/wp-json\/wp\/v2\/media?parent=26568"}],"curies":[{"name":"wp","href":"https:\/\/api.w.org\/{rel}","templated":true}]}}