{"id":5243,"date":"2016-09-10T06:55:04","date_gmt":"2016-09-10T06:55:04","guid":{"rendered":"http:\/\/www.uecornella.cat\/?page_id=5243"},"modified":"2024-07-26T10:30:49","modified_gmt":"2024-07-26T10:30:49","slug":"home","status":"publish","type":"page","link":"https:\/\/uecornella.cat\/en\/home\/","title":{"rendered":"Inicio"},"content":{"rendered":"<div class=\"wpb-content-wrapper\"><p>[vc_row][vc_column][vc_column_text css=&#8221;&#8221;][dt_sc_fullwidth_section id=&#8221;slider-portada&#8221; backgroundcolor=&#8221;&#8221; backgroundimage=&#8221;&#8221; opacity=&#8221;&#8221; parallax=&#8221;&#8221; backgroundrepeat=&#8221;&#8221; backgroundposition=&#8221;&#8221; paddingtop=&#8221;0px&#8221; paddingbottom=&#8221;0px&#8221; textcolor=&#8221;&#8221; class=&#8221;&#8221; first]<\/p>\n<script type=\"text\/javascript\">jQuery(function() { _initLayerSlider( '#layerslider_1_kmmi7ewibsi3', {sliderVersion: '7.12.4', type: 'fullwidth', responsiveUnder: 1240, allowFullscreen: true, slideBGSize: 'auto', hideUnder: 0, hideOver: 100000, pauseOnHover: 1, skin: 'v5', sliderFadeInDuration: 350, globalBGSize: 'cover', navPrevNext: false, hoverPrevNext: false, navStartStop: false, navButtons: false, showCircleTimer: false, useSrcset: true, skinsPath: 'https:\/\/uecornella.cat\/wp-content\/plugins\/LayerSlider\/assets\/static\/layerslider\/skins\/', performanceMode: true}); });<\/script><div id=\"layerslider_1_kmmi7ewibsi3\"  class=\"ls-wp-container fitvidsignore ls-selectable\" style=\"width:1500px;height:700px;margin:0 auto;margin-bottom: 0px;\"><div class=\"ls-slide\" data-ls=\"bgsize:cover;bgposition:50% 50%;duration:10000;\"><img loading=\"lazy\" decoding=\"async\" width=\"2000\" height=\"1364\" src=\"https:\/\/uecornella.cat\/wp-content\/uploads\/2026\/03\/marketing.drive_Football_stadium_at_night._Green_confetti_in_th_23423fdb-4cae-4e99-a4b8-02cad51fc91e.png\" class=\"ls-bg\" alt=\"\" srcset=\"https:\/\/uecornella.cat\/wp-content\/uploads\/2026\/03\/marketing.drive_Football_stadium_at_night._Green_confetti_in_th_23423fdb-4cae-4e99-a4b8-02cad51fc91e.png 2000w, https:\/\/uecornella.cat\/wp-content\/uploads\/2026\/03\/marketing.drive_Football_stadium_at_night._Green_confetti_in_th_23423fdb-4cae-4e99-a4b8-02cad51fc91e-290x198.png 290w, https:\/\/uecornella.cat\/wp-content\/uploads\/2026\/03\/marketing.drive_Football_stadium_at_night._Green_confetti_in_th_23423fdb-4cae-4e99-a4b8-02cad51fc91e-1024x698.png 1024w, https:\/\/uecornella.cat\/wp-content\/uploads\/2026\/03\/marketing.drive_Football_stadium_at_night._Green_confetti_in_th_23423fdb-4cae-4e99-a4b8-02cad51fc91e-768x524.png 768w, https:\/\/uecornella.cat\/wp-content\/uploads\/2026\/03\/marketing.drive_Football_stadium_at_night._Green_confetti_in_th_23423fdb-4cae-4e99-a4b8-02cad51fc91e-1536x1048.png 1536w, https:\/\/uecornella.cat\/wp-content\/uploads\/2026\/03\/marketing.drive_Football_stadium_at_night._Green_confetti_in_th_23423fdb-4cae-4e99-a4b8-02cad51fc91e-570x390.png 570w, https:\/\/uecornella.cat\/wp-content\/uploads\/2026\/03\/marketing.drive_Football_stadium_at_night._Green_confetti_in_th_23423fdb-4cae-4e99-a4b8-02cad51fc91e-300x205.png 300w\" sizes=\"auto, (max-width: 2000px) 100vw, 2000px\" \/><\/div><\/div>\n<p>[\/dt_sc_fullwidth_section][dt_sc_one_fourth id=&#8221;column_data&#8221; type=&#8221;type2&#8243; first][dt_sc_icon_box type=&#8221;type9&#8243; icon_class=&#8221;&#8221; custom_img_class=&#8221;&#8221; custom_img=&#8221;<a href=\"http:\/\/www.uecornella.cat\/wp-content\/uploads\/2018\/02\/abonate.jpg\">http:\/\/www.uecornella.cat\/wp-content\/uploads\/2018\/02\/abonate.jpg<\/a>&#8221; custom_over_img=&#8221;<a href=\"http:\/\/www.uecornella.cat\/wp-content\/uploads\/2017\/07\/user-128.png\">http:\/\/www.uecornella.cat\/wp-content\/uploads\/2017\/07\/user-128.png<\/a>&#8221; title=&#8221;Ab\u00f3nate&#8221; subtitle=&#8221;&#8221; link=&#8221;<a href=\"https:\/\/www.uecornella.cat\/abonados\/\">https:\/\/www.uecornella.cat\/abonados\/<\/a>&#8221; button_text=&#8221;&#8221; no_count=&#8221;&#8221; count_text=&#8221;&#8221; class=&#8221;selfframe&#8221;]<br \/>\n[\/dt_sc_icon_box][\/dt_sc_one_fourth][dt_sc_one_fourth id=&#8221;column_data&#8221; type=&#8221;type2&#8243; ][dt_sc_icon_box type=&#8221;type9&#8243; icon_class=&#8221;&#8221; custom_img_class=&#8221;&#8221; custom_img=&#8221;<a href=\"http:\/\/www.uecornella.cat\/wp-content\/uploads\/2018\/02\/social.jpg\">http:\/\/www.uecornella.cat\/wp-content\/uploads\/2018\/02\/social.jpg<\/a>&#8221; custom_over_img=&#8221;<a href=\"http:\/\/www.uecornella.cat\/wp-content\/uploads\/2016\/09\/humanpictos.png\">http:\/\/www.uecornella.cat\/wp-content\/uploads\/2016\/09\/humanpictos.png<\/a>&#8221; title=&#8221;Social&#8221; subtitle=&#8221;&#8221; link=&#8221;\/socios\/#ventajas&#8221; button_text=&#8221;&#8221; no_count=&#8221;&#8221; count_text=&#8221;&#8221; class=&#8221;selfframe&#8221; \/][\/dt_sc_one_fourth][dt_sc_one_fourth id=&#8221;column_data&#8221; type=&#8221;type2&#8243; ][dt_sc_icon_box type=&#8221;type9&#8243; icon_class=&#8221;&#8221; custom_img_class=&#8221;&#8221; custom_img=&#8221;<a href=\"https:\/\/www.uecornella.cat\/wp-content\/uploads\/2019\/02\/canalyoutube.jpg\">https:\/\/www.uecornella.cat\/wp-content\/uploads\/2019\/02\/canalyoutube.jpg<\/a>&#8221; custom_over_img=&#8221;<a href=\"https:\/\/www.uecornella.cat\/wp-content\/uploads\/2018\/02\/television.png\">https:\/\/www.uecornella.cat\/wp-content\/uploads\/2018\/02\/television.png<\/a>&#8221; title=&#8221;FOOTTERS&#8221; subtitle=&#8221;&#8221; link=&#8221;<a href=\"https:\/\/www.footters.com\/teams\/cornella\">https:\/\/www.footters.com\/teams\/cornella<\/a>&#8221; button_text=&#8221;&#8221; no_count=&#8221;&#8221; count_text=&#8221;&#8221; class=&#8221;selfframe&#8221; \/][\/dt_sc_one_fourth][dt_sc_one_fourth id=&#8221;column_data&#8221; type=&#8221;type2&#8243; ][dt_sc_icon_box type=&#8221;type9&#8243; icon_class=&#8221;&#8221; custom_img_class=&#8221;&#8221; custom_img=&#8221;<a href=\"https:\/\/www.uecornella.cat\/wp-content\/uploads\/2017\/07\/tienda.jpg\">https:\/\/www.uecornella.cat\/wp-content\/uploads\/2017\/07\/tienda.jpg<\/a>&#8221; custom_over_img=&#8221;<a href=\"https:\/\/www.uecornella.cat\/wp-content\/uploads\/2017\/07\/buy-128.png\">https:\/\/www.uecornella.cat\/wp-content\/uploads\/2017\/07\/buy-128.png<\/a>&#8221; title=&#8221;Tienda online&#8221; subtitle=&#8221;&#8221; link=&#8221;<a href=\"http:\/\/cpsmerchan.com\/uecornella\">http:\/\/cpsmerchan.com\/uecornella<\/a>&#8221; button_text=&#8221;&#8221; no_count=&#8221;&#8221; count_text=&#8221;&#8221; class=&#8221;selfframe&#8221; \/][\/dt_sc_one_fourth][dt_sc_hr_invisible_large \/][dt_sc_fullwidth_section id=&#8221;&#8221; backgroundcolor=&#8221;&#8221; backgroundimage=&#8221;&#8221; opacity=&#8221;&#8221; parallax=&#8221;&#8221; backgroundrepeat=&#8221;&#8221; backgroundposition=&#8221;&#8221; paddingtop=&#8221;&#8221; paddingbottom=&#8221;75&#8243; textcolor=&#8221;&#8221; class=&#8221;&#8221; first]<\/p>\n<p>[dt_sc_clients_carousel]<\/p>\n<ul>\n<li>[dt_sc_client_item title=&#8221;Tram&#8221; link=&#8221;https:\/\/www.tram.cat\/es&#8221; image=&#8221;\/wp-content\/uploads\/2022\/02\/AF_Tram_PosColor_300.png&#8221; \/]<\/li>\n<li>[dt_sc_client_item title=&#8221;San Miguel&#8221; link=&#8221;https:\/\/www.sanmiguel.es\/&#8221; image=&#8221;\/wp-content\/uploads\/2018\/02\/sanmiguel100.jpg&#8221; \/]<\/li>\n<li>[dt_sc_client_item title=&#8221;wospac&#8221; link=&#8221;http:\/\/www.wospac.com\/&#8221; image=&#8221;\/wp-content\/uploads\/2021\/09\/wospac-1.png&#8221; \/]<\/li>\n<li>[dt_sc_client_item title=&#8221;Ajuntament de Cornell\u00e0&#8221; link=&#8221;http:\/\/www.cornella.cat\/es\/index.asp?idioma=es&#8221; image=&#8221;\/wp-content\/uploads\/2018\/02\/cornella100.jpg&#8221; \/]<\/li>\n<li><\/li>\n<li>[dt_sc_client_item title=&#8221;Eninter&#8221; link=&#8221;https:\/\/www.eninter.com\/&#8221; image=&#8221;\/wp-content\/uploads\/2021\/02\/logo-eninter-blanc.png&#8221; \/]<\/li>\n<\/ul>\n<p>[\/dt_sc_clients_carousel]<\/p>\n<p>[\/dt_sc_fullwidth_section][dt_sc_fullwidth_section first][dt_sc_h2 class=&#8221;aligncenter&#8221; subtitle=&#8221;&#8221;]<\/p>\n<p>\u00daltimas noticias<\/p>\n<p>[\/dt_sc_h2][dt_sc_hr_invisible_small \/][dt_sc_one_column id=&#8221;column_data&#8221; first][dt_sc_blog_posts excerpt_length=&#8221;25&#8243; show_meta=&#8221;false&#8221; limit=&#8221;6&#8243; categories=&#8221;138&#8243; posts_column=&#8221;one-third-column&#8221; \/][\/dt_sc_one_column][\/dt_sc_fullwidth_section][dt_sc_hr_invisible_medium \/][dt_sc_fullwidth_section first][dt_sc_h2 class=&#8221;aligncenter&#8221; subtitle=&#8221;&#8221;]<\/p>\n<p>[\/dt_sc_h2][\/dt_sc_fullwidth_section][dt_sc_hr_invisible_medium \/][dt_sc_fullwidth_section id=&#8221;portadareclam&#8221; backgroundcolor=&#8221;&#8221; backgroundimage=&#8221;amb&#8221; opacity=&#8221;&#8221; parallax=&#8221;no&#8221; backgroundrepeat=&#8221;no-repeat&#8221; backgroundposition=&#8221;center center&#8221; paddingtop=&#8221;0&#8243; paddingbottom=&#8221;0&#8243; textcolor=&#8221;#ffffff&#8221; class=&#8221;transparent-bg&#8221; first][dt_sc_one_half id=&#8221;column_data&#8221; class=&#8221;alignright&#8221; first]<\/p>\n<div class=\"slanting-edge\">\n<p>[dt_sc_hr_invisible_medium][dt_sc_hr_invisible][dt_sc_one_third_inner first type =&#8221; type1&#8243;]<br \/>\n[dt_sc_icon_box type =&#8221; type7&#8243; icon_class=&#8217;icon icon-soccer boton-juega&#8217; title=&#8217;<span style=\"color: #ffffff;\">Juega con nosotros<\/span>&#8216; link=&#8217;\/contacto\/&#8217; ]<br \/>\n[\/dt_sc_icon_box]<br \/>\n[\/dt_sc_one_third_inner]<br \/>\n[dt_sc_one_third_inner type =&#8221; type1&#8243;]<br \/>\n[dt_sc_icon_box type =&#8221; type7&#8243; icon_class=&#8217;icon icon-users&#8217; title=&#8217;<span style=\"color: #ffffff;\">Abonados<\/span>&#8216; link=&#8217;\/abonados\/#formulario-alta&#8217; ]<br \/>\n[\/dt_sc_icon_box]<br \/>\n[\/dt_sc_one_third_inner]<br \/>\n[dt_sc_one_third_inner type =&#8221; type1&#8243;]<br \/>\n[dt_sc_icon_box type =&#8221; type7&#8243; icon_class=&#8217;icon icon-agenda&#8217; title=&#8217;<span style=\"color: #ffffff;\">Ventajas y descuentos<\/span>&#8216; link=&#8217;\/abonados\/#ventajas&#8217; ]<br \/>\n[\/dt_sc_icon_box]<br \/>\n[\/dt_sc_one_third_inner]<br \/>\n[dt_sc_hr_invisible]<\/p>\n<p>&nbsp;<\/p>\n<h5 class=\"simple-title\">EL M\u00c1S AMBICIOSO PROYECTO FUTBOL\u00cdSTICO DEL BAIX LLOBREGAT TIENE LAS PUERTAS ABIERTAS<\/h5>\n<p>[dt_sc_hr_invisible]<\/p>\n<\/div>\n<p>[\/dt_sc_one_half][dt_sc_one_half id=&#8221;column_data&#8221; class=&#8221;alignright&#8221; ][\/dt_sc_one_half][\/dt_sc_fullwidth_section][dt_sc_clear \/][dt_sc_hr_invisible_large \/][dt_sc_fullwidth_section id=&#8221;&#8221; backgroundcolor=&#8221;&#8221; backgroundimage=&#8221;<a href=\"http:\/\/www.uecornella.cat\/wp-content\/uploads\/2015\/12\/sunrise.png\">http:\/\/www.uecornella.cat\/wp-content\/uploads\/2015\/12\/sunrise.png<\/a>&#8221; opacity=&#8221;&#8221; parallax=&#8221;yes&#8221; backgroundrepeat=&#8221;repeat&#8221; backgroundposition=&#8221;&#8221; paddingtop=&#8221;60&#8243; paddingbottom=&#8221;50&#8243; textcolor=&#8221;&#8221; class=&#8221;skin-color&#8221; first][dt_sc_one_fourth first]<\/p>\n<p>[\/dt_sc_one_fourth][\/dt_sc_fullwidth_section][\/vc_column_text][\/vc_column][\/vc_row]<\/p>\n<\/div>","protected":false},"excerpt":{"rendered":"<p>[vc_row][vc_column][vc_column_text css=&#8221;&#8221;][dt_sc_fullwidth_section id=&#8221;slider-portada&#8221; backgroundcolor=&#8221;&#8221; backgroundimage=&#8221;&#8221; opacity=&#8221;&#8221; parallax=&#8221;&#8221; backgroundrepeat=&#8221;&#8221; backgroundposition=&#8221;&#8221; paddingtop=&#8221;0px&#8221; paddingbottom=&#8221;0px&#8221; textcolor=&#8221;&#8221; class=&#8221;&#8221; first] [\/dt_sc_fullwidth_section][dt_sc_one_fourth id=&#8221;column_data&#8221; type=&#8221;type2&#8243; first][dt_sc_icon_box type=&#8221;type9&#8243; icon_class=&#8221;&#8221; custom_img_class=&#8221;&#8221; custom_img=&#8221;http:\/\/www.uecornella.cat\/wp-content\/uploads\/2018\/02\/abonate.jpg&#8221; custom_over_img=&#8221;http:\/\/www.uecornella.cat\/wp-content\/uploads\/2017\/07\/user-128.png&#8221; title=&#8221;Ab\u00f3nate&#8221; subtitle=&#8221;&#8221; link=&#8221;https:\/\/www.uecornella.cat\/abonados\/&#8221; button_text=&#8221;&#8221; no_count=&#8221;&#8221; count_text=&#8221;&#8221; class=&#8221;selfframe&#8221;] [\/dt_sc_icon_box][\/dt_sc_one_fourth][dt_sc_one_fourth id=&#8221;column_data&#8221; type=&#8221;type2&#8243; ][dt_sc_icon_box type=&#8221;type9&#8243; icon_class=&#8221;&#8221; custom_img_class=&#8221;&#8221; custom_img=&#8221;http:\/\/www.uecornella.cat\/wp-content\/uploads\/2018\/02\/social.jpg&#8221; custom_over_img=&#8221;http:\/\/www.uecornella.cat\/wp-content\/uploads\/2016\/09\/humanpictos.png&#8221; title=&#8221;Social&#8221; subtitle=&#8221;&#8221; link=&#8221;\/socios\/#ventajas&#8221; button_text=&#8221;&#8221; no_count=&#8221;&#8221; count_text=&#8221;&#8221; class=&#8221;selfframe&#8221; \/][\/dt_sc_one_fourth][dt_sc_one_fourth id=&#8221;column_data&#8221; type=&#8221;type2&#8243; ][dt_sc_icon_box type=&#8221;type9&#8243; icon_class=&#8221;&#8221; custom_img_class=&#8221;&#8221; custom_img=&#8221;https:\/\/www.uecornella.cat\/wp-content\/uploads\/2019\/02\/canalyoutube.jpg&#8221; custom_over_img=&#8221;https:\/\/www.uecornella.cat\/wp-content\/uploads\/2018\/02\/television.png&#8221; [&hellip;]<\/p>\n","protected":false},"author":1,"featured_media":0,"parent":0,"menu_order":-1,"comment_status":"closed","ping_status":"closed","template":"","meta":{"_acf_changed":false,"footnotes":""},"class_list":["post-5243","page","type-page","status-publish","hentry"],"acf":[],"yoast_head":"<!-- This site is optimized with the Yoast SEO plugin v25.8 - https:\/\/yoast.com\/wordpress\/plugins\/seo\/ -->\n<title>Inicio - Uni\u00f3 Esportiva Cornell\u00e0<\/title>\n<meta name=\"robots\" content=\"index, follow, max-snippet:-1, max-image-preview:large, max-video-preview:-1\" \/>\n<link rel=\"canonical\" href=\"https:\/\/uecornella.cat\/en\/home\/\" \/>\n<meta property=\"og:locale\" content=\"en_US\" \/>\n<meta property=\"og:type\" content=\"article\" \/>\n<meta property=\"og:title\" content=\"Inicio - Uni\u00f3 Esportiva Cornell\u00e0\" \/>\n<meta property=\"og:description\" content=\"[vc_row][vc_column][vc_column_text css=&#8221;&#8221;][dt_sc_fullwidth_section id=&#8221;slider-portada&#8221; backgroundcolor=&#8221;&#8221; backgroundimage=&#8221;&#8221; opacity=&#8221;&#8221; parallax=&#8221;&#8221; backgroundrepeat=&#8221;&#8221; backgroundposition=&#8221;&#8221; paddingtop=&#8221;0px&#8221; paddingbottom=&#8221;0px&#8221; textcolor=&#8221;&#8221; class=&#8221;&#8221; first] [\/dt_sc_fullwidth_section][dt_sc_one_fourth id=&#8221;column_data&#8221; type=&#8221;type2&#8243; first][dt_sc_icon_box type=&#8221;type9&#8243; icon_class=&#8221;&#8221; custom_img_class=&#8221;&#8221; custom_img=&#8221;http:\/\/www.uecornella.cat\/wp-content\/uploads\/2018\/02\/abonate.jpg&#8221; custom_over_img=&#8221;http:\/\/www.uecornella.cat\/wp-content\/uploads\/2017\/07\/user-128.png&#8221; title=&#8221;Ab\u00f3nate&#8221; subtitle=&#8221;&#8221; link=&#8221;https:\/\/www.uecornella.cat\/abonados\/&#8221; button_text=&#8221;&#8221; no_count=&#8221;&#8221; count_text=&#8221;&#8221; class=&#8221;selfframe&#8221;] [\/dt_sc_icon_box][\/dt_sc_one_fourth][dt_sc_one_fourth id=&#8221;column_data&#8221; type=&#8221;type2&#8243; ][dt_sc_icon_box type=&#8221;type9&#8243; icon_class=&#8221;&#8221; custom_img_class=&#8221;&#8221; custom_img=&#8221;http:\/\/www.uecornella.cat\/wp-content\/uploads\/2018\/02\/social.jpg&#8221; custom_over_img=&#8221;http:\/\/www.uecornella.cat\/wp-content\/uploads\/2016\/09\/humanpictos.png&#8221; title=&#8221;Social&#8221; subtitle=&#8221;&#8221; link=&#8221;\/socios\/#ventajas&#8221; button_text=&#8221;&#8221; no_count=&#8221;&#8221; count_text=&#8221;&#8221; class=&#8221;selfframe&#8221; \/][\/dt_sc_one_fourth][dt_sc_one_fourth id=&#8221;column_data&#8221; type=&#8221;type2&#8243; ][dt_sc_icon_box type=&#8221;type9&#8243; icon_class=&#8221;&#8221; custom_img_class=&#8221;&#8221; custom_img=&#8221;https:\/\/www.uecornella.cat\/wp-content\/uploads\/2019\/02\/canalyoutube.jpg&#8221; custom_over_img=&#8221;https:\/\/www.uecornella.cat\/wp-content\/uploads\/2018\/02\/television.png&#8221; [&hellip;]\" \/>\n<meta property=\"og:url\" content=\"https:\/\/uecornella.cat\/en\/home\/\" \/>\n<meta property=\"og:site_name\" content=\"Uni\u00f3 Esportiva Cornell\u00e0\" \/>\n<meta property=\"article:publisher\" content=\"https:\/\/www.facebook.com\/UECornella?fref=ts\" \/>\n<meta property=\"article:modified_time\" content=\"2024-07-26T10:30:49+00:00\" \/>\n<meta name=\"twitter:card\" content=\"summary_large_image\" \/>\n<meta name=\"twitter:site\" content=\"@ue_cornella\" \/>\n<meta name=\"twitter:label1\" content=\"Est. reading time\" \/>\n\t<meta name=\"twitter:data1\" content=\"2 minutes\" \/>\n<script type=\"application\/ld+json\" class=\"yoast-schema-graph\">{\"@context\":\"https:\/\/schema.org\",\"@graph\":[{\"@type\":\"WebPage\",\"@id\":\"https:\/\/uecornella.cat\/en\/home\/\",\"url\":\"https:\/\/uecornella.cat\/en\/home\/\",\"name\":\"Inicio - Uni\u00f3 Esportiva Cornell\u00e0\",\"isPartOf\":{\"@id\":\"https:\/\/uecornella.cat\/en\/#website\"},\"datePublished\":\"2016-09-10T06:55:04+00:00\",\"dateModified\":\"2024-07-26T10:30:49+00:00\",\"breadcrumb\":{\"@id\":\"https:\/\/uecornella.cat\/en\/home\/#breadcrumb\"},\"inLanguage\":\"en-US\",\"potentialAction\":[{\"@type\":\"ReadAction\",\"target\":[\"https:\/\/uecornella.cat\/en\/home\/\"]}]},{\"@type\":\"BreadcrumbList\",\"@id\":\"https:\/\/uecornella.cat\/en\/home\/#breadcrumb\",\"itemListElement\":[{\"@type\":\"ListItem\",\"position\":1,\"name\":\"Portada\",\"item\":\"https:\/\/uecornella.cat\/en\/\"},{\"@type\":\"ListItem\",\"position\":2,\"name\":\"Inicio\"}]},{\"@type\":\"WebSite\",\"@id\":\"https:\/\/uecornella.cat\/en\/#website\",\"url\":\"https:\/\/uecornella.cat\/en\/\",\"name\":\"Uni\u00f3 Esportiva Cornell\u00e0\",\"description\":\"Escuela de f\u00fatbol y club de f\u00fatbol de Cornell\u00e0\",\"publisher\":{\"@id\":\"https:\/\/uecornella.cat\/en\/#organization\"},\"potentialAction\":[{\"@type\":\"SearchAction\",\"target\":{\"@type\":\"EntryPoint\",\"urlTemplate\":\"https:\/\/uecornella.cat\/en\/?s={search_term_string}\"},\"query-input\":{\"@type\":\"PropertyValueSpecification\",\"valueRequired\":true,\"valueName\":\"search_term_string\"}}],\"inLanguage\":\"en-US\"},{\"@type\":\"Organization\",\"@id\":\"https:\/\/uecornella.cat\/en\/#organization\",\"name\":\"Uni\u00f3 Esportiva Cornell\u00e0\",\"url\":\"https:\/\/uecornella.cat\/en\/\",\"logo\":{\"@type\":\"ImageObject\",\"inLanguage\":\"en-US\",\"@id\":\"https:\/\/uecornella.cat\/en\/#\/schema\/logo\/image\/\",\"url\":\"https:\/\/www.uecornella.cat\/wp-content\/uploads\/2022\/01\/apple-icon-144x144-1.png\",\"contentUrl\":\"https:\/\/www.uecornella.cat\/wp-content\/uploads\/2022\/01\/apple-icon-144x144-1.png\",\"width\":144,\"height\":144,\"caption\":\"Uni\u00f3 Esportiva Cornell\u00e0\"},\"image\":{\"@id\":\"https:\/\/uecornella.cat\/en\/#\/schema\/logo\/image\/\"},\"sameAs\":[\"https:\/\/www.facebook.com\/UECornella?fref=ts\",\"https:\/\/x.com\/ue_cornella\",\"http:\/\/instagram.com\/uecornella\",\"https:\/\/www.youtube.com\/channel\/UCcwgya5MdVvxRn_MeD6A0vg\"]}]}<\/script>\n<!-- \/ Yoast SEO plugin. -->","yoast_head_json":{"title":"Inicio - Uni\u00f3 Esportiva Cornell\u00e0","robots":{"index":"index","follow":"follow","max-snippet":"max-snippet:-1","max-image-preview":"max-image-preview:large","max-video-preview":"max-video-preview:-1"},"canonical":"https:\/\/uecornella.cat\/en\/home\/","og_locale":"en_US","og_type":"article","og_title":"Inicio - Uni\u00f3 Esportiva Cornell\u00e0","og_description":"[vc_row][vc_column][vc_column_text css=&#8221;&#8221;][dt_sc_fullwidth_section id=&#8221;slider-portada&#8221; backgroundcolor=&#8221;&#8221; backgroundimage=&#8221;&#8221; opacity=&#8221;&#8221; parallax=&#8221;&#8221; backgroundrepeat=&#8221;&#8221; backgroundposition=&#8221;&#8221; paddingtop=&#8221;0px&#8221; paddingbottom=&#8221;0px&#8221; textcolor=&#8221;&#8221; class=&#8221;&#8221; first] [\/dt_sc_fullwidth_section][dt_sc_one_fourth id=&#8221;column_data&#8221; type=&#8221;type2&#8243; first][dt_sc_icon_box type=&#8221;type9&#8243; icon_class=&#8221;&#8221; custom_img_class=&#8221;&#8221; custom_img=&#8221;http:\/\/www.uecornella.cat\/wp-content\/uploads\/2018\/02\/abonate.jpg&#8221; custom_over_img=&#8221;http:\/\/www.uecornella.cat\/wp-content\/uploads\/2017\/07\/user-128.png&#8221; title=&#8221;Ab\u00f3nate&#8221; subtitle=&#8221;&#8221; link=&#8221;https:\/\/www.uecornella.cat\/abonados\/&#8221; button_text=&#8221;&#8221; no_count=&#8221;&#8221; count_text=&#8221;&#8221; class=&#8221;selfframe&#8221;] [\/dt_sc_icon_box][\/dt_sc_one_fourth][dt_sc_one_fourth id=&#8221;column_data&#8221; type=&#8221;type2&#8243; ][dt_sc_icon_box type=&#8221;type9&#8243; icon_class=&#8221;&#8221; custom_img_class=&#8221;&#8221; custom_img=&#8221;http:\/\/www.uecornella.cat\/wp-content\/uploads\/2018\/02\/social.jpg&#8221; custom_over_img=&#8221;http:\/\/www.uecornella.cat\/wp-content\/uploads\/2016\/09\/humanpictos.png&#8221; title=&#8221;Social&#8221; subtitle=&#8221;&#8221; link=&#8221;\/socios\/#ventajas&#8221; button_text=&#8221;&#8221; no_count=&#8221;&#8221; count_text=&#8221;&#8221; class=&#8221;selfframe&#8221; \/][\/dt_sc_one_fourth][dt_sc_one_fourth id=&#8221;column_data&#8221; type=&#8221;type2&#8243; ][dt_sc_icon_box type=&#8221;type9&#8243; icon_class=&#8221;&#8221; custom_img_class=&#8221;&#8221; custom_img=&#8221;https:\/\/www.uecornella.cat\/wp-content\/uploads\/2019\/02\/canalyoutube.jpg&#8221; custom_over_img=&#8221;https:\/\/www.uecornella.cat\/wp-content\/uploads\/2018\/02\/television.png&#8221; [&hellip;]","og_url":"https:\/\/uecornella.cat\/en\/home\/","og_site_name":"Uni\u00f3 Esportiva Cornell\u00e0","article_publisher":"https:\/\/www.facebook.com\/UECornella?fref=ts","article_modified_time":"2024-07-26T10:30:49+00:00","twitter_card":"summary_large_image","twitter_site":"@ue_cornella","twitter_misc":{"Est. reading time":"2 minutes"},"schema":{"@context":"https:\/\/schema.org","@graph":[{"@type":"WebPage","@id":"https:\/\/uecornella.cat\/en\/home\/","url":"https:\/\/uecornella.cat\/en\/home\/","name":"Inicio - Uni\u00f3 Esportiva Cornell\u00e0","isPartOf":{"@id":"https:\/\/uecornella.cat\/en\/#website"},"datePublished":"2016-09-10T06:55:04+00:00","dateModified":"2024-07-26T10:30:49+00:00","breadcrumb":{"@id":"https:\/\/uecornella.cat\/en\/home\/#breadcrumb"},"inLanguage":"en-US","potentialAction":[{"@type":"ReadAction","target":["https:\/\/uecornella.cat\/en\/home\/"]}]},{"@type":"BreadcrumbList","@id":"https:\/\/uecornella.cat\/en\/home\/#breadcrumb","itemListElement":[{"@type":"ListItem","position":1,"name":"Portada","item":"https:\/\/uecornella.cat\/en\/"},{"@type":"ListItem","position":2,"name":"Inicio"}]},{"@type":"WebSite","@id":"https:\/\/uecornella.cat\/en\/#website","url":"https:\/\/uecornella.cat\/en\/","name":"Uni\u00f3 Esportiva Cornell\u00e0","description":"Escuela de f\u00fatbol y club de f\u00fatbol de Cornell\u00e0","publisher":{"@id":"https:\/\/uecornella.cat\/en\/#organization"},"potentialAction":[{"@type":"SearchAction","target":{"@type":"EntryPoint","urlTemplate":"https:\/\/uecornella.cat\/en\/?s={search_term_string}"},"query-input":{"@type":"PropertyValueSpecification","valueRequired":true,"valueName":"search_term_string"}}],"inLanguage":"en-US"},{"@type":"Organization","@id":"https:\/\/uecornella.cat\/en\/#organization","name":"Uni\u00f3 Esportiva Cornell\u00e0","url":"https:\/\/uecornella.cat\/en\/","logo":{"@type":"ImageObject","inLanguage":"en-US","@id":"https:\/\/uecornella.cat\/en\/#\/schema\/logo\/image\/","url":"https:\/\/www.uecornella.cat\/wp-content\/uploads\/2022\/01\/apple-icon-144x144-1.png","contentUrl":"https:\/\/www.uecornella.cat\/wp-content\/uploads\/2022\/01\/apple-icon-144x144-1.png","width":144,"height":144,"caption":"Uni\u00f3 Esportiva Cornell\u00e0"},"image":{"@id":"https:\/\/uecornella.cat\/en\/#\/schema\/logo\/image\/"},"sameAs":["https:\/\/www.facebook.com\/UECornella?fref=ts","https:\/\/x.com\/ue_cornella","http:\/\/instagram.com\/uecornella","https:\/\/www.youtube.com\/channel\/UCcwgya5MdVvxRn_MeD6A0vg"]}]}},"_links":{"self":[{"href":"https:\/\/uecornella.cat\/en\/wp-json\/wp\/v2\/pages\/5243","targetHints":{"allow":["GET"]}}],"collection":[{"href":"https:\/\/uecornella.cat\/en\/wp-json\/wp\/v2\/pages"}],"about":[{"href":"https:\/\/uecornella.cat\/en\/wp-json\/wp\/v2\/types\/page"}],"author":[{"embeddable":true,"href":"https:\/\/uecornella.cat\/en\/wp-json\/wp\/v2\/users\/1"}],"replies":[{"embeddable":true,"href":"https:\/\/uecornella.cat\/en\/wp-json\/wp\/v2\/comments?post=5243"}],"version-history":[{"count":364,"href":"https:\/\/uecornella.cat\/en\/wp-json\/wp\/v2\/pages\/5243\/revisions"}],"predecessor-version":[{"id":42502,"href":"https:\/\/uecornella.cat\/en\/wp-json\/wp\/v2\/pages\/5243\/revisions\/42502"}],"wp:attachment":[{"href":"https:\/\/uecornella.cat\/en\/wp-json\/wp\/v2\/media?parent=5243"}],"curies":[{"name":"wp","href":"https:\/\/api.w.org\/{rel}","templated":true}]}}