{"id":6255,"date":"2017-11-05T21:04:59","date_gmt":"2017-11-05T21:04:59","guid":{"rendered":"http:\/\/www.uecornella.cat\/?page_id=6255"},"modified":"2026-03-25T13:26:45","modified_gmt":"2026-03-25T13:26:45","slug":"jugadores-formados","status":"publish","type":"page","link":"https:\/\/uecornella.cat\/en\/club\/jugadores-formados\/","title":{"rendered":"Jugadores Formados"},"content":{"rendered":"<div class=\"wpb-content-wrapper\"><p>[vc_row][vc_column][vc_column_text]<\/p>\n<p>El f\u00fatbol de formaci\u00f3n de la UE Cornell\u00e0 es una referencia tanto en Catalunya como en \u00e1mbito europeo. Actualmente, se sit\u00faa en tercera posici\u00f3n en el \u00e1mbito catal\u00e1n -justo por detr\u00e1s del RCD Espanyol y el FC Barcelona- una plaza que se ha ganado situando a sus equipos de base entre las primeras plazas de todas las categor\u00edas.<\/p>\n<p>En esta l\u00ednea, el nivel de los equipos de la UE Cornell\u00e0 ha crecido tanto que ha servido como fuente de fichajes para una larga lista de clubes espa\u00f1oles e internacionales. En los \u00faltimos 3 a\u00f1os m\u00e1s de 50 jugadores han pasado de la UE Cornell\u00e0 a equipos como el RCD Espanyol, FC Barcelona, CF Vila-real, Zaragoza, Atl\u00e9tico de Madrid, Real Madrid, Arsenal, Lazio, etc. han enviado observadores y han incorporado a un amplio n\u00famero de futbolistas de la entidad.<\/p>\n<p>En este apartado, se incluyen algunos, no todos, los futbolistas que se han formado en la Escuela de la UE Cornell\u00e0.<\/p>\n<p>Otros jugadores, y no est\u00e1n todos, que han tenido oportunidades en equipos de \u00e9lite partiendo desde la UE Cornell\u00e0 son:<\/p>\n<p>Jordi Roig, Eric Garc\u00eda, David y Jaime Gonz\u00e1lez (RCD Espanyol), Javi Heredia, Roger y Adri\u00e1n (FC Barcelona), \u00c9dgar Hern\u00e1ndez y Christian (Real Madrid CF), V\u00edctor P\u00e9rez y Miguel Bastida (Valencia CF), Yeray L\u00f3pez (Atl\u00e9tico de Madrid), Porras (Vila-real CF), Toni Quiles (UE Llevant), Jos\u00e9 Luis Reyes (Racing de Santander), Marc C\u00eda (Osasuna), etc.<\/p>\n<p>[\/vc_column_text][\/vc_column][\/vc_row][vc_row gap=&#8221;30&#8243; equal_height=&#8221;yes&#8221; el_class=&#8221;hoverintern&#8221;][vc_column width=&#8221;1\/3&#8243; css=&#8221;.vc_custom_1678634669985{border-top-width: 1px !important;border-right-width: 1px !important;border-bottom-width: 1px !important;border-left-width: 1px !important;padding-top: 50px !important;padding-right: 25px !important;padding-bottom: 30px !important;padding-left: 25px !important;border-left-color: #dddddd !important;border-right-color: #dddddd !important;border-top-color: #dddddd !important;border-bottom-color: #dddddd !important;}&#8221;][vc_single_image image=&#8221;7311&#8243; img_size=&#8221;full&#8221; alignment=&#8221;center&#8221;][vc_custom_heading text=&#8221;Jordi Alba (defensa)&#8221; font_container=&#8221;tag:h4|font_size:18px|text_align:center&#8221; use_theme_fonts=&#8221;yes&#8221;][vc_column_text]<\/p>\n<ul>\n<li>Lleg\u00f3 a Cornell\u00e0 como cadete tras abandonar el FC Barcelona y, tras pasar por nuestro f\u00fatbol base, lo fich\u00f3 el Valencia CF. Unos a\u00f1os despu\u00e9s, Unai Emery lo hizo debutar con el primer equipo.<\/li>\n<li>Fue campe\u00f3n de Europa con la selecci\u00f3n espa\u00f1ola en 2012 marcando un gol en la final.<\/li>\n<li>Con el FC Barcelona fue campe\u00f3n de liga, Copa del Rey y de la Champions League.<\/li>\n<\/ul>\n<p>[\/vc_column_text][\/vc_column][vc_column width=&#8221;1\/3&#8243; css=&#8221;.vc_custom_1678634715920{border-top-width: 1px !important;border-right-width: 1px !important;border-bottom-width: 1px !important;border-left-width: 1px !important;padding-top: 50px !important;padding-right: 25px !important;padding-bottom: 30px !important;padding-left: 25px !important;border-left-color: #dddddd !important;border-right-color: #dddddd !important;border-top-color: #dddddd !important;border-bottom-color: #dddddd !important;}&#8221;][vc_single_image image=&#8221;50606&#8243; img_size=&#8221;full&#8221; alignment=&#8221;center&#8221; css=&#8221;&#8221;][vc_custom_heading text=&#8221;Keita Balde (delantero)&#8221; font_container=&#8221;tag:h4|font_size:18px|text_align:center&#8221; use_theme_fonts=&#8221;yes&#8221;][vc_column_text]<\/p>\n<ul>\n<li>El mejor jugador joven de la liga italiana durante la pasada campa\u00f1a ha llegado este verano al M\u00f3naco franc\u00e9s para seguir evolucionando.<\/li>\n<li>Juega para la selecci\u00f3n nacional de Senegal, que ya se ha clasificado para el pr\u00f3ximo Mundial.<\/li>\n<\/ul>\n<p>[\/vc_column_text][\/vc_column][vc_column width=&#8221;1\/3&#8243; css=&#8221;.vc_custom_1678634747164{border-top-width: 1px !important;border-right-width: 1px !important;border-bottom-width: 1px !important;border-left-width: 1px !important;padding-top: 50px !important;padding-right: 25px !important;padding-bottom: 30px !important;padding-left: 25px !important;border-left-color: #dddddd !important;border-right-color: #dddddd !important;border-top-color: #dddddd !important;border-bottom-color: #dddddd !important;}&#8221;][vc_single_image image=&#8221;7312&#8243; img_size=&#8221;full&#8221; alignment=&#8221;center&#8221;][vc_custom_heading text=&#8221;V\u00edctor Ruiz (defensa)&#8221; font_container=&#8221;tag:h4|font_size:18px|text_align:center&#8221; use_theme_fonts=&#8221;yes&#8221;][vc_column_text]<\/p>\n<ul>\n<li>Defensa central de grandes equipos como el RCD Espanyol, Napoles, Valencia y Villarreal.<\/li>\n<li>Lleg\u00f3 a nuestro f\u00fatbol base con 14 a\u00f1os y, tras 3 a\u00f1os, fich\u00f3 por el RCD Espanyol.<\/li>\n<\/ul>\n<p>[\/vc_column_text][\/vc_column][\/vc_row][vc_row gap=&#8221;30&#8243; equal_height=&#8221;yes&#8221; el_class=&#8221;hoverintern&#8221;][vc_column width=&#8221;1\/3&#8243; css=&#8221;.vc_custom_1678634669985{border-top-width: 1px !important;border-right-width: 1px !important;border-bottom-width: 1px !important;border-left-width: 1px !important;padding-top: 50px !important;padding-right: 25px !important;padding-bottom: 30px !important;padding-left: 25px !important;border-left-color: #dddddd !important;border-right-color: #dddddd !important;border-top-color: #dddddd !important;border-bottom-color: #dddddd !important;}&#8221;][vc_single_image image=&#8221;7309&#8243; img_size=&#8221;full&#8221; alignment=&#8221;center&#8221;][vc_custom_heading text=&#8221;Ignasi Miquel (defensa)&#8221; font_container=&#8221;tag:h4|font_size:18px|text_align:center&#8221; use_theme_fonts=&#8221;yes&#8221;][vc_column_text]<\/p>\n<ul>\n<li>Este defensa central fich\u00f3 a los 15 a\u00f1os por el Arsenal procedente de nuestra academia.<\/li>\n<li>Ha debutado con el primer equipo \u201cgunner\u201d y ahora juega en el M\u00e1laga CF tras pasar por el CD Lugo.<\/li>\n<\/ul>\n<p>[\/vc_column_text][\/vc_column][vc_column width=&#8221;1\/3&#8243; css=&#8221;.vc_custom_1678634715920{border-top-width: 1px !important;border-right-width: 1px !important;border-bottom-width: 1px !important;border-left-width: 1px !important;padding-top: 50px !important;padding-right: 25px !important;padding-bottom: 30px !important;padding-left: 25px !important;border-left-color: #dddddd !important;border-right-color: #dddddd !important;border-top-color: #dddddd !important;border-bottom-color: #dddddd !important;}&#8221;][vc_single_image image=&#8221;7310&#8243; img_size=&#8221;full&#8221; alignment=&#8221;center&#8221;][vc_custom_heading text=&#8221;Ilie S\u00e1nchez (centrocampista)&#8221; font_container=&#8221;tag:h4|font_size:18px|text_align:center&#8221; use_theme_fonts=&#8221;yes&#8221;][vc_column_text]<\/p>\n<ul>\n<li>Lleg\u00f3 al FC Barcelona procedente del Cornell\u00e0, donde jug\u00f3 desde 2005 hasta 2007.<\/li>\n<li>Se convirti\u00f3 en una pieza clave y capit\u00e1n del Bar\u00e7a B. Tambi\u00e9n debut\u00f3 en el primer equipo.<\/li>\n<li>Ahora juega en el Kansas City (USA) en la Major League Soccer y ha sido uno de los mejores jugadores de la temporada regular.<\/li>\n<\/ul>\n<p>[\/vc_column_text][\/vc_column][vc_column width=&#8221;1\/3&#8243; css=&#8221;.vc_custom_1678634747164{border-top-width: 1px !important;border-right-width: 1px !important;border-bottom-width: 1px !important;border-left-width: 1px !important;padding-top: 50px !important;padding-right: 25px !important;padding-bottom: 30px !important;padding-left: 25px !important;border-left-color: #dddddd !important;border-right-color: #dddddd !important;border-top-color: #dddddd !important;border-bottom-color: #dddddd !important;}&#8221;][vc_single_image image=&#8221;7308&#8243; img_size=&#8221;full&#8221; alignment=&#8221;center&#8221;][vc_custom_heading text=&#8221;\u00c9dgar Garc\u00eda (portero)&#8221; font_container=&#8221;tag:h4|font_size:18px|text_align:center&#8221; use_theme_fonts=&#8221;yes&#8221;][vc_column_text]<\/p>\n<ul>\n<li>Tras ser traspasado al RCD Espanyol, \u00c9dgar Bad\u00eda ha llegado al f\u00fatbol profesional defendiendo la porter\u00eda del Reus.<\/li>\n<li>Sub17 y Sub19 internacional con las categor\u00edas inferiores de la selecci\u00f3n espa\u00f1ola.<\/li>\n<\/ul>\n<p>[\/vc_column_text][\/vc_column][\/vc_row][vc_row][vc_column][vc_custom_heading text=&#8221;Otros jugadores formados en nuestra academia:&#8221; font_container=&#8221;tag:h2|font_size:26px|text_align:left&#8221; use_theme_fonts=&#8221;yes&#8221;][vc_column_text]<\/p>\n<ul>\n<li>Alex Carbonell<\/li>\n<li>Xemi Fern\u00e1ndez<\/li>\n<li>Rub\u00e9n Mi\u00f1o<\/li>\n<li>Alberto Garc\u00eda<\/li>\n<li>Gen\u00eds Montoliu<\/li>\n<li>Bambo Diaby<\/li>\n<li>V\u00edctor Fern\u00e1ndez<\/li>\n<\/ul>\n<p>[\/vc_column_text][\/vc_column][\/vc_row]<\/p>\n<\/div>","protected":false},"excerpt":{"rendered":"<p>[vc_row][vc_column][vc_column_text] El f\u00fatbol de formaci\u00f3n de la UE Cornell\u00e0 es una referencia tanto en Catalunya como en \u00e1mbito europeo. Actualmente, se sit\u00faa en tercera posici\u00f3n en el \u00e1mbito catal\u00e1n -justo por detr\u00e1s del RCD Espanyol y el FC Barcelona- una plaza que se ha ganado situando a sus equipos de base entre las primeras plazas [&hellip;]<\/p>\n","protected":false},"author":1,"featured_media":0,"parent":19822,"menu_order":2,"comment_status":"closed","ping_status":"closed","template":"","meta":{"_acf_changed":false,"footnotes":""},"class_list":["post-6255","page","type-page","status-publish","hentry"],"acf":[],"yoast_head":"<!-- This site is optimized with the Yoast SEO plugin v25.8 - https:\/\/yoast.com\/wordpress\/plugins\/seo\/ -->\n<title>Jugadores Formados - Uni\u00f3 Esportiva Cornell\u00e0<\/title>\n<meta name=\"robots\" content=\"index, follow, max-snippet:-1, max-image-preview:large, max-video-preview:-1\" \/>\n<link rel=\"canonical\" href=\"https:\/\/uecornella.cat\/en\/club\/jugadores-formados\/\" \/>\n<meta property=\"og:locale\" content=\"en_US\" \/>\n<meta property=\"og:type\" content=\"article\" \/>\n<meta property=\"og:title\" content=\"Jugadores Formados - Uni\u00f3 Esportiva Cornell\u00e0\" \/>\n<meta property=\"og:description\" content=\"[vc_row][vc_column][vc_column_text] El f\u00fatbol de formaci\u00f3n de la UE Cornell\u00e0 es una referencia tanto en Catalunya como en \u00e1mbito europeo. Actualmente, se sit\u00faa en tercera posici\u00f3n en el \u00e1mbito catal\u00e1n -justo por detr\u00e1s del RCD Espanyol y el FC Barcelona- una plaza que se ha ganado situando a sus equipos de base entre las primeras plazas [&hellip;]\" \/>\n<meta property=\"og:url\" content=\"https:\/\/uecornella.cat\/en\/club\/jugadores-formados\/\" \/>\n<meta property=\"og:site_name\" content=\"Uni\u00f3 Esportiva Cornell\u00e0\" \/>\n<meta property=\"article:publisher\" content=\"https:\/\/www.facebook.com\/UECornella?fref=ts\" \/>\n<meta property=\"article:modified_time\" content=\"2026-03-25T13:26:45+00:00\" \/>\n<meta name=\"twitter:card\" content=\"summary_large_image\" \/>\n<meta name=\"twitter:site\" content=\"@ue_cornella\" \/>\n<meta name=\"twitter:label1\" content=\"Est. reading time\" \/>\n\t<meta name=\"twitter:data1\" content=\"4 minutes\" \/>\n<script type=\"application\/ld+json\" class=\"yoast-schema-graph\">{\"@context\":\"https:\/\/schema.org\",\"@graph\":[{\"@type\":\"WebPage\",\"@id\":\"https:\/\/uecornella.cat\/en\/club\/jugadores-formados\/\",\"url\":\"https:\/\/uecornella.cat\/en\/club\/jugadores-formados\/\",\"name\":\"Jugadores Formados - Uni\u00f3 Esportiva Cornell\u00e0\",\"isPartOf\":{\"@id\":\"https:\/\/uecornella.cat\/en\/#website\"},\"datePublished\":\"2017-11-05T21:04:59+00:00\",\"dateModified\":\"2026-03-25T13:26:45+00:00\",\"breadcrumb\":{\"@id\":\"https:\/\/uecornella.cat\/en\/club\/jugadores-formados\/#breadcrumb\"},\"inLanguage\":\"en-US\",\"potentialAction\":[{\"@type\":\"ReadAction\",\"target\":[\"https:\/\/uecornella.cat\/en\/club\/jugadores-formados\/\"]}]},{\"@type\":\"BreadcrumbList\",\"@id\":\"https:\/\/uecornella.cat\/en\/club\/jugadores-formados\/#breadcrumb\",\"itemListElement\":[{\"@type\":\"ListItem\",\"position\":1,\"name\":\"Portada\",\"item\":\"https:\/\/uecornella.cat\/en\/\"},{\"@type\":\"ListItem\",\"position\":2,\"name\":\"El Club\",\"item\":\"https:\/\/uecornella.cat\/en\/club\/\"},{\"@type\":\"ListItem\",\"position\":3,\"name\":\"Jugadores Formados\"}]},{\"@type\":\"WebSite\",\"@id\":\"https:\/\/uecornella.cat\/en\/#website\",\"url\":\"https:\/\/uecornella.cat\/en\/\",\"name\":\"Uni\u00f3 Esportiva Cornell\u00e0\",\"description\":\"Escuela de f\u00fatbol y club de f\u00fatbol de Cornell\u00e0\",\"publisher\":{\"@id\":\"https:\/\/uecornella.cat\/en\/#organization\"},\"potentialAction\":[{\"@type\":\"SearchAction\",\"target\":{\"@type\":\"EntryPoint\",\"urlTemplate\":\"https:\/\/uecornella.cat\/en\/?s={search_term_string}\"},\"query-input\":{\"@type\":\"PropertyValueSpecification\",\"valueRequired\":true,\"valueName\":\"search_term_string\"}}],\"inLanguage\":\"en-US\"},{\"@type\":\"Organization\",\"@id\":\"https:\/\/uecornella.cat\/en\/#organization\",\"name\":\"Uni\u00f3 Esportiva Cornell\u00e0\",\"url\":\"https:\/\/uecornella.cat\/en\/\",\"logo\":{\"@type\":\"ImageObject\",\"inLanguage\":\"en-US\",\"@id\":\"https:\/\/uecornella.cat\/en\/#\/schema\/logo\/image\/\",\"url\":\"https:\/\/www.uecornella.cat\/wp-content\/uploads\/2022\/01\/apple-icon-144x144-1.png\",\"contentUrl\":\"https:\/\/www.uecornella.cat\/wp-content\/uploads\/2022\/01\/apple-icon-144x144-1.png\",\"width\":144,\"height\":144,\"caption\":\"Uni\u00f3 Esportiva Cornell\u00e0\"},\"image\":{\"@id\":\"https:\/\/uecornella.cat\/en\/#\/schema\/logo\/image\/\"},\"sameAs\":[\"https:\/\/www.facebook.com\/UECornella?fref=ts\",\"https:\/\/x.com\/ue_cornella\",\"http:\/\/instagram.com\/uecornella\",\"https:\/\/www.youtube.com\/channel\/UCcwgya5MdVvxRn_MeD6A0vg\"]}]}<\/script>\n<!-- \/ Yoast SEO plugin. -->","yoast_head_json":{"title":"Jugadores Formados - Uni\u00f3 Esportiva Cornell\u00e0","robots":{"index":"index","follow":"follow","max-snippet":"max-snippet:-1","max-image-preview":"max-image-preview:large","max-video-preview":"max-video-preview:-1"},"canonical":"https:\/\/uecornella.cat\/en\/club\/jugadores-formados\/","og_locale":"en_US","og_type":"article","og_title":"Jugadores Formados - Uni\u00f3 Esportiva Cornell\u00e0","og_description":"[vc_row][vc_column][vc_column_text] El f\u00fatbol de formaci\u00f3n de la UE Cornell\u00e0 es una referencia tanto en Catalunya como en \u00e1mbito europeo. Actualmente, se sit\u00faa en tercera posici\u00f3n en el \u00e1mbito catal\u00e1n -justo por detr\u00e1s del RCD Espanyol y el FC Barcelona- una plaza que se ha ganado situando a sus equipos de base entre las primeras plazas [&hellip;]","og_url":"https:\/\/uecornella.cat\/en\/club\/jugadores-formados\/","og_site_name":"Uni\u00f3 Esportiva Cornell\u00e0","article_publisher":"https:\/\/www.facebook.com\/UECornella?fref=ts","article_modified_time":"2026-03-25T13:26:45+00:00","twitter_card":"summary_large_image","twitter_site":"@ue_cornella","twitter_misc":{"Est. reading time":"4 minutes"},"schema":{"@context":"https:\/\/schema.org","@graph":[{"@type":"WebPage","@id":"https:\/\/uecornella.cat\/en\/club\/jugadores-formados\/","url":"https:\/\/uecornella.cat\/en\/club\/jugadores-formados\/","name":"Jugadores Formados - Uni\u00f3 Esportiva Cornell\u00e0","isPartOf":{"@id":"https:\/\/uecornella.cat\/en\/#website"},"datePublished":"2017-11-05T21:04:59+00:00","dateModified":"2026-03-25T13:26:45+00:00","breadcrumb":{"@id":"https:\/\/uecornella.cat\/en\/club\/jugadores-formados\/#breadcrumb"},"inLanguage":"en-US","potentialAction":[{"@type":"ReadAction","target":["https:\/\/uecornella.cat\/en\/club\/jugadores-formados\/"]}]},{"@type":"BreadcrumbList","@id":"https:\/\/uecornella.cat\/en\/club\/jugadores-formados\/#breadcrumb","itemListElement":[{"@type":"ListItem","position":1,"name":"Portada","item":"https:\/\/uecornella.cat\/en\/"},{"@type":"ListItem","position":2,"name":"El Club","item":"https:\/\/uecornella.cat\/en\/club\/"},{"@type":"ListItem","position":3,"name":"Jugadores Formados"}]},{"@type":"WebSite","@id":"https:\/\/uecornella.cat\/en\/#website","url":"https:\/\/uecornella.cat\/en\/","name":"Uni\u00f3 Esportiva Cornell\u00e0","description":"Escuela de f\u00fatbol y club de f\u00fatbol de Cornell\u00e0","publisher":{"@id":"https:\/\/uecornella.cat\/en\/#organization"},"potentialAction":[{"@type":"SearchAction","target":{"@type":"EntryPoint","urlTemplate":"https:\/\/uecornella.cat\/en\/?s={search_term_string}"},"query-input":{"@type":"PropertyValueSpecification","valueRequired":true,"valueName":"search_term_string"}}],"inLanguage":"en-US"},{"@type":"Organization","@id":"https:\/\/uecornella.cat\/en\/#organization","name":"Uni\u00f3 Esportiva Cornell\u00e0","url":"https:\/\/uecornella.cat\/en\/","logo":{"@type":"ImageObject","inLanguage":"en-US","@id":"https:\/\/uecornella.cat\/en\/#\/schema\/logo\/image\/","url":"https:\/\/www.uecornella.cat\/wp-content\/uploads\/2022\/01\/apple-icon-144x144-1.png","contentUrl":"https:\/\/www.uecornella.cat\/wp-content\/uploads\/2022\/01\/apple-icon-144x144-1.png","width":144,"height":144,"caption":"Uni\u00f3 Esportiva Cornell\u00e0"},"image":{"@id":"https:\/\/uecornella.cat\/en\/#\/schema\/logo\/image\/"},"sameAs":["https:\/\/www.facebook.com\/UECornella?fref=ts","https:\/\/x.com\/ue_cornella","http:\/\/instagram.com\/uecornella","https:\/\/www.youtube.com\/channel\/UCcwgya5MdVvxRn_MeD6A0vg"]}]}},"_links":{"self":[{"href":"https:\/\/uecornella.cat\/en\/wp-json\/wp\/v2\/pages\/6255","targetHints":{"allow":["GET"]}}],"collection":[{"href":"https:\/\/uecornella.cat\/en\/wp-json\/wp\/v2\/pages"}],"about":[{"href":"https:\/\/uecornella.cat\/en\/wp-json\/wp\/v2\/types\/page"}],"author":[{"embeddable":true,"href":"https:\/\/uecornella.cat\/en\/wp-json\/wp\/v2\/users\/1"}],"replies":[{"embeddable":true,"href":"https:\/\/uecornella.cat\/en\/wp-json\/wp\/v2\/comments?post=6255"}],"version-history":[{"count":61,"href":"https:\/\/uecornella.cat\/en\/wp-json\/wp\/v2\/pages\/6255\/revisions"}],"predecessor-version":[{"id":50608,"href":"https:\/\/uecornella.cat\/en\/wp-json\/wp\/v2\/pages\/6255\/revisions\/50608"}],"up":[{"embeddable":true,"href":"https:\/\/uecornella.cat\/en\/wp-json\/wp\/v2\/pages\/19822"}],"wp:attachment":[{"href":"https:\/\/uecornella.cat\/en\/wp-json\/wp\/v2\/media?parent=6255"}],"curies":[{"name":"wp","href":"https:\/\/api.w.org\/{rel}","templated":true}]}}