{"id":6417,"date":"2017-11-08T19:15:23","date_gmt":"2017-11-08T19:15:23","guid":{"rendered":"http:\/\/www.uecornella.cat\/?page_id=6417"},"modified":"2023-03-12T17:57:28","modified_gmt":"2023-03-12T17:57:28","slug":"estadio","status":"publish","type":"page","link":"https:\/\/uecornella.cat\/en\/estadio\/","title":{"rendered":"Estadio"},"content":{"rendered":"<div class=\"wpb-content-wrapper\"><p>[vc_row css=&#8221;.vc_custom_1510174455388{margin-top: 30px !important;}&#8221;][vc_column][vc_custom_heading text=&#8221;Estadio Nou Municipal de Cornell\u00e0&#8221; font_container=&#8221;tag:h3|font_size:40px|text_align:left&#8221; use_theme_fonts=&#8221;yes&#8221; css=&#8221;.vc_custom_1678643223040{margin-top: 30px !important;margin-bottom: 0px !important;}&#8221;][vc_column_text]<\/p>\n<p>Nuestro estadio<\/p>\n<p>[\/vc_column_text][\/vc_column][\/vc_row][vc_row full_height=&#8221;yes&#8221;][vc_column width=&#8221;1\/3&#8243; css=&#8221;.vc_custom_1510173692314{background-image: url(http:\/\/www.uecornella.cat\/wp-content\/uploads\/2017\/11\/CampoDeFutbol.jpg?id=6405) !important;background-position: 0 0 !important;background-repeat: no-repeat !important;}&#8221;][\/vc_column][vc_column width=&#8221;2\/3&#8243;][vc_column_text]El actual estadio donde la UE Cornell\u00e0 afronta sus partidos como local es el Nou Municipal de Cornell\u00e0 de Llobregat. Inaugurado en septiembre de 2012, el estadio est\u00e1 perfectamente equipado y adecuado a las necesidades del f\u00fatbol profesional.<\/p>\n<p>Con una capacidad para 1.500 personas, las instalaciones cuentan con un campo de f\u00fatbol once principal y dos anexos de f\u00fatbol siete. Adem\u00e1s, existe una \u00e1rea espec\u00edfica para el entrenamiento de porteros. Todos los campos son de c\u00e9sped artificial de nueva generaci\u00f3n.<\/p>\n<p>En cuanto a los servicios, el campo incluye un servicio de restauraci\u00f3n y aparcamiento en las zonas aleda\u00f1as al estadio.<\/p>\n<p>El nuevo recinto, ubicado al lado del EstadiCornell\u00e0-el Prat del RCD Espanyol, es uno de los m\u00e1s modernos del f\u00fatbol catal\u00e1n y se encuentra en una zona revitalizada con centros comerciales, servicios de restauraci\u00f3n y otras instalaciones deportivas. Curiosamente, la UE Cornell\u00e0 ya jug\u00f3 en un campo situado pr\u00f3ximo a esta zona -les Aig\u00fces- hace d\u00e9cadas, antes de trasladarse a la m\u00edtica Via F\u00e9rrea.<\/p>\n<p>El antiguo estadio municipal, de grato recuerdo para todos los aficionados de la UE Cornell\u00e0, sigue presente en las paredes y en los ventanales del Nou Municipal, con im\u00e1genes y fotograf\u00edas que lo mantienen presente.[\/vc_column_text][\/vc_column][\/vc_row][vc_row css=&#8221;.vc_custom_1510174455388{margin-top: 30px !important;}&#8221;][vc_column][vc_custom_heading text=&#8221;Galer\u00eda de im\u00e1genes&#8221; font_container=&#8221;tag:h3|font_size:40px|text_align:left&#8221; use_theme_fonts=&#8221;yes&#8221; css=&#8221;.vc_custom_1678643826994{margin-top: 30px !important;margin-bottom: 0px !important;}&#8221;][vc_column_text]Date un paseo por las instalaciones<br \/>\n[\/vc_column_text][vc_gallery type=&#8221;image_grid&#8221; images=&#8221;6392,6393,6395,6398,6401,6405,6396,6391&#8243; img_size=&#8221;medium&#8221;][\/vc_column][\/vc_row][vc_row][vc_column][vc_custom_heading text=&#8221;V\u00eda F\u00e9rrea&#8221; font_container=&#8221;tag:h3|font_size:40px|text_align:left&#8221; use_theme_fonts=&#8221;yes&#8221; css=&#8221;.vc_custom_1678643834837{margin-top: 30px !important;margin-bottom: 0px !important;}&#8221;][vc_column_text]<\/p>\n<p>El estadio original<\/p>\n<p>[\/vc_column_text][vc_row_inner equal_height=&#8221;yes&#8221;][vc_column_inner width=&#8221;1\/3&#8243;][vc_column_text]El Municipal de la V\u00eda F\u00e9rrea es el estadio m\u00edtico de la entidad. Pese a haber sido reemplazado por el Nou Municipal, los socios y aficionados siguen teniendo muy presente el antiguo campo.<\/p>\n<p>En las paredes del Nou Municipal, inaugurado en septiembre de 2012, aparecen im\u00e1genes de partidos jugados en la V\u00eda F\u00e9rrea.<\/p>\n<p>El vetusto estadio, ubicado en la calle Salvador Allende de Cornell\u00e0 de Llobregat, ha sido testigo del gran crecimiento del club, incluyendo los ascensos a Tercera y el primer &#8216;play-off&#8217; de promoci\u00f3n a Segunda B disputado por la entidad, as\u00ed como el paso de grandes jugadores.<\/p>\n<p>Pese a estos imborrables recuerdos, el Municipal de la V\u00eda F\u00e9rrea, con capacidad para 1.500 espectadores, hab\u00eda quedado antiguo y desde septiembre de 2012, ha cedido paso al Nou Municipal, plenamente adaptado y equipado para el f\u00fatbol profesional.[\/vc_column_text][\/vc_column_inner][vc_column_inner width=&#8221;2\/3&#8243;][vc_gallery interval=&#8221;3&#8243; images=&#8221;6434,6435&#8243; img_size=&#8221;500&#215;500&#8243;][\/vc_column_inner][\/vc_row_inner][\/vc_column][\/vc_row][vc_row el_id=&#8221;como-llegar&#8221;][vc_column][vc_custom_heading text=&#8221;C\u00f3mo llegar&#8221; font_container=&#8221;tag:h3|font_size:40px|text_align:left&#8221; use_theme_fonts=&#8221;yes&#8221; css=&#8221;.vc_custom_1678643843454{margin-top: 30px !important;margin-bottom: 0px !important;}&#8221;][vc_column_text]<\/p>\n<p>Todas las opciones<\/p>\n<p>[\/vc_column_text][vc_empty_space][\/vc_column][\/vc_row][vc_row][vc_column width=&#8221;1\/3&#8243;][vc_icon icon_fontawesome=&#8221;fas fa-subway&#8221; color=&#8221;green&#8221; background_style=&#8221;rounded&#8221; size=&#8221;xl&#8221; align=&#8221;center&#8221; css=&#8221;.vc_custom_1652603554413{margin-bottom: 5px !important;}&#8221;][vc_custom_heading text=&#8221;Metro&#8221; font_container=&#8221;tag:h3|text_align:center&#8221; use_theme_fonts=&#8221;yes&#8221; css=&#8221;.vc_custom_1652603441378{margin-top: 0px !important;margin-right: 0px !important;margin-bottom: 0px !important;margin-left: 0px !important;}&#8221;][vc_column_text]<\/p>\n<p style=\"text-align: center;\">L5, parada Cornell\u00e0 Centre<\/p>\n<p>[\/vc_column_text][\/vc_column][vc_column width=&#8221;1\/3&#8243;][vc_icon icon_fontawesome=&#8221;fas fa-train&#8221; color=&#8221;green&#8221; background_style=&#8221;rounded&#8221; size=&#8221;xl&#8221; align=&#8221;center&#8221; css=&#8221;.vc_custom_1652603717868{margin-bottom: 5px !important;}&#8221;][vc_custom_heading text=&#8221;Tranv\u00eda&#8221; font_container=&#8221;tag:h3|text_align:center&#8221; use_theme_fonts=&#8221;yes&#8221; css=&#8221;.vc_custom_1652603742107{margin-top: 0px !important;margin-right: 0px !important;margin-bottom: 0px !important;margin-left: 0px !important;}&#8221;][vc_column_text]<\/p>\n<p style=\"text-align: center;\">T1 y T2, parada Cornell\u00e0 Centre<\/p>\n<p>[\/vc_column_text][\/vc_column][vc_column width=&#8221;1\/3&#8243;][vc_icon icon_fontawesome=&#8221;fas fa-bus&#8221; color=&#8221;green&#8221; background_style=&#8221;rounded&#8221; size=&#8221;xl&#8221; align=&#8221;center&#8221; css=&#8221;.vc_custom_1652603785250{margin-bottom: 5px !important;}&#8221;][vc_custom_heading text=&#8221;Autob\u00fas&#8221; font_container=&#8221;tag:h3|text_align:center&#8221; use_theme_fonts=&#8221;yes&#8221; css=&#8221;.vc_custom_1652603795904{margin-top: 0px !important;margin-right: 0px !important;margin-bottom: 0px !important;margin-left: 0px !important;}&#8221;][vc_column_text]<\/p>\n<p style=\"text-align: center;\">94, 95, 68, 67, 57, L52, L82 y N13<\/p>\n<p>[\/vc_column_text][\/vc_column][\/vc_row][vc_row][vc_column width=&#8221;1\/3&#8243;][vc_icon icon_fontawesome=&#8221;fas fa-subway&#8221; color=&#8221;green&#8221; background_style=&#8221;rounded&#8221; size=&#8221;xl&#8221; align=&#8221;center&#8221; css=&#8221;.vc_custom_1652603888549{margin-bottom: 5px !important;}&#8221;][vc_custom_heading text=&#8221;FGC&#8221; font_container=&#8221;tag:h3|text_align:center&#8221; use_theme_fonts=&#8221;yes&#8221; css=&#8221;.vc_custom_1652603902977{margin-top: 0px !important;margin-right: 0px !important;margin-bottom: 0px !important;margin-left: 0px !important;}&#8221;][vc_column_text]<\/p>\n<p style=\"text-align: center;\">R-6, parada Riera-Cornell\u00e0<\/p>\n<p>[\/vc_column_text][\/vc_column][vc_column width=&#8221;1\/3&#8243;][vc_icon icon_fontawesome=&#8221;fas fa-subway&#8221; color=&#8221;green&#8221; background_style=&#8221;rounded&#8221; size=&#8221;xl&#8221; align=&#8221;center&#8221; css=&#8221;.vc_custom_1652603967795{margin-bottom: 5px !important;}&#8221;][vc_custom_heading text=&#8221;Renfe&#8221; font_container=&#8221;tag:h3|text_align:center&#8221; use_theme_fonts=&#8221;yes&#8221; css=&#8221;.vc_custom_1652603981664{margin-top: 0px !important;margin-right: 0px !important;margin-bottom: 0px !important;margin-left: 0px !important;}&#8221;][vc_column_text]<\/p>\n<p style=\"text-align: center;\">L\u00ednea C4, parada Cornell\u00e0<\/p>\n<p>[\/vc_column_text][\/vc_column][vc_column width=&#8221;1\/3&#8243;][vc_icon icon_fontawesome=&#8221;fas fa-car&#8221; color=&#8221;green&#8221; background_style=&#8221;rounded&#8221; size=&#8221;xl&#8221; align=&#8221;center&#8221; css=&#8221;.vc_custom_1652604030247{margin-bottom: 5px !important;}&#8221;][vc_custom_heading text=&#8221;Coche&#8221; font_container=&#8221;tag:h3|text_align:center&#8221; use_theme_fonts=&#8221;yes&#8221; css=&#8221;.vc_custom_1652604042783{margin-top: 0px !important;margin-right: 0px !important;margin-bottom: 0px !important;margin-left: 0px !important;}&#8221;][vc_column_text]<\/p>\n<p style=\"text-align: center;\">Salida 609 de la A-2 (Pol\u00edgono de Cornell\u00e0)<\/p>\n<p>[\/vc_column_text][\/vc_column][\/vc_row][vc_row][vc_column][vc_empty_space][vc_gmaps link=&#8221;#E-8_JTNDaWZyYW1lJTIwc3JjJTNEJTIyaHR0cHMlM0ElMkYlMkZ3d3cuZ29vZ2xlLmNvbSUyRm1hcHMlMkZlbWJlZCUzRnBiJTNEJTIxMW0xOCUyMTFtMTIlMjExbTMlMjExZDMwMTUuMDExNDU0MjEzNjA3JTIxMmQyLjA3MjY4ODE5MDc1NjY1ODglMjEzZDQxLjM0ODE4NzgyODcxMTgzJTIxMm0zJTIxMWYwJTIxMmYwJTIxM2YwJTIxM20yJTIxMWkxMDI0JTIxMmk3NjglMjE0ZjEzLjElMjEzbTMlMjExbTIlMjExczB4MTJhNDk5NTNkNjI0ZDcwYiUyNTNBMHhmZjlhM2Q4NmZjNTQzMWM2JTIxMnNDYW1wJTJCZGUlMkJGdXRib2wlMkJNdW5pY2lwYWwlMkJkZSUyQkNvcm5lbGwlMjVDMyUyNUEwJTIxNWUxJTIxM20yJTIxMXNlcyUyMTJzZXMlMjE0djE1MTAxNzgyOTU2MzYlMjIlMjB3aWR0aCUzRCUyMjYwMCUyMiUyMGhlaWdodCUzRCUyMjQ1MCUyMiUyMGZyYW1lYm9yZGVyJTNEJTIyMCUyMiUyMHN0eWxlJTNEJTIyYm9yZGVyJTNBMCUyMiUyMGFsbG93ZnVsbHNjcmVlbiUzRSUzQyUyRmlmcmFtZSUzRQ==&#8221;][\/vc_column][\/vc_row]<\/p>\n<\/div>","protected":false},"excerpt":{"rendered":"<p>[vc_row css=&#8221;.vc_custom_1510174455388{margin-top: 30px !important;}&#8221;][vc_column][vc_custom_heading text=&#8221;Estadio Nou Municipal de Cornell\u00e0&#8221; font_container=&#8221;tag:h3|font_size:40px|text_align:left&#8221; use_theme_fonts=&#8221;yes&#8221; css=&#8221;.vc_custom_1678643223040{margin-top: 30px !important;margin-bottom: 0px !important;}&#8221;][vc_column_text] Nuestro estadio [\/vc_column_text][\/vc_column][\/vc_row][vc_row full_height=&#8221;yes&#8221;][vc_column width=&#8221;1\/3&#8243; css=&#8221;.vc_custom_1510173692314{background-image: url(http:\/\/www.uecornella.cat\/wp-content\/uploads\/2017\/11\/CampoDeFutbol.jpg?id=6405) !important;background-position: 0 0 !important;background-repeat: no-repeat !important;}&#8221;][\/vc_column][vc_column width=&#8221;2\/3&#8243;][vc_column_text]El actual estadio donde la UE Cornell\u00e0 afronta sus partidos como local es el Nou Municipal de Cornell\u00e0 de Llobregat. Inaugurado en septiembre de 2012, el [&hellip;]<\/p>\n","protected":false},"author":1,"featured_media":0,"parent":0,"menu_order":0,"comment_status":"closed","ping_status":"closed","template":"","meta":{"_acf_changed":false,"footnotes":""},"class_list":["post-6417","page","type-page","status-publish","hentry"],"acf":[],"yoast_head":"<!-- This site is optimized with the Yoast SEO plugin v25.8 - https:\/\/yoast.com\/wordpress\/plugins\/seo\/ -->\n<title>Estadio - Uni\u00f3 Esportiva Cornell\u00e0<\/title>\n<meta name=\"robots\" content=\"index, follow, max-snippet:-1, max-image-preview:large, max-video-preview:-1\" \/>\n<link rel=\"canonical\" href=\"https:\/\/uecornella.cat\/en\/estadio\/\" \/>\n<meta property=\"og:locale\" content=\"en_US\" \/>\n<meta property=\"og:type\" content=\"article\" \/>\n<meta property=\"og:title\" content=\"Estadio - Uni\u00f3 Esportiva Cornell\u00e0\" \/>\n<meta property=\"og:description\" content=\"[vc_row css=&#8221;.vc_custom_1510174455388{margin-top: 30px !important;}&#8221;][vc_column][vc_custom_heading text=&#8221;Estadio Nou Municipal de Cornell\u00e0&#8221; font_container=&#8221;tag:h3|font_size:40px|text_align:left&#8221; use_theme_fonts=&#8221;yes&#8221; css=&#8221;.vc_custom_1678643223040{margin-top: 30px !important;margin-bottom: 0px !important;}&#8221;][vc_column_text] Nuestro estadio [\/vc_column_text][\/vc_column][\/vc_row][vc_row full_height=&#8221;yes&#8221;][vc_column width=&#8221;1\/3&#8243; css=&#8221;.vc_custom_1510173692314{background-image: url(http:\/\/www.uecornella.cat\/wp-content\/uploads\/2017\/11\/CampoDeFutbol.jpg?id=6405) !important;background-position: 0 0 !important;background-repeat: no-repeat !important;}&#8221;][\/vc_column][vc_column width=&#8221;2\/3&#8243;][vc_column_text]El actual estadio donde la UE Cornell\u00e0 afronta sus partidos como local es el Nou Municipal de Cornell\u00e0 de Llobregat. Inaugurado en septiembre de 2012, el [&hellip;]\" \/>\n<meta property=\"og:url\" content=\"https:\/\/uecornella.cat\/en\/estadio\/\" \/>\n<meta property=\"og:site_name\" content=\"Uni\u00f3 Esportiva Cornell\u00e0\" \/>\n<meta property=\"article:publisher\" content=\"https:\/\/www.facebook.com\/UECornella?fref=ts\" \/>\n<meta property=\"article:modified_time\" content=\"2023-03-12T17:57:28+00:00\" \/>\n<meta name=\"twitter:card\" content=\"summary_large_image\" \/>\n<meta name=\"twitter:site\" content=\"@ue_cornella\" \/>\n<meta name=\"twitter:label1\" content=\"Est. reading time\" \/>\n\t<meta name=\"twitter:data1\" content=\"6 minutes\" \/>\n<script type=\"application\/ld+json\" class=\"yoast-schema-graph\">{\"@context\":\"https:\/\/schema.org\",\"@graph\":[{\"@type\":\"WebPage\",\"@id\":\"https:\/\/uecornella.cat\/en\/estadio\/\",\"url\":\"https:\/\/uecornella.cat\/en\/estadio\/\",\"name\":\"Estadio - Uni\u00f3 Esportiva Cornell\u00e0\",\"isPartOf\":{\"@id\":\"https:\/\/uecornella.cat\/en\/#website\"},\"datePublished\":\"2017-11-08T19:15:23+00:00\",\"dateModified\":\"2023-03-12T17:57:28+00:00\",\"breadcrumb\":{\"@id\":\"https:\/\/uecornella.cat\/en\/estadio\/#breadcrumb\"},\"inLanguage\":\"en-US\",\"potentialAction\":[{\"@type\":\"ReadAction\",\"target\":[\"https:\/\/uecornella.cat\/en\/estadio\/\"]}]},{\"@type\":\"BreadcrumbList\",\"@id\":\"https:\/\/uecornella.cat\/en\/estadio\/#breadcrumb\",\"itemListElement\":[{\"@type\":\"ListItem\",\"position\":1,\"name\":\"Portada\",\"item\":\"https:\/\/uecornella.cat\/en\/\"},{\"@type\":\"ListItem\",\"position\":2,\"name\":\"Estadio\"}]},{\"@type\":\"WebSite\",\"@id\":\"https:\/\/uecornella.cat\/en\/#website\",\"url\":\"https:\/\/uecornella.cat\/en\/\",\"name\":\"Uni\u00f3 Esportiva Cornell\u00e0\",\"description\":\"Escuela de f\u00fatbol y club de f\u00fatbol de Cornell\u00e0\",\"publisher\":{\"@id\":\"https:\/\/uecornella.cat\/en\/#organization\"},\"potentialAction\":[{\"@type\":\"SearchAction\",\"target\":{\"@type\":\"EntryPoint\",\"urlTemplate\":\"https:\/\/uecornella.cat\/en\/?s={search_term_string}\"},\"query-input\":{\"@type\":\"PropertyValueSpecification\",\"valueRequired\":true,\"valueName\":\"search_term_string\"}}],\"inLanguage\":\"en-US\"},{\"@type\":\"Organization\",\"@id\":\"https:\/\/uecornella.cat\/en\/#organization\",\"name\":\"Uni\u00f3 Esportiva Cornell\u00e0\",\"url\":\"https:\/\/uecornella.cat\/en\/\",\"logo\":{\"@type\":\"ImageObject\",\"inLanguage\":\"en-US\",\"@id\":\"https:\/\/uecornella.cat\/en\/#\/schema\/logo\/image\/\",\"url\":\"https:\/\/www.uecornella.cat\/wp-content\/uploads\/2022\/01\/apple-icon-144x144-1.png\",\"contentUrl\":\"https:\/\/www.uecornella.cat\/wp-content\/uploads\/2022\/01\/apple-icon-144x144-1.png\",\"width\":144,\"height\":144,\"caption\":\"Uni\u00f3 Esportiva Cornell\u00e0\"},\"image\":{\"@id\":\"https:\/\/uecornella.cat\/en\/#\/schema\/logo\/image\/\"},\"sameAs\":[\"https:\/\/www.facebook.com\/UECornella?fref=ts\",\"https:\/\/x.com\/ue_cornella\",\"http:\/\/instagram.com\/uecornella\",\"https:\/\/www.youtube.com\/channel\/UCcwgya5MdVvxRn_MeD6A0vg\"]}]}<\/script>\n<!-- \/ Yoast SEO plugin. -->","yoast_head_json":{"title":"Estadio - Uni\u00f3 Esportiva Cornell\u00e0","robots":{"index":"index","follow":"follow","max-snippet":"max-snippet:-1","max-image-preview":"max-image-preview:large","max-video-preview":"max-video-preview:-1"},"canonical":"https:\/\/uecornella.cat\/en\/estadio\/","og_locale":"en_US","og_type":"article","og_title":"Estadio - Uni\u00f3 Esportiva Cornell\u00e0","og_description":"[vc_row css=&#8221;.vc_custom_1510174455388{margin-top: 30px !important;}&#8221;][vc_column][vc_custom_heading text=&#8221;Estadio Nou Municipal de Cornell\u00e0&#8221; font_container=&#8221;tag:h3|font_size:40px|text_align:left&#8221; use_theme_fonts=&#8221;yes&#8221; css=&#8221;.vc_custom_1678643223040{margin-top: 30px !important;margin-bottom: 0px !important;}&#8221;][vc_column_text] Nuestro estadio [\/vc_column_text][\/vc_column][\/vc_row][vc_row full_height=&#8221;yes&#8221;][vc_column width=&#8221;1\/3&#8243; css=&#8221;.vc_custom_1510173692314{background-image: url(http:\/\/www.uecornella.cat\/wp-content\/uploads\/2017\/11\/CampoDeFutbol.jpg?id=6405) !important;background-position: 0 0 !important;background-repeat: no-repeat !important;}&#8221;][\/vc_column][vc_column width=&#8221;2\/3&#8243;][vc_column_text]El actual estadio donde la UE Cornell\u00e0 afronta sus partidos como local es el Nou Municipal de Cornell\u00e0 de Llobregat. Inaugurado en septiembre de 2012, el [&hellip;]","og_url":"https:\/\/uecornella.cat\/en\/estadio\/","og_site_name":"Uni\u00f3 Esportiva Cornell\u00e0","article_publisher":"https:\/\/www.facebook.com\/UECornella?fref=ts","article_modified_time":"2023-03-12T17:57:28+00:00","twitter_card":"summary_large_image","twitter_site":"@ue_cornella","twitter_misc":{"Est. reading time":"6 minutes"},"schema":{"@context":"https:\/\/schema.org","@graph":[{"@type":"WebPage","@id":"https:\/\/uecornella.cat\/en\/estadio\/","url":"https:\/\/uecornella.cat\/en\/estadio\/","name":"Estadio - Uni\u00f3 Esportiva Cornell\u00e0","isPartOf":{"@id":"https:\/\/uecornella.cat\/en\/#website"},"datePublished":"2017-11-08T19:15:23+00:00","dateModified":"2023-03-12T17:57:28+00:00","breadcrumb":{"@id":"https:\/\/uecornella.cat\/en\/estadio\/#breadcrumb"},"inLanguage":"en-US","potentialAction":[{"@type":"ReadAction","target":["https:\/\/uecornella.cat\/en\/estadio\/"]}]},{"@type":"BreadcrumbList","@id":"https:\/\/uecornella.cat\/en\/estadio\/#breadcrumb","itemListElement":[{"@type":"ListItem","position":1,"name":"Portada","item":"https:\/\/uecornella.cat\/en\/"},{"@type":"ListItem","position":2,"name":"Estadio"}]},{"@type":"WebSite","@id":"https:\/\/uecornella.cat\/en\/#website","url":"https:\/\/uecornella.cat\/en\/","name":"Uni\u00f3 Esportiva Cornell\u00e0","description":"Escuela de f\u00fatbol y club de f\u00fatbol de Cornell\u00e0","publisher":{"@id":"https:\/\/uecornella.cat\/en\/#organization"},"potentialAction":[{"@type":"SearchAction","target":{"@type":"EntryPoint","urlTemplate":"https:\/\/uecornella.cat\/en\/?s={search_term_string}"},"query-input":{"@type":"PropertyValueSpecification","valueRequired":true,"valueName":"search_term_string"}}],"inLanguage":"en-US"},{"@type":"Organization","@id":"https:\/\/uecornella.cat\/en\/#organization","name":"Uni\u00f3 Esportiva Cornell\u00e0","url":"https:\/\/uecornella.cat\/en\/","logo":{"@type":"ImageObject","inLanguage":"en-US","@id":"https:\/\/uecornella.cat\/en\/#\/schema\/logo\/image\/","url":"https:\/\/www.uecornella.cat\/wp-content\/uploads\/2022\/01\/apple-icon-144x144-1.png","contentUrl":"https:\/\/www.uecornella.cat\/wp-content\/uploads\/2022\/01\/apple-icon-144x144-1.png","width":144,"height":144,"caption":"Uni\u00f3 Esportiva Cornell\u00e0"},"image":{"@id":"https:\/\/uecornella.cat\/en\/#\/schema\/logo\/image\/"},"sameAs":["https:\/\/www.facebook.com\/UECornella?fref=ts","https:\/\/x.com\/ue_cornella","http:\/\/instagram.com\/uecornella","https:\/\/www.youtube.com\/channel\/UCcwgya5MdVvxRn_MeD6A0vg"]}]}},"_links":{"self":[{"href":"https:\/\/uecornella.cat\/en\/wp-json\/wp\/v2\/pages\/6417","targetHints":{"allow":["GET"]}}],"collection":[{"href":"https:\/\/uecornella.cat\/en\/wp-json\/wp\/v2\/pages"}],"about":[{"href":"https:\/\/uecornella.cat\/en\/wp-json\/wp\/v2\/types\/page"}],"author":[{"embeddable":true,"href":"https:\/\/uecornella.cat\/en\/wp-json\/wp\/v2\/users\/1"}],"replies":[{"embeddable":true,"href":"https:\/\/uecornella.cat\/en\/wp-json\/wp\/v2\/comments?post=6417"}],"version-history":[{"count":53,"href":"https:\/\/uecornella.cat\/en\/wp-json\/wp\/v2\/pages\/6417\/revisions"}],"predecessor-version":[{"id":35995,"href":"https:\/\/uecornella.cat\/en\/wp-json\/wp\/v2\/pages\/6417\/revisions\/35995"}],"wp:attachment":[{"href":"https:\/\/uecornella.cat\/en\/wp-json\/wp\/v2\/media?parent=6417"}],"curies":[{"name":"wp","href":"https:\/\/api.w.org\/{rel}","templated":true}]}}