{"id":6492,"date":"2017-11-12T13:24:00","date_gmt":"2017-11-12T13:24:00","guid":{"rendered":"http:\/\/www.uecornella.cat\/?page_id=6492"},"modified":"2020-12-12T12:47:10","modified_gmt":"2020-12-12T12:47:10","slug":"acuerdos-de-colaboracion","status":"publish","type":"page","link":"https:\/\/uecornella.cat\/en\/club\/acuerdos-de-colaboracion\/","title":{"rendered":"Acuerdos de colaboraci\u00f3n"},"content":{"rendered":"<div class=\"wpb-content-wrapper\"><p>[vc_row][vc_column][vc_cta h2=&#8221;acuerdos de colaboraci\u00f3n &#8220;]La UE Cornell\u00e0 mantiene acuerdos de colaborac\u00ed\u00f3n oficiales con entidades deportivas y empresas privadas con el objetivo de hacer llegar el nombre del club y de la ciudad de Cornell\u00e0 de Llobregat a la mayor cantidad de lugares del mundo.[\/vc_cta][vc_row_inner][vc_column_inner width=&#8221;1\/2&#8243;][asvc_infobox style=&#8221;style-4&#8243; icon_type=&#8221;image&#8221; icon_image=&#8221;6499&#8243; icon_size=&#8221;64&#8243; title=&#8221;WOrld SPort ACademy, WOSPAC &#8221; title_f_size=&#8221;18&#8243; desc_f_size=&#8221;14&#8243;]WOSPAC es una empresa privada que ayuda a equipos, jugadores y entrenadores de todo el mundo a conocer la filosof\u00eda de trabajo y formaci\u00f3n de la UE Cornell\u00e0, promocionando su ciudad y fomentando el deporte internacional como cohesi\u00f3n cultural, deportiva y educativa.<\/p>\n<p>La UE Cornell\u00e0 y WOSPAC rubricaron su acuerdo de colaboraci\u00f3n en el 2011. Durante este tiempo, WOSPAC ha permitido al club del Baix Llobregat crecer internacionalmente hasta convertirse en una referencia para el f\u00fatbol de formaci\u00f3n mundial. Jugadores de todas las partes del planeta (desde Estados Unidos hasta Australia) han conocido la manera de trabajar del club cornellanense, as\u00ed como el estilo de vida de la ciudad.[\/asvc_infobox][\/vc_column_inner][vc_column_inner width=&#8221;1\/2&#8243;][asvc_infobox style=&#8221;style-4&#8243; icon_type=&#8221;image&#8221; icon_image=&#8221;6498&#8243; icon_size=&#8221;64&#8243; title=&#8221;F.C. Barcelona&#8221; title_f_size=&#8221;18&#8243; desc_f_size=&#8221;14&#8243;]En lo que concierne al convenio de colaboraci\u00f3n con el FC Barcelona, data de enero de 2012. El pacto, rubricado oficialmente con la presencia del regidor de Cornell\u00e0 de Llobregat Antonio Mart\u00ednez, otorga prioridad al club barcelonista sobre los futbolistas de la UE Cornell\u00e0.<\/p>\n<p>El acuerdo es fruto del reconocimiento del FC Barcelona hacia la UE Cornell\u00e0. Tras su firma, el entonces responsable del f\u00fatbol base blaugrana, Guillermo Amor, destac\u00f3 el nivel del f\u00fatbol de formaci\u00f3n de la Escuela de la UE Cornell\u00e0 y se mostr\u00f3 muy satisfecho de haber alcanzado este pacto.[\/asvc_infobox][\/vc_column_inner][\/vc_row_inner][\/vc_column][\/vc_row][vc_row css=&#8221;.vc_custom_1510493847162{background-color: #eeeeee !important;}&#8221;][vc_column][vc_empty_space][vc_column_text]Colateralmente, la ciudad se ha visto beneficiada por el incremento de la actividad econ\u00f3mica relacionada con la Escuela Internacional y por el aumento de visitantes, un aspecto muy favorable para las finanzas de la ciudad y la comarca del Baix Llobregat.<\/p>\n<p>Bajo el nombre de la UE Cornell\u00e0, WOSPAC ha organizado campus y escuelas deportivas por todo el mundo, cosa que ha permitido dar a conocer el nombre del club en Sidney, Melbourne, M\u00e9xico, Guatemala, Panam\u00e1, Venezuela, Estados Unidos de Am\u00e9rica, Islas Bermudas, L\u00edbano o Jordania, entre otros. En esta l\u00ednea, WOSPAC y en consecuencia la UE Cornell\u00e0, disponen de acuerdos internacionales con diferentes entidades.<\/p>\n<p>[\/vc_column_text][vc_images_carousel images=&#8221;6497,6496,6495,6494,6493&#8243; img_size=&#8221;&#8221; onclick=&#8221;link_no&#8221; slides_per_view=&#8221;5&#8243; autoplay=&#8221;yes&#8221; hide_pagination_control=&#8221;yes&#8221; hide_prev_next_buttons=&#8221;yes&#8221; wrap=&#8221;yes&#8221; css=&#8221;.vc_custom_1510504363165{background-color: #ffffff !important;}&#8221;][vc_column_text]Fruto de estas relaciones con la UE Cornell\u00e0, la entidad WOSPAC ha conseguido que los jugadores del club cornellanense opten a becas deportivas, valoradas aproximadamente en 200.000$, para estudiar y jugar al f\u00fatbol en las Universidades de los Estados Unidos de Am\u00e9rica. Las becas incluyen las dos actividades -estudiar y jugar a f\u00fatbol- en una universidad estadounidense, a la cual se acceder\u00e1 atendiendo a criterios de estudios, deportivos y geogr\u00e1ficos. En funci\u00f3n de estos requisitos, el programa propone al futbolista una universidad, entres las cuales est\u00e1 incluida la de jugar en la categor\u00eda universitaria m\u00e1s alta: la NSL. Entre los requisitos, est\u00e1n los siguientes: tener entre 17 y 25 a\u00f1os y haber aprobado el Bachillerato.[\/vc_column_text][\/vc_column][\/vc_row]<\/p>\n<\/div>","protected":false},"excerpt":{"rendered":"<p>[vc_row][vc_column][vc_cta h2=&#8221;acuerdos de colaboraci\u00f3n &#8220;]La UE Cornell\u00e0 mantiene acuerdos de colaborac\u00ed\u00f3n oficiales con entidades deportivas y empresas privadas con el objetivo de hacer llegar el nombre del club y de la ciudad de Cornell\u00e0 de Llobregat a la mayor cantidad de lugares del mundo.[\/vc_cta][vc_row_inner][vc_column_inner width=&#8221;1\/2&#8243;][asvc_infobox style=&#8221;style-4&#8243; icon_type=&#8221;image&#8221; icon_image=&#8221;6499&#8243; icon_size=&#8221;64&#8243; title=&#8221;WOrld SPort ACademy, WOSPAC &#8221; title_f_size=&#8221;18&#8243; [&hellip;]<\/p>\n","protected":false},"author":1,"featured_media":0,"parent":19822,"menu_order":0,"comment_status":"closed","ping_status":"closed","template":"","meta":{"_acf_changed":false,"footnotes":""},"class_list":["post-6492","page","type-page","status-publish","hentry"],"acf":[],"yoast_head":"<!-- This site is optimized with the Yoast SEO plugin v25.8 - https:\/\/yoast.com\/wordpress\/plugins\/seo\/ -->\n<title>Acuerdos de colaboraci\u00f3n - Uni\u00f3 Esportiva Cornell\u00e0<\/title>\n<meta name=\"robots\" content=\"index, follow, max-snippet:-1, max-image-preview:large, max-video-preview:-1\" \/>\n<link rel=\"canonical\" href=\"https:\/\/uecornella.cat\/en\/club\/acuerdos-de-colaboracion\/\" \/>\n<meta property=\"og:locale\" content=\"en_US\" \/>\n<meta property=\"og:type\" content=\"article\" \/>\n<meta property=\"og:title\" content=\"Acuerdos de colaboraci\u00f3n - Uni\u00f3 Esportiva Cornell\u00e0\" \/>\n<meta property=\"og:description\" content=\"[vc_row][vc_column][vc_cta h2=&#8221;acuerdos de colaboraci\u00f3n &#8220;]La UE Cornell\u00e0 mantiene acuerdos de colaborac\u00ed\u00f3n oficiales con entidades deportivas y empresas privadas con el objetivo de hacer llegar el nombre del club y de la ciudad de Cornell\u00e0 de Llobregat a la mayor cantidad de lugares del mundo.[\/vc_cta][vc_row_inner][vc_column_inner width=&#8221;1\/2&#8243;][asvc_infobox style=&#8221;style-4&#8243; icon_type=&#8221;image&#8221; icon_image=&#8221;6499&#8243; icon_size=&#8221;64&#8243; title=&#8221;WOrld SPort ACademy, WOSPAC &#8221; title_f_size=&#8221;18&#8243; [&hellip;]\" \/>\n<meta property=\"og:url\" content=\"https:\/\/uecornella.cat\/en\/club\/acuerdos-de-colaboracion\/\" \/>\n<meta property=\"og:site_name\" content=\"Uni\u00f3 Esportiva Cornell\u00e0\" \/>\n<meta property=\"article:publisher\" content=\"https:\/\/www.facebook.com\/UECornella?fref=ts\" \/>\n<meta property=\"article:modified_time\" content=\"2020-12-12T12:47:10+00:00\" \/>\n<meta name=\"twitter:card\" content=\"summary_large_image\" \/>\n<meta name=\"twitter:site\" content=\"@ue_cornella\" \/>\n<meta name=\"twitter:label1\" content=\"Est. reading time\" \/>\n\t<meta name=\"twitter:data1\" content=\"3 minutes\" \/>\n<script type=\"application\/ld+json\" class=\"yoast-schema-graph\">{\"@context\":\"https:\/\/schema.org\",\"@graph\":[{\"@type\":\"WebPage\",\"@id\":\"https:\/\/uecornella.cat\/en\/club\/acuerdos-de-colaboracion\/\",\"url\":\"https:\/\/uecornella.cat\/en\/club\/acuerdos-de-colaboracion\/\",\"name\":\"Acuerdos de colaboraci\u00f3n - Uni\u00f3 Esportiva Cornell\u00e0\",\"isPartOf\":{\"@id\":\"https:\/\/uecornella.cat\/en\/#website\"},\"datePublished\":\"2017-11-12T13:24:00+00:00\",\"dateModified\":\"2020-12-12T12:47:10+00:00\",\"breadcrumb\":{\"@id\":\"https:\/\/uecornella.cat\/en\/club\/acuerdos-de-colaboracion\/#breadcrumb\"},\"inLanguage\":\"en-US\",\"potentialAction\":[{\"@type\":\"ReadAction\",\"target\":[\"https:\/\/uecornella.cat\/en\/club\/acuerdos-de-colaboracion\/\"]}]},{\"@type\":\"BreadcrumbList\",\"@id\":\"https:\/\/uecornella.cat\/en\/club\/acuerdos-de-colaboracion\/#breadcrumb\",\"itemListElement\":[{\"@type\":\"ListItem\",\"position\":1,\"name\":\"Portada\",\"item\":\"https:\/\/uecornella.cat\/en\/\"},{\"@type\":\"ListItem\",\"position\":2,\"name\":\"El Club\",\"item\":\"https:\/\/uecornella.cat\/en\/club\/\"},{\"@type\":\"ListItem\",\"position\":3,\"name\":\"Acuerdos de colaboraci\u00f3n\"}]},{\"@type\":\"WebSite\",\"@id\":\"https:\/\/uecornella.cat\/en\/#website\",\"url\":\"https:\/\/uecornella.cat\/en\/\",\"name\":\"Uni\u00f3 Esportiva Cornell\u00e0\",\"description\":\"Escuela de f\u00fatbol y club de f\u00fatbol de Cornell\u00e0\",\"publisher\":{\"@id\":\"https:\/\/uecornella.cat\/en\/#organization\"},\"potentialAction\":[{\"@type\":\"SearchAction\",\"target\":{\"@type\":\"EntryPoint\",\"urlTemplate\":\"https:\/\/uecornella.cat\/en\/?s={search_term_string}\"},\"query-input\":{\"@type\":\"PropertyValueSpecification\",\"valueRequired\":true,\"valueName\":\"search_term_string\"}}],\"inLanguage\":\"en-US\"},{\"@type\":\"Organization\",\"@id\":\"https:\/\/uecornella.cat\/en\/#organization\",\"name\":\"Uni\u00f3 Esportiva Cornell\u00e0\",\"url\":\"https:\/\/uecornella.cat\/en\/\",\"logo\":{\"@type\":\"ImageObject\",\"inLanguage\":\"en-US\",\"@id\":\"https:\/\/uecornella.cat\/en\/#\/schema\/logo\/image\/\",\"url\":\"https:\/\/www.uecornella.cat\/wp-content\/uploads\/2022\/01\/apple-icon-144x144-1.png\",\"contentUrl\":\"https:\/\/www.uecornella.cat\/wp-content\/uploads\/2022\/01\/apple-icon-144x144-1.png\",\"width\":144,\"height\":144,\"caption\":\"Uni\u00f3 Esportiva Cornell\u00e0\"},\"image\":{\"@id\":\"https:\/\/uecornella.cat\/en\/#\/schema\/logo\/image\/\"},\"sameAs\":[\"https:\/\/www.facebook.com\/UECornella?fref=ts\",\"https:\/\/x.com\/ue_cornella\",\"http:\/\/instagram.com\/uecornella\",\"https:\/\/www.youtube.com\/channel\/UCcwgya5MdVvxRn_MeD6A0vg\"]}]}<\/script>\n<!-- \/ Yoast SEO plugin. -->","yoast_head_json":{"title":"Acuerdos de colaboraci\u00f3n - Uni\u00f3 Esportiva Cornell\u00e0","robots":{"index":"index","follow":"follow","max-snippet":"max-snippet:-1","max-image-preview":"max-image-preview:large","max-video-preview":"max-video-preview:-1"},"canonical":"https:\/\/uecornella.cat\/en\/club\/acuerdos-de-colaboracion\/","og_locale":"en_US","og_type":"article","og_title":"Acuerdos de colaboraci\u00f3n - Uni\u00f3 Esportiva Cornell\u00e0","og_description":"[vc_row][vc_column][vc_cta h2=&#8221;acuerdos de colaboraci\u00f3n &#8220;]La UE Cornell\u00e0 mantiene acuerdos de colaborac\u00ed\u00f3n oficiales con entidades deportivas y empresas privadas con el objetivo de hacer llegar el nombre del club y de la ciudad de Cornell\u00e0 de Llobregat a la mayor cantidad de lugares del mundo.[\/vc_cta][vc_row_inner][vc_column_inner width=&#8221;1\/2&#8243;][asvc_infobox style=&#8221;style-4&#8243; icon_type=&#8221;image&#8221; icon_image=&#8221;6499&#8243; icon_size=&#8221;64&#8243; title=&#8221;WOrld SPort ACademy, WOSPAC &#8221; title_f_size=&#8221;18&#8243; [&hellip;]","og_url":"https:\/\/uecornella.cat\/en\/club\/acuerdos-de-colaboracion\/","og_site_name":"Uni\u00f3 Esportiva Cornell\u00e0","article_publisher":"https:\/\/www.facebook.com\/UECornella?fref=ts","article_modified_time":"2020-12-12T12:47:10+00:00","twitter_card":"summary_large_image","twitter_site":"@ue_cornella","twitter_misc":{"Est. reading time":"3 minutes"},"schema":{"@context":"https:\/\/schema.org","@graph":[{"@type":"WebPage","@id":"https:\/\/uecornella.cat\/en\/club\/acuerdos-de-colaboracion\/","url":"https:\/\/uecornella.cat\/en\/club\/acuerdos-de-colaboracion\/","name":"Acuerdos de colaboraci\u00f3n - Uni\u00f3 Esportiva Cornell\u00e0","isPartOf":{"@id":"https:\/\/uecornella.cat\/en\/#website"},"datePublished":"2017-11-12T13:24:00+00:00","dateModified":"2020-12-12T12:47:10+00:00","breadcrumb":{"@id":"https:\/\/uecornella.cat\/en\/club\/acuerdos-de-colaboracion\/#breadcrumb"},"inLanguage":"en-US","potentialAction":[{"@type":"ReadAction","target":["https:\/\/uecornella.cat\/en\/club\/acuerdos-de-colaboracion\/"]}]},{"@type":"BreadcrumbList","@id":"https:\/\/uecornella.cat\/en\/club\/acuerdos-de-colaboracion\/#breadcrumb","itemListElement":[{"@type":"ListItem","position":1,"name":"Portada","item":"https:\/\/uecornella.cat\/en\/"},{"@type":"ListItem","position":2,"name":"El Club","item":"https:\/\/uecornella.cat\/en\/club\/"},{"@type":"ListItem","position":3,"name":"Acuerdos de colaboraci\u00f3n"}]},{"@type":"WebSite","@id":"https:\/\/uecornella.cat\/en\/#website","url":"https:\/\/uecornella.cat\/en\/","name":"Uni\u00f3 Esportiva Cornell\u00e0","description":"Escuela de f\u00fatbol y club de f\u00fatbol de Cornell\u00e0","publisher":{"@id":"https:\/\/uecornella.cat\/en\/#organization"},"potentialAction":[{"@type":"SearchAction","target":{"@type":"EntryPoint","urlTemplate":"https:\/\/uecornella.cat\/en\/?s={search_term_string}"},"query-input":{"@type":"PropertyValueSpecification","valueRequired":true,"valueName":"search_term_string"}}],"inLanguage":"en-US"},{"@type":"Organization","@id":"https:\/\/uecornella.cat\/en\/#organization","name":"Uni\u00f3 Esportiva Cornell\u00e0","url":"https:\/\/uecornella.cat\/en\/","logo":{"@type":"ImageObject","inLanguage":"en-US","@id":"https:\/\/uecornella.cat\/en\/#\/schema\/logo\/image\/","url":"https:\/\/www.uecornella.cat\/wp-content\/uploads\/2022\/01\/apple-icon-144x144-1.png","contentUrl":"https:\/\/www.uecornella.cat\/wp-content\/uploads\/2022\/01\/apple-icon-144x144-1.png","width":144,"height":144,"caption":"Uni\u00f3 Esportiva Cornell\u00e0"},"image":{"@id":"https:\/\/uecornella.cat\/en\/#\/schema\/logo\/image\/"},"sameAs":["https:\/\/www.facebook.com\/UECornella?fref=ts","https:\/\/x.com\/ue_cornella","http:\/\/instagram.com\/uecornella","https:\/\/www.youtube.com\/channel\/UCcwgya5MdVvxRn_MeD6A0vg"]}]}},"_links":{"self":[{"href":"https:\/\/uecornella.cat\/en\/wp-json\/wp\/v2\/pages\/6492","targetHints":{"allow":["GET"]}}],"collection":[{"href":"https:\/\/uecornella.cat\/en\/wp-json\/wp\/v2\/pages"}],"about":[{"href":"https:\/\/uecornella.cat\/en\/wp-json\/wp\/v2\/types\/page"}],"author":[{"embeddable":true,"href":"https:\/\/uecornella.cat\/en\/wp-json\/wp\/v2\/users\/1"}],"replies":[{"embeddable":true,"href":"https:\/\/uecornella.cat\/en\/wp-json\/wp\/v2\/comments?post=6492"}],"version-history":[{"count":19,"href":"https:\/\/uecornella.cat\/en\/wp-json\/wp\/v2\/pages\/6492\/revisions"}],"predecessor-version":[{"id":6518,"href":"https:\/\/uecornella.cat\/en\/wp-json\/wp\/v2\/pages\/6492\/revisions\/6518"}],"up":[{"embeddable":true,"href":"https:\/\/uecornella.cat\/en\/wp-json\/wp\/v2\/pages\/19822"}],"wp:attachment":[{"href":"https:\/\/uecornella.cat\/en\/wp-json\/wp\/v2\/media?parent=6492"}],"curies":[{"name":"wp","href":"https:\/\/api.w.org\/{rel}","templated":true}]}}