{"id":6570,"date":"2017-11-12T20:27:38","date_gmt":"2017-11-12T20:27:38","guid":{"rendered":"http:\/\/www.uecornella.cat\/?page_id=6570"},"modified":"2023-03-15T18:40:57","modified_gmt":"2023-03-15T18:40:57","slug":"cuerpo-tecnico","status":"publish","type":"page","link":"https:\/\/uecornella.cat\/en\/primer-equipo\/cuerpo-tecnico\/","title":{"rendered":"Cuerpo T\u00e9cnico"},"content":{"rendered":"<div class=\"wpb-content-wrapper\"><p>[vc_row][vc_column][vc_column_text]<div class=\"jugadorsplantillawrapper\"><div class=\"jugador tecnic\"><a class=\"thickbox\" href=\"https:\/\/uecornella.cat\/wp-content\/uploads\/2023\/03\/IGNASI.png\"><div class=\"imatge\" style=\"background-image:url(https:\/\/uecornella.cat\/wp-content\/uploads\/2023\/03\/IGNASI-213x290.png);\"><\/div><div class=\"texte\">IGNASI SENABRE<br>(Entrenador)<\/div><\/a><\/div><div class=\"jugador tecnic\"><a class=\"thickbox\" href=\"https:\/\/uecornella.cat\/wp-content\/uploads\/2023\/03\/PACO.png\"><div class=\"imatge\" style=\"background-image:url(https:\/\/uecornella.cat\/wp-content\/uploads\/2023\/03\/PACO-213x290.png);\"><\/div><div class=\"texte\">PACO HIDALGO<br>(Entrenador)<\/div><\/a><\/div><div class=\"jugador tecnic\"><a class=\"thickbox\" href=\"https:\/\/uecornella.cat\/wp-content\/uploads\/2023\/03\/DANI-MARTINEZ.png\"><div class=\"imatge\" style=\"background-image:url(https:\/\/uecornella.cat\/wp-content\/uploads\/2023\/03\/DANI-MARTINEZ-213x290.png);\"><\/div><div class=\"texte\">DANI MART\u00cdNEZ<br>(Analista)<\/div><\/a><\/div><div class=\"jugador tecnic\"><a class=\"thickbox\" href=\"https:\/\/uecornella.cat\/wp-content\/uploads\/2023\/03\/JOEL2.png\"><div class=\"imatge\" style=\"background-image:url(https:\/\/uecornella.cat\/wp-content\/uploads\/2023\/03\/JOEL2-213x290.png);\"><\/div><div class=\"texte\">JOEL L\u00d3PEZ<br>(Entrenador de porteros)<\/div><\/a><\/div><div class=\"jugador tecnic\"><a class=\"thickbox\" href=\"https:\/\/uecornella.cat\/wp-content\/uploads\/2023\/03\/PROCA.png\"><div class=\"imatge\" style=\"background-image:url(https:\/\/uecornella.cat\/wp-content\/uploads\/2023\/03\/PROCA-213x290.png);\"><\/div><div class=\"texte\">Cristian Proca<br>(Delegado)<\/div><\/a><\/div><div class=\"jugador tecnic\"><a class=\"thickbox\" href=\"https:\/\/uecornella.cat\/wp-content\/uploads\/2023\/03\/PAU.png\"><div class=\"imatge\" style=\"background-image:url(https:\/\/uecornella.cat\/wp-content\/uploads\/2023\/03\/PAU-213x290.png);\"><\/div><div class=\"texte\">Pau Est\u00e9vez<br>(Preparador f\u00edsico )<\/div><\/a><\/div><div class=\"jugador tecnic\"><a class=\"thickbox\" href=\"https:\/\/uecornella.cat\/wp-content\/uploads\/2023\/03\/JUANMA.png\"><div class=\"imatge\" style=\"background-image:url(https:\/\/uecornella.cat\/wp-content\/uploads\/2023\/03\/JUANMA-213x290.png);\"><\/div><div class=\"texte\">Juanma P\u00e9rez<br>(Responsable Fisios)<\/div><\/a><\/div><div class=\"jugador tecnic\"><a class=\"thickbox\" href=\"https:\/\/uecornella.cat\/wp-content\/uploads\/2023\/03\/RAMON.png\"><div class=\"imatge\" style=\"background-image:url(https:\/\/uecornella.cat\/wp-content\/uploads\/2023\/03\/RAMON-213x290.png);\"><\/div><div class=\"texte\">RAM\u00d3N CART\u00d3N<br>(Fisio)<\/div><\/a><\/div><div class=\"jugador tecnic\"><a class=\"thickbox\" href=\"https:\/\/uecornella.cat\/wp-content\/uploads\/2023\/03\/JORDI-SALMERON.png\"><div class=\"imatge\" style=\"background-image:url(https:\/\/uecornella.cat\/wp-content\/uploads\/2023\/03\/JORDI-SALMERON-213x290.png);\"><\/div><div class=\"texte\">JORDI SALMER\u00d3N<br>(Analista)<\/div><\/a><\/div><div class=\"jugador tecnic\"><a class=\"thickbox\" href=\"https:\/\/uecornella.cat\/wp-content\/uploads\/2023\/03\/CRISPU.png\"><div class=\"imatge\" style=\"background-image:url(https:\/\/uecornella.cat\/wp-content\/uploads\/2023\/03\/CRISPU-213x290.png);\"><\/div><div class=\"texte\">Cristian Biason<br>(Utillero)<\/div><\/a><\/div><div class=\"jugador tecnic\"><a class=\"thickbox\" href=\"https:\/\/uecornella.cat\/wp-content\/uploads\/2023\/03\/MIGUELITO.png\"><div class=\"imatge\" style=\"background-image:url(https:\/\/uecornella.cat\/wp-content\/uploads\/2023\/03\/MIGUELITO-213x290.png);\"><\/div><div class=\"texte\">Miguel Fern\u00e1ndez<br>(Utillero)<\/div><\/a><\/div><div class=\"jugador tecnic\"><a class=\"thickbox\" href=\"https:\/\/uecornella.cat\/wp-content\/uploads\/2023\/03\/DANI-ROSAS.png\"><div class=\"imatge\" style=\"background-image:url(https:\/\/uecornella.cat\/wp-content\/uploads\/2023\/03\/DANI-ROSAS-213x290.png);\"><\/div><div class=\"texte\">DANI ROSAS<br>(Mental Coach)<\/div><\/a><\/div><\/div>[\/vc_column_text][\/vc_column][\/vc_row]<\/p>\n<\/div>","protected":false},"excerpt":{"rendered":"<p>[vc_row][vc_column][vc_column_text][\/vc_column_text][\/vc_column][\/vc_row]<\/p>\n","protected":false},"author":1,"featured_media":0,"parent":7113,"menu_order":2,"comment_status":"closed","ping_status":"closed","template":"","meta":{"_acf_changed":false,"footnotes":""},"class_list":["post-6570","page","type-page","status-publish","hentry"],"acf":[],"yoast_head":"<!-- This site is optimized with the Yoast SEO plugin v25.8 - https:\/\/yoast.com\/wordpress\/plugins\/seo\/ -->\n<title>Cuerpo T\u00e9cnico - Uni\u00f3 Esportiva Cornell\u00e0<\/title>\n<meta name=\"robots\" content=\"index, follow, max-snippet:-1, max-image-preview:large, max-video-preview:-1\" \/>\n<link rel=\"canonical\" href=\"https:\/\/uecornella.cat\/en\/primer-equipo\/cuerpo-tecnico\/\" \/>\n<meta property=\"og:locale\" content=\"en_US\" \/>\n<meta property=\"og:type\" content=\"article\" \/>\n<meta property=\"og:title\" content=\"Cuerpo T\u00e9cnico - Uni\u00f3 Esportiva Cornell\u00e0\" \/>\n<meta property=\"og:description\" content=\"[vc_row][vc_column][vc_column_text][\/vc_column_text][\/vc_column][\/vc_row]\" \/>\n<meta property=\"og:url\" content=\"https:\/\/uecornella.cat\/en\/primer-equipo\/cuerpo-tecnico\/\" \/>\n<meta property=\"og:site_name\" content=\"Uni\u00f3 Esportiva Cornell\u00e0\" \/>\n<meta property=\"article:publisher\" content=\"https:\/\/www.facebook.com\/UECornella?fref=ts\" \/>\n<meta property=\"article:modified_time\" content=\"2023-03-15T18:40:57+00:00\" \/>\n<meta name=\"twitter:card\" content=\"summary_large_image\" \/>\n<meta name=\"twitter:site\" content=\"@ue_cornella\" \/>\n<script type=\"application\/ld+json\" class=\"yoast-schema-graph\">{\"@context\":\"https:\/\/schema.org\",\"@graph\":[{\"@type\":\"WebPage\",\"@id\":\"https:\/\/uecornella.cat\/en\/primer-equipo\/cuerpo-tecnico\/\",\"url\":\"https:\/\/uecornella.cat\/en\/primer-equipo\/cuerpo-tecnico\/\",\"name\":\"Cuerpo T\u00e9cnico - Uni\u00f3 Esportiva Cornell\u00e0\",\"isPartOf\":{\"@id\":\"https:\/\/uecornella.cat\/en\/#website\"},\"datePublished\":\"2017-11-12T20:27:38+00:00\",\"dateModified\":\"2023-03-15T18:40:57+00:00\",\"breadcrumb\":{\"@id\":\"https:\/\/uecornella.cat\/en\/primer-equipo\/cuerpo-tecnico\/#breadcrumb\"},\"inLanguage\":\"en-US\",\"potentialAction\":[{\"@type\":\"ReadAction\",\"target\":[\"https:\/\/uecornella.cat\/en\/primer-equipo\/cuerpo-tecnico\/\"]}]},{\"@type\":\"BreadcrumbList\",\"@id\":\"https:\/\/uecornella.cat\/en\/primer-equipo\/cuerpo-tecnico\/#breadcrumb\",\"itemListElement\":[{\"@type\":\"ListItem\",\"position\":1,\"name\":\"Portada\",\"item\":\"https:\/\/uecornella.cat\/en\/\"},{\"@type\":\"ListItem\",\"position\":2,\"name\":\"Primer equipo\",\"item\":\"https:\/\/uecornella.cat\/en\/primer-equipo\/\"},{\"@type\":\"ListItem\",\"position\":3,\"name\":\"Cuerpo T\u00e9cnico\"}]},{\"@type\":\"WebSite\",\"@id\":\"https:\/\/uecornella.cat\/en\/#website\",\"url\":\"https:\/\/uecornella.cat\/en\/\",\"name\":\"Uni\u00f3 Esportiva Cornell\u00e0\",\"description\":\"Escuela de f\u00fatbol y club de f\u00fatbol de Cornell\u00e0\",\"publisher\":{\"@id\":\"https:\/\/uecornella.cat\/en\/#organization\"},\"potentialAction\":[{\"@type\":\"SearchAction\",\"target\":{\"@type\":\"EntryPoint\",\"urlTemplate\":\"https:\/\/uecornella.cat\/en\/?s={search_term_string}\"},\"query-input\":{\"@type\":\"PropertyValueSpecification\",\"valueRequired\":true,\"valueName\":\"search_term_string\"}}],\"inLanguage\":\"en-US\"},{\"@type\":\"Organization\",\"@id\":\"https:\/\/uecornella.cat\/en\/#organization\",\"name\":\"Uni\u00f3 Esportiva Cornell\u00e0\",\"url\":\"https:\/\/uecornella.cat\/en\/\",\"logo\":{\"@type\":\"ImageObject\",\"inLanguage\":\"en-US\",\"@id\":\"https:\/\/uecornella.cat\/en\/#\/schema\/logo\/image\/\",\"url\":\"https:\/\/www.uecornella.cat\/wp-content\/uploads\/2022\/01\/apple-icon-144x144-1.png\",\"contentUrl\":\"https:\/\/www.uecornella.cat\/wp-content\/uploads\/2022\/01\/apple-icon-144x144-1.png\",\"width\":144,\"height\":144,\"caption\":\"Uni\u00f3 Esportiva Cornell\u00e0\"},\"image\":{\"@id\":\"https:\/\/uecornella.cat\/en\/#\/schema\/logo\/image\/\"},\"sameAs\":[\"https:\/\/www.facebook.com\/UECornella?fref=ts\",\"https:\/\/x.com\/ue_cornella\",\"http:\/\/instagram.com\/uecornella\",\"https:\/\/www.youtube.com\/channel\/UCcwgya5MdVvxRn_MeD6A0vg\"]}]}<\/script>\n<!-- \/ Yoast SEO plugin. -->","yoast_head_json":{"title":"Cuerpo T\u00e9cnico - Uni\u00f3 Esportiva Cornell\u00e0","robots":{"index":"index","follow":"follow","max-snippet":"max-snippet:-1","max-image-preview":"max-image-preview:large","max-video-preview":"max-video-preview:-1"},"canonical":"https:\/\/uecornella.cat\/en\/primer-equipo\/cuerpo-tecnico\/","og_locale":"en_US","og_type":"article","og_title":"Cuerpo T\u00e9cnico - Uni\u00f3 Esportiva Cornell\u00e0","og_description":"[vc_row][vc_column][vc_column_text][\/vc_column_text][\/vc_column][\/vc_row]","og_url":"https:\/\/uecornella.cat\/en\/primer-equipo\/cuerpo-tecnico\/","og_site_name":"Uni\u00f3 Esportiva Cornell\u00e0","article_publisher":"https:\/\/www.facebook.com\/UECornella?fref=ts","article_modified_time":"2023-03-15T18:40:57+00:00","twitter_card":"summary_large_image","twitter_site":"@ue_cornella","schema":{"@context":"https:\/\/schema.org","@graph":[{"@type":"WebPage","@id":"https:\/\/uecornella.cat\/en\/primer-equipo\/cuerpo-tecnico\/","url":"https:\/\/uecornella.cat\/en\/primer-equipo\/cuerpo-tecnico\/","name":"Cuerpo T\u00e9cnico - Uni\u00f3 Esportiva Cornell\u00e0","isPartOf":{"@id":"https:\/\/uecornella.cat\/en\/#website"},"datePublished":"2017-11-12T20:27:38+00:00","dateModified":"2023-03-15T18:40:57+00:00","breadcrumb":{"@id":"https:\/\/uecornella.cat\/en\/primer-equipo\/cuerpo-tecnico\/#breadcrumb"},"inLanguage":"en-US","potentialAction":[{"@type":"ReadAction","target":["https:\/\/uecornella.cat\/en\/primer-equipo\/cuerpo-tecnico\/"]}]},{"@type":"BreadcrumbList","@id":"https:\/\/uecornella.cat\/en\/primer-equipo\/cuerpo-tecnico\/#breadcrumb","itemListElement":[{"@type":"ListItem","position":1,"name":"Portada","item":"https:\/\/uecornella.cat\/en\/"},{"@type":"ListItem","position":2,"name":"Primer equipo","item":"https:\/\/uecornella.cat\/en\/primer-equipo\/"},{"@type":"ListItem","position":3,"name":"Cuerpo T\u00e9cnico"}]},{"@type":"WebSite","@id":"https:\/\/uecornella.cat\/en\/#website","url":"https:\/\/uecornella.cat\/en\/","name":"Uni\u00f3 Esportiva Cornell\u00e0","description":"Escuela de f\u00fatbol y club de f\u00fatbol de Cornell\u00e0","publisher":{"@id":"https:\/\/uecornella.cat\/en\/#organization"},"potentialAction":[{"@type":"SearchAction","target":{"@type":"EntryPoint","urlTemplate":"https:\/\/uecornella.cat\/en\/?s={search_term_string}"},"query-input":{"@type":"PropertyValueSpecification","valueRequired":true,"valueName":"search_term_string"}}],"inLanguage":"en-US"},{"@type":"Organization","@id":"https:\/\/uecornella.cat\/en\/#organization","name":"Uni\u00f3 Esportiva Cornell\u00e0","url":"https:\/\/uecornella.cat\/en\/","logo":{"@type":"ImageObject","inLanguage":"en-US","@id":"https:\/\/uecornella.cat\/en\/#\/schema\/logo\/image\/","url":"https:\/\/www.uecornella.cat\/wp-content\/uploads\/2022\/01\/apple-icon-144x144-1.png","contentUrl":"https:\/\/www.uecornella.cat\/wp-content\/uploads\/2022\/01\/apple-icon-144x144-1.png","width":144,"height":144,"caption":"Uni\u00f3 Esportiva Cornell\u00e0"},"image":{"@id":"https:\/\/uecornella.cat\/en\/#\/schema\/logo\/image\/"},"sameAs":["https:\/\/www.facebook.com\/UECornella?fref=ts","https:\/\/x.com\/ue_cornella","http:\/\/instagram.com\/uecornella","https:\/\/www.youtube.com\/channel\/UCcwgya5MdVvxRn_MeD6A0vg"]}]}},"_links":{"self":[{"href":"https:\/\/uecornella.cat\/en\/wp-json\/wp\/v2\/pages\/6570","targetHints":{"allow":["GET"]}}],"collection":[{"href":"https:\/\/uecornella.cat\/en\/wp-json\/wp\/v2\/pages"}],"about":[{"href":"https:\/\/uecornella.cat\/en\/wp-json\/wp\/v2\/types\/page"}],"author":[{"embeddable":true,"href":"https:\/\/uecornella.cat\/en\/wp-json\/wp\/v2\/users\/1"}],"replies":[{"embeddable":true,"href":"https:\/\/uecornella.cat\/en\/wp-json\/wp\/v2\/comments?post=6570"}],"version-history":[{"count":3,"href":"https:\/\/uecornella.cat\/en\/wp-json\/wp\/v2\/pages\/6570\/revisions"}],"predecessor-version":[{"id":36070,"href":"https:\/\/uecornella.cat\/en\/wp-json\/wp\/v2\/pages\/6570\/revisions\/36070"}],"up":[{"embeddable":true,"href":"https:\/\/uecornella.cat\/en\/wp-json\/wp\/v2\/pages\/7113"}],"wp:attachment":[{"href":"https:\/\/uecornella.cat\/en\/wp-json\/wp\/v2\/media?parent=6570"}],"curies":[{"name":"wp","href":"https:\/\/api.w.org\/{rel}","templated":true}]}}