{"id":6594,"date":"2017-11-14T20:30:44","date_gmt":"2017-11-14T20:30:44","guid":{"rendered":"http:\/\/www.uecornella.cat\/?page_id=6594"},"modified":"2025-07-22T16:54:57","modified_gmt":"2025-07-22T16:54:57","slug":"abonados","status":"publish","type":"page","link":"https:\/\/uecornella.cat\/en\/abonados\/","title":{"rendered":"\u00a1Ab\u00f3nate!"},"content":{"rendered":"<h2>CORNELL\u00c0 SOM TOTS<\/h2>\n<p>La Uni\u00f3 Esportiva Cornell\u00e0 hace oficial la campa\u00f1a de abonados <b>CORNELL\u00c0 SOM TOTS <\/b>para la temporada 2025\/2026 en Tercera Federaci\u00f3n.<\/p>\n<p>Una temporada m\u00e1s, en casa, con los de siempre: j\u00f3venes, mayores, los que siguen y los que vendr\u00e1n, con TODOS. Nuestra esencia no cambia, pero s\u00ed lo hace nuestra ilusi\u00f3n. Arranca un camino largo, ilusionante y lleno de ambici\u00f3n. Esto es lo de siempre, pero, al mismo tiempo, como nunca antes se ha vivido.<\/p>\n<p>El abono incluye los partidos de liga regular en Tercera Federaci\u00f3n y Copa Federaci\u00f3n disputados en el Nou Municipal de Cornell\u00e0 durante la temporada 2025\/2026.<\/p>\n<p><em>En la imagen<\/em> aparecen reflejadas las distintas categor\u00edas con el precio sin asiento asignado. Por 10\u20ac m\u00e1s, el abonado podr\u00e1 escoger localidad (sector, fila y asiento), que ser\u00e1 de uso exclusivo durante toda la temporada 2025-2026*<\/p>\n<p>*Aplicable a las categor\u00edas GENERAL Y MENORES DE 16 A\u00d1OS.<\/p>\n<ul>\n<li>Abonado PROTECTOR: incluye asiento VIP, plaza de aparcamiento los d\u00edas de partido y nueva camiseta <strong>UEC.<\/strong><\/li>\n<li>Categor\u00eda FAMILIAR: toda la gesti\u00f3n deber\u00e1 realizarse, de manera presencial, en las oficinas del Nou Municipal de Cornell\u00e0. El precio incluye cuatro abonos (dos adultos + dos menores).<\/li>\n<li>De 0 a 5 a\u00f1os: ACCESO GRATUITO<\/li>\n<\/ul>\n<p><em>*El precio del carn\u00e9 f\u00edsico tendr\u00e1 un coste adicional de 10\u20ac y deber\u00e1 solicitarse en las oficinas del Nou Municipal.<\/em><\/p>\n<p>*<em>Para m\u00e1s informaci\u00f3n<\/em>: info@uecornella.cat o 93 474 10 63.<\/p>\n<p>*<em>Horario de atenci\u00f3n al p\u00fablico en oficinas<\/em>: de lunes a viernes, de 17 a 19:45h.<\/p>\n<p><a href=\"https:\/\/uecornella.compralaentrada.com\/\"><img loading=\"lazy\" decoding=\"async\" class=\"alignnone wp-image-47034 size-full\" src=\"https:\/\/www.uecornella.cat\/wp-content\/uploads\/2025\/07\/WEB.jpg\" alt=\"\" width=\"2560\" height=\"342\" srcset=\"https:\/\/uecornella.cat\/wp-content\/uploads\/2025\/07\/WEB.jpg 2560w, https:\/\/uecornella.cat\/wp-content\/uploads\/2025\/07\/WEB-290x39.jpg 290w, https:\/\/uecornella.cat\/wp-content\/uploads\/2025\/07\/WEB-1024x137.jpg 1024w, https:\/\/uecornella.cat\/wp-content\/uploads\/2025\/07\/WEB-768x103.jpg 768w, https:\/\/uecornella.cat\/wp-content\/uploads\/2025\/07\/WEB-1536x205.jpg 1536w, https:\/\/uecornella.cat\/wp-content\/uploads\/2025\/07\/WEB-2048x274.jpg 2048w, https:\/\/uecornella.cat\/wp-content\/uploads\/2025\/07\/WEB-300x40.jpg 300w\" sizes=\"auto, (max-width: 2560px) 100vw, 2560px\" \/><\/a><\/p>\n","protected":false},"excerpt":{"rendered":"<p>CORNELL\u00c0 SOM TOTS La Uni\u00f3 Esportiva Cornell\u00e0 hace oficial la campa\u00f1a de abonados CORNELL\u00c0 SOM TOTS para la temporada 2025\/2026 en Tercera Federaci\u00f3n. Una temporada m\u00e1s, en casa, con los de siempre: j\u00f3venes, mayores, los que siguen y los que vendr\u00e1n, con TODOS. Nuestra esencia no cambia, pero s\u00ed lo hace nuestra ilusi\u00f3n. Arranca un [&hellip;]<\/p>\n","protected":false},"author":1,"featured_media":47036,"parent":0,"menu_order":0,"comment_status":"closed","ping_status":"closed","template":"","meta":{"_acf_changed":false,"footnotes":""},"class_list":["post-6594","page","type-page","status-publish","has-post-thumbnail","hentry"],"acf":[],"yoast_head":"<!-- This site is optimized with the Yoast SEO plugin v25.8 - https:\/\/yoast.com\/wordpress\/plugins\/seo\/ -->\n<title>\u00a1Ab\u00f3nate! - Uni\u00f3 Esportiva Cornell\u00e0<\/title>\n<meta name=\"robots\" content=\"index, follow, max-snippet:-1, max-image-preview:large, max-video-preview:-1\" \/>\n<link rel=\"canonical\" href=\"https:\/\/uecornella.cat\/en\/abonados\/\" \/>\n<meta property=\"og:locale\" content=\"en_US\" \/>\n<meta property=\"og:type\" content=\"article\" \/>\n<meta property=\"og:title\" content=\"\u00a1Ab\u00f3nate! - Uni\u00f3 Esportiva Cornell\u00e0\" \/>\n<meta property=\"og:description\" content=\"CORNELL\u00c0 SOM TOTS La Uni\u00f3 Esportiva Cornell\u00e0 hace oficial la campa\u00f1a de abonados CORNELL\u00c0 SOM TOTS para la temporada 2025\/2026 en Tercera Federaci\u00f3n. Una temporada m\u00e1s, en casa, con los de siempre: j\u00f3venes, mayores, los que siguen y los que vendr\u00e1n, con TODOS. Nuestra esencia no cambia, pero s\u00ed lo hace nuestra ilusi\u00f3n. Arranca un [&hellip;]\" \/>\n<meta property=\"og:url\" content=\"https:\/\/uecornella.cat\/en\/abonados\/\" \/>\n<meta property=\"og:site_name\" content=\"Uni\u00f3 Esportiva Cornell\u00e0\" \/>\n<meta property=\"article:publisher\" content=\"https:\/\/www.facebook.com\/UECornella?fref=ts\" \/>\n<meta property=\"article:modified_time\" content=\"2025-07-22T16:54:57+00:00\" \/>\n<meta property=\"og:image\" content=\"https:\/\/uecornella.cat\/wp-content\/uploads\/2025\/07\/PORTADA-CAMPANA-ABONADOS_CAst.jpg\" \/>\n\t<meta property=\"og:image:width\" content=\"1080\" \/>\n\t<meta property=\"og:image:height\" content=\"1350\" \/>\n\t<meta property=\"og:image:type\" content=\"image\/jpeg\" \/>\n<meta name=\"twitter:card\" content=\"summary_large_image\" \/>\n<meta name=\"twitter:site\" content=\"@ue_cornella\" \/>\n<meta name=\"twitter:label1\" content=\"Est. reading time\" \/>\n\t<meta name=\"twitter:data1\" content=\"2 minutes\" \/>\n<script type=\"application\/ld+json\" class=\"yoast-schema-graph\">{\"@context\":\"https:\/\/schema.org\",\"@graph\":[{\"@type\":\"WebPage\",\"@id\":\"https:\/\/uecornella.cat\/en\/abonados\/\",\"url\":\"https:\/\/uecornella.cat\/en\/abonados\/\",\"name\":\"\u00a1Ab\u00f3nate! - Uni\u00f3 Esportiva Cornell\u00e0\",\"isPartOf\":{\"@id\":\"https:\/\/uecornella.cat\/en\/#website\"},\"primaryImageOfPage\":{\"@id\":\"https:\/\/uecornella.cat\/en\/abonados\/#primaryimage\"},\"image\":{\"@id\":\"https:\/\/uecornella.cat\/en\/abonados\/#primaryimage\"},\"thumbnailUrl\":\"https:\/\/uecornella.cat\/wp-content\/uploads\/2025\/07\/PORTADA-CAMPANA-ABONADOS_CAst.jpg\",\"datePublished\":\"2017-11-14T20:30:44+00:00\",\"dateModified\":\"2025-07-22T16:54:57+00:00\",\"breadcrumb\":{\"@id\":\"https:\/\/uecornella.cat\/en\/abonados\/#breadcrumb\"},\"inLanguage\":\"en-US\",\"potentialAction\":[{\"@type\":\"ReadAction\",\"target\":[\"https:\/\/uecornella.cat\/en\/abonados\/\"]}]},{\"@type\":\"ImageObject\",\"inLanguage\":\"en-US\",\"@id\":\"https:\/\/uecornella.cat\/en\/abonados\/#primaryimage\",\"url\":\"https:\/\/uecornella.cat\/wp-content\/uploads\/2025\/07\/PORTADA-CAMPANA-ABONADOS_CAst.jpg\",\"contentUrl\":\"https:\/\/uecornella.cat\/wp-content\/uploads\/2025\/07\/PORTADA-CAMPANA-ABONADOS_CAst.jpg\",\"width\":1080,\"height\":1350},{\"@type\":\"BreadcrumbList\",\"@id\":\"https:\/\/uecornella.cat\/en\/abonados\/#breadcrumb\",\"itemListElement\":[{\"@type\":\"ListItem\",\"position\":1,\"name\":\"Portada\",\"item\":\"https:\/\/uecornella.cat\/en\/\"},{\"@type\":\"ListItem\",\"position\":2,\"name\":\"\u00a1Ab\u00f3nate!\"}]},{\"@type\":\"WebSite\",\"@id\":\"https:\/\/uecornella.cat\/en\/#website\",\"url\":\"https:\/\/uecornella.cat\/en\/\",\"name\":\"Uni\u00f3 Esportiva Cornell\u00e0\",\"description\":\"Escuela de f\u00fatbol y club de f\u00fatbol de Cornell\u00e0\",\"publisher\":{\"@id\":\"https:\/\/uecornella.cat\/en\/#organization\"},\"potentialAction\":[{\"@type\":\"SearchAction\",\"target\":{\"@type\":\"EntryPoint\",\"urlTemplate\":\"https:\/\/uecornella.cat\/en\/?s={search_term_string}\"},\"query-input\":{\"@type\":\"PropertyValueSpecification\",\"valueRequired\":true,\"valueName\":\"search_term_string\"}}],\"inLanguage\":\"en-US\"},{\"@type\":\"Organization\",\"@id\":\"https:\/\/uecornella.cat\/en\/#organization\",\"name\":\"Uni\u00f3 Esportiva Cornell\u00e0\",\"url\":\"https:\/\/uecornella.cat\/en\/\",\"logo\":{\"@type\":\"ImageObject\",\"inLanguage\":\"en-US\",\"@id\":\"https:\/\/uecornella.cat\/en\/#\/schema\/logo\/image\/\",\"url\":\"https:\/\/www.uecornella.cat\/wp-content\/uploads\/2022\/01\/apple-icon-144x144-1.png\",\"contentUrl\":\"https:\/\/www.uecornella.cat\/wp-content\/uploads\/2022\/01\/apple-icon-144x144-1.png\",\"width\":144,\"height\":144,\"caption\":\"Uni\u00f3 Esportiva Cornell\u00e0\"},\"image\":{\"@id\":\"https:\/\/uecornella.cat\/en\/#\/schema\/logo\/image\/\"},\"sameAs\":[\"https:\/\/www.facebook.com\/UECornella?fref=ts\",\"https:\/\/x.com\/ue_cornella\",\"http:\/\/instagram.com\/uecornella\",\"https:\/\/www.youtube.com\/channel\/UCcwgya5MdVvxRn_MeD6A0vg\"]}]}<\/script>\n<!-- \/ Yoast SEO plugin. -->","yoast_head_json":{"title":"\u00a1Ab\u00f3nate! - Uni\u00f3 Esportiva Cornell\u00e0","robots":{"index":"index","follow":"follow","max-snippet":"max-snippet:-1","max-image-preview":"max-image-preview:large","max-video-preview":"max-video-preview:-1"},"canonical":"https:\/\/uecornella.cat\/en\/abonados\/","og_locale":"en_US","og_type":"article","og_title":"\u00a1Ab\u00f3nate! - Uni\u00f3 Esportiva Cornell\u00e0","og_description":"CORNELL\u00c0 SOM TOTS La Uni\u00f3 Esportiva Cornell\u00e0 hace oficial la campa\u00f1a de abonados CORNELL\u00c0 SOM TOTS para la temporada 2025\/2026 en Tercera Federaci\u00f3n. Una temporada m\u00e1s, en casa, con los de siempre: j\u00f3venes, mayores, los que siguen y los que vendr\u00e1n, con TODOS. Nuestra esencia no cambia, pero s\u00ed lo hace nuestra ilusi\u00f3n. Arranca un [&hellip;]","og_url":"https:\/\/uecornella.cat\/en\/abonados\/","og_site_name":"Uni\u00f3 Esportiva Cornell\u00e0","article_publisher":"https:\/\/www.facebook.com\/UECornella?fref=ts","article_modified_time":"2025-07-22T16:54:57+00:00","og_image":[{"width":1080,"height":1350,"url":"https:\/\/uecornella.cat\/wp-content\/uploads\/2025\/07\/PORTADA-CAMPANA-ABONADOS_CAst.jpg","type":"image\/jpeg"}],"twitter_card":"summary_large_image","twitter_site":"@ue_cornella","twitter_misc":{"Est. reading time":"2 minutes"},"schema":{"@context":"https:\/\/schema.org","@graph":[{"@type":"WebPage","@id":"https:\/\/uecornella.cat\/en\/abonados\/","url":"https:\/\/uecornella.cat\/en\/abonados\/","name":"\u00a1Ab\u00f3nate! - Uni\u00f3 Esportiva Cornell\u00e0","isPartOf":{"@id":"https:\/\/uecornella.cat\/en\/#website"},"primaryImageOfPage":{"@id":"https:\/\/uecornella.cat\/en\/abonados\/#primaryimage"},"image":{"@id":"https:\/\/uecornella.cat\/en\/abonados\/#primaryimage"},"thumbnailUrl":"https:\/\/uecornella.cat\/wp-content\/uploads\/2025\/07\/PORTADA-CAMPANA-ABONADOS_CAst.jpg","datePublished":"2017-11-14T20:30:44+00:00","dateModified":"2025-07-22T16:54:57+00:00","breadcrumb":{"@id":"https:\/\/uecornella.cat\/en\/abonados\/#breadcrumb"},"inLanguage":"en-US","potentialAction":[{"@type":"ReadAction","target":["https:\/\/uecornella.cat\/en\/abonados\/"]}]},{"@type":"ImageObject","inLanguage":"en-US","@id":"https:\/\/uecornella.cat\/en\/abonados\/#primaryimage","url":"https:\/\/uecornella.cat\/wp-content\/uploads\/2025\/07\/PORTADA-CAMPANA-ABONADOS_CAst.jpg","contentUrl":"https:\/\/uecornella.cat\/wp-content\/uploads\/2025\/07\/PORTADA-CAMPANA-ABONADOS_CAst.jpg","width":1080,"height":1350},{"@type":"BreadcrumbList","@id":"https:\/\/uecornella.cat\/en\/abonados\/#breadcrumb","itemListElement":[{"@type":"ListItem","position":1,"name":"Portada","item":"https:\/\/uecornella.cat\/en\/"},{"@type":"ListItem","position":2,"name":"\u00a1Ab\u00f3nate!"}]},{"@type":"WebSite","@id":"https:\/\/uecornella.cat\/en\/#website","url":"https:\/\/uecornella.cat\/en\/","name":"Uni\u00f3 Esportiva Cornell\u00e0","description":"Escuela de f\u00fatbol y club de f\u00fatbol de Cornell\u00e0","publisher":{"@id":"https:\/\/uecornella.cat\/en\/#organization"},"potentialAction":[{"@type":"SearchAction","target":{"@type":"EntryPoint","urlTemplate":"https:\/\/uecornella.cat\/en\/?s={search_term_string}"},"query-input":{"@type":"PropertyValueSpecification","valueRequired":true,"valueName":"search_term_string"}}],"inLanguage":"en-US"},{"@type":"Organization","@id":"https:\/\/uecornella.cat\/en\/#organization","name":"Uni\u00f3 Esportiva Cornell\u00e0","url":"https:\/\/uecornella.cat\/en\/","logo":{"@type":"ImageObject","inLanguage":"en-US","@id":"https:\/\/uecornella.cat\/en\/#\/schema\/logo\/image\/","url":"https:\/\/www.uecornella.cat\/wp-content\/uploads\/2022\/01\/apple-icon-144x144-1.png","contentUrl":"https:\/\/www.uecornella.cat\/wp-content\/uploads\/2022\/01\/apple-icon-144x144-1.png","width":144,"height":144,"caption":"Uni\u00f3 Esportiva Cornell\u00e0"},"image":{"@id":"https:\/\/uecornella.cat\/en\/#\/schema\/logo\/image\/"},"sameAs":["https:\/\/www.facebook.com\/UECornella?fref=ts","https:\/\/x.com\/ue_cornella","http:\/\/instagram.com\/uecornella","https:\/\/www.youtube.com\/channel\/UCcwgya5MdVvxRn_MeD6A0vg"]}]}},"_links":{"self":[{"href":"https:\/\/uecornella.cat\/en\/wp-json\/wp\/v2\/pages\/6594","targetHints":{"allow":["GET"]}}],"collection":[{"href":"https:\/\/uecornella.cat\/en\/wp-json\/wp\/v2\/pages"}],"about":[{"href":"https:\/\/uecornella.cat\/en\/wp-json\/wp\/v2\/types\/page"}],"author":[{"embeddable":true,"href":"https:\/\/uecornella.cat\/en\/wp-json\/wp\/v2\/users\/1"}],"replies":[{"embeddable":true,"href":"https:\/\/uecornella.cat\/en\/wp-json\/wp\/v2\/comments?post=6594"}],"version-history":[{"count":164,"href":"https:\/\/uecornella.cat\/en\/wp-json\/wp\/v2\/pages\/6594\/revisions"}],"predecessor-version":[{"id":47071,"href":"https:\/\/uecornella.cat\/en\/wp-json\/wp\/v2\/pages\/6594\/revisions\/47071"}],"wp:featuredmedia":[{"embeddable":true,"href":"https:\/\/uecornella.cat\/en\/wp-json\/wp\/v2\/media\/47036"}],"wp:attachment":[{"href":"https:\/\/uecornella.cat\/en\/wp-json\/wp\/v2\/media?parent=6594"}],"curies":[{"name":"wp","href":"https:\/\/api.w.org\/{rel}","templated":true}]}}