{"id":6835,"date":"2017-11-19T19:07:10","date_gmt":"2017-11-19T19:07:10","guid":{"rendered":"http:\/\/www.uecornella.cat\/?page_id=6835"},"modified":"2017-11-19T19:07:24","modified_gmt":"2017-11-19T19:07:24","slug":"el-hielo-en-las-lesiones","status":"publish","type":"page","link":"https:\/\/uecornella.cat\/en\/salud-y-futbol\/el-hielo-en-las-lesiones\/","title":{"rendered":"El Hielo en las lesiones"},"content":{"rendered":"<div class=\"wpb-content-wrapper\"><p>[vc_row][vc_column width=&#8221;1\/3&#8243;][vc_single_image image=&#8221;6838&#8243; img_size=&#8221;full&#8221;][\/vc_column][vc_column width=&#8221;2\/3&#8243;][vc_column_text]Con tal de esclarecer los efectos de la aplicaci\u00f3n de hielo en zonas lesionadas de nuestros deportistas, Sergi Villanueva ha elaborado este interesante art\u00edculo. \u00bfEs \u00fatil la aplicaci\u00f3n de hielo sobre la zona afectada?, \u00bfPor qu\u00e9 se nos inflama la zona lesionada?<\/p>\n<p>Quiz\u00e1s por desconocimiento, quiz\u00e1s porque nunca nos lo hayamos preguntado, o quiz\u00e1s por simple tradici\u00f3n, pensamos que la aplicaci\u00f3n de hielo es correcta, pero \u00bfy si no lo fuera? Gracias a este nuevo art\u00edculo, Sergi intenta arrojar algo de luz sobre este tema.[\/vc_column_text][vc_btn title=&#8221;Castellano&#8221; align=&#8221;right&#8221; i_icon_fontawesome=&#8221;fa fa-file-pdf-o&#8221; add_icon=&#8221;true&#8221; link=&#8221;url:http%3A%2F%2Fwww.uecornella.cat%2Fwp-content%2Fuploads%2F2017%2F11%2FHielo.pdf|||&#8221;][vc_btn title=&#8221;Catal\u00e1&#8221; align=&#8221;right&#8221; i_icon_fontawesome=&#8221;fa fa-file-pdf-o&#8221; add_icon=&#8221;true&#8221; link=&#8221;url:http%3A%2F%2Fwww.uecornella.cat%2Fwp-content%2Fuploads%2F2017%2F11%2FHielo-Catalan.pdf|||&#8221;][\/vc_column][\/vc_row]<\/p>\n<\/div>","protected":false},"excerpt":{"rendered":"<p>[vc_row][vc_column width=&#8221;1\/3&#8243;][vc_single_image image=&#8221;6838&#8243; img_size=&#8221;full&#8221;][\/vc_column][vc_column width=&#8221;2\/3&#8243;][vc_column_text]Con tal de esclarecer los efectos de la aplicaci\u00f3n de hielo en zonas lesionadas de nuestros deportistas, Sergi Villanueva ha elaborado este interesante art\u00edculo. \u00bfEs \u00fatil la aplicaci\u00f3n de hielo sobre la zona afectada?, \u00bfPor qu\u00e9 se nos inflama la zona lesionada? Quiz\u00e1s por desconocimiento, quiz\u00e1s porque nunca nos lo hayamos [&hellip;]<\/p>\n","protected":false},"author":1,"featured_media":6838,"parent":6827,"menu_order":3,"comment_status":"closed","ping_status":"closed","template":"","meta":{"_acf_changed":false,"footnotes":""},"class_list":["post-6835","page","type-page","status-publish","has-post-thumbnail","hentry"],"acf":[],"yoast_head":"<!-- This site is optimized with the Yoast SEO plugin v25.8 - https:\/\/yoast.com\/wordpress\/plugins\/seo\/ -->\n<title>El Hielo en las lesiones - Uni\u00f3 Esportiva Cornell\u00e0<\/title>\n<meta name=\"robots\" content=\"index, follow, max-snippet:-1, max-image-preview:large, max-video-preview:-1\" \/>\n<link rel=\"canonical\" href=\"https:\/\/uecornella.cat\/en\/salud-y-futbol\/el-hielo-en-las-lesiones\/\" \/>\n<meta property=\"og:locale\" content=\"en_US\" \/>\n<meta property=\"og:type\" content=\"article\" \/>\n<meta property=\"og:title\" content=\"El Hielo en las lesiones - Uni\u00f3 Esportiva Cornell\u00e0\" \/>\n<meta property=\"og:description\" content=\"[vc_row][vc_column width=&#8221;1\/3&#8243;][vc_single_image image=&#8221;6838&#8243; img_size=&#8221;full&#8221;][\/vc_column][vc_column width=&#8221;2\/3&#8243;][vc_column_text]Con tal de esclarecer los efectos de la aplicaci\u00f3n de hielo en zonas lesionadas de nuestros deportistas, Sergi Villanueva ha elaborado este interesante art\u00edculo. \u00bfEs \u00fatil la aplicaci\u00f3n de hielo sobre la zona afectada?, \u00bfPor qu\u00e9 se nos inflama la zona lesionada? Quiz\u00e1s por desconocimiento, quiz\u00e1s porque nunca nos lo hayamos [&hellip;]\" \/>\n<meta property=\"og:url\" content=\"https:\/\/uecornella.cat\/en\/salud-y-futbol\/el-hielo-en-las-lesiones\/\" \/>\n<meta property=\"og:site_name\" content=\"Uni\u00f3 Esportiva Cornell\u00e0\" \/>\n<meta property=\"article:publisher\" content=\"https:\/\/www.facebook.com\/UECornella?fref=ts\" \/>\n<meta property=\"article:modified_time\" content=\"2017-11-19T19:07:24+00:00\" \/>\n<meta property=\"og:image\" content=\"https:\/\/uecornella.cat\/wp-content\/uploads\/2017\/11\/2964cd8751427f56b2f06582b92bec36_XL.jpg\" \/>\n\t<meta property=\"og:image:width\" content=\"940\" \/>\n\t<meta property=\"og:image:height\" content=\"627\" \/>\n\t<meta property=\"og:image:type\" content=\"image\/jpeg\" \/>\n<meta name=\"twitter:card\" content=\"summary_large_image\" \/>\n<meta name=\"twitter:site\" content=\"@ue_cornella\" \/>\n<meta name=\"twitter:label1\" content=\"Est. reading time\" \/>\n\t<meta name=\"twitter:data1\" content=\"1 minute\" \/>\n<script type=\"application\/ld+json\" class=\"yoast-schema-graph\">{\"@context\":\"https:\/\/schema.org\",\"@graph\":[{\"@type\":\"WebPage\",\"@id\":\"https:\/\/uecornella.cat\/en\/salud-y-futbol\/el-hielo-en-las-lesiones\/\",\"url\":\"https:\/\/uecornella.cat\/en\/salud-y-futbol\/el-hielo-en-las-lesiones\/\",\"name\":\"El Hielo en las lesiones - Uni\u00f3 Esportiva Cornell\u00e0\",\"isPartOf\":{\"@id\":\"https:\/\/uecornella.cat\/en\/#website\"},\"primaryImageOfPage\":{\"@id\":\"https:\/\/uecornella.cat\/en\/salud-y-futbol\/el-hielo-en-las-lesiones\/#primaryimage\"},\"image\":{\"@id\":\"https:\/\/uecornella.cat\/en\/salud-y-futbol\/el-hielo-en-las-lesiones\/#primaryimage\"},\"thumbnailUrl\":\"https:\/\/uecornella.cat\/wp-content\/uploads\/2017\/11\/2964cd8751427f56b2f06582b92bec36_XL.jpg\",\"datePublished\":\"2017-11-19T19:07:10+00:00\",\"dateModified\":\"2017-11-19T19:07:24+00:00\",\"breadcrumb\":{\"@id\":\"https:\/\/uecornella.cat\/en\/salud-y-futbol\/el-hielo-en-las-lesiones\/#breadcrumb\"},\"inLanguage\":\"en-US\",\"potentialAction\":[{\"@type\":\"ReadAction\",\"target\":[\"https:\/\/uecornella.cat\/en\/salud-y-futbol\/el-hielo-en-las-lesiones\/\"]}]},{\"@type\":\"ImageObject\",\"inLanguage\":\"en-US\",\"@id\":\"https:\/\/uecornella.cat\/en\/salud-y-futbol\/el-hielo-en-las-lesiones\/#primaryimage\",\"url\":\"https:\/\/uecornella.cat\/wp-content\/uploads\/2017\/11\/2964cd8751427f56b2f06582b92bec36_XL.jpg\",\"contentUrl\":\"https:\/\/uecornella.cat\/wp-content\/uploads\/2017\/11\/2964cd8751427f56b2f06582b92bec36_XL.jpg\",\"width\":940,\"height\":627},{\"@type\":\"BreadcrumbList\",\"@id\":\"https:\/\/uecornella.cat\/en\/salud-y-futbol\/el-hielo-en-las-lesiones\/#breadcrumb\",\"itemListElement\":[{\"@type\":\"ListItem\",\"position\":1,\"name\":\"Portada\",\"item\":\"https:\/\/uecornella.cat\/en\/\"},{\"@type\":\"ListItem\",\"position\":2,\"name\":\"Salud y F\u00fatbol\",\"item\":\"https:\/\/uecornella.cat\/en\/salud-y-futbol\/\"},{\"@type\":\"ListItem\",\"position\":3,\"name\":\"El Hielo en las lesiones\"}]},{\"@type\":\"WebSite\",\"@id\":\"https:\/\/uecornella.cat\/en\/#website\",\"url\":\"https:\/\/uecornella.cat\/en\/\",\"name\":\"Uni\u00f3 Esportiva Cornell\u00e0\",\"description\":\"Escuela de f\u00fatbol y club de f\u00fatbol de Cornell\u00e0\",\"publisher\":{\"@id\":\"https:\/\/uecornella.cat\/en\/#organization\"},\"potentialAction\":[{\"@type\":\"SearchAction\",\"target\":{\"@type\":\"EntryPoint\",\"urlTemplate\":\"https:\/\/uecornella.cat\/en\/?s={search_term_string}\"},\"query-input\":{\"@type\":\"PropertyValueSpecification\",\"valueRequired\":true,\"valueName\":\"search_term_string\"}}],\"inLanguage\":\"en-US\"},{\"@type\":\"Organization\",\"@id\":\"https:\/\/uecornella.cat\/en\/#organization\",\"name\":\"Uni\u00f3 Esportiva Cornell\u00e0\",\"url\":\"https:\/\/uecornella.cat\/en\/\",\"logo\":{\"@type\":\"ImageObject\",\"inLanguage\":\"en-US\",\"@id\":\"https:\/\/uecornella.cat\/en\/#\/schema\/logo\/image\/\",\"url\":\"https:\/\/www.uecornella.cat\/wp-content\/uploads\/2022\/01\/apple-icon-144x144-1.png\",\"contentUrl\":\"https:\/\/www.uecornella.cat\/wp-content\/uploads\/2022\/01\/apple-icon-144x144-1.png\",\"width\":144,\"height\":144,\"caption\":\"Uni\u00f3 Esportiva Cornell\u00e0\"},\"image\":{\"@id\":\"https:\/\/uecornella.cat\/en\/#\/schema\/logo\/image\/\"},\"sameAs\":[\"https:\/\/www.facebook.com\/UECornella?fref=ts\",\"https:\/\/x.com\/ue_cornella\",\"http:\/\/instagram.com\/uecornella\",\"https:\/\/www.youtube.com\/channel\/UCcwgya5MdVvxRn_MeD6A0vg\"]}]}<\/script>\n<!-- \/ Yoast SEO plugin. -->","yoast_head_json":{"title":"El Hielo en las lesiones - Uni\u00f3 Esportiva Cornell\u00e0","robots":{"index":"index","follow":"follow","max-snippet":"max-snippet:-1","max-image-preview":"max-image-preview:large","max-video-preview":"max-video-preview:-1"},"canonical":"https:\/\/uecornella.cat\/en\/salud-y-futbol\/el-hielo-en-las-lesiones\/","og_locale":"en_US","og_type":"article","og_title":"El Hielo en las lesiones - Uni\u00f3 Esportiva Cornell\u00e0","og_description":"[vc_row][vc_column width=&#8221;1\/3&#8243;][vc_single_image image=&#8221;6838&#8243; img_size=&#8221;full&#8221;][\/vc_column][vc_column width=&#8221;2\/3&#8243;][vc_column_text]Con tal de esclarecer los efectos de la aplicaci\u00f3n de hielo en zonas lesionadas de nuestros deportistas, Sergi Villanueva ha elaborado este interesante art\u00edculo. \u00bfEs \u00fatil la aplicaci\u00f3n de hielo sobre la zona afectada?, \u00bfPor qu\u00e9 se nos inflama la zona lesionada? Quiz\u00e1s por desconocimiento, quiz\u00e1s porque nunca nos lo hayamos [&hellip;]","og_url":"https:\/\/uecornella.cat\/en\/salud-y-futbol\/el-hielo-en-las-lesiones\/","og_site_name":"Uni\u00f3 Esportiva Cornell\u00e0","article_publisher":"https:\/\/www.facebook.com\/UECornella?fref=ts","article_modified_time":"2017-11-19T19:07:24+00:00","og_image":[{"width":940,"height":627,"url":"https:\/\/uecornella.cat\/wp-content\/uploads\/2017\/11\/2964cd8751427f56b2f06582b92bec36_XL.jpg","type":"image\/jpeg"}],"twitter_card":"summary_large_image","twitter_site":"@ue_cornella","twitter_misc":{"Est. reading time":"1 minute"},"schema":{"@context":"https:\/\/schema.org","@graph":[{"@type":"WebPage","@id":"https:\/\/uecornella.cat\/en\/salud-y-futbol\/el-hielo-en-las-lesiones\/","url":"https:\/\/uecornella.cat\/en\/salud-y-futbol\/el-hielo-en-las-lesiones\/","name":"El Hielo en las lesiones - Uni\u00f3 Esportiva Cornell\u00e0","isPartOf":{"@id":"https:\/\/uecornella.cat\/en\/#website"},"primaryImageOfPage":{"@id":"https:\/\/uecornella.cat\/en\/salud-y-futbol\/el-hielo-en-las-lesiones\/#primaryimage"},"image":{"@id":"https:\/\/uecornella.cat\/en\/salud-y-futbol\/el-hielo-en-las-lesiones\/#primaryimage"},"thumbnailUrl":"https:\/\/uecornella.cat\/wp-content\/uploads\/2017\/11\/2964cd8751427f56b2f06582b92bec36_XL.jpg","datePublished":"2017-11-19T19:07:10+00:00","dateModified":"2017-11-19T19:07:24+00:00","breadcrumb":{"@id":"https:\/\/uecornella.cat\/en\/salud-y-futbol\/el-hielo-en-las-lesiones\/#breadcrumb"},"inLanguage":"en-US","potentialAction":[{"@type":"ReadAction","target":["https:\/\/uecornella.cat\/en\/salud-y-futbol\/el-hielo-en-las-lesiones\/"]}]},{"@type":"ImageObject","inLanguage":"en-US","@id":"https:\/\/uecornella.cat\/en\/salud-y-futbol\/el-hielo-en-las-lesiones\/#primaryimage","url":"https:\/\/uecornella.cat\/wp-content\/uploads\/2017\/11\/2964cd8751427f56b2f06582b92bec36_XL.jpg","contentUrl":"https:\/\/uecornella.cat\/wp-content\/uploads\/2017\/11\/2964cd8751427f56b2f06582b92bec36_XL.jpg","width":940,"height":627},{"@type":"BreadcrumbList","@id":"https:\/\/uecornella.cat\/en\/salud-y-futbol\/el-hielo-en-las-lesiones\/#breadcrumb","itemListElement":[{"@type":"ListItem","position":1,"name":"Portada","item":"https:\/\/uecornella.cat\/en\/"},{"@type":"ListItem","position":2,"name":"Salud y F\u00fatbol","item":"https:\/\/uecornella.cat\/en\/salud-y-futbol\/"},{"@type":"ListItem","position":3,"name":"El Hielo en las lesiones"}]},{"@type":"WebSite","@id":"https:\/\/uecornella.cat\/en\/#website","url":"https:\/\/uecornella.cat\/en\/","name":"Uni\u00f3 Esportiva Cornell\u00e0","description":"Escuela de f\u00fatbol y club de f\u00fatbol de Cornell\u00e0","publisher":{"@id":"https:\/\/uecornella.cat\/en\/#organization"},"potentialAction":[{"@type":"SearchAction","target":{"@type":"EntryPoint","urlTemplate":"https:\/\/uecornella.cat\/en\/?s={search_term_string}"},"query-input":{"@type":"PropertyValueSpecification","valueRequired":true,"valueName":"search_term_string"}}],"inLanguage":"en-US"},{"@type":"Organization","@id":"https:\/\/uecornella.cat\/en\/#organization","name":"Uni\u00f3 Esportiva Cornell\u00e0","url":"https:\/\/uecornella.cat\/en\/","logo":{"@type":"ImageObject","inLanguage":"en-US","@id":"https:\/\/uecornella.cat\/en\/#\/schema\/logo\/image\/","url":"https:\/\/www.uecornella.cat\/wp-content\/uploads\/2022\/01\/apple-icon-144x144-1.png","contentUrl":"https:\/\/www.uecornella.cat\/wp-content\/uploads\/2022\/01\/apple-icon-144x144-1.png","width":144,"height":144,"caption":"Uni\u00f3 Esportiva Cornell\u00e0"},"image":{"@id":"https:\/\/uecornella.cat\/en\/#\/schema\/logo\/image\/"},"sameAs":["https:\/\/www.facebook.com\/UECornella?fref=ts","https:\/\/x.com\/ue_cornella","http:\/\/instagram.com\/uecornella","https:\/\/www.youtube.com\/channel\/UCcwgya5MdVvxRn_MeD6A0vg"]}]}},"_links":{"self":[{"href":"https:\/\/uecornella.cat\/en\/wp-json\/wp\/v2\/pages\/6835","targetHints":{"allow":["GET"]}}],"collection":[{"href":"https:\/\/uecornella.cat\/en\/wp-json\/wp\/v2\/pages"}],"about":[{"href":"https:\/\/uecornella.cat\/en\/wp-json\/wp\/v2\/types\/page"}],"author":[{"embeddable":true,"href":"https:\/\/uecornella.cat\/en\/wp-json\/wp\/v2\/users\/1"}],"replies":[{"embeddable":true,"href":"https:\/\/uecornella.cat\/en\/wp-json\/wp\/v2\/comments?post=6835"}],"version-history":[{"count":1,"href":"https:\/\/uecornella.cat\/en\/wp-json\/wp\/v2\/pages\/6835\/revisions"}],"predecessor-version":[{"id":6839,"href":"https:\/\/uecornella.cat\/en\/wp-json\/wp\/v2\/pages\/6835\/revisions\/6839"}],"up":[{"embeddable":true,"href":"https:\/\/uecornella.cat\/en\/wp-json\/wp\/v2\/pages\/6827"}],"wp:featuredmedia":[{"embeddable":true,"href":"https:\/\/uecornella.cat\/en\/wp-json\/wp\/v2\/media\/6838"}],"wp:attachment":[{"href":"https:\/\/uecornella.cat\/en\/wp-json\/wp\/v2\/media?parent=6835"}],"curies":[{"name":"wp","href":"https:\/\/api.w.org\/{rel}","templated":true}]}}