{"id":6857,"date":"2017-11-19T19:27:34","date_gmt":"2017-11-19T19:27:34","guid":{"rendered":"http:\/\/www.uecornella.cat\/?page_id=6857"},"modified":"2017-11-19T19:28:30","modified_gmt":"2017-11-19T19:28:30","slug":"simetria-o-asimetria","status":"publish","type":"page","link":"https:\/\/uecornella.cat\/en\/salud-y-futbol\/simetria-o-asimetria\/","title":{"rendered":"Simetr\u00eda o Asimetr\u00eda"},"content":{"rendered":"<div class=\"wpb-content-wrapper\"><p>[vc_row][vc_column width=&#8221;1\/3&#8243;][vc_single_image image=&#8221;6859&#8243; img_size=&#8221;full&#8221;][\/vc_column][vc_column width=&#8221;2\/3&#8243;][vc_column_text]La asimetr\u00eda del cuerpo.<\/p>\n<p>\u00bfEs normal tener un pierna m\u00e1s larga que la otra? \u00bfPuede acarrear problemas? Antoni Grau, fisio del club, nos da respuesta a esta y muchas otras preguntas sobre este tema, la simetr\u00eda o asimetr\u00eda del cuerpo.<\/p>\n<p>Un art\u00edculo que contin\u00faa ampliando nuestra biblioteca de salud y f\u00fatbol y que puedes descargar totalmente gratis en el siguiente enlace:[\/vc_column_text][vc_btn title=&#8221;Descargar&#8221; align=&#8221;right&#8221; i_icon_fontawesome=&#8221;fa fa-file-pdf-o&#8221; add_icon=&#8221;true&#8221; link=&#8221;url:http%3A%2F%2Fwww.uecornella.cat%2Fwp-content%2Fuploads%2F2017%2F11%2FSimetr%C3%ADa_Asimetr%C3%ADa.pdf|||&#8221;][\/vc_column][\/vc_row]<\/p>\n<\/div>","protected":false},"excerpt":{"rendered":"<p>[vc_row][vc_column width=&#8221;1\/3&#8243;][vc_single_image image=&#8221;6859&#8243; img_size=&#8221;full&#8221;][\/vc_column][vc_column width=&#8221;2\/3&#8243;][vc_column_text]La asimetr\u00eda del cuerpo. \u00bfEs normal tener un pierna m\u00e1s larga que la otra? \u00bfPuede acarrear problemas? Antoni Grau, fisio del club, nos da respuesta a esta y muchas otras preguntas sobre este tema, la simetr\u00eda o asimetr\u00eda del cuerpo. Un art\u00edculo que contin\u00faa ampliando nuestra biblioteca de salud y f\u00fatbol [&hellip;]<\/p>\n","protected":false},"author":1,"featured_media":6859,"parent":6827,"menu_order":7,"comment_status":"closed","ping_status":"closed","template":"","meta":{"_acf_changed":false,"footnotes":""},"class_list":["post-6857","page","type-page","status-publish","has-post-thumbnail","hentry"],"acf":[],"yoast_head":"<!-- This site is optimized with the Yoast SEO plugin v25.8 - https:\/\/yoast.com\/wordpress\/plugins\/seo\/ -->\n<title>Simetr\u00eda o Asimetr\u00eda - Uni\u00f3 Esportiva Cornell\u00e0<\/title>\n<meta name=\"robots\" content=\"index, follow, max-snippet:-1, max-image-preview:large, max-video-preview:-1\" \/>\n<link rel=\"canonical\" href=\"https:\/\/uecornella.cat\/en\/salud-y-futbol\/simetria-o-asimetria\/\" \/>\n<meta property=\"og:locale\" content=\"en_US\" \/>\n<meta property=\"og:type\" content=\"article\" \/>\n<meta property=\"og:title\" content=\"Simetr\u00eda o Asimetr\u00eda - Uni\u00f3 Esportiva Cornell\u00e0\" \/>\n<meta property=\"og:description\" content=\"[vc_row][vc_column width=&#8221;1\/3&#8243;][vc_single_image image=&#8221;6859&#8243; img_size=&#8221;full&#8221;][\/vc_column][vc_column width=&#8221;2\/3&#8243;][vc_column_text]La asimetr\u00eda del cuerpo. \u00bfEs normal tener un pierna m\u00e1s larga que la otra? \u00bfPuede acarrear problemas? Antoni Grau, fisio del club, nos da respuesta a esta y muchas otras preguntas sobre este tema, la simetr\u00eda o asimetr\u00eda del cuerpo. Un art\u00edculo que contin\u00faa ampliando nuestra biblioteca de salud y f\u00fatbol [&hellip;]\" \/>\n<meta property=\"og:url\" content=\"https:\/\/uecornella.cat\/en\/salud-y-futbol\/simetria-o-asimetria\/\" \/>\n<meta property=\"og:site_name\" content=\"Uni\u00f3 Esportiva Cornell\u00e0\" \/>\n<meta property=\"article:publisher\" content=\"https:\/\/www.facebook.com\/UECornella?fref=ts\" \/>\n<meta property=\"article:modified_time\" content=\"2017-11-19T19:28:30+00:00\" \/>\n<meta property=\"og:image\" content=\"https:\/\/uecornella.cat\/wp-content\/uploads\/2017\/11\/simetria.jpg\" \/>\n\t<meta property=\"og:image:width\" content=\"940\" \/>\n\t<meta property=\"og:image:height\" content=\"627\" \/>\n\t<meta property=\"og:image:type\" content=\"image\/jpeg\" \/>\n<meta name=\"twitter:card\" content=\"summary_large_image\" \/>\n<meta name=\"twitter:site\" content=\"@ue_cornella\" \/>\n<meta name=\"twitter:label1\" content=\"Est. reading time\" \/>\n\t<meta name=\"twitter:data1\" content=\"1 minute\" \/>\n<script type=\"application\/ld+json\" class=\"yoast-schema-graph\">{\"@context\":\"https:\/\/schema.org\",\"@graph\":[{\"@type\":\"WebPage\",\"@id\":\"https:\/\/uecornella.cat\/en\/salud-y-futbol\/simetria-o-asimetria\/\",\"url\":\"https:\/\/uecornella.cat\/en\/salud-y-futbol\/simetria-o-asimetria\/\",\"name\":\"Simetr\u00eda o Asimetr\u00eda - Uni\u00f3 Esportiva Cornell\u00e0\",\"isPartOf\":{\"@id\":\"https:\/\/uecornella.cat\/en\/#website\"},\"primaryImageOfPage\":{\"@id\":\"https:\/\/uecornella.cat\/en\/salud-y-futbol\/simetria-o-asimetria\/#primaryimage\"},\"image\":{\"@id\":\"https:\/\/uecornella.cat\/en\/salud-y-futbol\/simetria-o-asimetria\/#primaryimage\"},\"thumbnailUrl\":\"https:\/\/uecornella.cat\/wp-content\/uploads\/2017\/11\/simetria.jpg\",\"datePublished\":\"2017-11-19T19:27:34+00:00\",\"dateModified\":\"2017-11-19T19:28:30+00:00\",\"breadcrumb\":{\"@id\":\"https:\/\/uecornella.cat\/en\/salud-y-futbol\/simetria-o-asimetria\/#breadcrumb\"},\"inLanguage\":\"en-US\",\"potentialAction\":[{\"@type\":\"ReadAction\",\"target\":[\"https:\/\/uecornella.cat\/en\/salud-y-futbol\/simetria-o-asimetria\/\"]}]},{\"@type\":\"ImageObject\",\"inLanguage\":\"en-US\",\"@id\":\"https:\/\/uecornella.cat\/en\/salud-y-futbol\/simetria-o-asimetria\/#primaryimage\",\"url\":\"https:\/\/uecornella.cat\/wp-content\/uploads\/2017\/11\/simetria.jpg\",\"contentUrl\":\"https:\/\/uecornella.cat\/wp-content\/uploads\/2017\/11\/simetria.jpg\",\"width\":940,\"height\":627},{\"@type\":\"BreadcrumbList\",\"@id\":\"https:\/\/uecornella.cat\/en\/salud-y-futbol\/simetria-o-asimetria\/#breadcrumb\",\"itemListElement\":[{\"@type\":\"ListItem\",\"position\":1,\"name\":\"Portada\",\"item\":\"https:\/\/uecornella.cat\/en\/\"},{\"@type\":\"ListItem\",\"position\":2,\"name\":\"Salud y F\u00fatbol\",\"item\":\"https:\/\/uecornella.cat\/en\/salud-y-futbol\/\"},{\"@type\":\"ListItem\",\"position\":3,\"name\":\"Simetr\u00eda o Asimetr\u00eda\"}]},{\"@type\":\"WebSite\",\"@id\":\"https:\/\/uecornella.cat\/en\/#website\",\"url\":\"https:\/\/uecornella.cat\/en\/\",\"name\":\"Uni\u00f3 Esportiva Cornell\u00e0\",\"description\":\"Escuela de f\u00fatbol y club de f\u00fatbol de Cornell\u00e0\",\"publisher\":{\"@id\":\"https:\/\/uecornella.cat\/en\/#organization\"},\"potentialAction\":[{\"@type\":\"SearchAction\",\"target\":{\"@type\":\"EntryPoint\",\"urlTemplate\":\"https:\/\/uecornella.cat\/en\/?s={search_term_string}\"},\"query-input\":{\"@type\":\"PropertyValueSpecification\",\"valueRequired\":true,\"valueName\":\"search_term_string\"}}],\"inLanguage\":\"en-US\"},{\"@type\":\"Organization\",\"@id\":\"https:\/\/uecornella.cat\/en\/#organization\",\"name\":\"Uni\u00f3 Esportiva Cornell\u00e0\",\"url\":\"https:\/\/uecornella.cat\/en\/\",\"logo\":{\"@type\":\"ImageObject\",\"inLanguage\":\"en-US\",\"@id\":\"https:\/\/uecornella.cat\/en\/#\/schema\/logo\/image\/\",\"url\":\"https:\/\/www.uecornella.cat\/wp-content\/uploads\/2022\/01\/apple-icon-144x144-1.png\",\"contentUrl\":\"https:\/\/www.uecornella.cat\/wp-content\/uploads\/2022\/01\/apple-icon-144x144-1.png\",\"width\":144,\"height\":144,\"caption\":\"Uni\u00f3 Esportiva Cornell\u00e0\"},\"image\":{\"@id\":\"https:\/\/uecornella.cat\/en\/#\/schema\/logo\/image\/\"},\"sameAs\":[\"https:\/\/www.facebook.com\/UECornella?fref=ts\",\"https:\/\/x.com\/ue_cornella\",\"http:\/\/instagram.com\/uecornella\",\"https:\/\/www.youtube.com\/channel\/UCcwgya5MdVvxRn_MeD6A0vg\"]}]}<\/script>\n<!-- \/ Yoast SEO plugin. -->","yoast_head_json":{"title":"Simetr\u00eda o Asimetr\u00eda - Uni\u00f3 Esportiva Cornell\u00e0","robots":{"index":"index","follow":"follow","max-snippet":"max-snippet:-1","max-image-preview":"max-image-preview:large","max-video-preview":"max-video-preview:-1"},"canonical":"https:\/\/uecornella.cat\/en\/salud-y-futbol\/simetria-o-asimetria\/","og_locale":"en_US","og_type":"article","og_title":"Simetr\u00eda o Asimetr\u00eda - Uni\u00f3 Esportiva Cornell\u00e0","og_description":"[vc_row][vc_column width=&#8221;1\/3&#8243;][vc_single_image image=&#8221;6859&#8243; img_size=&#8221;full&#8221;][\/vc_column][vc_column width=&#8221;2\/3&#8243;][vc_column_text]La asimetr\u00eda del cuerpo. \u00bfEs normal tener un pierna m\u00e1s larga que la otra? \u00bfPuede acarrear problemas? Antoni Grau, fisio del club, nos da respuesta a esta y muchas otras preguntas sobre este tema, la simetr\u00eda o asimetr\u00eda del cuerpo. Un art\u00edculo que contin\u00faa ampliando nuestra biblioteca de salud y f\u00fatbol [&hellip;]","og_url":"https:\/\/uecornella.cat\/en\/salud-y-futbol\/simetria-o-asimetria\/","og_site_name":"Uni\u00f3 Esportiva Cornell\u00e0","article_publisher":"https:\/\/www.facebook.com\/UECornella?fref=ts","article_modified_time":"2017-11-19T19:28:30+00:00","og_image":[{"width":940,"height":627,"url":"https:\/\/uecornella.cat\/wp-content\/uploads\/2017\/11\/simetria.jpg","type":"image\/jpeg"}],"twitter_card":"summary_large_image","twitter_site":"@ue_cornella","twitter_misc":{"Est. reading time":"1 minute"},"schema":{"@context":"https:\/\/schema.org","@graph":[{"@type":"WebPage","@id":"https:\/\/uecornella.cat\/en\/salud-y-futbol\/simetria-o-asimetria\/","url":"https:\/\/uecornella.cat\/en\/salud-y-futbol\/simetria-o-asimetria\/","name":"Simetr\u00eda o Asimetr\u00eda - Uni\u00f3 Esportiva Cornell\u00e0","isPartOf":{"@id":"https:\/\/uecornella.cat\/en\/#website"},"primaryImageOfPage":{"@id":"https:\/\/uecornella.cat\/en\/salud-y-futbol\/simetria-o-asimetria\/#primaryimage"},"image":{"@id":"https:\/\/uecornella.cat\/en\/salud-y-futbol\/simetria-o-asimetria\/#primaryimage"},"thumbnailUrl":"https:\/\/uecornella.cat\/wp-content\/uploads\/2017\/11\/simetria.jpg","datePublished":"2017-11-19T19:27:34+00:00","dateModified":"2017-11-19T19:28:30+00:00","breadcrumb":{"@id":"https:\/\/uecornella.cat\/en\/salud-y-futbol\/simetria-o-asimetria\/#breadcrumb"},"inLanguage":"en-US","potentialAction":[{"@type":"ReadAction","target":["https:\/\/uecornella.cat\/en\/salud-y-futbol\/simetria-o-asimetria\/"]}]},{"@type":"ImageObject","inLanguage":"en-US","@id":"https:\/\/uecornella.cat\/en\/salud-y-futbol\/simetria-o-asimetria\/#primaryimage","url":"https:\/\/uecornella.cat\/wp-content\/uploads\/2017\/11\/simetria.jpg","contentUrl":"https:\/\/uecornella.cat\/wp-content\/uploads\/2017\/11\/simetria.jpg","width":940,"height":627},{"@type":"BreadcrumbList","@id":"https:\/\/uecornella.cat\/en\/salud-y-futbol\/simetria-o-asimetria\/#breadcrumb","itemListElement":[{"@type":"ListItem","position":1,"name":"Portada","item":"https:\/\/uecornella.cat\/en\/"},{"@type":"ListItem","position":2,"name":"Salud y F\u00fatbol","item":"https:\/\/uecornella.cat\/en\/salud-y-futbol\/"},{"@type":"ListItem","position":3,"name":"Simetr\u00eda o Asimetr\u00eda"}]},{"@type":"WebSite","@id":"https:\/\/uecornella.cat\/en\/#website","url":"https:\/\/uecornella.cat\/en\/","name":"Uni\u00f3 Esportiva Cornell\u00e0","description":"Escuela de f\u00fatbol y club de f\u00fatbol de Cornell\u00e0","publisher":{"@id":"https:\/\/uecornella.cat\/en\/#organization"},"potentialAction":[{"@type":"SearchAction","target":{"@type":"EntryPoint","urlTemplate":"https:\/\/uecornella.cat\/en\/?s={search_term_string}"},"query-input":{"@type":"PropertyValueSpecification","valueRequired":true,"valueName":"search_term_string"}}],"inLanguage":"en-US"},{"@type":"Organization","@id":"https:\/\/uecornella.cat\/en\/#organization","name":"Uni\u00f3 Esportiva Cornell\u00e0","url":"https:\/\/uecornella.cat\/en\/","logo":{"@type":"ImageObject","inLanguage":"en-US","@id":"https:\/\/uecornella.cat\/en\/#\/schema\/logo\/image\/","url":"https:\/\/www.uecornella.cat\/wp-content\/uploads\/2022\/01\/apple-icon-144x144-1.png","contentUrl":"https:\/\/www.uecornella.cat\/wp-content\/uploads\/2022\/01\/apple-icon-144x144-1.png","width":144,"height":144,"caption":"Uni\u00f3 Esportiva Cornell\u00e0"},"image":{"@id":"https:\/\/uecornella.cat\/en\/#\/schema\/logo\/image\/"},"sameAs":["https:\/\/www.facebook.com\/UECornella?fref=ts","https:\/\/x.com\/ue_cornella","http:\/\/instagram.com\/uecornella","https:\/\/www.youtube.com\/channel\/UCcwgya5MdVvxRn_MeD6A0vg"]}]}},"_links":{"self":[{"href":"https:\/\/uecornella.cat\/en\/wp-json\/wp\/v2\/pages\/6857","targetHints":{"allow":["GET"]}}],"collection":[{"href":"https:\/\/uecornella.cat\/en\/wp-json\/wp\/v2\/pages"}],"about":[{"href":"https:\/\/uecornella.cat\/en\/wp-json\/wp\/v2\/types\/page"}],"author":[{"embeddable":true,"href":"https:\/\/uecornella.cat\/en\/wp-json\/wp\/v2\/users\/1"}],"replies":[{"embeddable":true,"href":"https:\/\/uecornella.cat\/en\/wp-json\/wp\/v2\/comments?post=6857"}],"version-history":[{"count":1,"href":"https:\/\/uecornella.cat\/en\/wp-json\/wp\/v2\/pages\/6857\/revisions"}],"predecessor-version":[{"id":6860,"href":"https:\/\/uecornella.cat\/en\/wp-json\/wp\/v2\/pages\/6857\/revisions\/6860"}],"up":[{"embeddable":true,"href":"https:\/\/uecornella.cat\/en\/wp-json\/wp\/v2\/pages\/6827"}],"wp:featuredmedia":[{"embeddable":true,"href":"https:\/\/uecornella.cat\/en\/wp-json\/wp\/v2\/media\/6859"}],"wp:attachment":[{"href":"https:\/\/uecornella.cat\/en\/wp-json\/wp\/v2\/media?parent=6857"}],"curies":[{"name":"wp","href":"https:\/\/api.w.org\/{rel}","templated":true}]}}