{"id":6876,"date":"2017-11-19T23:20:02","date_gmt":"2017-11-19T23:20:02","guid":{"rendered":"http:\/\/www.uecornella.cat\/?page_id=6876"},"modified":"2017-11-19T23:20:04","modified_gmt":"2017-11-19T23:20:04","slug":"politica-de-proteccion-de-datos","status":"publish","type":"page","link":"https:\/\/uecornella.cat\/en\/politica-de-proteccion-de-datos\/","title":{"rendered":"Pol\u00edtica de protecci\u00f3n de datos"},"content":{"rendered":"<p>En mi condici\u00f3n de interesado, autorizo a la UE Cornell\u00e0 a que incluya en cualquier soporte audiovisual, para efectos de reproducci\u00f3n y comunicaci\u00f3n p\u00fablica, sobre todo evento a nivel estr\u00edctamente institucional y deportivo.<\/p>\n<p>Esta autorizaci\u00f3n de utilizaci\u00f3n del contenido grabado y de mi imagen, se hace al amparo de lo dispuesto en la Ley Org\u00e1nica 1\/1982, de 5 de mayo, de Protecci\u00f3n Civil del Derecho al Honor, a la Intimidad Personal y Familiar y a la Propia Imagen.<\/p>\n<p>La autorizaci\u00f3n que aqu\u00ed se concede sobre este material tendr\u00e1 uso de car\u00e1cter estr\u00edctamente institucional y deportivo, y no est\u00e1 sometida a ning\u00fan plazo temporal ni est\u00e1 restringida al \u00e1mbito nacional de ning\u00fan pa\u00eds.<\/p>\n<p>De conformidad con la Ley Org\u00e1nica 15\/1999, de 13 de diciembre, sobre Protecci\u00f3n de Datos de Car\u00e1cter Personal, le informamos que los datos de car\u00e1cter personal recabados, para los casos en que este sea una persona f\u00edsica, o en el caso de representantes de una persona jur\u00eddica, ya sea p\u00fablica o privada, ser\u00e1n incorporados a un fichero titularidad de la UE Cornell\u00e0.<\/p>\n<p>La finalidad de la recogida y tratamiento de la informaci\u00f3n es la gesti\u00f3n del acuerdo suscrito en el cuerpo del presente escrito, as\u00ed como el mantenimiento del contacto de ambas partes.<\/p>\n<p>En cumplimiento de la normativa vigente, la UE CORNELL\u00c0 garantiza que ha adoptado las medidas t\u00e9cnicas y organizativas necesarias para mantener el nivel de seguridad requerido, en atenci\u00f3n a la naturaleza de los datos personales tratados.<\/p>\n<p>Asimismo, la UE CORNELL\u00c0 informa que no ceder\u00e1 o comunicar\u00e1 los datos personales almacenados en sus ficheros a terceros, salvo en los supuestos legalmente previstos o cuando fuere necesario para la prestaci\u00f3n del servicio.<\/p>\n<p>En cualquier momento puede ejercitar los derechos de acceso, rectificaci\u00f3n, cancelaci\u00f3n u oposici\u00f3n respecto de sus datos personales, enviando un escrito, acompa\u00f1ado de una fotocopia de su DNI, o documento acreditativo equivalente a: UE CORNELL\u00c0 Secretar\u00eda General de UE CORNELL\u00c0.<\/p>\n","protected":false},"excerpt":{"rendered":"<p>En mi condici\u00f3n de interesado, autorizo a la UE Cornell\u00e0 a que incluya en cualquier soporte audiovisual, para efectos de reproducci\u00f3n y comunicaci\u00f3n p\u00fablica, sobre todo evento a nivel estr\u00edctamente institucional y deportivo. Esta autorizaci\u00f3n de utilizaci\u00f3n del contenido grabado y de mi imagen, se hace al amparo de lo dispuesto en la Ley Org\u00e1nica [&hellip;]<\/p>\n","protected":false},"author":1,"featured_media":0,"parent":0,"menu_order":0,"comment_status":"closed","ping_status":"closed","template":"","meta":{"_acf_changed":false,"footnotes":""},"class_list":["post-6876","page","type-page","status-publish","hentry"],"acf":[],"yoast_head":"<!-- This site is optimized with the Yoast SEO plugin v25.8 - https:\/\/yoast.com\/wordpress\/plugins\/seo\/ -->\n<title>Pol\u00edtica de protecci\u00f3n de datos - Uni\u00f3 Esportiva Cornell\u00e0<\/title>\n<meta name=\"robots\" content=\"index, follow, max-snippet:-1, max-image-preview:large, max-video-preview:-1\" \/>\n<link rel=\"canonical\" href=\"https:\/\/uecornella.cat\/en\/politica-de-proteccion-de-datos\/\" \/>\n<meta property=\"og:locale\" content=\"en_US\" \/>\n<meta property=\"og:type\" content=\"article\" \/>\n<meta property=\"og:title\" content=\"Pol\u00edtica de protecci\u00f3n de datos - Uni\u00f3 Esportiva Cornell\u00e0\" \/>\n<meta property=\"og:description\" content=\"En mi condici\u00f3n de interesado, autorizo a la UE Cornell\u00e0 a que incluya en cualquier soporte audiovisual, para efectos de reproducci\u00f3n y comunicaci\u00f3n p\u00fablica, sobre todo evento a nivel estr\u00edctamente institucional y deportivo. Esta autorizaci\u00f3n de utilizaci\u00f3n del contenido grabado y de mi imagen, se hace al amparo de lo dispuesto en la Ley Org\u00e1nica [&hellip;]\" \/>\n<meta property=\"og:url\" content=\"https:\/\/uecornella.cat\/en\/politica-de-proteccion-de-datos\/\" \/>\n<meta property=\"og:site_name\" content=\"Uni\u00f3 Esportiva Cornell\u00e0\" \/>\n<meta property=\"article:publisher\" content=\"https:\/\/www.facebook.com\/UECornella?fref=ts\" \/>\n<meta property=\"article:modified_time\" content=\"2017-11-19T23:20:04+00:00\" \/>\n<meta name=\"twitter:card\" content=\"summary_large_image\" \/>\n<meta name=\"twitter:site\" content=\"@ue_cornella\" \/>\n<meta name=\"twitter:label1\" content=\"Est. reading time\" \/>\n\t<meta name=\"twitter:data1\" content=\"2 minutes\" \/>\n<script type=\"application\/ld+json\" class=\"yoast-schema-graph\">{\"@context\":\"https:\/\/schema.org\",\"@graph\":[{\"@type\":\"WebPage\",\"@id\":\"https:\/\/uecornella.cat\/en\/politica-de-proteccion-de-datos\/\",\"url\":\"https:\/\/uecornella.cat\/en\/politica-de-proteccion-de-datos\/\",\"name\":\"Pol\u00edtica de protecci\u00f3n de datos - Uni\u00f3 Esportiva Cornell\u00e0\",\"isPartOf\":{\"@id\":\"https:\/\/uecornella.cat\/en\/#website\"},\"datePublished\":\"2017-11-19T23:20:02+00:00\",\"dateModified\":\"2017-11-19T23:20:04+00:00\",\"breadcrumb\":{\"@id\":\"https:\/\/uecornella.cat\/en\/politica-de-proteccion-de-datos\/#breadcrumb\"},\"inLanguage\":\"en-US\",\"potentialAction\":[{\"@type\":\"ReadAction\",\"target\":[\"https:\/\/uecornella.cat\/en\/politica-de-proteccion-de-datos\/\"]}]},{\"@type\":\"BreadcrumbList\",\"@id\":\"https:\/\/uecornella.cat\/en\/politica-de-proteccion-de-datos\/#breadcrumb\",\"itemListElement\":[{\"@type\":\"ListItem\",\"position\":1,\"name\":\"Portada\",\"item\":\"https:\/\/uecornella.cat\/en\/\"},{\"@type\":\"ListItem\",\"position\":2,\"name\":\"Pol\u00edtica de protecci\u00f3n de datos\"}]},{\"@type\":\"WebSite\",\"@id\":\"https:\/\/uecornella.cat\/en\/#website\",\"url\":\"https:\/\/uecornella.cat\/en\/\",\"name\":\"Uni\u00f3 Esportiva Cornell\u00e0\",\"description\":\"Escuela de f\u00fatbol y club de f\u00fatbol de Cornell\u00e0\",\"publisher\":{\"@id\":\"https:\/\/uecornella.cat\/en\/#organization\"},\"potentialAction\":[{\"@type\":\"SearchAction\",\"target\":{\"@type\":\"EntryPoint\",\"urlTemplate\":\"https:\/\/uecornella.cat\/en\/?s={search_term_string}\"},\"query-input\":{\"@type\":\"PropertyValueSpecification\",\"valueRequired\":true,\"valueName\":\"search_term_string\"}}],\"inLanguage\":\"en-US\"},{\"@type\":\"Organization\",\"@id\":\"https:\/\/uecornella.cat\/en\/#organization\",\"name\":\"Uni\u00f3 Esportiva Cornell\u00e0\",\"url\":\"https:\/\/uecornella.cat\/en\/\",\"logo\":{\"@type\":\"ImageObject\",\"inLanguage\":\"en-US\",\"@id\":\"https:\/\/uecornella.cat\/en\/#\/schema\/logo\/image\/\",\"url\":\"https:\/\/www.uecornella.cat\/wp-content\/uploads\/2022\/01\/apple-icon-144x144-1.png\",\"contentUrl\":\"https:\/\/www.uecornella.cat\/wp-content\/uploads\/2022\/01\/apple-icon-144x144-1.png\",\"width\":144,\"height\":144,\"caption\":\"Uni\u00f3 Esportiva Cornell\u00e0\"},\"image\":{\"@id\":\"https:\/\/uecornella.cat\/en\/#\/schema\/logo\/image\/\"},\"sameAs\":[\"https:\/\/www.facebook.com\/UECornella?fref=ts\",\"https:\/\/x.com\/ue_cornella\",\"http:\/\/instagram.com\/uecornella\",\"https:\/\/www.youtube.com\/channel\/UCcwgya5MdVvxRn_MeD6A0vg\"]}]}<\/script>\n<!-- \/ Yoast SEO plugin. -->","yoast_head_json":{"title":"Pol\u00edtica de protecci\u00f3n de datos - Uni\u00f3 Esportiva Cornell\u00e0","robots":{"index":"index","follow":"follow","max-snippet":"max-snippet:-1","max-image-preview":"max-image-preview:large","max-video-preview":"max-video-preview:-1"},"canonical":"https:\/\/uecornella.cat\/en\/politica-de-proteccion-de-datos\/","og_locale":"en_US","og_type":"article","og_title":"Pol\u00edtica de protecci\u00f3n de datos - Uni\u00f3 Esportiva Cornell\u00e0","og_description":"En mi condici\u00f3n de interesado, autorizo a la UE Cornell\u00e0 a que incluya en cualquier soporte audiovisual, para efectos de reproducci\u00f3n y comunicaci\u00f3n p\u00fablica, sobre todo evento a nivel estr\u00edctamente institucional y deportivo. Esta autorizaci\u00f3n de utilizaci\u00f3n del contenido grabado y de mi imagen, se hace al amparo de lo dispuesto en la Ley Org\u00e1nica [&hellip;]","og_url":"https:\/\/uecornella.cat\/en\/politica-de-proteccion-de-datos\/","og_site_name":"Uni\u00f3 Esportiva Cornell\u00e0","article_publisher":"https:\/\/www.facebook.com\/UECornella?fref=ts","article_modified_time":"2017-11-19T23:20:04+00:00","twitter_card":"summary_large_image","twitter_site":"@ue_cornella","twitter_misc":{"Est. reading time":"2 minutes"},"schema":{"@context":"https:\/\/schema.org","@graph":[{"@type":"WebPage","@id":"https:\/\/uecornella.cat\/en\/politica-de-proteccion-de-datos\/","url":"https:\/\/uecornella.cat\/en\/politica-de-proteccion-de-datos\/","name":"Pol\u00edtica de protecci\u00f3n de datos - Uni\u00f3 Esportiva Cornell\u00e0","isPartOf":{"@id":"https:\/\/uecornella.cat\/en\/#website"},"datePublished":"2017-11-19T23:20:02+00:00","dateModified":"2017-11-19T23:20:04+00:00","breadcrumb":{"@id":"https:\/\/uecornella.cat\/en\/politica-de-proteccion-de-datos\/#breadcrumb"},"inLanguage":"en-US","potentialAction":[{"@type":"ReadAction","target":["https:\/\/uecornella.cat\/en\/politica-de-proteccion-de-datos\/"]}]},{"@type":"BreadcrumbList","@id":"https:\/\/uecornella.cat\/en\/politica-de-proteccion-de-datos\/#breadcrumb","itemListElement":[{"@type":"ListItem","position":1,"name":"Portada","item":"https:\/\/uecornella.cat\/en\/"},{"@type":"ListItem","position":2,"name":"Pol\u00edtica de protecci\u00f3n de datos"}]},{"@type":"WebSite","@id":"https:\/\/uecornella.cat\/en\/#website","url":"https:\/\/uecornella.cat\/en\/","name":"Uni\u00f3 Esportiva Cornell\u00e0","description":"Escuela de f\u00fatbol y club de f\u00fatbol de Cornell\u00e0","publisher":{"@id":"https:\/\/uecornella.cat\/en\/#organization"},"potentialAction":[{"@type":"SearchAction","target":{"@type":"EntryPoint","urlTemplate":"https:\/\/uecornella.cat\/en\/?s={search_term_string}"},"query-input":{"@type":"PropertyValueSpecification","valueRequired":true,"valueName":"search_term_string"}}],"inLanguage":"en-US"},{"@type":"Organization","@id":"https:\/\/uecornella.cat\/en\/#organization","name":"Uni\u00f3 Esportiva Cornell\u00e0","url":"https:\/\/uecornella.cat\/en\/","logo":{"@type":"ImageObject","inLanguage":"en-US","@id":"https:\/\/uecornella.cat\/en\/#\/schema\/logo\/image\/","url":"https:\/\/www.uecornella.cat\/wp-content\/uploads\/2022\/01\/apple-icon-144x144-1.png","contentUrl":"https:\/\/www.uecornella.cat\/wp-content\/uploads\/2022\/01\/apple-icon-144x144-1.png","width":144,"height":144,"caption":"Uni\u00f3 Esportiva Cornell\u00e0"},"image":{"@id":"https:\/\/uecornella.cat\/en\/#\/schema\/logo\/image\/"},"sameAs":["https:\/\/www.facebook.com\/UECornella?fref=ts","https:\/\/x.com\/ue_cornella","http:\/\/instagram.com\/uecornella","https:\/\/www.youtube.com\/channel\/UCcwgya5MdVvxRn_MeD6A0vg"]}]}},"_links":{"self":[{"href":"https:\/\/uecornella.cat\/en\/wp-json\/wp\/v2\/pages\/6876","targetHints":{"allow":["GET"]}}],"collection":[{"href":"https:\/\/uecornella.cat\/en\/wp-json\/wp\/v2\/pages"}],"about":[{"href":"https:\/\/uecornella.cat\/en\/wp-json\/wp\/v2\/types\/page"}],"author":[{"embeddable":true,"href":"https:\/\/uecornella.cat\/en\/wp-json\/wp\/v2\/users\/1"}],"replies":[{"embeddable":true,"href":"https:\/\/uecornella.cat\/en\/wp-json\/wp\/v2\/comments?post=6876"}],"version-history":[{"count":1,"href":"https:\/\/uecornella.cat\/en\/wp-json\/wp\/v2\/pages\/6876\/revisions"}],"predecessor-version":[{"id":6877,"href":"https:\/\/uecornella.cat\/en\/wp-json\/wp\/v2\/pages\/6876\/revisions\/6877"}],"wp:attachment":[{"href":"https:\/\/uecornella.cat\/en\/wp-json\/wp\/v2\/media?parent=6876"}],"curies":[{"name":"wp","href":"https:\/\/api.w.org\/{rel}","templated":true}]}}